{"id":80,"date":"2011-03-21T06:30:42","date_gmt":"2011-03-21T06:30:42","guid":{"rendered":"http:\/\/www.kalfaoglu.net\/rotary\/?page_id=80"},"modified":"2011-06-27T04:03:26","modified_gmt":"2011-06-27T04:03:26","slug":"basinda-biz","status":"publish","type":"page","link":"https:\/\/www.turgutlurotary.org\/yeni\/basinda-biz\/","title":{"rendered":"Bas\u0131nda Biz"},"content":{"rendered":"<h2>Bas\u0131nda Turgutlu Rotary Kul\u00fcb\u00fc Haberleri<\/h2>\n<p><a href=\"https:\/\/www.turgutlurotary.org\/yeni\/wp-content\/uploads\/2011\/03\/turgutlu-tksandl-haber1.jpg\"><img loading=\"lazy\" decoding=\"async\" class=\"alignnone size-medium wp-image-229\" title=\"turgutlu tksandl haber1\" src=\"https:\/\/www.turgutlurotary.org\/yeni\/wp-content\/uploads\/2011\/03\/turgutlu-tksandl-haber1-300x158.jpg\" alt=\"\" width=\"300\" height=\"158\" srcset=\"https:\/\/www.turgutlurotary.org\/yeni\/wp-content\/uploads\/2011\/03\/turgutlu-tksandl-haber1-300x158.jpg 300w, https:\/\/www.turgutlurotary.org\/yeni\/wp-content\/uploads\/2011\/03\/turgutlu-tksandl-haber1.jpg 448w\" sizes=\"auto, (max-width: 300px) 100vw, 300px\" \/><\/a><\/p>\n<p>\u00a0<a href=\"https:\/\/www.turgutlurotary.org\/yeni\/wp-content\/uploads\/2011\/03\/turgutlu-tksandl-haber3.jpg\"><img loading=\"lazy\" decoding=\"async\" class=\"alignnone size-medium wp-image-230\" title=\"turgutlu tksandl haber3\" src=\"https:\/\/www.turgutlurotary.org\/yeni\/wp-content\/uploads\/2011\/03\/turgutlu-tksandl-haber3-259x300.jpg\" alt=\"\" width=\"259\" height=\"300\" srcset=\"https:\/\/www.turgutlurotary.org\/yeni\/wp-content\/uploads\/2011\/03\/turgutlu-tksandl-haber3-259x300.jpg 259w, https:\/\/www.turgutlurotary.org\/yeni\/wp-content\/uploads\/2011\/03\/turgutlu-tksandl-haber3.jpg 336w\" sizes=\"auto, (max-width: 259px) 100vw, 259px\" \/><\/a><\/p>\n<p><a href=\"https:\/\/www.turgutlurotary.org\/yeni\/wp-content\/uploads\/2011\/03\/turgutlu-tksandl-haber2.jpg\"><img loading=\"lazy\" decoding=\"async\" class=\"alignnone size-medium wp-image-231\" title=\"turgutlu tksandl haber2\" src=\"https:\/\/www.turgutlurotary.org\/yeni\/wp-content\/uploads\/2011\/03\/turgutlu-tksandl-haber2-200x300.jpg\" alt=\"\" width=\"200\" height=\"300\" srcset=\"https:\/\/www.turgutlurotary.org\/yeni\/wp-content\/uploads\/2011\/03\/turgutlu-tksandl-haber2-200x300.jpg 200w, https:\/\/www.turgutlurotary.org\/yeni\/wp-content\/uploads\/2011\/03\/turgutlu-tksandl-haber2.jpg 300w\" sizes=\"auto, (max-width: 200px) 100vw, 200px\" \/><\/a><\/p>\n<div id=\"attachment_232\" style=\"width: 310px\" class=\"wp-caption alignnone\"><a href=\"https:\/\/www.turgutlurotary.org\/yeni\/wp-content\/uploads\/2011\/03\/DSCI0054web1.jpg\"><img loading=\"lazy\" decoding=\"async\" aria-describedby=\"caption-attachment-232\" class=\"size-medium wp-image-232\" title=\"DSCI0054web\" src=\"https:\/\/www.turgutlurotary.org\/yeni\/wp-content\/uploads\/2011\/03\/DSCI0054web1-300x248.jpg\" alt=\"\" width=\"300\" height=\"248\" srcset=\"https:\/\/www.turgutlurotary.org\/yeni\/wp-content\/uploads\/2011\/03\/DSCI0054web1-300x248.jpg 300w, https:\/\/www.turgutlurotary.org\/yeni\/wp-content\/uploads\/2011\/03\/DSCI0054web1.jpg 406w\" sizes=\"auto, (max-width: 300px) 100vw, 300px\" \/><\/a><p id=\"caption-attachment-232\" class=\"wp-caption-text\">Engelli karde\u015flerimize tekerlekli sandalye projemiz<\/p><\/div>\n","protected":false},"excerpt":{"rendered":"<p>Bas\u0131nda Turgutlu Rotary Kul\u00fcb\u00fc Haberleri \u00a0<\/p>\n","protected":false},"author":8,"featured_media":0,"parent":0,"menu_order":65,"comment_status":"closed","ping_status":"closed","template":"","meta":{"footnotes":""},"class_list":["post-80","page","type-page","status-publish","hentry"],"_links":{"self":[{"href":"https:\/\/www.turgutlurotary.org\/yeni\/wp-json\/wp\/v2\/pages\/80","targetHints":{"allow":["GET"]}}],"collection":[{"href":"https:\/\/www.turgutlurotary.org\/yeni\/wp-json\/wp\/v2\/pages"}],"about":[{"href":"https:\/\/www.turgutlurotary.org\/yeni\/wp-json\/wp\/v2\/types\/page"}],"author":[{"embeddable":true,"href":"https:\/\/www.turgutlurotary.org\/yeni\/wp-json\/wp\/v2\/users\/8"}],"replies":[{"embeddable":true,"href":"https:\/\/www.turgutlurotary.org\/yeni\/wp-json\/wp\/v2\/comments?post=80"}],"version-history":[{"count":5,"href":"https:\/\/www.turgutlurotary.org\/yeni\/wp-json\/wp\/v2\/pages\/80\/revisions"}],"predecessor-version":[{"id":271,"href":"https:\/\/www.turgutlurotary.org\/yeni\/wp-json\/wp\/v2\/pages\/80\/revisions\/271"}],"wp:attachment":[{"href":"https:\/\/www.turgutlurotary.org\/yeni\/wp-json\/wp\/v2\/media?parent=80"}],"curies":[{"name":"wp","href":"https:\/\/api.w.org\/{rel}","templated":true}]}}