{"id":770,"date":"2020-08-06T13:11:16","date_gmt":"2020-08-06T13:11:16","guid":{"rendered":"http:\/\/www.turgutlurotary.org\/yeni\/?page_id=770"},"modified":"2021-07-02T07:43:18","modified_gmt":"2021-07-02T07:43:18","slug":"2020-21-donemi","status":"publish","type":"page","link":"https:\/\/www.turgutlurotary.org\/yeni\/projelerimiz\/2020-21-donemi\/","title":{"rendered":"2020-2021 D\u00f6nemi"},"content":{"rendered":"\n<figure class=\"wp-block-image size-large is-resized\"><img loading=\"lazy\" decoding=\"async\" src=\"https:\/\/www.turgutlurotary.org\/yeni\/wp-content\/uploads\/2020\/08\/f\u0131rsat-logo.jpg\" alt=\"\" class=\"wp-image-771\" width=\"366\" height=\"113\" srcset=\"https:\/\/www.turgutlurotary.org\/yeni\/wp-content\/uploads\/2020\/08\/f\u0131rsat-logo.jpg 536w, https:\/\/www.turgutlurotary.org\/yeni\/wp-content\/uploads\/2020\/08\/f\u0131rsat-logo-300x92.jpg 300w\" sizes=\"auto, (max-width: 366px) 100vw, 366px\" \/><figcaption>2020-21 D\u00f6nem Slogan\u0131m\u0131z<\/figcaption><\/figure>\n\n\n\n<div class=\"wp-block-image is-style-rounded\"><figure class=\"aligncenter size-large is-resized\"><img loading=\"lazy\" decoding=\"async\" src=\"https:\/\/www.turgutlurotary.org\/yeni\/wp-content\/uploads\/2020\/08\/1597323438_dsc_7495.jpg\" alt=\"\" class=\"wp-image-785\" width=\"360\" height=\"368\" srcset=\"https:\/\/www.turgutlurotary.org\/yeni\/wp-content\/uploads\/2020\/08\/1597323438_dsc_7495.jpg 950w, https:\/\/www.turgutlurotary.org\/yeni\/wp-content\/uploads\/2020\/08\/1597323438_dsc_7495-293x300.jpg 293w, https:\/\/www.turgutlurotary.org\/yeni\/wp-content\/uploads\/2020\/08\/1597323438_dsc_7495-768x786.jpg 768w\" sizes=\"auto, (max-width: 360px) 100vw, 360px\" \/><figcaption>2020-21 D\u00f6nem Ba\u015fkan\u0131m\u0131z Rtn.Evrim OFLAZ<\/figcaption><\/figure><\/div>\n\n\n\n<figure class=\"wp-block-image size-large is-resized is-style-rounded\"><img loading=\"lazy\" decoding=\"async\" src=\"https:\/\/www.turgutlurotary.org\/yeni\/wp-content\/uploads\/2020\/08\/6eadc9fd-485c-48d2-b9ad-03b38e6cebfe-1024x769.jpg\" alt=\"\" class=\"wp-image-773\" width=\"362\" height=\"271\" srcset=\"https:\/\/www.turgutlurotary.org\/yeni\/wp-content\/uploads\/2020\/08\/6eadc9fd-485c-48d2-b9ad-03b38e6cebfe-1024x769.jpg 1024w, https:\/\/www.turgutlurotary.org\/yeni\/wp-content\/uploads\/2020\/08\/6eadc9fd-485c-48d2-b9ad-03b38e6cebfe-300x225.jpg 300w, https:\/\/www.turgutlurotary.org\/yeni\/wp-content\/uploads\/2020\/08\/6eadc9fd-485c-48d2-b9ad-03b38e6cebfe-768x577.jpg 768w, https:\/\/www.turgutlurotary.org\/yeni\/wp-content\/uploads\/2020\/08\/6eadc9fd-485c-48d2-b9ad-03b38e6cebfe.jpg 1080w\" sizes=\"auto, (max-width: 362px) 100vw, 362px\" \/><figcaption>D\u00f6nem ba\u015f\u0131nda ilk ziyaretimizi Turgutlu \u0130l\u00e7e Kaymakam\u0131m\u0131z Say\u0131n ALi YILMAZ a ger\u00e7ekle\u015ftirdik ve kendisine projelerimizden bahsettik.<\/figcaption><\/figure>\n\n\n\n<figure class=\"wp-block-image size-large is-resized is-style-rounded\"><img loading=\"lazy\" decoding=\"async\" src=\"https:\/\/www.turgutlurotary.org\/yeni\/wp-content\/uploads\/2020\/08\/1597323437_dsc_7493.jpg\" alt=\"\" class=\"wp-image-786\" width=\"355\" height=\"205\" srcset=\"https:\/\/www.turgutlurotary.org\/yeni\/wp-content\/uploads\/2020\/08\/1597323437_dsc_7493.jpg 950w, https:\/\/www.turgutlurotary.org\/yeni\/wp-content\/uploads\/2020\/08\/1597323437_dsc_7493-300x173.jpg 300w, https:\/\/www.turgutlurotary.org\/yeni\/wp-content\/uploads\/2020\/08\/1597323437_dsc_7493-768x443.jpg 768w\" sizes=\"auto, (max-width: 355px) 100vw, 355px\" \/><figcaption>2440. B\u00f6lge Federasyon Ba\u015fkan\u0131m\u0131z Rtn.Ertan SOYDAN ,7.Grup Guvern\u00f6r Yard\u0131mc\u0131m\u0131z Rtn. Canbulat ONU\u015e , 9. ve 7. Grup Kul\u00fcpleri Temsilcileri ile birlikte Guvern\u00f6r ziyaretimizi ger\u00e7ekle\u015ftirdik.<\/figcaption><\/figure>\n\n\n\n<figure class=\"wp-block-image size-large is-resized is-style-rounded\"><img loading=\"lazy\" decoding=\"async\" src=\"https:\/\/www.turgutlurotary.org\/yeni\/wp-content\/uploads\/2020\/08\/IMG_5195.jpg\" alt=\"\" class=\"wp-image-780\" width=\"358\" height=\"201\" srcset=\"https:\/\/www.turgutlurotary.org\/yeni\/wp-content\/uploads\/2020\/08\/IMG_5195.jpg 960w, https:\/\/www.turgutlurotary.org\/yeni\/wp-content\/uploads\/2020\/08\/IMG_5195-300x169.jpg 300w, https:\/\/www.turgutlurotary.org\/yeni\/wp-content\/uploads\/2020\/08\/IMG_5195-768x432.jpg 768w\" sizes=\"auto, (max-width: 358px) 100vw, 358px\" \/><figcaption>Toplant\u0131m\u0131zda ba\u015fkan\u0131m\u0131z kul\u00fcb\u00fcm\u00fcz\u00fc tan\u0131tt\u0131 ve gururumuz olan TURGUTLU ROTARY \u0130LK\u00d6\u011eRET\u0130M OKULU tadilat projesini a\u00e7\u0131klad\u0131.<\/figcaption><\/figure>\n\n\n\n<figure class=\"wp-block-image size-large is-resized is-style-rounded\"><img loading=\"lazy\" decoding=\"async\" src=\"https:\/\/www.turgutlurotary.org\/yeni\/wp-content\/uploads\/2020\/08\/1597323437_dsc_7487.jpg\" alt=\"\" class=\"wp-image-787\" width=\"377\" height=\"198\"\/><figcaption>Toplant\u0131m\u0131zda Turgutlu Belediye Ba\u015fkan\u0131m\u0131z Say\u0131n \u00c7etin AKIN ve belediye ba\u015fkan yard\u0131mc\u0131lar\u0131 da bulundular ve okul tadilat projemizi destekleyeceklerinin s\u00f6z\u00fcn\u00fc verdiler. Okulun d\u0131\u015f boyamas\u0131 belediyemizce yap\u0131lacak.<\/figcaption><\/figure>\n\n\n\n<figure class=\"wp-block-image size-large is-resized is-style-rounded\"><img loading=\"lazy\" decoding=\"async\" src=\"https:\/\/www.turgutlurotary.org\/yeni\/wp-content\/uploads\/2020\/08\/IMG_5189.jpg\" alt=\"\" class=\"wp-image-782\" width=\"377\" height=\"212\" srcset=\"https:\/\/www.turgutlurotary.org\/yeni\/wp-content\/uploads\/2020\/08\/IMG_5189.jpg 960w, https:\/\/www.turgutlurotary.org\/yeni\/wp-content\/uploads\/2020\/08\/IMG_5189-300x169.jpg 300w, https:\/\/www.turgutlurotary.org\/yeni\/wp-content\/uploads\/2020\/08\/IMG_5189-768x432.jpg 768w\" sizes=\"auto, (max-width: 377px) 100vw, 377px\" \/><figcaption>Okul ziyaretimiz yap\u0131ld\u0131 ve okulun ihtiya\u00e7lar\u0131 yerinde de\u011ferlendirildi.<\/figcaption><\/figure>\n\n\n\n<figure class=\"wp-block-image size-large is-resized\"><img loading=\"lazy\" decoding=\"async\" src=\"https:\/\/www.turgutlurotary.org\/yeni\/wp-content\/uploads\/2020\/08\/IMG_5191.jpg\" alt=\"\" class=\"wp-image-783\" width=\"392\" height=\"220\" srcset=\"https:\/\/www.turgutlurotary.org\/yeni\/wp-content\/uploads\/2020\/08\/IMG_5191.jpg 960w, https:\/\/www.turgutlurotary.org\/yeni\/wp-content\/uploads\/2020\/08\/IMG_5191-300x169.jpg 300w, https:\/\/www.turgutlurotary.org\/yeni\/wp-content\/uploads\/2020\/08\/IMG_5191-768x432.jpg 768w\" sizes=\"auto, (max-width: 392px) 100vw, 392px\" \/><figcaption>\u0130l\u00e7e milli e\u011fitim m\u00fcd\u00fcr\u00fcm\u00fcz say\u0131n Mehmet \u00d6LMEZ de denetimde haz\u0131r bulundu ve bizlere ihtiya\u00e7lar hakk\u0131nda bilgi verdi.<\/figcaption><\/figure>\n\n\n\n<div class=\"wp-block-image is-style-rounded\"><figure class=\"aligncenter size-large is-resized\"><img loading=\"lazy\" decoding=\"async\" src=\"https:\/\/www.turgutlurotary.org\/yeni\/wp-content\/uploads\/2020\/08\/IMG_5193.jpg\" alt=\"\" class=\"wp-image-784\" width=\"241\" height=\"428\" srcset=\"https:\/\/www.turgutlurotary.org\/yeni\/wp-content\/uploads\/2020\/08\/IMG_5193.jpg 540w, https:\/\/www.turgutlurotary.org\/yeni\/wp-content\/uploads\/2020\/08\/IMG_5193-169x300.jpg 169w\" sizes=\"auto, (max-width: 241px) 100vw, 241px\" \/><figcaption>Ziyaretimizin an\u0131s\u0131na b\u00f6lge ba\u015fkan\u0131m\u0131za \u00f6zel bir hediye verildi.<\/figcaption><\/figure><\/div>\n\n\n\n<figure class=\"wp-block-image size-large is-resized is-style-rounded\"><img loading=\"lazy\" decoding=\"async\" src=\"https:\/\/www.turgutlurotary.org\/yeni\/wp-content\/uploads\/2020\/08\/1597329178_foto_20.jpg\" alt=\"\" class=\"wp-image-801\" width=\"425\" height=\"282\" srcset=\"https:\/\/www.turgutlurotary.org\/yeni\/wp-content\/uploads\/2020\/08\/1597329178_foto_20.jpg 950w, https:\/\/www.turgutlurotary.org\/yeni\/wp-content\/uploads\/2020\/08\/1597329178_foto_20-300x200.jpg 300w, https:\/\/www.turgutlurotary.org\/yeni\/wp-content\/uploads\/2020\/08\/1597329178_foto_20-768x512.jpg 768w\" sizes=\"auto, (max-width: 425px) 100vw, 425px\" \/><figcaption>B\u00f6lge Federasyon Ba\u015fkan\u0131m\u0131zla Turgutlu Rotary H\u0131fz\u0131 \u00c7\u0131k\u0131kc\u0131 ENGELL\u0130LER EV\u0130&#8217;ni de ziyaret ettik.<\/figcaption><\/figure>\n\n\n\n<figure class=\"wp-block-image size-large is-resized is-style-rounded\"><img loading=\"lazy\" decoding=\"async\" src=\"https:\/\/www.turgutlurotary.org\/yeni\/wp-content\/uploads\/2020\/08\/1597329178_foto_9.jpg\" alt=\"\" class=\"wp-image-788\" width=\"361\" height=\"240\" srcset=\"https:\/\/www.turgutlurotary.org\/yeni\/wp-content\/uploads\/2020\/08\/1597329178_foto_9.jpg 950w, https:\/\/www.turgutlurotary.org\/yeni\/wp-content\/uploads\/2020\/08\/1597329178_foto_9-300x200.jpg 300w, https:\/\/www.turgutlurotary.org\/yeni\/wp-content\/uploads\/2020\/08\/1597329178_foto_9-768x512.jpg 768w\" sizes=\"auto, (max-width: 361px) 100vw, 361px\" \/><figcaption>Okulda ger\u00e7ekten elden ge\u00e7mesi gereken \u00e7ok yer var. \u00c7e\u015fmeler de bu b\u00f6l\u00fcmlerden bir tanesi<\/figcaption><\/figure>\n\n\n\n<div class=\"wp-block-image is-style-rounded\"><figure class=\"aligncenter size-large is-resized\"><img loading=\"lazy\" decoding=\"async\" src=\"https:\/\/www.turgutlurotary.org\/yeni\/wp-content\/uploads\/2020\/08\/Rotary-Kulupleri-Turgutluda-bulustu-GUNCEL-Turgutlu-Yanki-618x1024.jpg\" alt=\"\" class=\"wp-image-789\" width=\"377\" height=\"624\" srcset=\"https:\/\/www.turgutlurotary.org\/yeni\/wp-content\/uploads\/2020\/08\/Rotary-Kulupleri-Turgutluda-bulustu-GUNCEL-Turgutlu-Yanki-618x1024.jpg 618w, https:\/\/www.turgutlurotary.org\/yeni\/wp-content\/uploads\/2020\/08\/Rotary-Kulupleri-Turgutluda-bulustu-GUNCEL-Turgutlu-Yanki-181x300.jpg 181w, https:\/\/www.turgutlurotary.org\/yeni\/wp-content\/uploads\/2020\/08\/Rotary-Kulupleri-Turgutluda-bulustu-GUNCEL-Turgutlu-Yanki.jpg 750w\" sizes=\"auto, (max-width: 377px) 100vw, 377px\" \/><figcaption>Kul\u00fcp projemiz bas\u0131nda da geni\u015f yank\u0131 uyand\u0131rd\u0131.<\/figcaption><\/figure><\/div>\n\n\n\n<figure class=\"wp-block-image size-large is-resized is-style-rounded\"><img loading=\"lazy\" decoding=\"async\" src=\"https:\/\/www.turgutlurotary.org\/yeni\/wp-content\/uploads\/2020\/08\/protokol2-1024x768.jpg\" alt=\"\" class=\"wp-image-791\" width=\"382\" height=\"287\" srcset=\"https:\/\/www.turgutlurotary.org\/yeni\/wp-content\/uploads\/2020\/08\/protokol2-1024x768.jpg 1024w, https:\/\/www.turgutlurotary.org\/yeni\/wp-content\/uploads\/2020\/08\/protokol2-300x225.jpg 300w, https:\/\/www.turgutlurotary.org\/yeni\/wp-content\/uploads\/2020\/08\/protokol2-768x576.jpg 768w, https:\/\/www.turgutlurotary.org\/yeni\/wp-content\/uploads\/2020\/08\/protokol2-1536x1152.jpg 1536w, https:\/\/www.turgutlurotary.org\/yeni\/wp-content\/uploads\/2020\/08\/protokol2.jpg 1600w\" sizes=\"auto, (max-width: 382px) 100vw, 382px\" \/><figcaption>Tadilat projesi protokol\u00fc Kaymakam\u0131m\u0131z say\u0131n Ali YILMAZ \u0131n da kat\u0131l\u0131m\u0131yla imzaland\u0131. Ba\u015fl\u0131yoruz<\/figcaption><\/figure>\n\n\n\n<figure class=\"wp-block-image size-large is-resized is-style-rounded\"><img loading=\"lazy\" decoding=\"async\" src=\"https:\/\/www.turgutlurotary.org\/yeni\/wp-content\/uploads\/2020\/08\/WhatsApp-Image-2020-08-20-at-13.16.58.jpeg\" alt=\"\" class=\"wp-image-792\" width=\"346\" height=\"450\" srcset=\"https:\/\/www.turgutlurotary.org\/yeni\/wp-content\/uploads\/2020\/08\/WhatsApp-Image-2020-08-20-at-13.16.58.jpeg 635w, https:\/\/www.turgutlurotary.org\/yeni\/wp-content\/uploads\/2020\/08\/WhatsApp-Image-2020-08-20-at-13.16.58-231x300.jpeg 231w\" sizes=\"auto, (max-width: 346px) 100vw, 346px\" \/><figcaption>\u00c7at\u0131 s\u00f6k\u00fcm\u00fc ba\u015flad\u0131. Proje ba\u015fkan\u0131m\u0131z Rtn. Kemal NAS \u00e7al\u0131\u015fmalar\u0131 bizzat takip ediyor.<\/figcaption><\/figure>\n\n\n\n<figure class=\"wp-block-image size-large is-resized is-style-rounded\"><img loading=\"lazy\" decoding=\"async\" src=\"https:\/\/www.turgutlurotary.org\/yeni\/wp-content\/uploads\/2020\/08\/tamirat1-768x1024.jpg\" alt=\"\" class=\"wp-image-793\" width=\"326\" height=\"435\" srcset=\"https:\/\/www.turgutlurotary.org\/yeni\/wp-content\/uploads\/2020\/08\/tamirat1-768x1024.jpg 768w, https:\/\/www.turgutlurotary.org\/yeni\/wp-content\/uploads\/2020\/08\/tamirat1-225x300.jpg 225w, https:\/\/www.turgutlurotary.org\/yeni\/wp-content\/uploads\/2020\/08\/tamirat1-1152x1536.jpg 1152w, https:\/\/www.turgutlurotary.org\/yeni\/wp-content\/uploads\/2020\/08\/tamirat1.jpg 1200w\" sizes=\"auto, (max-width: 326px) 100vw, 326px\" \/><figcaption>Tuvaletlerin s\u00f6k\u00fcm\u00fcne de ba\u015fland\u0131.<\/figcaption><\/figure>\n\n\n\n<figure class=\"wp-block-image size-large is-resized is-style-default\"><img loading=\"lazy\" decoding=\"async\" src=\"https:\/\/www.turgutlurotary.org\/yeni\/wp-content\/uploads\/2020\/08\/WhatsApp-Image-2020-08-13-at-20.33.52.jpeg\" alt=\"\" class=\"wp-image-795\" width=\"341\" height=\"481\" srcset=\"https:\/\/www.turgutlurotary.org\/yeni\/wp-content\/uploads\/2020\/08\/WhatsApp-Image-2020-08-13-at-20.33.52.jpeg 584w, https:\/\/www.turgutlurotary.org\/yeni\/wp-content\/uploads\/2020\/08\/WhatsApp-Image-2020-08-13-at-20.33.52-213x300.jpeg 213w\" sizes=\"auto, (max-width: 341px) 100vw, 341px\" \/><figcaption>Tadilat projemiz bas\u0131nda<\/figcaption><\/figure>\n\n\n\n<div class=\"wp-block-image\"><figure class=\"aligncenter size-large is-resized\"><img loading=\"lazy\" decoding=\"async\" src=\"https:\/\/www.turgutlurotary.org\/yeni\/wp-content\/uploads\/2020\/10\/okul.jpg\" alt=\"\" class=\"wp-image-804\" width=\"281\" height=\"153\" srcset=\"https:\/\/www.turgutlurotary.org\/yeni\/wp-content\/uploads\/2020\/10\/okul.jpg 686w, https:\/\/www.turgutlurotary.org\/yeni\/wp-content\/uploads\/2020\/10\/okul-300x164.jpg 300w\" sizes=\"auto, (max-width: 281px) 100vw, 281px\" \/><\/figure><\/div>\n\n\n\n<div class=\"wp-block-file aligncenter\"><a href=\"https:\/\/www.turgutlurotary.org\/yeni\/wp-content\/uploads\/2020\/10\/okul-tadilati-2020-.pdf\">okul-tadilati-2020 Proje Sunumu-<\/a><a href=\"https:\/\/www.turgutlurotary.org\/yeni\/wp-content\/uploads\/2020\/10\/okul-tadilati-2020-.pdf\" class=\"wp-block-file__button\" download>\u0130ndir<\/a><\/div>\n\n\n\n<figure class=\"wp-block-image size-large is-resized is-style-rounded\"><img loading=\"lazy\" decoding=\"async\" src=\"https:\/\/www.turgutlurotary.org\/yeni\/wp-content\/uploads\/2020\/10\/4c7ae4b8-8935-40a4-a104-1670d4918841-1024x512.jpg\" alt=\"\" class=\"wp-image-809\" width=\"443\" height=\"222\" srcset=\"https:\/\/www.turgutlurotary.org\/yeni\/wp-content\/uploads\/2020\/10\/4c7ae4b8-8935-40a4-a104-1670d4918841-1024x512.jpg 1024w, https:\/\/www.turgutlurotary.org\/yeni\/wp-content\/uploads\/2020\/10\/4c7ae4b8-8935-40a4-a104-1670d4918841-300x150.jpg 300w, https:\/\/www.turgutlurotary.org\/yeni\/wp-content\/uploads\/2020\/10\/4c7ae4b8-8935-40a4-a104-1670d4918841-768x384.jpg 768w, https:\/\/www.turgutlurotary.org\/yeni\/wp-content\/uploads\/2020\/10\/4c7ae4b8-8935-40a4-a104-1670d4918841-1536x768.jpg 1536w, https:\/\/www.turgutlurotary.org\/yeni\/wp-content\/uploads\/2020\/10\/4c7ae4b8-8935-40a4-a104-1670d4918841.jpg 1600w\" sizes=\"auto, (max-width: 443px) 100vw, 443px\" \/><\/figure>\n\n\n\n<figure class=\"wp-block-image size-large is-resized is-style-rounded\"><img loading=\"lazy\" decoding=\"async\" src=\"https:\/\/www.turgutlurotary.org\/yeni\/wp-content\/uploads\/2020\/10\/IMG_5527-1.jpg\" alt=\"\" class=\"wp-image-816\" width=\"464\" height=\"309\" srcset=\"https:\/\/www.turgutlurotary.org\/yeni\/wp-content\/uploads\/2020\/10\/IMG_5527-1.jpg 960w, https:\/\/www.turgutlurotary.org\/yeni\/wp-content\/uploads\/2020\/10\/IMG_5527-1-300x200.jpg 300w, https:\/\/www.turgutlurotary.org\/yeni\/wp-content\/uploads\/2020\/10\/IMG_5527-1-768x512.jpg 768w\" sizes=\"auto, (max-width: 464px) 100vw, 464px\" \/><\/figure>\n\n\n\n<figure class=\"wp-block-image size-large is-resized is-style-rounded\"><img loading=\"lazy\" decoding=\"async\" src=\"https:\/\/www.turgutlurotary.org\/yeni\/wp-content\/uploads\/2020\/10\/IMG_5529.jpg\" alt=\"\" class=\"wp-image-810\" width=\"435\" height=\"276\" srcset=\"https:\/\/www.turgutlurotary.org\/yeni\/wp-content\/uploads\/2020\/10\/IMG_5529.jpg 960w, https:\/\/www.turgutlurotary.org\/yeni\/wp-content\/uploads\/2020\/10\/IMG_5529-300x191.jpg 300w, https:\/\/www.turgutlurotary.org\/yeni\/wp-content\/uploads\/2020\/10\/IMG_5529-768x488.jpg 768w\" sizes=\"auto, (max-width: 435px) 100vw, 435px\" \/><\/figure>\n\n\n\n<figure class=\"wp-block-image size-large is-resized is-style-rounded\"><img loading=\"lazy\" decoding=\"async\" src=\"https:\/\/www.turgutlurotary.org\/yeni\/wp-content\/uploads\/2020\/10\/IMG_5530.jpg\" alt=\"\" class=\"wp-image-811\" width=\"393\" height=\"261\" srcset=\"https:\/\/www.turgutlurotary.org\/yeni\/wp-content\/uploads\/2020\/10\/IMG_5530.jpg 960w, https:\/\/www.turgutlurotary.org\/yeni\/wp-content\/uploads\/2020\/10\/IMG_5530-300x200.jpg 300w, https:\/\/www.turgutlurotary.org\/yeni\/wp-content\/uploads\/2020\/10\/IMG_5530-768x512.jpg 768w\" sizes=\"auto, (max-width: 393px) 100vw, 393px\" \/><\/figure>\n\n\n\n<figure class=\"wp-block-image size-large is-resized is-style-rounded\"><img loading=\"lazy\" decoding=\"async\" src=\"https:\/\/www.turgutlurotary.org\/yeni\/wp-content\/uploads\/2020\/10\/IMG_5531.jpg\" alt=\"\" class=\"wp-image-812\" width=\"411\" height=\"259\" srcset=\"https:\/\/www.turgutlurotary.org\/yeni\/wp-content\/uploads\/2020\/10\/IMG_5531.jpg 960w, https:\/\/www.turgutlurotary.org\/yeni\/wp-content\/uploads\/2020\/10\/IMG_5531-300x189.jpg 300w, https:\/\/www.turgutlurotary.org\/yeni\/wp-content\/uploads\/2020\/10\/IMG_5531-768x485.jpg 768w\" sizes=\"auto, (max-width: 411px) 100vw, 411px\" \/><\/figure>\n\n\n\n<figure class=\"wp-block-image size-large is-resized is-style-rounded\"><img loading=\"lazy\" decoding=\"async\" src=\"https:\/\/www.turgutlurotary.org\/yeni\/wp-content\/uploads\/2020\/10\/IMG_5532.jpg\" alt=\"\" class=\"wp-image-813\" width=\"403\" height=\"264\" srcset=\"https:\/\/www.turgutlurotary.org\/yeni\/wp-content\/uploads\/2020\/10\/IMG_5532.jpg 960w, https:\/\/www.turgutlurotary.org\/yeni\/wp-content\/uploads\/2020\/10\/IMG_5532-300x197.jpg 300w, https:\/\/www.turgutlurotary.org\/yeni\/wp-content\/uploads\/2020\/10\/IMG_5532-768x504.jpg 768w\" sizes=\"auto, (max-width: 403px) 100vw, 403px\" \/><\/figure>\n\n\n\n<div class=\"wp-block-image is-style-rounded\"><figure class=\"aligncenter size-large is-resized\"><img loading=\"lazy\" decoding=\"async\" src=\"https:\/\/www.turgutlurotary.org\/yeni\/wp-content\/uploads\/2020\/10\/IMG_5533.jpg\" alt=\"\" class=\"wp-image-814\" width=\"293\" height=\"389\" srcset=\"https:\/\/www.turgutlurotary.org\/yeni\/wp-content\/uploads\/2020\/10\/IMG_5533.jpg 722w, https:\/\/www.turgutlurotary.org\/yeni\/wp-content\/uploads\/2020\/10\/IMG_5533-226x300.jpg 226w\" sizes=\"auto, (max-width: 293px) 100vw, 293px\" \/><figcaption>Katk\u0131da Bulunanlar Te\u015fekk\u00fcr Panosu<\/figcaption><\/figure><\/div>\n\n\n\n<div class=\"wp-block-image is-style-rounded\"><figure class=\"aligncenter size-large is-resized\"><a href=\"https:\/\/www.turgutlurotary.org\/yeni\/wp-content\/uploads\/2021\/02\/meslek2.jpg\"><img loading=\"lazy\" decoding=\"async\" src=\"https:\/\/www.turgutlurotary.org\/yeni\/wp-content\/uploads\/2021\/02\/meslek2-768x1024.jpg\" alt=\"\" class=\"wp-image-832\" width=\"315\" height=\"420\" srcset=\"https:\/\/www.turgutlurotary.org\/yeni\/wp-content\/uploads\/2021\/02\/meslek2-768x1024.jpg 768w, https:\/\/www.turgutlurotary.org\/yeni\/wp-content\/uploads\/2021\/02\/meslek2-225x300.jpg 225w, https:\/\/www.turgutlurotary.org\/yeni\/wp-content\/uploads\/2021\/02\/meslek2-1152x1536.jpg 1152w, https:\/\/www.turgutlurotary.org\/yeni\/wp-content\/uploads\/2021\/02\/meslek2.jpg 1200w\" sizes=\"auto, (max-width: 315px) 100vw, 315px\" \/><\/a><figcaption>TURGUTLU ROTARY \u0130LK\u00d6\u011eRET\u0130M OKULU TAD\u0130LAT PROJES\u0130 ne b\u00fcy\u00fck destek veren ve projenin y\u00fcr\u00fct\u00fcc\u00fcs\u00fc Kul\u00fcb\u00fcm\u00fcz\u00fcn eski \u00fcyesi ve halen Varyant Rotary Kul\u00fcb\u00fc D\u00f6nem Ba\u015fkan\u0131 olan Rtn. Kemal NAS a te\u015fekk\u00fcr belgesi verdik.<\/figcaption><\/figure><\/div>\n\n\n\n<div class=\"wp-block-image is-style-rounded\"><figure class=\"aligncenter size-large is-resized\"><a href=\"https:\/\/www.turgutlurotary.org\/yeni\/wp-content\/uploads\/2021\/03\/maske-projesi.jpg\"><img decoding=\"async\" src=\"https:\/\/www.turgutlurotary.org\/yeni\/wp-content\/uploads\/2021\/03\/maske-projesi.jpg\" alt=\"\" class=\"wp-image-835\" width=\"-45\" height=\"-26\" srcset=\"https:\/\/www.turgutlurotary.org\/yeni\/wp-content\/uploads\/2021\/03\/maske-projesi.jpg 630w, https:\/\/www.turgutlurotary.org\/yeni\/wp-content\/uploads\/2021\/03\/maske-projesi-300x177.jpg 300w\" sizes=\"(max-width: 630px) 100vw, 630px\" \/><\/a><figcaption>Kurulu\u015f Y\u0131ld\u00f6n\u00fcm\u00fcm\u00fcz nedeniyle Turgutlu \u0130l\u00e7e Sa\u011fl\u0131k M\u00fcd\u00fcrl\u00fc\u011f\u00fc ne Maske deste\u011finde bulunduk.<\/figcaption><\/figure><\/div>\n\n\n\n<div class=\"wp-block-image is-style-rounded\"><figure class=\"aligncenter size-large is-resized\"><a href=\"https:\/\/www.turgutlurotary.org\/yeni\/wp-content\/uploads\/2021\/03\/WhatsApp-Image-2021-02-18-at-12.54.38.jpeg\"><img decoding=\"async\" src=\"https:\/\/www.turgutlurotary.org\/yeni\/wp-content\/uploads\/2021\/03\/WhatsApp-Image-2021-02-18-at-12.54.38-1024x768.jpeg\" alt=\"\" class=\"wp-image-837\" width=\"-586\" height=\"-439\" srcset=\"https:\/\/www.turgutlurotary.org\/yeni\/wp-content\/uploads\/2021\/03\/WhatsApp-Image-2021-02-18-at-12.54.38-1024x768.jpeg 1024w, https:\/\/www.turgutlurotary.org\/yeni\/wp-content\/uploads\/2021\/03\/WhatsApp-Image-2021-02-18-at-12.54.38-300x225.jpeg 300w, https:\/\/www.turgutlurotary.org\/yeni\/wp-content\/uploads\/2021\/03\/WhatsApp-Image-2021-02-18-at-12.54.38-768x576.jpeg 768w, https:\/\/www.turgutlurotary.org\/yeni\/wp-content\/uploads\/2021\/03\/WhatsApp-Image-2021-02-18-at-12.54.38-1536x1152.jpeg 1536w, https:\/\/www.turgutlurotary.org\/yeni\/wp-content\/uploads\/2021\/03\/WhatsApp-Image-2021-02-18-at-12.54.38.jpeg 1600w\" sizes=\"(max-width: 1024px) 100vw, 1024px\" \/><\/a><figcaption>Turgutlu Rotary \u0130lkokulu M\u00fcd\u00fcr Yard\u0131mc\u0131s\u0131 say\u0131n NURDAN ORDU ya meslekte ba\u015far\u0131 \u00f6d\u00fcl\u00fcn\u00fc takdim ettik. Sevgili M\u00fcd\u00fcr yard\u0131mc\u0131m\u0131z Okulun yenilenmesi projesinde bizlere her konuda destek oldu. Kendisine te\u015fekk\u00fcr ediyoruz.<\/figcaption><\/figure><\/div>\n\n\n\n<div class=\"wp-block-image is-style-rounded\"><figure class=\"aligncenter size-large is-resized\"><a href=\"https:\/\/www.turgutlurotary.org\/yeni\/wp-content\/uploads\/2021\/03\/seyhan1.jpg\"><img loading=\"lazy\" decoding=\"async\" src=\"https:\/\/www.turgutlurotary.org\/yeni\/wp-content\/uploads\/2021\/03\/seyhan1.jpg\" alt=\"\" class=\"wp-image-840\" width=\"534\" height=\"401\" srcset=\"https:\/\/www.turgutlurotary.org\/yeni\/wp-content\/uploads\/2021\/03\/seyhan1.jpg 640w, https:\/\/www.turgutlurotary.org\/yeni\/wp-content\/uploads\/2021\/03\/seyhan1-300x225.jpg 300w\" sizes=\"auto, (max-width: 534px) 100vw, 534px\" \/><\/a><figcaption>Turgutlu Hayvanlar\u0131 Koruma Dene\u011fi Ba\u015fkan\u0131 SEYHAN KARADUMAN a il\u00e7emizdeki hayvanlara g\u00f6sterdi\u011fi duyarl\u0131l\u0131k nedeniyle te\u015fekk\u00fcr belgesi verildi ve Turgutlu Belediyesi Hayvan Bar\u0131na\u011f\u0131na teslim edilmek \u00fczere mama yard\u0131m\u0131 yap\u0131ld\u0131.<\/figcaption><\/figure><\/div>\n\n\n\n<div class=\"wp-block-image is-style-rounded\"><figure class=\"aligncenter size-large is-resized\"><a href=\"https:\/\/www.turgutlurotary.org\/yeni\/wp-content\/uploads\/2021\/04\/MESLEK-SADIK2.jpg\"><img loading=\"lazy\" decoding=\"async\" src=\"https:\/\/www.turgutlurotary.org\/yeni\/wp-content\/uploads\/2021\/04\/MESLEK-SADIK2.jpg\" alt=\"\" class=\"wp-image-844\" width=\"517\" height=\"388\" srcset=\"https:\/\/www.turgutlurotary.org\/yeni\/wp-content\/uploads\/2021\/04\/MESLEK-SADIK2.jpg 640w, https:\/\/www.turgutlurotary.org\/yeni\/wp-content\/uploads\/2021\/04\/MESLEK-SADIK2-300x225.jpg 300w\" sizes=\"auto, (max-width: 517px) 100vw, 517px\" \/><\/a><figcaption>Rotary de geleneksel olan Meslekte \u00dcst\u00fcn Ba\u015far\u0131 \u00d6d\u00fcl\u00fc&#8217;ne bu y\u0131l \u0130l\u00e7emize y\u0131llard\u0131r f\u0131r\u0131n ustas\u0131 olarak hizmet veren SADIK \u00c7evik aday g\u00f6sterildi. \u00d6d\u00fcl\u00fcn\u00fc ba\u015fkan\u0131m\u0131z\u0131n elinden alan Sad\u0131k Usta beni \u00e7ok mutlu ettiniz ilk kez b\u00f6yle bir duygu ya\u015f\u0131yorum dedi ve bizlere te\u015fekk\u00fcr etti.<\/figcaption><\/figure><\/div>\n\n\n\n<div class=\"wp-block-image is-style-rounded\"><figure class=\"aligncenter size-large is-resized\"><a href=\"https:\/\/www.turgutlurotary.org\/yeni\/wp-content\/uploads\/2021\/04\/MESLEK-OSMAN4.jpg\"><img loading=\"lazy\" decoding=\"async\" src=\"https:\/\/www.turgutlurotary.org\/yeni\/wp-content\/uploads\/2021\/04\/MESLEK-OSMAN4.jpg\" alt=\"\" class=\"wp-image-845\" width=\"510\" height=\"383\" srcset=\"https:\/\/www.turgutlurotary.org\/yeni\/wp-content\/uploads\/2021\/04\/MESLEK-OSMAN4.jpg 640w, https:\/\/www.turgutlurotary.org\/yeni\/wp-content\/uploads\/2021\/04\/MESLEK-OSMAN4-300x225.jpg 300w\" sizes=\"auto, (max-width: 510px) 100vw, 510px\" \/><\/a><figcaption>Bu y\u0131lki di\u011fer bir Meslekte \u00dcst\u00fcn Ba\u015far\u0131 \u00d6d\u00fcl\u00fcm\u00fcz \u00e7ok uzun y\u0131llard\u0131r BA\u011eLAMA imalat\u0131 yapan OSMAN KULALI ustam\u0131za ba\u015fkan\u0131m\u0131z taraf\u0131ndan verildi. \u00dclkemizin d\u00f6rt bir yan\u0131ndan gelen taleplere cevap veren Osman ustam\u0131z bizlere te\u015fekk\u00fcr etti. \u00c7\u0131rak yeti\u015ftirmesi i\u00e7in kendisini te\u015fvik ettik. En b\u00fcy\u00fck dile\u011fimiz bu g\u00fczel sanat\u0131n devam\u0131n\u0131n sa\u011flanmas\u0131.<\/figcaption><\/figure><\/div>\n","protected":false},"excerpt":{"rendered":"","protected":false},"author":6,"featured_media":0,"parent":41,"menu_order":75,"comment_status":"closed","ping_status":"closed","template":"","meta":{"footnotes":""},"class_list":["post-770","page","type-page","status-publish","hentry"],"_links":{"self":[{"href":"https:\/\/www.turgutlurotary.org\/yeni\/wp-json\/wp\/v2\/pages\/770","targetHints":{"allow":["GET"]}}],"collection":[{"href":"https:\/\/www.turgutlurotary.org\/yeni\/wp-json\/wp\/v2\/pages"}],"about":[{"href":"https:\/\/www.turgutlurotary.org\/yeni\/wp-json\/wp\/v2\/types\/page"}],"author":[{"embeddable":true,"href":"https:\/\/www.turgutlurotary.org\/yeni\/wp-json\/wp\/v2\/users\/6"}],"replies":[{"embeddable":true,"href":"https:\/\/www.turgutlurotary.org\/yeni\/wp-json\/wp\/v2\/comments?post=770"}],"version-history":[{"count":22,"href":"https:\/\/www.turgutlurotary.org\/yeni\/wp-json\/wp\/v2\/pages\/770\/revisions"}],"predecessor-version":[{"id":848,"href":"https:\/\/www.turgutlurotary.org\/yeni\/wp-json\/wp\/v2\/pages\/770\/revisions\/848"}],"up":[{"embeddable":true,"href":"https:\/\/www.turgutlurotary.org\/yeni\/wp-json\/wp\/v2\/pages\/41"}],"wp:attachment":[{"href":"https:\/\/www.turgutlurotary.org\/yeni\/wp-json\/wp\/v2\/media?parent=770"}],"curies":[{"name":"wp","href":"https:\/\/api.w.org\/{rel}","templated":true}]}}