{"id":687,"date":"2019-07-02T09:03:37","date_gmt":"2019-07-02T09:03:37","guid":{"rendered":"http:\/\/www.turgutlurotary.org\/yeni\/?page_id=687"},"modified":"2020-08-06T13:08:50","modified_gmt":"2020-08-06T13:08:50","slug":"2019-20-donemi","status":"publish","type":"page","link":"https:\/\/www.turgutlurotary.org\/yeni\/projelerimiz\/2019-20-donemi\/","title":{"rendered":"2019-2020 D\u00f6nemi"},"content":{"rendered":"\n<div class=\"wp-block-image\"><figure class=\"aligncenter is-resized\"><img loading=\"lazy\" decoding=\"async\" src=\"https:\/\/www.turgutlurotary.org\/yeni\/wp-content\/uploads\/2019\/07\/2019-20-ROTARY.jpg\" alt=\"\" class=\"wp-image-692\" width=\"388\" height=\"290\" srcset=\"https:\/\/www.turgutlurotary.org\/yeni\/wp-content\/uploads\/2019\/07\/2019-20-ROTARY.jpg 532w, https:\/\/www.turgutlurotary.org\/yeni\/wp-content\/uploads\/2019\/07\/2019-20-ROTARY-300x224.jpg 300w\" sizes=\"auto, (max-width: 388px) 100vw, 388px\" \/><figcaption> 2440. B\u00d6LGE GUVERN\u00d6R\u00dc FAT\u0130H AK\u00c7\u0130\u00c7EK<br>2019-2020 D\u00f6nem Ba\u015fkan\u0131 Rtn. EVR\u0130M OFLAZ<\/figcaption><\/figure><\/div>\n\n\n\n<div class=\"wp-block-image\"><figure class=\"aligncenter is-resized\"><img loading=\"lazy\" decoding=\"async\" src=\"https:\/\/www.turgutlurotary.org\/yeni\/wp-content\/uploads\/2019\/07\/f285a43b-3cf1-44d5-bace-0a287cf17c70.jpg\" alt=\"\" class=\"wp-image-702\" width=\"408\" height=\"272\" srcset=\"https:\/\/www.turgutlurotary.org\/yeni\/wp-content\/uploads\/2019\/07\/f285a43b-3cf1-44d5-bace-0a287cf17c70.jpg 960w, https:\/\/www.turgutlurotary.org\/yeni\/wp-content\/uploads\/2019\/07\/f285a43b-3cf1-44d5-bace-0a287cf17c70-300x201.jpg 300w, https:\/\/www.turgutlurotary.org\/yeni\/wp-content\/uploads\/2019\/07\/f285a43b-3cf1-44d5-bace-0a287cf17c70-768x514.jpg 768w\" sizes=\"auto, (max-width: 408px) 100vw, 408px\" \/><figcaption>Yeni d\u00f6nem Evrim ba\u015fkanla devam ediyor. Salihli de yap\u0131lan devir teslim t\u00f6reninde ge\u00e7mi\u015f d\u00f6nem ba\u015fkan\u0131m\u0131zdan yeni d\u00f6nem bayra\u011f\u0131n\u0131 teslim ald\u0131k.<\/figcaption><\/figure><\/div>\n\n\n\n<div class=\"wp-block-image\"><figure class=\"aligncenter is-resized\"><img loading=\"lazy\" decoding=\"async\" src=\"https:\/\/www.turgutlurotary.org\/yeni\/wp-content\/uploads\/2019\/07\/IMG_2406.jpg\" alt=\"\" class=\"wp-image-707\" width=\"403\" height=\"303\" srcset=\"https:\/\/www.turgutlurotary.org\/yeni\/wp-content\/uploads\/2019\/07\/IMG_2406.jpg 960w, https:\/\/www.turgutlurotary.org\/yeni\/wp-content\/uploads\/2019\/07\/IMG_2406-300x225.jpg 300w, https:\/\/www.turgutlurotary.org\/yeni\/wp-content\/uploads\/2019\/07\/IMG_2406-768x576.jpg 768w\" sizes=\"auto, (max-width: 403px) 100vw, 403px\" \/><figcaption>D\u00f6nem ba\u015f\u0131ndaki gelene\u011fimiz de\u011fi\u015fmedi ve  T\u00fcrk Rotary si olarak Atam\u0131z\u0131 ziyaret ettik.<\/figcaption><\/figure><\/div>\n\n\n\n<div class=\"wp-block-image\"><figure class=\"aligncenter is-resized\"><img loading=\"lazy\" decoding=\"async\" src=\"https:\/\/www.turgutlurotary.org\/yeni\/wp-content\/uploads\/2019\/07\/IMG_2405.jpg\" alt=\"\" class=\"wp-image-708\" width=\"404\" height=\"303\" srcset=\"https:\/\/www.turgutlurotary.org\/yeni\/wp-content\/uploads\/2019\/07\/IMG_2405.jpg 960w, https:\/\/www.turgutlurotary.org\/yeni\/wp-content\/uploads\/2019\/07\/IMG_2405-300x225.jpg 300w, https:\/\/www.turgutlurotary.org\/yeni\/wp-content\/uploads\/2019\/07\/IMG_2405-768x576.jpg 768w\" sizes=\"auto, (max-width: 404px) 100vw, 404px\" \/><\/figure><\/div>\n\n\n\n<div class=\"wp-block-image\"><figure class=\"aligncenter is-resized\"><img loading=\"lazy\" decoding=\"async\" src=\"https:\/\/www.turgutlurotary.org\/yeni\/wp-content\/uploads\/2019\/07\/ee89edcf-646e-4713-b22f-dbad7ccfe69f-1024x768.jpg\" alt=\"\" class=\"wp-image-737\" width=\"399\" height=\"299\" srcset=\"https:\/\/www.turgutlurotary.org\/yeni\/wp-content\/uploads\/2019\/07\/ee89edcf-646e-4713-b22f-dbad7ccfe69f-1024x768.jpg 1024w, https:\/\/www.turgutlurotary.org\/yeni\/wp-content\/uploads\/2019\/07\/ee89edcf-646e-4713-b22f-dbad7ccfe69f-300x225.jpg 300w, https:\/\/www.turgutlurotary.org\/yeni\/wp-content\/uploads\/2019\/07\/ee89edcf-646e-4713-b22f-dbad7ccfe69f-768x576.jpg 768w, https:\/\/www.turgutlurotary.org\/yeni\/wp-content\/uploads\/2019\/07\/ee89edcf-646e-4713-b22f-dbad7ccfe69f.jpg 1600w\" sizes=\"auto, (max-width: 399px) 100vw, 399px\" \/><figcaption>D\u00f6nemimizin 3. toplant\u0131s\u0131 y\u00fcksek kat\u0131l\u0131m ve 3 konu\u015fmac\u0131 ile ba\u015flad\u0131.<\/figcaption><\/figure><\/div>\n\n\n\n<div class=\"wp-block-image\"><figure class=\"aligncenter is-resized\"><img loading=\"lazy\" decoding=\"async\" src=\"https:\/\/www.turgutlurotary.org\/yeni\/wp-content\/uploads\/2019\/07\/c277cd73-cd13-4f35-bbd5-0bf9643b0fa1-2-911x1024.jpg\" alt=\"\" class=\"wp-image-746\" width=\"285\" height=\"320\" srcset=\"https:\/\/www.turgutlurotary.org\/yeni\/wp-content\/uploads\/2019\/07\/c277cd73-cd13-4f35-bbd5-0bf9643b0fa1-2-911x1024.jpg 911w, https:\/\/www.turgutlurotary.org\/yeni\/wp-content\/uploads\/2019\/07\/c277cd73-cd13-4f35-bbd5-0bf9643b0fa1-2-267x300.jpg 267w, https:\/\/www.turgutlurotary.org\/yeni\/wp-content\/uploads\/2019\/07\/c277cd73-cd13-4f35-bbd5-0bf9643b0fa1-2-768x864.jpg 768w, https:\/\/www.turgutlurotary.org\/yeni\/wp-content\/uploads\/2019\/07\/c277cd73-cd13-4f35-bbd5-0bf9643b0fa1-2.jpg 1117w\" sizes=\"auto, (max-width: 285px) 100vw, 285px\" \/><figcaption>Konu\u015fmac\u0131m\u0131z say\u0131n <strong>Evrim SELV\u0130 <\/strong>bizlere <strong>&#8216;\u015eirketimi Gelece\u011fe Ta\u015f\u0131mak&#8217;<\/strong> konulu sunumunu yapt\u0131.<\/figcaption><\/figure><\/div>\n\n\n\n<div class=\"wp-block-image\"><figure class=\"aligncenter is-resized\"><img loading=\"lazy\" decoding=\"async\" src=\"https:\/\/www.turgutlurotary.org\/yeni\/wp-content\/uploads\/2019\/07\/19429132-2175-40c7-9283-ae7ba64f32d9-2-639x1024.jpg\" alt=\"\" class=\"wp-image-748\" width=\"282\" height=\"452\" srcset=\"https:\/\/www.turgutlurotary.org\/yeni\/wp-content\/uploads\/2019\/07\/19429132-2175-40c7-9283-ae7ba64f32d9-2-639x1024.jpg 639w, https:\/\/www.turgutlurotary.org\/yeni\/wp-content\/uploads\/2019\/07\/19429132-2175-40c7-9283-ae7ba64f32d9-2-187x300.jpg 187w, https:\/\/www.turgutlurotary.org\/yeni\/wp-content\/uploads\/2019\/07\/19429132-2175-40c7-9283-ae7ba64f32d9-2.jpg 749w\" sizes=\"auto, (max-width: 282px) 100vw, 282px\" \/><figcaption>Eski \u00fcyemiz ve Varyant R.K. D\u00f6nem ba\u015fkan\u0131 Rtn.Kemal NAS G\u00f6z Tarama Projesi ni anlatt\u0131.<\/figcaption><\/figure><\/div>\n\n\n\n<div class=\"wp-block-image\"><figure class=\"aligncenter is-resized\"><img loading=\"lazy\" decoding=\"async\" src=\"https:\/\/www.turgutlurotary.org\/yeni\/wp-content\/uploads\/2019\/08\/topl5.jpg\" alt=\"\" class=\"wp-image-750\" width=\"406\" height=\"305\" srcset=\"https:\/\/www.turgutlurotary.org\/yeni\/wp-content\/uploads\/2019\/08\/topl5.jpg 640w, https:\/\/www.turgutlurotary.org\/yeni\/wp-content\/uploads\/2019\/08\/topl5-300x225.jpg 300w\" sizes=\"auto, (max-width: 406px) 100vw, 406px\" \/><figcaption>D\u00f6nemimizin 5. toplant\u0131s\u0131nda Turgutlu Hayvansevenler Derne\u011fi nin 3 de\u011ferli \u00fcyesini a\u011f\u0131rlad\u0131k. Sevgili Seyhan , Can ve Berna ile yeni bar\u0131nak projelerini konu\u015ftuk. Tu\u011fla yard\u0131m\u0131 s\u00f6z\u00fc verdik.<\/figcaption><\/figure><\/div>\n\n\n\n<div class=\"wp-block-image\"><figure class=\"aligncenter is-resized\"><img loading=\"lazy\" decoding=\"async\" src=\"https:\/\/www.turgutlurotary.org\/yeni\/wp-content\/uploads\/2019\/10\/154f5874-e81e-439a-b73a-abdf03e8d8d7-768x1024.jpg\" alt=\"\" class=\"wp-image-752\" width=\"239\" height=\"319\" srcset=\"https:\/\/www.turgutlurotary.org\/yeni\/wp-content\/uploads\/2019\/10\/154f5874-e81e-439a-b73a-abdf03e8d8d7-768x1024.jpg 768w, https:\/\/www.turgutlurotary.org\/yeni\/wp-content\/uploads\/2019\/10\/154f5874-e81e-439a-b73a-abdf03e8d8d7-225x300.jpg 225w, https:\/\/www.turgutlurotary.org\/yeni\/wp-content\/uploads\/2019\/10\/154f5874-e81e-439a-b73a-abdf03e8d8d7.jpg 1200w\" sizes=\"auto, (max-width: 239px) 100vw, 239px\" \/><\/figure><\/div>\n\n\n\n<div class=\"wp-block-image\"><figure class=\"aligncenter is-resized\"><img loading=\"lazy\" decoding=\"async\" src=\"https:\/\/www.turgutlurotary.org\/yeni\/wp-content\/uploads\/2019\/10\/e8ea4d90-bf3a-4bd7-b93f-a66bbfeab4fe-768x1024.jpg\" alt=\"\" class=\"wp-image-753\" width=\"241\" height=\"321\" srcset=\"https:\/\/www.turgutlurotary.org\/yeni\/wp-content\/uploads\/2019\/10\/e8ea4d90-bf3a-4bd7-b93f-a66bbfeab4fe-768x1024.jpg 768w, https:\/\/www.turgutlurotary.org\/yeni\/wp-content\/uploads\/2019\/10\/e8ea4d90-bf3a-4bd7-b93f-a66bbfeab4fe-225x300.jpg 225w, https:\/\/www.turgutlurotary.org\/yeni\/wp-content\/uploads\/2019\/10\/e8ea4d90-bf3a-4bd7-b93f-a66bbfeab4fe.jpg 1200w\" sizes=\"auto, (max-width: 241px) 100vw, 241px\" \/><figcaption>Varyant Rotary Kul\u00fcb\u00fc \u0130le birlikte zihinsel engelli \u00e7ocuklar\u0131m\u0131z\u0131 g\u00f6z taramas\u0131ndan ge\u00e7irdik.<\/figcaption><\/figure><\/div>\n\n\n\n<div class=\"wp-block-image\"><figure class=\"aligncenter is-resized\"><img loading=\"lazy\" decoding=\"async\" src=\"https:\/\/www.turgutlurotary.org\/yeni\/wp-content\/uploads\/2019\/11\/cesme-engelli-gezi1-1024x923.jpg\" alt=\"\" class=\"wp-image-755\" width=\"338\" height=\"304\" srcset=\"https:\/\/www.turgutlurotary.org\/yeni\/wp-content\/uploads\/2019\/11\/cesme-engelli-gezi1-1024x923.jpg 1024w, https:\/\/www.turgutlurotary.org\/yeni\/wp-content\/uploads\/2019\/11\/cesme-engelli-gezi1-300x271.jpg 300w, https:\/\/www.turgutlurotary.org\/yeni\/wp-content\/uploads\/2019\/11\/cesme-engelli-gezi1-768x692.jpg 768w, https:\/\/www.turgutlurotary.org\/yeni\/wp-content\/uploads\/2019\/11\/cesme-engelli-gezi1.jpg 1200w\" sizes=\"auto, (max-width: 338px) 100vw, 338px\" \/><figcaption>Turgutlu Belediyesi ile birlikte yap\u0131lan etkinli\u011fimizde Engelli karde\u015flerimizi \u00c7e\u015fme y\u0131ld\u0131zburnu sahilinde denizle bulu\u015fturduk.<\/figcaption><\/figure><\/div>\n\n\n\n<div class=\"wp-block-image\"><figure class=\"aligncenter is-resized\"><img loading=\"lazy\" decoding=\"async\" src=\"https:\/\/www.turgutlurotary.org\/yeni\/wp-content\/uploads\/2019\/11\/cesme-engelli-gezi2-685x1024.jpg\" alt=\"\" class=\"wp-image-757\" width=\"336\" height=\"502\" srcset=\"https:\/\/www.turgutlurotary.org\/yeni\/wp-content\/uploads\/2019\/11\/cesme-engelli-gezi2-685x1024.jpg 685w, https:\/\/www.turgutlurotary.org\/yeni\/wp-content\/uploads\/2019\/11\/cesme-engelli-gezi2-201x300.jpg 201w, https:\/\/www.turgutlurotary.org\/yeni\/wp-content\/uploads\/2019\/11\/cesme-engelli-gezi2.jpg 764w\" sizes=\"auto, (max-width: 336px) 100vw, 336px\" \/><figcaption>Birlikte \u00c7e\u015fme&#8217;nin vazge\u00e7ilmezi Kumru ziyafeti \u00e7ektik.<\/figcaption><\/figure><\/div>\n\n\n\n<div class=\"wp-block-image\"><figure class=\"aligncenter size-large\"><img loading=\"lazy\" decoding=\"async\" width=\"320\" height=\"240\" src=\"https:\/\/www.turgutlurotary.org\/yeni\/wp-content\/uploads\/2019\/11\/IMG_3416.jpg\" alt=\"\" class=\"wp-image-759\" srcset=\"https:\/\/www.turgutlurotary.org\/yeni\/wp-content\/uploads\/2019\/11\/IMG_3416.jpg 320w, https:\/\/www.turgutlurotary.org\/yeni\/wp-content\/uploads\/2019\/11\/IMG_3416-300x225.jpg 300w\" sizes=\"auto, (max-width: 320px) 100vw, 320px\" \/><figcaption>Turgutlu Rotary Meslekte Ba\u015far\u0131 \u00d6d\u00fcl\u00fc Okuma Yazma kurslar\u0131na verdi\u011fi destek ve \u00f6zverili \u00e7al\u0131\u015fmalar nedeniyle Say\u0131n Ya\u015far KOCAT\u00dcRK e verildi. Kendisini kutluyoruz.<br> <a href=\"https:\/\/www.turgutluyanki.com\/rotary-meslekte-basari-odulu-yasar-kocaturk-e-layik-goruldu\/38781\/\">https:\/\/www.turgutluyanki.com\/rotary-meslekte-basari-odulu-yasar-kocaturk-e-layik-goruldu\/38781\/<\/a> <\/figcaption><\/figure><\/div>\n\n\n\n<div class=\"wp-block-image\"><figure class=\"aligncenter size-large is-resized\"><img loading=\"lazy\" decoding=\"async\" src=\"https:\/\/www.turgutlurotary.org\/yeni\/wp-content\/uploads\/2019\/11\/IMG_3419.jpg\" alt=\"\" class=\"wp-image-760\" width=\"337\" height=\"253\" srcset=\"https:\/\/www.turgutlurotary.org\/yeni\/wp-content\/uploads\/2019\/11\/IMG_3419.jpg 320w, https:\/\/www.turgutlurotary.org\/yeni\/wp-content\/uploads\/2019\/11\/IMG_3419-300x225.jpg 300w\" sizes=\"auto, (max-width: 337px) 100vw, 337px\" \/><\/figure><\/div>\n\n\n\n<p class=\"has-text-align-center\"><\/p>\n","protected":false},"excerpt":{"rendered":"","protected":false},"author":6,"featured_media":0,"parent":41,"menu_order":76,"comment_status":"closed","ping_status":"closed","template":"","meta":{"footnotes":""},"class_list":["post-687","page","type-page","status-publish","hentry"],"_links":{"self":[{"href":"https:\/\/www.turgutlurotary.org\/yeni\/wp-json\/wp\/v2\/pages\/687","targetHints":{"allow":["GET"]}}],"collection":[{"href":"https:\/\/www.turgutlurotary.org\/yeni\/wp-json\/wp\/v2\/pages"}],"about":[{"href":"https:\/\/www.turgutlurotary.org\/yeni\/wp-json\/wp\/v2\/types\/page"}],"author":[{"embeddable":true,"href":"https:\/\/www.turgutlurotary.org\/yeni\/wp-json\/wp\/v2\/users\/6"}],"replies":[{"embeddable":true,"href":"https:\/\/www.turgutlurotary.org\/yeni\/wp-json\/wp\/v2\/comments?post=687"}],"version-history":[{"count":13,"href":"https:\/\/www.turgutlurotary.org\/yeni\/wp-json\/wp\/v2\/pages\/687\/revisions"}],"predecessor-version":[{"id":761,"href":"https:\/\/www.turgutlurotary.org\/yeni\/wp-json\/wp\/v2\/pages\/687\/revisions\/761"}],"up":[{"embeddable":true,"href":"https:\/\/www.turgutlurotary.org\/yeni\/wp-json\/wp\/v2\/pages\/41"}],"wp:attachment":[{"href":"https:\/\/www.turgutlurotary.org\/yeni\/wp-json\/wp\/v2\/media?parent=687"}],"curies":[{"name":"wp","href":"https:\/\/api.w.org\/{rel}","templated":true}]}}