{"id":640,"date":"2018-06-28T12:28:10","date_gmt":"2018-06-28T12:28:10","guid":{"rendered":"http:\/\/www.turgutlurotary.org\/yeni\/?page_id=640"},"modified":"2019-07-12T11:06:31","modified_gmt":"2019-07-12T11:06:31","slug":"2018-19-donemi","status":"publish","type":"page","link":"https:\/\/www.turgutlurotary.org\/yeni\/projelerimiz\/2018-19-donemi\/","title":{"rendered":"2018-2019 D\u00f6nemi"},"content":{"rendered":"<p style=\"text-align: center;\"><a href=\"https:\/\/www.turgutlurotary.org\/yeni\/wp-content\/uploads\/2018\/06\/IMG_0554.jpg\"><img loading=\"lazy\" decoding=\"async\" class=\"alignnone size-medium wp-image-641\" src=\"https:\/\/www.turgutlurotary.org\/yeni\/wp-content\/uploads\/2018\/06\/IMG_0554-276x300.jpg\" alt=\"\" width=\"276\" height=\"300\" srcset=\"https:\/\/www.turgutlurotary.org\/yeni\/wp-content\/uploads\/2018\/06\/IMG_0554-276x300.jpg 276w, https:\/\/www.turgutlurotary.org\/yeni\/wp-content\/uploads\/2018\/06\/IMG_0554.jpg 658w\" sizes=\"auto, (max-width: 276px) 100vw, 276px\" \/><\/a><\/p>\n<p style=\"text-align: center;\">2018-2019 ROTARY D\u00d6NEM SLOGANIMIZ<\/p>\n<p style=\"text-align: center;\">2440.B\u00d6LGE GUVERN\u00d6R\u00dcM\u00dcZ RTN.ALAEDD\u0130N DEM\u0130RC\u0130O\u011eLU<\/p>\n<div id=\"attachment_642\" style=\"width: 235px\" class=\"wp-caption aligncenter\"><a href=\"https:\/\/www.turgutlurotary.org\/yeni\/wp-content\/uploads\/2018\/06\/d2967253-94fd-4213-b8e1-d441197b4900-1.jpg\"><img loading=\"lazy\" decoding=\"async\" aria-describedby=\"caption-attachment-642\" class=\"size-medium wp-image-642\" src=\"https:\/\/www.turgutlurotary.org\/yeni\/wp-content\/uploads\/2018\/06\/d2967253-94fd-4213-b8e1-d441197b4900-1-225x300.jpg\" alt=\"\" width=\"225\" height=\"300\" srcset=\"https:\/\/www.turgutlurotary.org\/yeni\/wp-content\/uploads\/2018\/06\/d2967253-94fd-4213-b8e1-d441197b4900-1-225x300.jpg 225w, https:\/\/www.turgutlurotary.org\/yeni\/wp-content\/uploads\/2018\/06\/d2967253-94fd-4213-b8e1-d441197b4900-1-768x1024.jpg 768w, https:\/\/www.turgutlurotary.org\/yeni\/wp-content\/uploads\/2018\/06\/d2967253-94fd-4213-b8e1-d441197b4900-1.jpg 1200w\" sizes=\"auto, (max-width: 225px) 100vw, 225px\" \/><\/a><p id=\"caption-attachment-642\" class=\"wp-caption-text\">2018-19 D\u00d6NEM BA\u015eKANIMIZ Rtn. ONUR TEK\u0130NDA\u011e G\u00d6REV\u0130 DEVRALDI<\/p><\/div>\n<div id=\"attachment_656\" style=\"width: 235px\" class=\"wp-caption aligncenter\"><a href=\"https:\/\/www.turgutlurotary.org\/yeni\/wp-content\/uploads\/2018\/07\/IMG_0646.jpg\"><img loading=\"lazy\" decoding=\"async\" aria-describedby=\"caption-attachment-656\" class=\"size-medium wp-image-656\" src=\"https:\/\/www.turgutlurotary.org\/yeni\/wp-content\/uploads\/2018\/07\/IMG_0646-225x300.jpg\" alt=\"\" width=\"225\" height=\"300\" srcset=\"https:\/\/www.turgutlurotary.org\/yeni\/wp-content\/uploads\/2018\/07\/IMG_0646-225x300.jpg 225w, https:\/\/www.turgutlurotary.org\/yeni\/wp-content\/uploads\/2018\/07\/IMG_0646.jpg 576w\" sizes=\"auto, (max-width: 225px) 100vw, 225px\" \/><\/a><p id=\"caption-attachment-656\" class=\"wp-caption-text\">D\u00f6nem Ba\u015fkan\u0131m\u0131z Onur TEK\u0130NDA\u011e ilk toplant\u0131m\u0131z\u0131 a\u00e7arken<\/p><\/div>\n<div id=\"attachment_658\" style=\"width: 310px\" class=\"wp-caption aligncenter\"><a href=\"https:\/\/www.turgutlurotary.org\/yeni\/wp-content\/uploads\/2018\/07\/IMG_0645.jpg\"><img loading=\"lazy\" decoding=\"async\" aria-describedby=\"caption-attachment-658\" class=\"size-medium wp-image-658\" src=\"https:\/\/www.turgutlurotary.org\/yeni\/wp-content\/uploads\/2018\/07\/IMG_0645-300x225.jpg\" alt=\"\" width=\"300\" height=\"225\" srcset=\"https:\/\/www.turgutlurotary.org\/yeni\/wp-content\/uploads\/2018\/07\/IMG_0645-300x225.jpg 300w, https:\/\/www.turgutlurotary.org\/yeni\/wp-content\/uploads\/2018\/07\/IMG_0645-768x576.jpg 768w, https:\/\/www.turgutlurotary.org\/yeni\/wp-content\/uploads\/2018\/07\/IMG_0645.jpg 1024w\" sizes=\"auto, (max-width: 300px) 100vw, 300px\" \/><\/a><p id=\"caption-attachment-658\" class=\"wp-caption-text\">\u0130lk d\u00f6nem projemizi Seher ve Ertu\u011frul un mutluluklar\u0131n\u0131 kal\u0131c\u0131 olmas\u0131n\u0131 dileyerek ger\u00e7ekle\u015ftirdik.<\/p><\/div>\n<div id=\"attachment_665\" style=\"width: 310px\" class=\"wp-caption aligncenter\"><a href=\"https:\/\/www.turgutlurotary.org\/yeni\/wp-content\/uploads\/2018\/10\/IMG_1066.jpg\"><img loading=\"lazy\" decoding=\"async\" aria-describedby=\"caption-attachment-665\" class=\"size-medium wp-image-665\" src=\"https:\/\/www.turgutlurotary.org\/yeni\/wp-content\/uploads\/2018\/10\/IMG_1066-300x225.jpg\" alt=\"\" width=\"300\" height=\"225\" srcset=\"https:\/\/www.turgutlurotary.org\/yeni\/wp-content\/uploads\/2018\/10\/IMG_1066-300x225.jpg 300w, https:\/\/www.turgutlurotary.org\/yeni\/wp-content\/uploads\/2018\/10\/IMG_1066.jpg 320w\" sizes=\"auto, (max-width: 300px) 100vw, 300px\" \/><\/a><p id=\"caption-attachment-665\" class=\"wp-caption-text\">2440. B\u00f6lge Federasyon Ba\u015fkan\u0131m\u0131z Rtn. Alaeddin Demircio\u011flu&#8217;nu a\u011f\u0131rlad\u0131k ve asamblemizi ger\u00e7ekle\u015ftirdik.<\/p><\/div>\n<div id=\"attachment_666\" style=\"width: 310px\" class=\"wp-caption aligncenter\"><a href=\"https:\/\/www.turgutlurotary.org\/yeni\/wp-content\/uploads\/2018\/10\/10311b5b-a602-4dff-8519-069dd1154a97.jpg\"><img loading=\"lazy\" decoding=\"async\" aria-describedby=\"caption-attachment-666\" class=\"size-medium wp-image-666\" src=\"https:\/\/www.turgutlurotary.org\/yeni\/wp-content\/uploads\/2018\/10\/10311b5b-a602-4dff-8519-069dd1154a97-300x225.jpg\" alt=\"\" width=\"300\" height=\"225\" srcset=\"https:\/\/www.turgutlurotary.org\/yeni\/wp-content\/uploads\/2018\/10\/10311b5b-a602-4dff-8519-069dd1154a97-300x225.jpg 300w, https:\/\/www.turgutlurotary.org\/yeni\/wp-content\/uploads\/2018\/10\/10311b5b-a602-4dff-8519-069dd1154a97-768x576.jpg 768w, https:\/\/www.turgutlurotary.org\/yeni\/wp-content\/uploads\/2018\/10\/10311b5b-a602-4dff-8519-069dd1154a97-1024x768.jpg 1024w, https:\/\/www.turgutlurotary.org\/yeni\/wp-content\/uploads\/2018\/10\/10311b5b-a602-4dff-8519-069dd1154a97.jpg 1600w\" sizes=\"auto, (max-width: 300px) 100vw, 300px\" \/><\/a><p id=\"caption-attachment-666\" class=\"wp-caption-text\">Asamblemize Salihli Roraty Kul\u00fcb\u00fcnden de 12 \u00fcye kat\u0131ld\u0131.<\/p><\/div>\n<div id=\"attachment_667\" style=\"width: 310px\" class=\"wp-caption aligncenter\"><a href=\"https:\/\/www.turgutlurotary.org\/yeni\/wp-content\/uploads\/2018\/10\/IMG_1058.jpg\"><img loading=\"lazy\" decoding=\"async\" aria-describedby=\"caption-attachment-667\" class=\"size-medium wp-image-667\" src=\"https:\/\/www.turgutlurotary.org\/yeni\/wp-content\/uploads\/2018\/10\/IMG_1058-300x225.jpg\" alt=\"\" width=\"300\" height=\"225\" srcset=\"https:\/\/www.turgutlurotary.org\/yeni\/wp-content\/uploads\/2018\/10\/IMG_1058-300x225.jpg 300w, https:\/\/www.turgutlurotary.org\/yeni\/wp-content\/uploads\/2018\/10\/IMG_1058.jpg 320w\" sizes=\"auto, (max-width: 300px) 100vw, 300px\" \/><\/a><p id=\"caption-attachment-667\" class=\"wp-caption-text\">Toplant\u0131m\u0131zda yeni \u00fcyemiz Rtn. Tu\u011frul ORHAN \u0131n rozetini de takt\u0131k.<\/p><\/div>\n<div id=\"attachment_668\" style=\"width: 310px\" class=\"wp-caption aligncenter\"><a href=\"https:\/\/www.turgutlurotary.org\/yeni\/wp-content\/uploads\/2018\/10\/5177e879-1643-497e-9eec-8e450de81596.jpg\"><img loading=\"lazy\" decoding=\"async\" aria-describedby=\"caption-attachment-668\" class=\"size-medium wp-image-668\" src=\"https:\/\/www.turgutlurotary.org\/yeni\/wp-content\/uploads\/2018\/10\/5177e879-1643-497e-9eec-8e450de81596-300x225.jpg\" alt=\"\" width=\"300\" height=\"225\" srcset=\"https:\/\/www.turgutlurotary.org\/yeni\/wp-content\/uploads\/2018\/10\/5177e879-1643-497e-9eec-8e450de81596-300x225.jpg 300w, https:\/\/www.turgutlurotary.org\/yeni\/wp-content\/uploads\/2018\/10\/5177e879-1643-497e-9eec-8e450de81596-768x576.jpg 768w, https:\/\/www.turgutlurotary.org\/yeni\/wp-content\/uploads\/2018\/10\/5177e879-1643-497e-9eec-8e450de81596-1024x768.jpg 1024w, https:\/\/www.turgutlurotary.org\/yeni\/wp-content\/uploads\/2018\/10\/5177e879-1643-497e-9eec-8e450de81596.jpg 1599w\" sizes=\"auto, (max-width: 300px) 100vw, 300px\" \/><\/a><p id=\"caption-attachment-668\" class=\"wp-caption-text\">Her y\u0131l tekrarlad\u0131\u011f\u0131m\u0131z ve kad\u0131nlar\u0131m\u0131z\u0131n Meme Kanseri konusunda bilin\u00e7lenmelerini sa\u011flayan seminerimizi Op.Dr. C\u00fcneyt TU\u011eRUL yapt\u0131. Kendisine te\u015fekk\u00fcr ediyoruz.<\/p><\/div>\n<div id=\"attachment_674\" style=\"width: 310px\" class=\"wp-caption aligncenter\"><a href=\"https:\/\/www.turgutlurotary.org\/yeni\/wp-content\/uploads\/2019\/06\/b62269df-b0d2-4091-9d55-9e38e110dced.jpg\"><img loading=\"lazy\" decoding=\"async\" aria-describedby=\"caption-attachment-674\" class=\"size-medium wp-image-674\" src=\"https:\/\/www.turgutlurotary.org\/yeni\/wp-content\/uploads\/2019\/06\/b62269df-b0d2-4091-9d55-9e38e110dced-300x173.jpg\" alt=\"\" width=\"300\" height=\"173\" srcset=\"https:\/\/www.turgutlurotary.org\/yeni\/wp-content\/uploads\/2019\/06\/b62269df-b0d2-4091-9d55-9e38e110dced-300x173.jpg 300w, https:\/\/www.turgutlurotary.org\/yeni\/wp-content\/uploads\/2019\/06\/b62269df-b0d2-4091-9d55-9e38e110dced-768x443.jpg 768w, https:\/\/www.turgutlurotary.org\/yeni\/wp-content\/uploads\/2019\/06\/b62269df-b0d2-4091-9d55-9e38e110dced-1024x590.jpg 1024w, https:\/\/www.turgutlurotary.org\/yeni\/wp-content\/uploads\/2019\/06\/b62269df-b0d2-4091-9d55-9e38e110dced.jpg 1599w\" sizes=\"auto, (max-width: 300px) 100vw, 300px\" \/><\/a><p id=\"caption-attachment-674\" class=\"wp-caption-text\">OVACIK YAYLASI U\u00c7URTMA \u015eENL\u0130\u011e\u0130<\/p><\/div>\n<div id=\"attachment_677\" style=\"width: 310px\" class=\"wp-caption aligncenter\"><a href=\"https:\/\/www.turgutlurotary.org\/yeni\/wp-content\/uploads\/2019\/06\/IMG_2097-e1560411620429.jpg\"><img loading=\"lazy\" decoding=\"async\" aria-describedby=\"caption-attachment-677\" class=\"size-medium wp-image-677\" src=\"https:\/\/www.turgutlurotary.org\/yeni\/wp-content\/uploads\/2019\/06\/IMG_2097-e1560411620429-300x225.jpg\" alt=\"\" width=\"300\" height=\"225\" srcset=\"https:\/\/www.turgutlurotary.org\/yeni\/wp-content\/uploads\/2019\/06\/IMG_2097-e1560411620429-300x225.jpg 300w, https:\/\/www.turgutlurotary.org\/yeni\/wp-content\/uploads\/2019\/06\/IMG_2097-e1560411620429.jpg 640w\" sizes=\"auto, (max-width: 300px) 100vw, 300px\" \/><\/a><p id=\"caption-attachment-677\" class=\"wp-caption-text\">KUL\u00dcB\u00dcM\u00dcZ\u00dcN \u0130LKOKUL \u00c7OCUKLARINA Y\u00d6NEL\u0130K U\u00c7URTMA \u015eENL\u0130\u011e\u0130NE 65 \u00c7OCUK KATILDI<\/p><\/div>\n<p><a href=\"https:\/\/www.turgutlurotary.org\/yeni\/wp-content\/uploads\/2019\/06\/IMG_2103.jpg\"><img loading=\"lazy\" decoding=\"async\" class=\"size-medium wp-image-679 aligncenter\" src=\"https:\/\/www.turgutlurotary.org\/yeni\/wp-content\/uploads\/2019\/06\/IMG_2103-300x225.jpg\" alt=\"\" width=\"300\" height=\"225\" srcset=\"https:\/\/www.turgutlurotary.org\/yeni\/wp-content\/uploads\/2019\/06\/IMG_2103-300x225.jpg 300w, https:\/\/www.turgutlurotary.org\/yeni\/wp-content\/uploads\/2019\/06\/IMG_2103.jpg 640w\" sizes=\"auto, (max-width: 300px) 100vw, 300px\" \/><\/a><\/p>\n<p><a href=\"https:\/\/www.turgutlurotary.org\/yeni\/wp-content\/uploads\/2019\/06\/IMG_2106.jpg\"><img loading=\"lazy\" decoding=\"async\" class=\"size-medium wp-image-680 aligncenter\" src=\"https:\/\/www.turgutlurotary.org\/yeni\/wp-content\/uploads\/2019\/06\/IMG_2106-300x225.jpg\" alt=\"\" width=\"300\" height=\"225\" srcset=\"https:\/\/www.turgutlurotary.org\/yeni\/wp-content\/uploads\/2019\/06\/IMG_2106-300x225.jpg 300w, https:\/\/www.turgutlurotary.org\/yeni\/wp-content\/uploads\/2019\/06\/IMG_2106.jpg 640w\" sizes=\"auto, (max-width: 300px) 100vw, 300px\" \/><\/a><\/p>\n<p style=\"text-align: right;\"><a href=\"https:\/\/www.turgutlurotary.org\/yeni\/wp-content\/uploads\/2019\/06\/IMG_2101.jpg\"><img loading=\"lazy\" decoding=\"async\" class=\"size-medium wp-image-678 aligncenter\" src=\"https:\/\/www.turgutlurotary.org\/yeni\/wp-content\/uploads\/2019\/06\/IMG_2101-300x225.jpg\" alt=\"\" width=\"300\" height=\"225\" srcset=\"https:\/\/www.turgutlurotary.org\/yeni\/wp-content\/uploads\/2019\/06\/IMG_2101-300x225.jpg 300w, https:\/\/www.turgutlurotary.org\/yeni\/wp-content\/uploads\/2019\/06\/IMG_2101.jpg 640w\" sizes=\"auto, (max-width: 300px) 100vw, 300px\" \/><\/a><\/p>\n\n\n<div class=\"wp-block-image\"><figure class=\"aligncenter\"><img loading=\"lazy\" decoding=\"async\" width=\"960\" height=\"642\" src=\"https:\/\/www.turgutlurotary.org\/yeni\/wp-content\/uploads\/2019\/07\/bdffb7e7-d513-4252-a296-bb53af923769-1.jpg\" alt=\"\" class=\"wp-image-699\" srcset=\"https:\/\/www.turgutlurotary.org\/yeni\/wp-content\/uploads\/2019\/07\/bdffb7e7-d513-4252-a296-bb53af923769-1.jpg 960w, https:\/\/www.turgutlurotary.org\/yeni\/wp-content\/uploads\/2019\/07\/bdffb7e7-d513-4252-a296-bb53af923769-1-300x201.jpg 300w, https:\/\/www.turgutlurotary.org\/yeni\/wp-content\/uploads\/2019\/07\/bdffb7e7-d513-4252-a296-bb53af923769-1-768x514.jpg 768w\" sizes=\"auto, (max-width: 960px) 100vw, 960px\" \/><figcaption>D\u00f6nemimizi Salihli Rotary Kul\u00fcb\u00fc ile ortak d\u00fczenlenen t\u00f6renle tamamlad\u0131k.<\/figcaption><\/figure><\/div>\n","protected":false},"excerpt":{"rendered":"<p>2018-2019 ROTARY D\u00d6NEM SLOGANIMIZ 2440.B\u00d6LGE GUVERN\u00d6R\u00dcM\u00dcZ RTN.ALAEDD\u0130N DEM\u0130RC\u0130O\u011eLU<\/p>\n","protected":false},"author":6,"featured_media":0,"parent":41,"menu_order":77,"comment_status":"closed","ping_status":"closed","template":"","meta":{"footnotes":""},"class_list":["post-640","page","type-page","status-publish","hentry"],"_links":{"self":[{"href":"https:\/\/www.turgutlurotary.org\/yeni\/wp-json\/wp\/v2\/pages\/640","targetHints":{"allow":["GET"]}}],"collection":[{"href":"https:\/\/www.turgutlurotary.org\/yeni\/wp-json\/wp\/v2\/pages"}],"about":[{"href":"https:\/\/www.turgutlurotary.org\/yeni\/wp-json\/wp\/v2\/types\/page"}],"author":[{"embeddable":true,"href":"https:\/\/www.turgutlurotary.org\/yeni\/wp-json\/wp\/v2\/users\/6"}],"replies":[{"embeddable":true,"href":"https:\/\/www.turgutlurotary.org\/yeni\/wp-json\/wp\/v2\/comments?post=640"}],"version-history":[{"count":12,"href":"https:\/\/www.turgutlurotary.org\/yeni\/wp-json\/wp\/v2\/pages\/640\/revisions"}],"predecessor-version":[{"id":736,"href":"https:\/\/www.turgutlurotary.org\/yeni\/wp-json\/wp\/v2\/pages\/640\/revisions\/736"}],"up":[{"embeddable":true,"href":"https:\/\/www.turgutlurotary.org\/yeni\/wp-json\/wp\/v2\/pages\/41"}],"wp:attachment":[{"href":"https:\/\/www.turgutlurotary.org\/yeni\/wp-json\/wp\/v2\/media?parent=640"}],"curies":[{"name":"wp","href":"https:\/\/api.w.org\/{rel}","templated":true}]}}