{"id":61,"date":"2011-03-02T09:59:21","date_gmt":"2011-03-02T09:59:21","guid":{"rendered":"http:\/\/www.kalfaoglu.net\/rotary\/?page_id=61"},"modified":"2019-07-12T10:46:09","modified_gmt":"2019-07-12T10:46:09","slug":"2007-2008-donemi","status":"publish","type":"page","link":"https:\/\/www.turgutlurotary.org\/yeni\/projelerimiz\/2007-2008-donemi\/","title":{"rendered":"2007-2008 D\u00f6nemi"},"content":{"rendered":"<p><span style=\"color: #993300;\"><strong><span style=\"font-size: medium;\">2007-08 D\u00d6NEM LOGOMUZ VE SLOGANIMIZ<\/span><\/strong><\/span><\/p>\n<p><img loading=\"lazy\" decoding=\"async\" src=\"http:\/\/www.turgutlurotary.org\/_borders\/rotary_paylasir.jpg\" alt=\"\" width=\"191\" height=\"167\" border=\"4\" \/><\/p>\n<p><strong><span style=\"color: #00ffff; font-size: medium;\"><span style=\"color: #000080;\">&#8220;ROTARY PAYLA\u015eIR&#8221;<\/span>\u00a0 &#8211; <\/span> <span style=\"color: #008000; font-size: medium;\">&#8220;ROTARY SHARES&#8221;<\/span><\/strong><\/p>\n<p><span style=\"color: #000080;\">2440. B\u00d6LGE D\u00d6NEM GUVERN\u00d6R\u00dc RTN. SEZA\u0130 MORAL<\/span><\/p>\n<p><img loading=\"lazy\" decoding=\"async\" src=\"http:\/\/www.turgutlurotary.org\/images\/kusadasi%20045.jpg\" alt=\"\" width=\"307\" height=\"228\" border=\"0\" \/><\/p>\n<p><span style=\"font-family: Tahoma;\"><strong>\u0130\u015eTE YEN\u0130\u00a0 D\u00d6NEM BA\u015eLIYOR , BA\u015eKANIMIZ RTN. N\u0130HAT DABAKO\u011eLU VE E\u015e\u0130 HAYR\u0130YE BU D\u00d6NEM B\u0130ZE L\u0130DERL\u0130K YAPACAKLAR<\/strong><\/span><\/p>\n<p><span style=\"font-family: Tahoma;\"><strong><img loading=\"lazy\" decoding=\"async\" src=\"http:\/\/www.turgutlurotary.org\/images\/kusadasi%20044.jpg\" alt=\"\" width=\"266\" height=\"198\" border=\"0\" \/> <img loading=\"lazy\" decoding=\"async\" src=\"http:\/\/www.turgutlurotary.org\/images\/kusadasi%20047.jpg\" alt=\"\" width=\"264\" height=\"198\" border=\"0\" \/><\/strong><\/span><\/p>\n<p><span style=\"font-family: Tahoma;\"><strong>D\u00d6NEM BA\u015eKANIMIZ KUL\u00dcP KOLYES\u0130N\u0130 VE CUMHURBA\u015eKANLI\u011eI ROZET\u0130N\u0130 DEVRALDI<\/strong><\/span><\/p>\n<p><span style=\"font-family: Tahoma;\"><strong>GE\u00c7M\u0130\u015e D\u00d6NEM BA\u015eKANIMIZ RTN.BEDR\u0130 G\u0130R\u0130T&#8217;e KUL\u00dcB\u00dcM\u00dcZ\u00dcN \u015eEREF PLAKET\u0130N\u0130 SUNDU<\/strong><\/span><\/p>\n<hr \/>\n<p><span style=\"font-family: Tahoma;\"><strong><img loading=\"lazy\" decoding=\"async\" src=\"http:\/\/www.turgutlurotary.org\/images\/Resim%20003.jpg\" alt=\"\" width=\"246\" height=\"183\" border=\"0\" \/> <img loading=\"lazy\" decoding=\"async\" src=\"http:\/\/www.turgutlurotary.org\/images\/Resim%20006.jpg\" alt=\"\" width=\"252\" height=\"187\" border=\"0\" \/><\/strong><\/span><\/p>\n<p><span style=\"font-family: Tahoma;\"><strong>\u0130LK TOPLANTIMIZDA BASINA YEN\u0130 Y\u00d6NET\u0130M TANITILDI VE B\u0130R BASIN MENSUBU OLAN SN.AR\u0130F PEKTA\u015e&#8217;a PLAKET VER\u0130LD\u0130.<\/strong><\/span><\/p>\n<hr \/>\n<p><span style=\"font-family: Tahoma;\"><strong>779. Toplant\u0131m\u0131z<\/strong><\/span><\/p>\n<p><img loading=\"lazy\" decoding=\"async\" src=\"http:\/\/www.turgutlurotary.org\/images\/779.toplanti_008-projeksiyon.jpg\" alt=\"\" width=\"245\" height=\"184\" border=\"0\" \/><\/p>\n<p>\u0130hsan Erturgut \u0130lk\u00f6\u011fretim Okulu&#8217;na projeksiyon hediye ettik&#8230;<\/p>\n<p><img loading=\"lazy\" decoding=\"async\" src=\"http:\/\/www.turgutlurotary.org\/images\/779.toplanti_013-emniyetmd..jpg\" alt=\"\" width=\"248\" height=\"185\" border=\"0\" \/><\/p>\n<p>Emniyet M\u00fcd\u00fcr\u00fcm\u00fcz\u00fcn Turgutlu&#8217;da Huzur Operasyonlar\u0131 isimli konu\u015fmas\u0131n\u0131 dinledik ve kendisine il\u00e7emize hizmetleri nedeniyle bir onur plaketi sunduk&#8230;<\/p>\n<hr \/>\n<p><img loading=\"lazy\" decoding=\"async\" src=\"http:\/\/www.turgutlurotary.org\/images\/Resim_018.jpg\" alt=\"\" width=\"281\" height=\"209\" border=\"0\" \/> <img loading=\"lazy\" decoding=\"async\" src=\"http:\/\/www.turgutlurotary.org\/images\/Resimi.jpg\" alt=\"\" width=\"284\" height=\"213\" border=\"0\" \/><\/p>\n<p>B\u00f6lge Federasyon Ba\u015fkan\u0131m\u0131z Rtn. Sezai MORAL ve e\u015fleri kul\u00fcb\u00fcm\u00fcz\u00fc ziyaret ettiler. Bu d\u00f6nem yapt\u0131klar\u0131mz\u0131 ve hedeflerimizi kendisine aktard\u0131k.<\/p>\n<hr \/>\n<p><img loading=\"lazy\" decoding=\"async\" src=\"http:\/\/www.turgutlurotary.org\/images\/anasinifi.JPG\" alt=\"\" width=\"265\" height=\"198\" border=\"0\" \/> <img loading=\"lazy\" decoding=\"async\" src=\"http:\/\/www.turgutlurotary.org\/images\/ritm.JPG\" alt=\"\" width=\"297\" height=\"197\" border=\"0\" \/><\/p>\n<p>E\u015flerimiz bu d\u00f6nem \u00e7ok h\u0131z\u0131 gidiyor. Solda Turgutlu Rotary \u0130lk\u00f6\u011fretim Okulu Ana S\u0131n\u0131f\u0131 d\u00fczenlemesi projemiz ve sa\u011fda Firdevs G\u00fcrel \u0130lk\u00f6\u011fretim Okulu Engelliler S\u0131n\u0131f\u0131 Vurmal\u0131 \u00c7alg\u0131lar ile e\u011fitim projesine katk\u0131.<\/p>\n<hr \/>\n<p><img loading=\"lazy\" decoding=\"async\" src=\"http:\/\/www.turgutlurotary.org\/images\/781.toplanti_013.jpg\" alt=\"\" width=\"284\" height=\"213\" border=\"0\" \/> <img loading=\"lazy\" decoding=\"async\" src=\"http:\/\/www.turgutlurotary.org\/images\/uye_cihat2.jpg\" alt=\"\" width=\"285\" height=\"212\" border=\"0\" \/><\/p>\n<p>\u0130ki yeni \u00fcyemiz var. Solda Dr.Cem YURTSEVER ve sa\u011fda Dr.Cihat LEVENT<\/p>\n<hr \/>\n<p><img loading=\"lazy\" decoding=\"async\" src=\"http:\/\/www.turgutlurotary.org\/images\/huzurevi4.JPG\" alt=\"\" width=\"262\" height=\"197\" border=\"0\" \/> <img loading=\"lazy\" decoding=\"async\" src=\"http:\/\/www.turgutlurotary.org\/images\/huzurevi22.jpg\" alt=\"\" width=\"300\" height=\"199\" border=\"0\" \/><\/p>\n<p>Ramazanda yine Turgutlu Huzurevi sakinlerini unutmad\u0131k.<\/p>\n<hr \/>\n<p><img loading=\"lazy\" decoding=\"async\" src=\"http:\/\/www.turgutlurotary.org\/images\/dagitim1.JPG\" alt=\"\" width=\"272\" height=\"202\" border=\"0\" \/> <img loading=\"lazy\" decoding=\"async\" src=\"http:\/\/www.turgutlurotary.org\/images\/okul_hediye2.JPG\" alt=\"\" width=\"269\" height=\"203\" border=\"0\" \/><\/p>\n<p>Ramazan ay\u0131nda hem maddi durumu iyi olmayan aileleri g\u0131da yard\u0131mlar\u0131 ile\u00a0 sevindirdik hem de okullarda \u00f6\u011frencilere ayakkab\u0131 ve giysi yard\u0131m\u0131nda bulunduk.<\/p>\n<hr \/>\n<p><img loading=\"lazy\" decoding=\"async\" src=\"http:\/\/www.turgutlurotary.org\/images\/seminer1.jpg\" alt=\"\" width=\"265\" height=\"200\" border=\"0\" \/> <img loading=\"lazy\" decoding=\"async\" src=\"http:\/\/www.turgutlurotary.org\/images\/seminer2.jpg\" alt=\"\" width=\"268\" height=\"200\" border=\"0\" \/><\/p>\n<p>Kul\u00fcb\u00fcm\u00fcz ilk kez bir b\u00f6lge e\u011fitim seminerine ev sahipli\u011fi yapt\u0131 ve <span style=\"color: #ffff00;\"><strong> B\u00f6lge 1. \u00dcYEL\u0130K SEM\u0130NER\u0130<\/strong><\/span> Kul\u00fcb\u00fcm\u00fcz taraf\u0131ndan Turgutlu&#8217;da ger\u00e7ekle\u015ftirildi.<\/p>\n<p><img loading=\"lazy\" decoding=\"async\" src=\"http:\/\/www.turgutlurotary.org\/images\/Resim_002.jpg\" alt=\"\" width=\"268\" height=\"202\" border=\"0\" \/> <img loading=\"lazy\" decoding=\"async\" src=\"http:\/\/www.turgutlurotary.org\/images\/Resim_004.jpg\" alt=\"\" width=\"271\" height=\"201\" border=\"0\" \/><\/p>\n<hr \/>\n<p><img loading=\"lazy\" decoding=\"async\" src=\"http:\/\/www.turgutlurotary.org\/images\/Resim_014.jpg\" alt=\"\" width=\"247\" height=\"184\" border=\"0\" \/> <img loading=\"lazy\" decoding=\"async\" src=\"http:\/\/www.turgutlurotary.org\/images\/odul3.JPG\" alt=\"\" width=\"276\" height=\"184\" border=\"0\" \/><\/p>\n<p>\u0130lk ve Orta \u00f6\u011fretim \u00f6\u011frencilerine y\u00f6nelik resim ve kompozisyon yar\u0131\u015fmam\u0131z\u0131n birincilerini \u00f6d\u00fcllendirdik.<\/p>\n<hr \/>\n<p><img loading=\"lazy\" decoding=\"async\" src=\"http:\/\/www.turgutlurotary.org\/images\/Resim_017.jpg\" alt=\"\" width=\"267\" height=\"201\" border=\"0\" \/> <img loading=\"lazy\" decoding=\"async\" src=\"http:\/\/www.turgutlurotary.org\/images\/Resim_014.jpg\" alt=\"\" width=\"270\" height=\"201\" border=\"0\" \/><\/p>\n<p>\u0130lk \u00f6\u011fretmenlerimizden ve K\u00f6y Enstit\u00fcs\u00fc mezunu Sn. Huriye SARA\u00c7 a meslek hizmet \u00f6d\u00fcl\u00fc verdik.<\/p>\n<hr \/>\n<p><img loading=\"lazy\" decoding=\"async\" src=\"http:\/\/www.turgutlurotary.org\/images\/denizli_gezisi.jpg\" alt=\"\" width=\"196\" height=\"257\" border=\"0\" \/> <img loading=\"lazy\" decoding=\"async\" src=\"http:\/\/www.turgutlurotary.org\/images\/baba_d.g_035.jpg\" alt=\"\" width=\"343\" height=\"257\" border=\"0\" \/><\/p>\n<p>E\u015flerimizden Denizli Gezisi ve KADIN HAKLARI KONFERANSI<\/p>\n<p><img loading=\"lazy\" decoding=\"async\" src=\"http:\/\/www.turgutlurotary.org\/images\/baba_d.g_017.jpg\" alt=\"\" width=\"254\" height=\"188\" border=\"0\" \/> <img loading=\"lazy\" decoding=\"async\" src=\"http:\/\/www.turgutlurotary.org\/images\/TRK_bilgisayar_kuRsu.jpg\" alt=\"\" width=\"252\" height=\"187\" border=\"0\" \/><\/p>\n<p>Kad\u0131nlar G\u00fcn\u00fcnde KERMES ve B\u0130LG\u0130SAYAR KURSU projeleri<\/p>\n<p><img loading=\"lazy\" decoding=\"async\" src=\"http:\/\/www.turgutlurotary.org\/images\/silopi.JPG\" alt=\"\" width=\"254\" height=\"192\" border=\"0\" \/> <img loading=\"lazy\" decoding=\"async\" src=\"http:\/\/www.turgutlurotary.org\/images\/zibin.jpg\" alt=\"\" width=\"262\" height=\"192\" border=\"0\" \/><\/p>\n<p>Mardin Silopi&#8217;li \u00e7ocuklara giyecek yard\u0131m\u0131 ve bebeklere ZIBIN da\u011f\u0131t\u0131m\u0131.<\/p>\n<hr \/>\n<p><img loading=\"lazy\" decoding=\"async\" src=\"http:\/\/www.turgutlurotary.org\/images\/802.toplanti_004.jpg\" alt=\"\" width=\"302\" height=\"227\" border=\"0\" \/><\/p>\n<p>5. Paul Harris Dostumuz Rtn.G\u00f6khan G\u00d6R\u00c7\u0130Z oldu.<\/p>\n<hr \/>\n<p><img loading=\"lazy\" decoding=\"async\" src=\"http:\/\/www.turgutlurotary.org\/images\/802.toplanti_007.jpg\" alt=\"\" width=\"311\" height=\"234\" border=\"0\" \/><\/p>\n<p>Okul k\u00fct\u00fcphanelerine kitap ba\u011f\u0131\u015flar\u0131m\u0131z.<\/p>\n<hr \/>\n<p><img loading=\"lazy\" decoding=\"async\" src=\"http:\/\/www.turgutlurotary.org\/images\/baba_d.g_005.jpg\" alt=\"\" width=\"238\" height=\"179\" border=\"0\" \/> <img loading=\"lazy\" decoding=\"async\" src=\"http:\/\/www.turgutlurotary.org\/images\/baba_d.g_003.jpg\" alt=\"\" width=\"238\" height=\"178\" border=\"0\" \/><\/p>\n<p><img loading=\"lazy\" decoding=\"async\" src=\"http:\/\/www.turgutlurotary.org\/images\/baba_d.g_009.jpg\" alt=\"\" width=\"289\" height=\"216\" border=\"0\" \/><\/p>\n<p>Okullarda <span style=\"color: #ffff00;\"><strong> SA\u011eLIK TARAMALARI<\/strong><\/span> devam ediyor. \u0130\u015fte Dalbah\u00e7e K\u00f6y\u00fc \u0130lk\u00f6\u011fretim Okulu sa\u011fl\u0131k taramam\u0131z.<\/p>\n<hr \/>\n<p><img loading=\"lazy\" decoding=\"async\" src=\"http:\/\/www.turgutlurotary.org\/images\/rotary__voleybol.jpg\" alt=\"\" width=\"310\" height=\"232\" border=\"0\" \/><\/p>\n<p>Turgutlu Rotary \u0130lk\u00f6\u011fretim Okulu \u015eampiyon Voleybolcu\u00a0 k\u0131zlar\u0131m\u0131z ile gurur duyuyor ve sevin\u00e7lerini payla\u015f\u0131yoruz.<\/p>\n<hr \/>\n<p><img loading=\"lazy\" decoding=\"async\" src=\"http:\/\/www.turgutlurotary.org\/images\/816.toplanti_004.jpg\" alt=\"\" width=\"261\" height=\"196\" border=\"0\" \/> <img loading=\"lazy\" decoding=\"async\" src=\"http:\/\/www.turgutlurotary.org\/images\/816.toplanti_006.jpg\" alt=\"\" width=\"261\" height=\"197\" border=\"0\" \/><\/p>\n<p><img loading=\"lazy\" decoding=\"async\" src=\"http:\/\/www.turgutlurotary.org\/images\/062.jpg\" alt=\"\" width=\"220\" height=\"150\" border=\"0\" \/><\/p>\n<p>\u00c7ocuklar\u0131m\u0131zdan 23 N\u0130SAN da d\u00fcnya \u00e7ocuklar\u0131na anlaml\u0131 katk\u0131. <span style=\"color: #ffff00;\"><strong> POL\u0130O (\u00c7ocuk Felci)<\/strong><\/span> A\u015eI Kampanyas\u0131na har\u00e7l\u0131klar\u0131n\u0131 ba\u011f\u0131\u015flad\u0131lar.\u015eimdiden 300 \u00e7ocu\u011fun a\u015f\u0131lanmas\u0131na katk\u0131 sa\u011flad\u0131lar.<\/p>\n","protected":false},"excerpt":{"rendered":"<p>2007-08 D\u00d6NEM LOGOMUZ VE SLOGANIMIZ &#8220;ROTARY PAYLA\u015eIR&#8221;\u00a0 &#8211; &#8220;ROTARY SHARES&#8221; 2440. B\u00d6LGE D\u00d6NEM GUVERN\u00d6R\u00dc RTN. SEZA\u0130 MORAL \u0130\u015eTE YEN\u0130\u00a0 D\u00d6NEM BA\u015eLIYOR , BA\u015eKANIMIZ RTN. N\u0130HAT DABAKO\u011eLU VE E\u015e\u0130 HAYR\u0130YE BU D\u00d6NEM B\u0130ZE L\u0130DERL\u0130K YAPACAKLAR D\u00d6NEM BA\u015eKANIMIZ KUL\u00dcP KOLYES\u0130N\u0130 VE CUMHURBA\u015eKANLI\u011eI ROZET\u0130N\u0130 DEVRALDI GE\u00c7M\u0130\u015e D\u00d6NEM BA\u015eKANIMIZ RTN.BEDR\u0130 G\u0130R\u0130T&#8217;e KUL\u00dcB\u00dcM\u00dcZ\u00dcN \u015eEREF PLAKET\u0130N\u0130 SUNDU \u0130LK TOPLANTIMIZDA BASINA YEN\u0130 [&hellip;]<\/p>\n","protected":false},"author":8,"featured_media":0,"parent":41,"menu_order":93,"comment_status":"closed","ping_status":"closed","template":"","meta":{"footnotes":""},"class_list":["post-61","page","type-page","status-publish","hentry"],"_links":{"self":[{"href":"https:\/\/www.turgutlurotary.org\/yeni\/wp-json\/wp\/v2\/pages\/61","targetHints":{"allow":["GET"]}}],"collection":[{"href":"https:\/\/www.turgutlurotary.org\/yeni\/wp-json\/wp\/v2\/pages"}],"about":[{"href":"https:\/\/www.turgutlurotary.org\/yeni\/wp-json\/wp\/v2\/types\/page"}],"author":[{"embeddable":true,"href":"https:\/\/www.turgutlurotary.org\/yeni\/wp-json\/wp\/v2\/users\/8"}],"replies":[{"embeddable":true,"href":"https:\/\/www.turgutlurotary.org\/yeni\/wp-json\/wp\/v2\/comments?post=61"}],"version-history":[{"count":5,"href":"https:\/\/www.turgutlurotary.org\/yeni\/wp-json\/wp\/v2\/pages\/61\/revisions"}],"predecessor-version":[{"id":722,"href":"https:\/\/www.turgutlurotary.org\/yeni\/wp-json\/wp\/v2\/pages\/61\/revisions\/722"}],"up":[{"embeddable":true,"href":"https:\/\/www.turgutlurotary.org\/yeni\/wp-json\/wp\/v2\/pages\/41"}],"wp:attachment":[{"href":"https:\/\/www.turgutlurotary.org\/yeni\/wp-json\/wp\/v2\/media?parent=61"}],"curies":[{"name":"wp","href":"https:\/\/api.w.org\/{rel}","templated":true}]}}