{"id":59,"date":"2011-03-02T09:58:14","date_gmt":"2011-03-02T09:58:14","guid":{"rendered":"http:\/\/www.kalfaoglu.net\/rotary\/?page_id=59"},"modified":"2019-07-12T10:44:12","modified_gmt":"2019-07-12T10:44:12","slug":"2006-2007-donemi","status":"publish","type":"page","link":"https:\/\/www.turgutlurotary.org\/yeni\/projelerimiz\/2006-2007-donemi\/","title":{"rendered":"2006-2007 D\u00f6nemi"},"content":{"rendered":"<p><img loading=\"lazy\" decoding=\"async\" src=\"http:\/\/www.turgutlurotary.org\/images\/2006-07_Theme.jpg\" alt=\"\" width=\"139\" height=\"117\" border=\"0\" \/><\/p>\n<p><span style=\"color: #000080;\"><strong><span style=\"font-size: medium;\">&#8220;\u00d6NDER OLUNUZ&#8221;<\/span> <\/strong><\/span><\/p>\n<p><span style=\"color: #000080;\"><strong>2006-2007 D\u00d6NEM BA\u015eKANIMIZ Rtn. BEDR\u0130 G\u0130R\u0130T VE E\u015e\u0130 G\u00dcLFER G\u0130R\u0130T<\/strong><\/span><\/p>\n<p><span style=\"color: #000080;\"><strong> 2440.D\u00d6NEM B\u00d6LGE GUVERN\u00d6R\u00dc RTN.FAHR\u0130 MOLVALIO\u011eLU<\/strong><\/span><\/p>\n<p><img loading=\"lazy\" decoding=\"async\" src=\"http:\/\/www.turgutlurotary.org\/images\/GULFER_ASAMBLE_02.jpg\" alt=\"\" width=\"280\" height=\"186\" border=\"0\" \/><\/p>\n<p><span style=\"font-size: xx-small;\">\u0130<\/span><span style=\"font-size: small;\">lk Toplant\u0131m\u0131zda Ba\u015fkan\u0131m\u0131z bas\u0131n mensuplar\u0131n\u0131 a\u011f\u0131rlad\u0131 ve onlara d\u00f6nem projelerini aktard\u0131.<\/span><\/p>\n<p><span style=\"font-size: small;\"><img loading=\"lazy\" decoding=\"async\" src=\"http:\/\/www.turgutlurotary.org\/images\/kaym%20+%20bld%20bsk.jpg\" alt=\"\" width=\"225\" height=\"163\" border=\"0\" \/> <img loading=\"lazy\" decoding=\"async\" src=\"http:\/\/www.turgutlurotary.org\/images\/em%20md%20ziyrt.jpg\" alt=\"\" width=\"216\" height=\"164\" border=\"0\" \/><\/span><\/p>\n<p><span style=\"font-size: small;\"><img loading=\"lazy\" decoding=\"async\" src=\"http:\/\/www.turgutlurotary.org\/images\/ilkogr%20ziyareti.jpg\" alt=\"\" width=\"199\" height=\"147\" border=\"0\" \/><\/span><\/p>\n<p><span style=\"font-size: small;\">Y\u00f6netim Kurulumuz \u0130l\u00e7emizin Y\u00f6neticilerini Ziyaret ettiler ve ortak projeler i\u00e7in fikir ald\u0131lar.<\/span><\/p>\n<hr \/>\n<p><span style=\"font-size: small;\"><img loading=\"lazy\" decoding=\"async\" src=\"http:\/\/www.turgutlurotary.org\/images\/yont_topl.jpg\" alt=\"\" width=\"241\" height=\"184\" border=\"0\" \/><\/span><\/p>\n<p><span style=\"font-size: small;\">D\u00f6nem Y\u00f6netim Kurulumuz Her ay toplanarak proje ve faaliyet kararlar\u0131 al\u0131yor.<\/span><\/p>\n<hr \/>\n<p><span style=\"font-size: small;\"><img loading=\"lazy\" decoding=\"async\" src=\"http:\/\/www.turgutlurotary.org\/images\/730._topl_h.oren2.jpg\" alt=\"\" width=\"254\" height=\"190\" border=\"0\" \/><\/span><\/p>\n<p><span style=\"font-size: small;\">Manisa Milletvekilimiz Sn.Hasan \u00d6REN&#8217;i konu\u015fmac\u0131 olarak dinledik ve kendisinden CEPN\u0130DERE \u0130LK\u00d6\u011eRET\u0130M OKULU Projemiz i\u00e7in destek ald\u0131k.<\/span><\/p>\n<hr \/>\n<p><span style=\"font-size: small;\"><img loading=\"lazy\" decoding=\"async\" src=\"http:\/\/www.turgutlurotary.org\/images\/cepnidere_ioo2.jpg\" alt=\"\" width=\"236\" height=\"158\" border=\"0\" \/> <img loading=\"lazy\" decoding=\"async\" src=\"http:\/\/www.turgutlurotary.org\/images\/cepnidere_ioo.jpg\" alt=\"\" width=\"160\" height=\"239\" border=\"0\" \/><\/span><\/p>\n<p><span style=\"font-size: small;\">\u00c7epnidere K\u00f6y\u00fc ziyaretini yapt\u0131k ve yetersiz ve eski binaya sahip olan eski okulda \u00f6\u011frencilerle birlikte olduk.\u015eimdi Turgutlu Belediyesi&#8217;nin tahh\u00fct etti\u011fi kaba in\u015faat\u0131n bitmesini bekleyece\u011fiz.<\/span><\/p>\n<hr \/>\n<p><span style=\"font-size: small;\"><img loading=\"lazy\" decoding=\"async\" src=\"http:\/\/www.turgutlurotary.org\/images\/rotary_iscek.jpg\" alt=\"\" width=\"253\" height=\"191\" border=\"0\" \/><\/span><\/p>\n<p><span style=\"font-size: small;\">\u00dcyelerimizin kredi kart\u0131 kullan\u0131m\u0131 sonucu hesapta biriken yakla\u015f\u0131k 4.000 YTL lik \u00e7ek \u0130\u015fbankas\u0131 \u015fube m\u00fcd\u00fcr\u00fcm\u00fcz taraf\u0131ndan ba\u015fkan\u0131m\u0131za teslim edildi.<\/span><\/p>\n<hr \/>\n<p><img loading=\"lazy\" decoding=\"async\" src=\"http:\/\/www.turgutlurotary.org\/images\/PAUL_HARRIS2.jpg\" alt=\"\" width=\"241\" height=\"180\" border=\"0\" \/> <img loading=\"lazy\" decoding=\"async\" src=\"http:\/\/www.turgutlurotary.org\/images\/P_H_ROZET.jpg\" alt=\"\" width=\"242\" height=\"179\" border=\"0\" \/><\/p>\n<p>Kul\u00fcb\u00fcm\u00fcz\u00fcn 3. Paul Harris Dostu (Rotary Vakf\u0131na 1000 USD lik katk\u0131 ile verilen vak\u0131f \u00f6d\u00fcl\u00fc) Rtn.Feramerz L\u0130GVAN\u0130 berat\u0131n\u0131 ve rozetini ba\u015fkan\u0131m\u0131z\u0131n elinden ald\u0131.<\/p>\n<hr \/>\n<p><img loading=\"lazy\" decoding=\"async\" src=\"http:\/\/www.turgutlurotary.org\/images\/735.topl.esler.jpg\" alt=\"\" width=\"244\" height=\"182\" border=\"0\" \/><\/p>\n<p>E\u015flerimiz de projeleri konusunda fikir al\u0131\u015fveri\u015fi yapmak \u00fczere ba\u015fkan\u0131m\u0131z\u0131n e\u015fi G\u00dcLFER G\u0130R\u0130T ba\u015fkanl\u0131\u011f\u0131nda toplan\u0131yor ve kendi faaliyetlerini g\u00f6r\u00fc\u015f\u00fcyorlar.<\/p>\n<hr \/>\n<p><img loading=\"lazy\" decoding=\"async\" src=\"http:\/\/www.turgutlurotary.org\/images\/742.jpg\" alt=\"\" width=\"240\" height=\"181\" border=\"0\" \/> <img loading=\"lazy\" decoding=\"async\" src=\"http:\/\/www.turgutlurotary.org\/images\/742.topl6.jpg\" alt=\"\" width=\"249\" height=\"182\" border=\"0\" \/><\/p>\n<p>Turgutlu Rotary \u0130lk\u00f6\u011fretim Okulu ziyaretimizde hem ba\u015far\u0131l\u0131 bir bayan sporcumuz \u00f6d\u00fcllendirildi hem de okula bir bilgisayar ba\u011f\u0131\u015fland\u0131.<\/p>\n<hr \/>\n<p><img loading=\"lazy\" decoding=\"async\" src=\"http:\/\/www.turgutlurotary.org\/images\/742.topl3.jpg\" alt=\"\" width=\"240\" height=\"179\" border=\"0\" \/><\/p>\n<p>\u00dcyemiz Rtn.Hayri H.AKDA\u011e Turgutlu Rotary \u0130lk\u00f6\u011fretim Okulu&#8217;na bir telefon santrali ba\u011f\u0131\u015flad\u0131. Kendisine te\u015fekk\u00fcr ediyoruz.<\/p>\n<hr \/>\n<p><img loading=\"lazy\" decoding=\"async\" src=\"http:\/\/www.turgutlurotary.org\/images\/738._topl_ilk_gelen.jpg\" alt=\"\" width=\"220\" height=\"168\" border=\"0\" \/> <img loading=\"lazy\" decoding=\"async\" src=\"http:\/\/www.turgutlurotary.org\/images\/231106_HN.jpg\" alt=\"\" width=\"225\" height=\"169\" border=\"0\" \/><\/p>\n<p>BU d\u00f6nem gelenek haline gelen ilk gelen \u00fcyeye bir hediye verilmesi projemiz genel sekreterimiz Rtn.Feramerz L\u0130GVAN\u0130 taraf\u0131ndan \u00f6zenle se\u00e7ilen hediyelerle devam ediyor.<\/p>\n<hr \/>\n<p><img loading=\"lazy\" decoding=\"async\" src=\"http:\/\/www.turgutlurotary.org\/images\/742.topl7.jpg\" alt=\"\" width=\"266\" height=\"202\" border=\"0\" \/><\/p>\n<p>Her ay %100 devam sa\u011flayan \u00fcyelerimiz k\u00fcrs\u00fcye \u00e7a\u011fr\u0131larak \u00f6d\u00fcllendiriliyor. Bu d\u00f6nem ba\u015fkan\u0131m\u0131z puanlama sistemine ge\u00e7erek \u00fcye faaliyetleri \u00e7er\u00e7evesinde verilecek de\u011fi\u015fik puanlarla <strong>ROTARY STAR<\/strong> yar\u0131\u015fmas\u0131 ba\u015flatt\u0131.<\/p>\n<hr \/>\n<p><img loading=\"lazy\" decoding=\"async\" src=\"http:\/\/www.turgutlurotary.org\/images\/TETANOZ_ASI.jpg\" alt=\"\" width=\"240\" height=\"178\" border=\"0\" \/> <img loading=\"lazy\" decoding=\"async\" src=\"http:\/\/www.turgutlurotary.org\/images\/asi_karti2.jpg\" alt=\"\" width=\"235\" height=\"179\" border=\"0\" \/><\/p>\n<p>Her y\u0131l oldu\u011fu gibi bu y\u0131l da sa\u011fl\u0131k ocaklar\u0131m\u0131z\u0131n a\u015f\u0131 kart\u0131 ihtiya\u00e7lar\u0131 kul\u00fcb\u00fcm\u00fczce kar\u015f\u0131land\u0131. Kartlarda kul\u00fcp amblemimiz ve D\u00f6nem logosunun yan\u0131 s\u0131ra d\u00f6rtl\u00fc deney de yer al\u0131yor.<\/p>\n<hr \/>\n<p><img loading=\"lazy\" decoding=\"async\" src=\"http:\/\/www.turgutlurotary.org\/images\/huzurevi_ve_duygu.jpg\" alt=\"\" width=\"219\" height=\"163\" border=\"0\" \/> <img loading=\"lazy\" decoding=\"async\" src=\"http:\/\/www.turgutlurotary.org\/images\/HUZUREVI_GECESI1.jpg\" alt=\"\" width=\"218\" height=\"164\" border=\"0\" \/><\/p>\n<p>Her y\u0131l oldu\u011fu gibi bu y\u0131l da huzurevi ziyaretimizi yapt\u0131k ve birlikte g\u00fczel bir gece ge\u00e7irdik.<\/p>\n<hr \/>\n<p><img loading=\"lazy\" decoding=\"async\" src=\"http:\/\/www.turgutlurotary.org\/images\/hasan_uzmez_ana_sinifi.jpg\" alt=\"\" width=\"200\" height=\"150\" border=\"0\" \/><\/p>\n<p>E\u015flerimiz Turgutlu Hasan \u00dczmez Anaokulu s\u0131n\u0131f d\u00fczenlemsini ger\u00e7ekle\u015ftirerek bir projeye daha imza att\u0131.<\/p>\n<hr \/>\n<p><img loading=\"lazy\" decoding=\"async\" src=\"http:\/\/www.turgutlurotary.org\/images\/ata_1.jpg\" alt=\"\" width=\"591\" height=\"406\" border=\"0\" \/><\/p>\n<p>29 EK\u0130M CUMHUR\u0130YET BAYRAMI KUTLU OLSUN..Tebrik kartlar\u0131 bast\u0131r\u0131larak t\u00fcm kul\u00fcplere ve Turgutlu i\u00e7inde da\u011f\u0131t\u0131ld\u0131. Bu bayramda da kart atma al\u0131\u015fkanl\u0131\u011f\u0131 kazand\u0131rmaya y\u00f6nelik bu projemiz b\u00fcy\u00fck be\u011feni kazand\u0131..<\/p>\n<hr \/>\n<p><img loading=\"lazy\" decoding=\"async\" src=\"http:\/\/www.turgutlurotary.org\/images\/744.topl_meslek_odulu.jpg\" alt=\"\" width=\"200\" height=\"150\" border=\"0\" \/> <img loading=\"lazy\" decoding=\"async\" src=\"http:\/\/www.turgutlurotary.org\/images\/744.topl_ogretmenler.jpg\" alt=\"\" width=\"200\" height=\"150\" border=\"0\" \/><\/p>\n<p>\u00d6\u011fretmenler g\u00fcn\u00fcnde ba\u015far\u0131l\u0131 \u00f6\u011fretmenlerimize ve \u00f6\u011fretmen olan e\u015flerimize \u00f6d\u00fcller verildi.<\/p>\n<hr \/>\n<p><img loading=\"lazy\" decoding=\"async\" src=\"http:\/\/www.turgutlurotary.org\/images\/SENER064.jpg\" alt=\"\" width=\"192\" height=\"143\" border=\"0\" \/> <img loading=\"lazy\" decoding=\"async\" src=\"http:\/\/www.turgutlurotary.org\/images\/DABAKOGLU20063.jpg\" alt=\"\" width=\"201\" height=\"148\" border=\"0\" \/><\/p>\n<p>Ocakba\u015f\u0131 toplant\u0131lar\u0131m\u0131z devam ediyor. Rotary de bir aile gelene\u011fi olan Ocakba\u015f\u0131 toplant\u0131lar\u0131m\u0131zda evlerde toplanarak projelerimizi ve kul\u00fcp sorunlar\u0131n\u0131 g\u00f6r\u00fc\u015f\u00fcyoruz.<\/p>\n<hr \/>\n<p><img loading=\"lazy\" decoding=\"async\" src=\"http:\/\/www.turgutlurotary.org\/images\/744.topl_yeni_uye.jpg\" alt=\"\" width=\"200\" height=\"150\" border=\"0\" \/> <img loading=\"lazy\" decoding=\"async\" src=\"http:\/\/www.turgutlurotary.org\/images\/2007PHD_4_NUVIT_BEY.jpg\" alt=\"\" width=\"203\" height=\"151\" border=\"0\" \/><\/p>\n<p>745. toplant\u0131m\u0131zda yeni \u00fcyemiz Kemal E\u015eME ye ba\u015fkan\u0131m\u0131z taraf\u0131nda Rotary rozeti tak\u0131ld\u0131 ve kabul t\u00f6reniz yap\u0131ld\u0131. Bu y\u0131l 4. Paul Harris Dostu da belirlendi. \u00c7ekilen kurada Rtn.N\u00fcvit VARDARLI \u00e7\u0131kt\u0131.Kendisini tebrik ediyoruz.<\/p>\n<p><img loading=\"lazy\" decoding=\"async\" src=\"http:\/\/www.turgutlurotary.org\/images\/dishek_G_KUT_NIHAT112006.jpg\" alt=\"\" width=\"209\" height=\"158\" border=\"0\" \/><\/p>\n<p>Yine 745. toplant\u0131m\u0131zda Di\u015f Hekimleri g\u00fcn\u00fc kutland\u0131 ve tek di\u015f hekimi \u00fcyemiz ve gelecek d\u00f6nem ba\u015fkan\u0131m\u0131z Rtn.Nihat DABAKO\u011eLU&#8217;na bir plaket verildi.<\/p>\n<hr \/>\n<p><img loading=\"lazy\" decoding=\"async\" src=\"http:\/\/www.turgutlurotary.org\/images\/tekerlekli_sandalye.jpg\" alt=\"\" width=\"261\" height=\"175\" border=\"0\" \/><\/p>\n<p>\u00d6z\u00fcrl\u00fc 3 gencimize tekerlekli sandalye ald\u0131k<\/p>\n<hr \/>\n<p><img loading=\"lazy\" decoding=\"async\" src=\"http:\/\/www.turgutlurotary.org\/images\/parsa_gida1.jpg\" alt=\"\" width=\"239\" height=\"177\" border=\"0\" \/> <img loading=\"lazy\" decoding=\"async\" src=\"http:\/\/www.turgutlurotary.org\/images\/toplanti_parsa_gida_003.jpg\" alt=\"\" width=\"236\" height=\"176\" border=\"0\" \/><\/p>\n<p>Parsa G\u0131da \u0130\u015fyeri Gezisi<\/p>\n<hr \/>\n<p><img loading=\"lazy\" decoding=\"async\" src=\"http:\/\/www.turgutlurotary.org\/images\/cepnidere_ye_oks_setleri.JPG\" alt=\"\" width=\"245\" height=\"182\" border=\"0\" \/><\/p>\n<p>Okullara OKS setleri ba\u011f\u0131\u015fland\u0131.<\/p>\n<p><img loading=\"lazy\" decoding=\"async\" src=\"http:\/\/www.turgutlurotary.org\/images\/okuma_yazma_-2007.JPG\" alt=\"\" width=\"274\" height=\"182\" border=\"0\" \/> <img loading=\"lazy\" decoding=\"async\" src=\"http:\/\/www.turgutlurotary.org\/images\/okumayazma07-02.JPG\" alt=\"\" width=\"176\" height=\"266\" border=\"0\" \/><\/p>\n<p>Okuma yazma kurslar\u0131nda ba\u015far\u0131l\u0131 olanlara diplomalar\u0131 verildi.<\/p>\n<hr \/>\n<p><img loading=\"lazy\" decoding=\"async\" src=\"http:\/\/www.turgutlurotary.org\/images\/guvziyareti_001.jpg\" alt=\"\" width=\"282\" height=\"210\" border=\"0\" \/><\/p>\n<p>Guvern\u00f6r\u00fcm\u00fcz Rtn. Fahri Molval\u0131o\u011flu ve e\u015fleri Nihal Han\u0131m\u0131 a\u011f\u0131rlad\u0131k<\/p>\n<hr \/>\n<p><img loading=\"lazy\" decoding=\"async\" src=\"http:\/\/www.turgutlurotary.org\/images\/DR1.GOKHAN1.jpg\" alt=\"\" width=\"287\" height=\"215\" border=\"0\" \/> <img loading=\"lazy\" decoding=\"async\" src=\"http:\/\/www.turgutlurotary.org\/images\/drhasibe7.jpg\" alt=\"\" width=\"289\" height=\"219\" border=\"0\" \/><\/p>\n<p><img loading=\"lazy\" decoding=\"async\" src=\"http:\/\/www.turgutlurotary.org\/images\/drkemal8.jpg\" alt=\"\" width=\"301\" height=\"225\" border=\"0\" \/> <img loading=\"lazy\" decoding=\"async\" src=\"http:\/\/www.turgutlurotary.org\/images\/drnihat6.jpg\" alt=\"\" width=\"301\" height=\"225\" border=\"0\" \/><\/p>\n<p>3 doktor ve 1 di\u015f hekimi arkada\u015f\u0131m\u0131zla Sa\u011fl\u0131k Taramalar\u0131 Yapt\u0131k<\/p>\n<hr \/>\n<p><img loading=\"lazy\" decoding=\"async\" src=\"http:\/\/www.turgutlurotary.org\/images\/aile_semineri-1.JPG\" alt=\"\" width=\"290\" height=\"219\" border=\"0\" \/><\/p>\n<p>Rotary Ailesi Seminerine Kat\u0131ld\u0131k<\/p>\n<hr \/>\n<p><img loading=\"lazy\" decoding=\"async\" src=\"http:\/\/www.turgutlurotary.org\/images\/stand_kermes.JPG\" alt=\"\" width=\"287\" height=\"214\" border=\"0\" \/> <img loading=\"lazy\" decoding=\"async\" src=\"http:\/\/www.turgutlurotary.org\/images\/esler_fazilet_hn_kermes_toplantisi.JPG\" alt=\"\" width=\"289\" height=\"215\" border=\"0\" \/><\/p>\n<p><img loading=\"lazy\" decoding=\"async\" src=\"http:\/\/www.turgutlurotary.org\/images\/kadinlar_gunu_acilis.JPG\" alt=\"\" width=\"290\" height=\"217\" border=\"0\" \/> <img loading=\"lazy\" decoding=\"async\" src=\"http:\/\/www.turgutlurotary.org\/images\/kadinlar_gunu_ucretsiz_goz.JPG\" alt=\"\" width=\"288\" height=\"217\" border=\"0\" \/><\/p>\n<p>E\u015eLER\u0130M\u0130Z HER YIL OLDU\u011eU G\u0130B\u0130 Y\u0130NE KERMES GER\u00c7EKLE\u015eT\u0130RD\u0130LER<\/p>\n<hr \/>\n<p><img loading=\"lazy\" decoding=\"async\" src=\"http:\/\/www.turgutlurotary.org\/images\/ANI_AGAc_PLAKETLERi.JPG\" alt=\"\" width=\"263\" height=\"198\" border=\"0\" \/><\/p>\n<p>B\u00f6lge A\u011fa\u00e7 Dikme Kampanyas\u0131na Kat\u0131ld\u0131k<\/p>\n<hr \/>\n<p>Engelli \u00c7ocuklar\u0131m\u0131z\u0131 Tekerlekli Sandalyeye Kavu\u015fturduk<\/p>\n<p><img loading=\"lazy\" decoding=\"async\" src=\"http:\/\/www.turgutlurotary.org\/images\/engelli_sandalye1.JPG\" alt=\"\" width=\"261\" height=\"195\" border=\"0\" \/> <img loading=\"lazy\" decoding=\"async\" src=\"http:\/\/www.turgutlurotary.org\/images\/engelli_sandalye3.JPG\" alt=\"\" width=\"263\" height=\"195\" border=\"0\" \/><\/p>\n<hr \/>\n<p><img loading=\"lazy\" decoding=\"async\" src=\"http:\/\/www.turgutlurotary.org\/images\/okul_kitaplari.JPG\" alt=\"\" width=\"262\" height=\"194\" border=\"0\" \/><\/p>\n<p><img loading=\"lazy\" decoding=\"async\" src=\"http:\/\/www.turgutlurotary.org\/images\/gulfer_koliler.JPG\" alt=\"\" width=\"281\" height=\"209\" border=\"0\" \/> <img loading=\"lazy\" decoding=\"async\" src=\"http:\/\/www.turgutlurotary.org\/images\/erzurum_koliler.JPG\" alt=\"\" width=\"279\" height=\"208\" border=\"0\" \/><\/p>\n<p>\u00c7ok uzaktaki okullar\u0131m\u0131za kitap yard\u0131m\u0131 yapt\u0131k. \u0130\u015fte Erzuruma giden kolilerimiz ve kitaplar. \u0130\u00e7inde OKS setleri de vard\u0131.<\/p>\n<hr \/>\n<p>\u0130\u015eTE DEV\u0130R ZAMANI . 106\u00a0 PROJEY\u0130 GER\u00c7EKLE\u015eT\u0130RMEK YORDU B\u0130Z\u0130.<\/p>\n<p>YEN\u0130 D\u00d6NEME ,YEN\u0130 BA\u015eKANIMIZLA,YEPYEN\u0130 PROJELERE<\/p>\n<p><img loading=\"lazy\" decoding=\"async\" src=\"http:\/\/www.turgutlurotary.org\/images\/kusadasi_001.jpg\" alt=\"\" width=\"286\" height=\"214\" border=\"0\" \/><\/p>\n<p><img loading=\"lazy\" decoding=\"async\" src=\"http:\/\/www.turgutlurotary.org\/images\/kusadasi%20047.jpg\" alt=\"\" width=\"303\" height=\"230\" border=\"0\" \/><\/p>\n<p><img loading=\"lazy\" decoding=\"async\" src=\"http:\/\/www.turgutlurotary.org\/images\/starlar.jpg\" alt=\"\" width=\"317\" height=\"239\" border=\"0\" \/><\/p>\n<p>VE D\u00d6NEM\u0130N STARLARI B\u0130RARADA<\/p>\n<p><img loading=\"lazy\" decoding=\"async\" src=\"http:\/\/www.turgutlurotary.org\/images\/2006-07_Theme.jpg\" alt=\"\" width=\"139\" height=\"117\" border=\"0\" \/><\/p>\n<p><strong><span style=\"color: #00ffff; font-size: medium;\">&#8220;\u00d6NDER OLUNUZ&#8221;<\/span> <\/strong><\/p>\n","protected":false},"excerpt":{"rendered":"<p>&#8220;\u00d6NDER OLUNUZ&#8221; 2006-2007 D\u00d6NEM BA\u015eKANIMIZ Rtn. BEDR\u0130 G\u0130R\u0130T VE E\u015e\u0130 G\u00dcLFER G\u0130R\u0130T 2440.D\u00d6NEM B\u00d6LGE GUVERN\u00d6R\u00dc RTN.FAHR\u0130 MOLVALIO\u011eLU \u0130lk Toplant\u0131m\u0131zda Ba\u015fkan\u0131m\u0131z bas\u0131n mensuplar\u0131n\u0131 a\u011f\u0131rlad\u0131 ve onlara d\u00f6nem projelerini aktard\u0131. Y\u00f6netim Kurulumuz \u0130l\u00e7emizin Y\u00f6neticilerini Ziyaret ettiler ve ortak projeler i\u00e7in fikir ald\u0131lar. D\u00f6nem Y\u00f6netim Kurulumuz Her ay toplanarak proje ve faaliyet kararlar\u0131 al\u0131yor. Manisa Milletvekilimiz Sn.Hasan \u00d6REN&#8217;i [&hellip;]<\/p>\n","protected":false},"author":8,"featured_media":0,"parent":41,"menu_order":94,"comment_status":"closed","ping_status":"closed","template":"","meta":{"footnotes":""},"class_list":["post-59","page","type-page","status-publish","hentry"],"_links":{"self":[{"href":"https:\/\/www.turgutlurotary.org\/yeni\/wp-json\/wp\/v2\/pages\/59","targetHints":{"allow":["GET"]}}],"collection":[{"href":"https:\/\/www.turgutlurotary.org\/yeni\/wp-json\/wp\/v2\/pages"}],"about":[{"href":"https:\/\/www.turgutlurotary.org\/yeni\/wp-json\/wp\/v2\/types\/page"}],"author":[{"embeddable":true,"href":"https:\/\/www.turgutlurotary.org\/yeni\/wp-json\/wp\/v2\/users\/8"}],"replies":[{"embeddable":true,"href":"https:\/\/www.turgutlurotary.org\/yeni\/wp-json\/wp\/v2\/comments?post=59"}],"version-history":[{"count":5,"href":"https:\/\/www.turgutlurotary.org\/yeni\/wp-json\/wp\/v2\/pages\/59\/revisions"}],"predecessor-version":[{"id":721,"href":"https:\/\/www.turgutlurotary.org\/yeni\/wp-json\/wp\/v2\/pages\/59\/revisions\/721"}],"up":[{"embeddable":true,"href":"https:\/\/www.turgutlurotary.org\/yeni\/wp-json\/wp\/v2\/pages\/41"}],"wp:attachment":[{"href":"https:\/\/www.turgutlurotary.org\/yeni\/wp-json\/wp\/v2\/media?parent=59"}],"curies":[{"name":"wp","href":"https:\/\/api.w.org\/{rel}","templated":true}]}}