{"id":56,"date":"2011-03-02T09:57:21","date_gmt":"2011-03-02T09:57:21","guid":{"rendered":"http:\/\/www.kalfaoglu.net\/rotary\/?page_id=56"},"modified":"2019-07-12T10:42:40","modified_gmt":"2019-07-12T10:42:40","slug":"2005-2006-donemi","status":"publish","type":"page","link":"https:\/\/www.turgutlurotary.org\/yeni\/projelerimiz\/2005-2006-donemi\/","title":{"rendered":"2005-2006 D\u00f6nemi"},"content":{"rendered":"<p><strong><span style=\"color: #ff0000; font-size: medium;\">2005-2006 D\u00d6NEM SLOGANIMIZ <\/span><\/strong><\/p>\n<p><strong><span style=\"color: #ff0000; font-size: medium;\">&#8220;KEND\u0130NDEN \u00d6NCE H\u0130ZMET&#8221;<\/span><\/strong><\/p>\n<p><strong> <span style=\"color: #ff0000;\"><img loading=\"lazy\" decoding=\"async\" src=\"http:\/\/www.turgutlurotary.org\/images\/2005c_en.gif\" alt=\"\" width=\"210\" height=\"97\" border=\"0\" \/><\/span> <\/strong><\/p>\n<p><strong><span style=\"color: #800000; font-size: medium;\">2005-2006 D\u00d6NEM BA\u015eKANIMIZ <\/span><\/strong><\/p>\n<p><img loading=\"lazy\" decoding=\"async\" src=\"http:\/\/www.turgutlurotary.org\/images\/devir_teslim_2005_034.jpg\" alt=\"\" width=\"320\" height=\"240\" border=\"0\" \/><\/p>\n<p><strong><span style=\"color: #000080;\">Rtn. CENG\u0130Z \u015eENER ve HAYAL \u015eENER <\/span><\/strong><\/p>\n<p><strong><span style=\"color: #000080;\">2440.D\u00d6NEM B\u00d6LGE GUVERN\u00d6R\u00dc RTN.FA\u0130K TOKATLIO\u011eLU<\/span><\/strong><\/p>\n<p><img loading=\"lazy\" decoding=\"async\" src=\"http:\/\/www.turgutlurotary.org\/images\/devir%20teslim%202005%20024.jpg\" alt=\"\" width=\"309\" height=\"230\" border=\"0\" \/><\/p>\n<p>25 Haziran da yap\u0131lan Devir Teslim T\u00f6reninde Ge\u00e7mi\u015f d\u00f6nem ba\u015fkan\u0131m\u0131z Rtn.Arif ve \u015e\u00fckran D\u00dcNDAR ile birlikte<\/p>\n<p><img loading=\"lazy\" decoding=\"async\" src=\"http:\/\/www.turgutlurotary.org\/images\/676.baskan.jpg\" alt=\"\" width=\"307\" height=\"228\" border=\"0\" \/><\/p>\n<p>\u0130lk toplant\u0131m\u0131zda ba\u015fkan\u0131m\u0131z hedeflerini bizlerle payla\u015farak , proje yapmakta \u0131srarc\u0131 oldu\u011funu belirtti ve t\u00fcm \u00fcyelerden destek istedi.<\/p>\n<p><img loading=\"lazy\" decoding=\"async\" src=\"http:\/\/www.turgutlurotary.org\/images\/2006_uyeler.jpg\" alt=\"\" width=\"306\" height=\"229\" border=\"0\" \/><\/p>\n<p>2005-2006 D\u00f6nemi Y\u00f6netim Kurulu ve kul\u00fcp \u00fcyelerimiz , bas\u0131n toplant\u0131s\u0131nda.Ba\u015fkan\u0131m\u0131z toplant\u0131da bas\u0131n mensuplar\u0131na d\u00f6nem projelerini anlatt\u0131 ve 7.000 adet a\u015f\u0131 kart\u0131 bas\u0131ld\u0131\u011f\u0131n\u0131 belirtti.<\/p>\n<hr \/>\n<p><img loading=\"lazy\" decoding=\"async\" src=\"http:\/\/www.turgutlurotary.org\/images\/685.topl2.jpg\" alt=\"\" width=\"160\" height=\"120\" border=\"0\" \/> <img loading=\"lazy\" decoding=\"async\" src=\"http:\/\/www.turgutlurotary.org\/images\/685.topl.jpg\" alt=\"\" width=\"160\" height=\"120\" border=\"0\" \/><\/p>\n<p>B\u00f6lge projemiz olan <strong><span style=\"color: #ff0000;\">EGE \u00dcN\u0130VERS\u0130TES\u0130 ENGELL\u0130LER REHAB\u0130L\u0130TASYON MERKEZ\u0130<\/span><\/strong> in\u015faat\u0131na ba\u011f\u0131\u015flanan 30.000 adet tu\u011fla i\u00e7in bizlere destek veren <span style=\"color: #00ffff;\">Turgutlu Tu\u011fla ve Kiremit Sanayicileri Derne\u011fi<\/span> Y\u00f6netim Kurulu&#8217;nu toplant\u0131m\u0131zda a\u011f\u0131rlad\u0131k ve kendilerine bayra\u011f\u0131m\u0131z\u0131 sunarak te\u015fekk\u00fcr ettik.<\/p>\n<hr \/>\n<p><img loading=\"lazy\" decoding=\"async\" src=\"http:\/\/www.turgutlurotary.org\/images\/esler_okul1.jpg\" alt=\"\" width=\"201\" height=\"154\" border=\"0\" \/> <img loading=\"lazy\" decoding=\"async\" src=\"http:\/\/www.turgutlurotary.org\/images\/esler_okul3.jpg\" alt=\"\" width=\"206\" height=\"154\" border=\"0\" \/><\/p>\n<p>E\u015flerimiz Turgutlu Kamil Semizler \u0130lk\u00f6\u011fretim Okulu&#8217;nu ziyaret ettiler ve okula yeni ba\u015flayan 75 \u00f6\u011frenciye k\u0131rtasiye ve yiyecek yard\u0131m\u0131nda bulundular. Okul k\u00fct\u00fcphanesinin olmad\u0131\u011f\u0131n\u0131 g\u00f6ren e\u015flerimiz , okul i\u00e7in bir k\u00fct\u00fcphane kampanyas\u0131 ba\u015flatt\u0131. <span style=\"color: #ff0000;\"><strong>L\u00dcTFEN OKUNMAYAN \u00c7OCUK K\u0130TAPLARINIZI B\u0130ZLERE ULA\u015eTIRINIZ..!!! <\/strong><\/span><\/p>\n<hr \/>\n<p><span style=\"color: #ff0000;\"><strong> Turgutlu 82. Y\u0131l Devlet Hastanesi \u00c7\u0130\u011eDEM L\u0130GVAN\u0130 AC\u0130L SERV\u0130S\u0130 <\/strong><\/span><\/p>\n<p><span style=\"color: #ff0000;\"><strong>A\u00c7ILI\u015e T\u00d6REN\u0130<\/strong><\/span><\/p>\n<p><img loading=\"lazy\" decoding=\"async\" src=\"http:\/\/www.turgutlurotary.org\/images\/acil3.jpg\" alt=\"\" width=\"202\" height=\"148\" border=\"0\" \/> <img loading=\"lazy\" decoding=\"async\" src=\"http:\/\/www.turgutlurotary.org\/images\/acil9.jpg\" alt=\"\" width=\"198\" height=\"147\" border=\"0\" \/><\/p>\n<p>TURGUTLU 82.YIL DEVLET HASTANES\u0130 AC\u0130L SERV\u0130S\u0130&#8217;ni Ge\u00e7mi\u015f D\u00f6nem Ba\u015fkan\u0131m\u0131z Rtn.Feramerz Ligvani&#8217;nin e\u015fi \u00e7ok\u00a0 sevgili <span style=\"color: #ff0000;\"><strong>\u00c7\u0130\u011eDEM L\u0130GVAN\u0130<\/strong><\/span> ad\u0131na yeniledik. Ve a\u00e7\u0131l\u0131\u015f\u0131n\u0131 ger\u00e7ekle\u015ftirdik.Proje toplam maliyeti 35.000 YTL dir.<\/p>\n<p><img loading=\"lazy\" decoding=\"async\" src=\"http:\/\/www.turgutlurotary.org\/images\/acil8.jpg\" alt=\"\" width=\"210\" height=\"159\" border=\"0\" \/> <img loading=\"lazy\" decoding=\"async\" src=\"http:\/\/www.turgutlurotary.org\/images\/acil7.jpg\" alt=\"\" width=\"215\" height=\"161\" border=\"0\" \/><\/p>\n<p>A\u00e7\u0131l\u0131\u015ftan sonra kul\u00fcb\u00fcm\u00fcz ad\u0131na te\u015fekk\u00fcr plaketimizi Meclis Ba\u015fkan\u0131m\u0131z ve Manisa Milletvekilimiz Sn.B\u00fclent ARIN\u00c7&#8217;\u0131n elinden kul\u00fcp ba\u015fkan\u0131m\u0131z Rtn.Cengiz \u015eENER ald\u0131. 2440. B\u00f6lge Guvern\u00f6r\u00fcm\u00fcz Rtn.Faik TOKATLIO\u011eLU ve e\u015fi sevgili \u0130nci de bizleri yaln\u0131z b\u0131rakmad\u0131.<\/p>\n<p><img loading=\"lazy\" decoding=\"async\" src=\"http:\/\/www.turgutlurotary.org\/images\/acil2.jpg\" alt=\"\" width=\"227\" height=\"172\" border=\"0\" \/> <img loading=\"lazy\" decoding=\"async\" src=\"http:\/\/www.turgutlurotary.org\/images\/acil10.jpg\" alt=\"\" width=\"225\" height=\"171\" border=\"0\" \/><\/p>\n<p><img loading=\"lazy\" decoding=\"async\" src=\"http:\/\/www.turgutlurotary.org\/images\/2005-01.jpg\" alt=\"\" width=\"235\" height=\"250\" border=\"0\" \/><\/p>\n<p>Kul\u00fcb\u00fcm\u00fcz\u00fcn mele\u011fi sevgili <span style=\"color: #ff0000;\"><strong>\u00c7\u0130\u011eDEM L\u0130GVAN\u0130 <\/strong><\/span>art\u0131k hastalara \u015fifa da\u011f\u0131tacak. Seni \u00e7ok \u00f6zl\u00fcyoruz \u00c7i\u011fdem abla. Nur i\u00e7inde yat..!<\/p>\n<hr \/>\n<p><img loading=\"lazy\" decoding=\"async\" src=\"http:\/\/www.turgutlurotary.org\/images\/agac_dikme4.jpg\" alt=\"\" width=\"227\" height=\"168\" border=\"0\" \/> <img loading=\"lazy\" decoding=\"async\" src=\"http:\/\/www.turgutlurotary.org\/images\/agac_dikme3.jpg\" alt=\"\" width=\"218\" height=\"166\" border=\"0\" \/><\/p>\n<p>Bornova R.K. Rote\u015fleri\u00a0 ile e\u015flerimizin ortak projesi Turgutlu Ana Okulu Bah\u00e7esine a\u011fa\u00e7 dikme kampanyam\u0131z<\/p>\n<hr \/>\n<p><img loading=\"lazy\" decoding=\"async\" src=\"http:\/\/www.turgutlurotary.org\/images\/702.topl_meslk2.jpg\" alt=\"\" width=\"200\" height=\"150\" border=\"0\" \/><\/p>\n<p>\u0130l\u00e7emizde kalayc\u0131l\u0131k mesle\u011fini hala y\u00fcr\u00fcten Sn. Ferit Canl\u0131g\u00fcl&#8217;e <strong><span style=\"color: #ff0000;\">meslek hizmet \u00f6d\u00fcl\u00fc<\/span><\/strong> verdik<\/p>\n<hr \/>\n<p><img loading=\"lazy\" decoding=\"async\" src=\"http:\/\/www.turgutlurotary.org\/images\/huzurevi_1.jpg\" alt=\"\" width=\"214\" height=\"163\" border=\"0\" \/><\/p>\n<p>Ya\u015fl\u0131lar Haftas\u0131nda Huzurevi sakinlerini yanl\u0131z b\u0131rakmad\u0131k.<\/p>\n<hr \/>\n<p><img loading=\"lazy\" decoding=\"async\" src=\"http:\/\/www.turgutlurotary.org\/images\/ogretmenler_yemek_010.jpg\" alt=\"\" width=\"181\" height=\"133\" border=\"0\" \/> <img loading=\"lazy\" decoding=\"async\" src=\"http:\/\/www.turgutlurotary.org\/images\/okumayazma2.jpg\" alt=\"\" width=\"181\" height=\"135\" border=\"0\" \/><\/p>\n<p>Okuma yazma kurslar\u0131m\u0131za destek veren \u00f6\u011fretmenlerimize bir yemek ve te\u015fekk\u00fcr belgesi verdik.Bu y\u0131l 950 ki\u015fiye okuma yazma \u00f6\u011frettik.<\/p>\n<hr \/>\n<p><img loading=\"lazy\" decoding=\"async\" src=\"http:\/\/www.turgutlurotary.org\/images\/kermes_02.jpg\" alt=\"\" width=\"160\" height=\"120\" border=\"0\" \/> <img loading=\"lazy\" decoding=\"async\" src=\"http:\/\/www.turgutlurotary.org\/images\/kermes_10.jpg\" alt=\"\" width=\"160\" height=\"120\" border=\"0\" \/><\/p>\n<p>E\u015flerimiz yine her y\u0131l oldu\u011fu gibi kermes d\u00fczenledi.<\/p>\n<hr \/>\n<p><img loading=\"lazy\" decoding=\"async\" src=\"http:\/\/www.turgutlurotary.org\/images\/rio_voleybol.jpg\" alt=\"\" width=\"172\" height=\"117\" border=\"0\" \/> <img loading=\"lazy\" decoding=\"async\" src=\"http:\/\/www.turgutlurotary.org\/images\/rio_voleybol_3.jpg\" alt=\"\" width=\"177\" height=\"118\" border=\"0\" \/><\/p>\n<p><span style=\"color: #ff0000;\"><strong>Rotary \u0130k\u00f6\u011fretim Okulu<\/strong><\/span> K\u0131z Voleybol Tak\u0131m\u0131n\u0131n ba\u015far\u0131lar\u0131n\u0131 birlikte payla\u015ft\u0131k.<\/p>\n<hr \/>\n<p><img loading=\"lazy\" decoding=\"async\" src=\"http:\/\/www.turgutlurotary.org\/images\/tarama_02.jpg\" alt=\"\" width=\"171\" height=\"112\" border=\"0\" \/> <img loading=\"lazy\" decoding=\"async\" src=\"http:\/\/www.turgutlurotary.org\/images\/tarama_04.jpg\" alt=\"\" width=\"174\" height=\"112\" border=\"0\" \/><\/p>\n<p>K\u00f6y \u0130lkokullar\u0131nda sa\u011fl\u0131k taramalar\u0131 yapt\u0131k.<\/p>\n<hr \/>\n<p><img loading=\"lazy\" decoding=\"async\" src=\"http:\/\/www.turgutlurotary.org\/images\/rotary_gkurul2006_001.jpg\" alt=\"\" width=\"244\" height=\"181\" border=\"0\" \/><\/p>\n<p>Genel kurulumuzda gelecek d\u00f6nem ba\u015fkan\u0131m\u0131z\u0131 se\u00e7tik.<\/p>\n<hr \/>\n<p><img loading=\"lazy\" decoding=\"async\" src=\"http:\/\/www.turgutlurotary.org\/images\/702.topl_yuye2.jpg\" alt=\"\" width=\"222\" height=\"167\" border=\"0\" \/><\/p>\n<p>(Yeni \u00fcyemiz Rtn.\u00dcmit DEVRAN)<\/p>\n<hr \/>\n<p><img loading=\"lazy\" decoding=\"async\" src=\"http:\/\/www.turgutlurotary.org\/images\/yuye_4.jpg\" alt=\"\" width=\"242\" height=\"181\" border=\"0\" \/><\/p>\n<p>Yeni \u00dcyelerimiz Co\u015fkun ERSOY ve Merih \u0130NAN\u00c7<\/p>\n<p>3 yeni \u00fcye alarak +2 net b\u00fcy\u00fcme sa\u011flad\u0131k.<\/p>\n<hr \/>\n<p><img loading=\"lazy\" decoding=\"async\" src=\"http:\/\/www.turgutlurotary.org\/images\/cesme_1.jpg\" alt=\"\" width=\"278\" height=\"207\" border=\"0\" \/><\/p>\n<p>Su projesine bir katk\u0131 daha. 7Eyl\u00fcl \u0130.\u00d6. Okulu&#8217;na \u00e7e\u015fme yap\u0131m\u0131<\/p>\n<p><strong> <span style=\"color: #ff0000;\"><img loading=\"lazy\" decoding=\"async\" src=\"http:\/\/www.turgutlurotary.org\/images\/2005c_en.gif\" alt=\"\" width=\"171\" height=\"83\" border=\"0\" \/><\/span> <\/strong><\/p>\n<p><strong><span style=\"color: #00ffff; font-size: medium;\"><span style=\"font-family: Tahoma;\">KEND\u0130NDEN \u00d6NCE H\u0130ZMET<\/span> <\/span><\/strong><\/p>\n","protected":false},"excerpt":{"rendered":"<p>2005-2006 D\u00d6NEM SLOGANIMIZ &#8220;KEND\u0130NDEN \u00d6NCE H\u0130ZMET&#8221; 2005-2006 D\u00d6NEM BA\u015eKANIMIZ Rtn. CENG\u0130Z \u015eENER ve HAYAL \u015eENER 2440.D\u00d6NEM B\u00d6LGE GUVERN\u00d6R\u00dc RTN.FA\u0130K TOKATLIO\u011eLU 25 Haziran da yap\u0131lan Devir Teslim T\u00f6reninde Ge\u00e7mi\u015f d\u00f6nem ba\u015fkan\u0131m\u0131z Rtn.Arif ve \u015e\u00fckran D\u00dcNDAR ile birlikte \u0130lk toplant\u0131m\u0131zda ba\u015fkan\u0131m\u0131z hedeflerini bizlerle payla\u015farak , proje yapmakta \u0131srarc\u0131 oldu\u011funu belirtti ve t\u00fcm \u00fcyelerden destek istedi. 2005-2006 D\u00f6nemi [&hellip;]<\/p>\n","protected":false},"author":8,"featured_media":0,"parent":41,"menu_order":95,"comment_status":"closed","ping_status":"closed","template":"","meta":{"footnotes":""},"class_list":["post-56","page","type-page","status-publish","hentry"],"_links":{"self":[{"href":"https:\/\/www.turgutlurotary.org\/yeni\/wp-json\/wp\/v2\/pages\/56","targetHints":{"allow":["GET"]}}],"collection":[{"href":"https:\/\/www.turgutlurotary.org\/yeni\/wp-json\/wp\/v2\/pages"}],"about":[{"href":"https:\/\/www.turgutlurotary.org\/yeni\/wp-json\/wp\/v2\/types\/page"}],"author":[{"embeddable":true,"href":"https:\/\/www.turgutlurotary.org\/yeni\/wp-json\/wp\/v2\/users\/8"}],"replies":[{"embeddable":true,"href":"https:\/\/www.turgutlurotary.org\/yeni\/wp-json\/wp\/v2\/comments?post=56"}],"version-history":[{"count":6,"href":"https:\/\/www.turgutlurotary.org\/yeni\/wp-json\/wp\/v2\/pages\/56\/revisions"}],"predecessor-version":[{"id":720,"href":"https:\/\/www.turgutlurotary.org\/yeni\/wp-json\/wp\/v2\/pages\/56\/revisions\/720"}],"up":[{"embeddable":true,"href":"https:\/\/www.turgutlurotary.org\/yeni\/wp-json\/wp\/v2\/pages\/41"}],"wp:attachment":[{"href":"https:\/\/www.turgutlurotary.org\/yeni\/wp-json\/wp\/v2\/media?parent=56"}],"curies":[{"name":"wp","href":"https:\/\/api.w.org\/{rel}","templated":true}]}}