{"id":52,"date":"2011-03-02T09:56:24","date_gmt":"2011-03-02T09:56:24","guid":{"rendered":"http:\/\/www.kalfaoglu.net\/rotary\/?page_id=52"},"modified":"2019-07-12T10:39:20","modified_gmt":"2019-07-12T10:39:20","slug":"2003-2004-donemi","status":"publish","type":"page","link":"https:\/\/www.turgutlurotary.org\/yeni\/projelerimiz\/2003-2004-donemi\/","title":{"rendered":"2003-2004 D\u00f6nemi"},"content":{"rendered":"<p><strong><span style=\"text-decoration: underline;\"><span style=\"font-family: Tahoma; font-size: x-small;\">BU YIL D\u00d6NEM TEMAMIZ: <span style=\"color: #000080;\">UZAT EL\u0130N\u0130<\/span><\/span><\/span><\/strong><\/p>\n<p><span style=\"font-size: x-small;\"><img loading=\"lazy\" decoding=\"async\" src=\"http:\/\/www.turgutlurotary.org\/images\/2003-04_logo_kucuk.gif\" alt=\"\" width=\"109\" height=\"128\" border=\"0\" \/><\/span><\/p>\n<p><span style=\"color: #000080;\"><strong><span style=\"font-family: 'MS Sans Serif'; font-size: x-small;\">B\u0130ZLER BU YIL DA B\u0130ZLERE \u0130HT\u0130YA\u00c7 DUYAN HERKESE EL\u0130M\u0130Z\u0130 UZATACA\u011eIZ<\/span><\/strong><\/span><\/p>\n<p><span style=\"color: #000080;\"><strong><span style=\"font-family: 'MS Sans Serif'; font-size: x-small;\">TURGUTLU&#8217;NUN SORUNLARI B\u0130Z\u0130M SORUNLARIMIZDIR.<\/span><\/strong><\/span><\/p>\n<p><span style=\"color: #000080;\"><strong><span style=\"font-family: 'MS Sans Serif'; font-size: x-small;\">2440. B\u00d6LGE D\u00d6NEM GUVERN\u00d6R\u00dcM\u00dcZ RTN. TUNCER TOKOL&#8230;<\/span><\/strong><\/span><\/p>\n<p><span style=\"font-size: x-small;\">2003-04 Rotary D\u00f6nemi Y\u00f6netim Kurulu \u00dcyeleri Haziran ay\u0131nda \u00c7ak\u0131ra\u011fa Kona\u011f\u0131nda yap\u0131lan teslim t\u00f6reninden sonra yorgunluk at\u0131yor.<\/span><\/p>\n<p><span style=\"font-size: x-small;\"><img loading=\"lazy\" decoding=\"async\" src=\"http:\/\/www.turgutlurotary.org\/images\/devir%20teslim%20turgutlu%2006-2003.jpg\" alt=\"\" width=\"303\" height=\"228\" border=\"0\" \/><\/span><\/p>\n<p><span style=\"font-size: x-small;\">Kul\u00fcb\u00fcm\u00fcz ilk faaliyetini bu y\u0131lki g\u00f6revlilerin tan\u0131t\u0131ld\u0131\u011f\u0131 bas\u0131n toplant\u0131s\u0131nda yerel gazetecilere bir brifing vererek yapt\u0131.<\/span><\/p>\n<p><span style=\"font-size: x-small;\"><img loading=\"lazy\" decoding=\"async\" src=\"http:\/\/www.turgutlurotary.org\/images\/2004%20basin%20topl%20toplu.jpg\" alt=\"\" width=\"333\" height=\"204\" border=\"0\" \/><\/span><\/p>\n<p><span style=\"font-size: x-small;\">\u0130lk konu\u015fmac\u0131m\u0131z Turgutlu SSK Hastanesi \u00dcroloji Uzman\u0131 Op.Dr.Hakan DURAN idi ve bizleri b\u00f6brek hastal\u0131klar\u0131 konusunda bilgilendirdi.<\/span><\/p>\n<p><span style=\"font-size: x-small;\"><img loading=\"lazy\" decoding=\"async\" src=\"http:\/\/www.turgutlurotary.org\/images\/2004%20574.%20topl%20tes%20blg..jpg\" alt=\"\" width=\"298\" height=\"223\" border=\"0\" \/><\/span><\/p>\n<p><span style=\"font-size: x-small;\">Sanayici ve Rotaryen \u0130smet YORGANCILAR bizleri \u00e7ok eskilere g\u00f6t\u00fcrd\u00fc. <\/span><\/p>\n<p><span style=\"font-size: x-small;\"><img loading=\"lazy\" decoding=\"async\" src=\"http:\/\/www.turgutlurotary.org\/images\/574.%20topl%20ismet%20yorgancilar.jpg\" alt=\"\" width=\"309\" height=\"233\" border=\"0\" \/><\/span><\/p>\n<p><span style=\"font-size: x-small;\">Gelecek D\u00f6nem Ba\u015fkan\u0131m\u0131z Rtn.Arif D\u00dcNDAR Rotary ilkelerinden bahsetti. Paul Harris Dostlu\u011fu i\u00e7in \u00e7ekilen kurada Rtn.Arif D\u00fcndar ve Rtn. H\u0131fz\u0131 \u00c7\u0131k\u0131kc\u0131 kul\u00fcb\u00fcm\u00fcz\u00fcn ilk PAUL HARRIS DOSTLARI oldular.<\/span><\/p>\n<p><span style=\"font-size: x-small;\"><img loading=\"lazy\" decoding=\"async\" src=\"http:\/\/www.turgutlurotary.org\/images\/574.%20topl%20arif%20dundar.jpg\" alt=\"\" width=\"303\" height=\"229\" border=\"0\" \/> <\/span><\/p>\n<hr \/>\n<p><span style=\"font-size: x-small;\"> 14 A\u011fustostaki 578. toplant\u0131m\u0131zda CP P\u0130L\u0130\u00c7 Kesimhane Tesislerinde i\u015f yeri gezisi yapt\u0131k.Feri bey yine mangal basindaydi.CP yem Genel Md. Rtn.Bedri Girit haz\u0131rlad\u0131\u011f\u0131 sunum ile bizlere tavuk\u00e7uluk , yem ve yumurta sanayinin \u00fclkemizde ve d\u00fcnyadaki yerini aktard\u0131.<\/span><\/p>\n<p><span style=\"font-size: x-small;\"><img loading=\"lazy\" decoding=\"async\" src=\"http:\/\/www.turgutlurotary.org\/images\/578._topl_cp_feri.jpg\" alt=\"\" width=\"308\" height=\"232\" border=\"0\" \/> <\/span><\/p>\n<p><span style=\"font-size: x-small;\"><img loading=\"lazy\" decoding=\"async\" src=\"http:\/\/www.turgutlurotary.org\/images\/578._topl_cp_bedri.jpg\" alt=\"\" width=\"306\" height=\"232\" border=\"0\" \/> <\/span><\/p>\n<hr \/>\n<p><strong><span style=\"font-family: Arial; font-size: x-small;\">MESLEK H\u0130ZMET \u00d6D\u00dcL\u00dc<\/span> <\/strong><\/p>\n<p><span style=\"font-size: x-small;\">Bloksan Tu\u011fla , Seramiksan Seramik , Tema Makine Firmalar\u0131n\u0131n sahibi olan Sn. Demird\u00f6ver , Tema A.\u015e. de yapt\u0131\u011f\u0131 Ta\u015f Ay\u0131r\u0131c\u0131 Vals ile Tu\u011fla ve Seramik Sanayiinde \u0130\u015f kazalar\u0131n\u0131n \u00f6nlenmesi ve malzemeden kazan\u00e7lar\u0131n ve kalitenin artmas\u0131 konusunda \u00f6nemli katk\u0131lar sa\u011flam\u0131\u015ft\u0131r. Kendisine Turgutlu ad\u0131na te\u015fekk\u00fcr ediyor, ba\u015far\u0131lar\u0131n\u0131n devam\u0131n\u0131 diliyoruz.<\/span><\/p>\n<p><span style=\"font-size: x-small;\"><img loading=\"lazy\" decoding=\"async\" src=\"http:\/\/www.turgutlurotary.org\/images\/alihsan_581.topl.jpg\" alt=\"\" width=\"304\" height=\"228\" border=\"0\" \/> <\/span><\/p>\n<hr \/>\n<p><span style=\"font-size: x-small;\">581. Toplant\u0131m\u0131zda Rtn. Say\u0131l Din\u00e7soy Giri\u015fimcilik Konusunda Konu\u015fmac\u0131m\u0131zd\u0131<\/span><\/p>\n<p><span style=\"font-size: x-small;\"><img loading=\"lazy\" decoding=\"async\" src=\"http:\/\/www.turgutlurotary.org\/images\/581.topl_odul.jpg\" alt=\"\" width=\"312\" height=\"232\" border=\"0\" \/> <\/span><\/p>\n<hr \/>\n<p>2003-04 D\u00f6nemi 2440.B\u00f6lge Federasyon Ba\u015fkan\u0131m\u0131z Rtn. Tuncer TOKOl ve E\u015fi Aysen Han\u0131m Kul\u00fcb\u00fcm\u00fcz\u00fc ziyaret etti. Kul\u00fcp asamblemizin de yap\u0131ld\u0131\u011f\u0131 toplant\u0131m\u0131zdan sonra hep birlikte okulumuzu da ziyaret ettik.<\/p>\n<p><img loading=\"lazy\" decoding=\"async\" src=\"http:\/\/www.turgutlurotary.org\/images\/2004toplu.jpg\" alt=\"\" width=\"339\" height=\"254\" border=\"0\" \/><\/p>\n<p><img loading=\"lazy\" decoding=\"async\" src=\"http:\/\/www.turgutlurotary.org\/images\/2004%20guv.jpg\" alt=\"\" width=\"343\" height=\"256\" border=\"0\" \/><\/p>\n<hr \/>\n<p><strong><span style=\"color: #ffffff; font-family: Tahoma;\">TOPLU S\u00dcNNET VE N\u0130KAH \u015e\u00d6LEN\u0130M\u0130Z<\/span> <\/strong><\/p>\n<p><strong><span style=\"color: #ffffff;\"><span style=\"font-family: Tahoma;\">Halil KALE FEN L\u0130SES\u0130 bah\u00e7esinde organize edilen \u015e\u00d6LEN\u0130M\u0130Z ba\u015fkan\u0131m\u0131z Rtn.Dr. Kemal NAS\u2019\u0131n a\u00e7\u0131l\u0131\u015f slogan\u0131 olan topluma ve insanl\u0131\u011fa UZAT EL\u0130N\u0130 \u00f6zdeyi\u015fi ile ba\u015flat\u0131ld\u0131. Ba\u015fkan\u0131m\u0131z gelen t\u00fcm konuklara te\u015fekk\u00fcr ettikten sonra ROTARY\u2019yi tan\u0131tan a\u00e7\u0131klamalar yapt\u0131 ve t\u00f6rene maddi manevi destek veren t\u00fcm de\u011ferli hay\u0131rseverlere , dernek y\u00f6neticilerine te\u015fekk\u00fcr etti. Geni\u015f kat\u0131l\u0131m\u0131n kendilerini mutlu etti\u011fini belirten ba\u015fkan , Rotary\u2019nin bu projeyle bir kez daha kendini kan\u0131tlad\u0131\u011f\u0131n\u0131 s\u00f6yledi. Toplumun t\u00fcm kesiminden katk\u0131 ald\u0131klar\u0131n\u0131 da anlatan ba\u015fkan\u0131m\u0131z bu projenin bu nedenle \u00e7ok daha de\u011ferli oldu\u011funu hat\u0131rlatt\u0131. <\/span><\/span><\/strong><\/p>\n<p><img loading=\"lazy\" decoding=\"async\" src=\"http:\/\/www.turgutlurotary.org\/images\/a.jpg\" alt=\"\" width=\"334\" height=\"252\" border=\"0\" \/><\/p>\n<p><strong> <span style=\"color: #ffffff; font-family: Tahoma;\">Daha sonra Kaymakam\u0131m\u0131z Sn.Macunluo\u011flu bir konu\u015fma yapt\u0131 ve toplumun sorunlar\u0131na bu kadar incelikle e\u011filen topluma ELLER\u0130N\u0130 UZATAN kul\u00fcb\u00fcm\u00fcz\u00fc ve \u00fcyelerini kutlad\u0131 ve te\u015fekk\u00fcr etti. Toplant\u0131m\u0131z daha sonra s\u00fcnnet ve nikah t\u00f6renleri ile devam etti.<\/span><\/strong><\/p>\n<p><img loading=\"lazy\" decoding=\"async\" src=\"http:\/\/www.turgutlurotary.org\/images\/NIKAH1.jpg\" alt=\"\" width=\"311\" height=\"234\" border=\"0\" \/><\/p>\n<p>\u0130lk nikahta Kaymakam\u0131m\u0131z ve Milletvekilimiz nikah \u015fahitli\u011fi yapt\u0131lar.<\/p>\n<p><img loading=\"lazy\" decoding=\"async\" src=\"http:\/\/www.turgutlurotary.org\/images\/NIKAH3.jpg\" alt=\"\" width=\"313\" height=\"239\" border=\"0\" \/><\/p>\n<p>Ba\u015fkan\u0131m\u0131z ve onur konuklar\u0131m\u0131z s\u00fcnnet \u00e7ocuklar\u0131 ile birlikte<\/p>\n<p><img loading=\"lazy\" decoding=\"async\" src=\"http:\/\/www.turgutlurotary.org\/images\/SUNNET5.jpg\" alt=\"\" width=\"316\" height=\"236\" border=\"0\" \/><\/p>\n<p>18 s\u00fcnnet \u00e7ocu\u011fu boy s\u0131ras\u0131na girip e\u011flenirken ayn\u0131 zamanda s\u00fcnnet s\u0131ras\u0131n\u0131 da yapm\u0131\u015f olduk.<\/p>\n<p><img loading=\"lazy\" decoding=\"async\" src=\"http:\/\/www.turgutlurotary.org\/images\/SUNNET_SIRA.jpg\" alt=\"\" width=\"314\" height=\"237\" border=\"0\" \/><\/p>\n<p>Kirveliklerini de \u00fcyelerimiz yapt\u0131.Rtn.Feramerz Ligvani ilk s\u00fcnnette kirveydi.<\/p>\n<p><img loading=\"lazy\" decoding=\"async\" src=\"http:\/\/www.turgutlurotary.org\/images\/SUNNET_KIRVE.jpg\" alt=\"\" width=\"321\" height=\"241\" border=\"0\" \/><\/p>\n<p><strong>S\u00fcnnetleri yapan Op.Dr.Hakan DURAN, Op.Dr.Teoman \u015eEN, Dr.Oktay DURMU\u015e ve Dr.Serkan KANDEM\u0130R\u2019e te\u015fekk\u00fcr ediyoruz. Ayr\u0131ca bize destek olan Kaymakam\u0131m\u0131z Ahmet Macunluo\u011flu&#8217;na , Turgutlu M\u00fcft\u00fcm\u00fcze , N\u00fcfus M\u00fcd\u00fcremiz Raziye Ceylan\u2019a , Sosyal Dayan\u0131\u015fma Vakf\u0131 \u00c7al\u0131\u015fanlar\u0131na , Sevgi Ankaral\u0131\u2019ya ve katk\u0131da bulunan t\u00fcm \u015fah\u0131s ve derneklere sonsuz te\u015fekk\u00fcrler.<\/strong><\/p>\n<hr \/>\n<p><img loading=\"lazy\" decoding=\"async\" src=\"http:\/\/www.turgutlurotary.org\/images\/19%20Mayis%20Okulu%20Bilgisayar.jpg\" alt=\"\" width=\"356\" height=\"268\" border=\"0\" \/><\/p>\n<p>19 May\u0131s \u0130lk\u00f6\u011fretim Okulu&#8217;na bilgisayar ba\u011f\u0131\u015f\u0131m\u0131z.<\/p>\n<p><img loading=\"lazy\" decoding=\"async\" src=\"http:\/\/www.turgutlurotary.org\/images\/ayakkabi%20dagitimi.jpg\" alt=\"\" width=\"365\" height=\"272\" border=\"0\" \/><\/p>\n<p>Ramazanda toplanan zekatlarla Turgutlu Rotary \u0130lk\u00f6\u011fretim Okulunda bulunan 65 \u00f6\u011frenciye ayakkab\u0131 yard\u0131m\u0131 yap\u0131ld\u0131.<\/p>\n<p><img loading=\"lazy\" decoding=\"async\" src=\"http:\/\/www.turgutlurotary.org\/images\/2004%20guv%20ziy%20okul.jpg\" alt=\"\" width=\"371\" height=\"276\" border=\"0\" \/><\/p>\n<p>Guvern\u00f6r ziyaretimizde Guvern\u00f6r\u00fcm\u00fcz Rtn.Tuncer Tokol ve e\u015fi Aysel han\u0131ma okulumuzu gezdirdik.<\/p>\n<p><img loading=\"lazy\" decoding=\"async\" src=\"http:\/\/www.turgutlurotary.org\/images\/603.%20topl%20hifzi.jpg\" alt=\"\" width=\"375\" height=\"283\" border=\"0\" \/><\/p>\n<p>10 \u00dcyemizin kat\u0131ld\u0131\u011f\u0131 kampanya ile ilk Paul Harris Dostu kurayla belirlendi ve Rtn. H\u0131fz\u0131 \u00c7\u0131k\u0131kc\u0131 ilk PHD oldu.<\/p>\n<p><img loading=\"lazy\" decoding=\"async\" src=\"http:\/\/www.turgutlurotary.org\/images\/alihsan%20581.topl.jpg\" alt=\"\" width=\"368\" height=\"276\" border=\"0\" \/><\/p>\n<p>Turgutlu&#8217;muzun \u00fcnl\u00fc sanayicisi Sn.Ali \u0130hsan Demird\u00f6ver&#8217;e MESLEK H\u0130ZMET \u00d6D\u00dcL\u00dc verildi ve kendisine il\u00e7emiz ad\u0131na te\u015fekk\u00fcr ettik.<\/p>\n<p><img loading=\"lazy\" decoding=\"async\" src=\"http:\/\/www.turgutlurotary.org\/images\/uluslar%20arasi%20baskan.jpg\" alt=\"\" width=\"395\" height=\"297\" border=\"0\" \/><\/p>\n<p>Uluslararas\u0131 ba\u015fkan bizleri onurland\u0131rd\u0131.<\/p>\n<p><img loading=\"lazy\" decoding=\"async\" src=\"http:\/\/www.turgutlurotary.org\/images\/bayan%20uyelerimiz2.jpg\" alt=\"\" width=\"399\" height=\"301\" border=\"0\" \/><\/p>\n<p>Bayan \u00fcyelerimiz bizlere daima g\u00fc\u00e7 ve destek verdiler.<\/p>\n<p><img loading=\"lazy\" decoding=\"async\" src=\"http:\/\/www.turgutlurotary.org\/images\/bando%20mgurel%20okulu.jpg\" alt=\"\" width=\"399\" height=\"299\" border=\"0\" \/><\/p>\n<p>Mehmet G\u00fcrel \u0130lk\u00f6\u011fretim Okulu Bando Tak\u0131m\u0131 &#8216;n\u0131 giydirdik ve bizleri guruland\u0131rd\u0131lar.<\/p>\n<p><img loading=\"lazy\" decoding=\"async\" src=\"http:\/\/www.turgutlurotary.org\/images\/cumhuriyet%20balosu%202.jpg\" alt=\"\" width=\"394\" height=\"294\" border=\"0\" \/><\/p>\n<p>Cumhuriyet Balomuz \u00e7ok g\u00f6rkemli oldu. Ne mutlu bize , Ne mutlu T\u00fcrk\u00fcm diyene..!!<\/p>\n<p><img loading=\"lazy\" decoding=\"async\" src=\"http:\/\/www.turgutlurotary.org\/images\/kermes1.jpg\" alt=\"\" width=\"388\" height=\"292\" border=\"0\" \/><\/p>\n<p>E\u015flerimizin o g\u00fczel elleri ile kermesimizi yapt\u0131k ve olduk\u00e7a iyi bir gelir elde ettik.<\/p>\n<p><img loading=\"lazy\" decoding=\"async\" src=\"http:\/\/www.turgutlurotary.org\/images\/huzurevi%201.jpg\" alt=\"\" width=\"387\" height=\"293\" border=\"0\" \/><\/p>\n<p>Bu y\u0131l da huzurevini ihmal etmedik.<\/p>\n<p><img loading=\"lazy\" decoding=\"async\" src=\"http:\/\/www.turgutlurotary.org\/images\/bust%203.jpg\" alt=\"\" width=\"384\" height=\"256\" border=\"0\" \/><\/p>\n<p>Atat\u00fcrk b\u00fcst\u00fc olmayan okul kalmas\u0131n kampanyam\u0131z devam etti ve 2 okula b\u00fcst kazand\u0131rd\u0131k.<\/p>\n<p><img loading=\"lazy\" decoding=\"async\" src=\"http:\/\/www.turgutlurotary.org\/images\/ogretmenler%20odul%201.jpg\" alt=\"\" width=\"384\" height=\"258\" border=\"0\" \/><\/p>\n<p>25 okuma yazma kursu a\u00e7t\u0131k ve destek veren \u00f6\u011fretmenlerimize \u00f6d\u00fcl da\u011f\u0131tt\u0131k.<\/p>\n<p><img loading=\"lazy\" decoding=\"async\" src=\"http:\/\/www.turgutlurotary.org\/images\/okul%20bandosu.jpg\" alt=\"\" width=\"387\" height=\"292\" border=\"0\" \/><\/p>\n<p>Rotary \u0130lk\u00f6\u011fretim Okulu Bandosu K\u0131yafetleri bu d\u00f6nem g\u00f6z al\u0131c\u0131 idi. Sizlerle gurur duyuyoruz. \u00e7ocuklar.<\/p>\n<p><img loading=\"lazy\" decoding=\"async\" src=\"http:\/\/www.turgutlurotary.org\/images\/okuma%20kursu%20h.pekcan.jpg\" alt=\"\" width=\"372\" height=\"279\" border=\"0\" \/><\/p>\n<p>Okuma yazma kurslar\u0131m\u0131z devam ediyor. 25 kursa ula\u015ft\u0131k.<\/p>\n<p><img loading=\"lazy\" decoding=\"async\" src=\"http:\/\/www.turgutlurotary.org\/images\/saglik%20taramasi%204.jpg\" alt=\"\" width=\"370\" height=\"277\" border=\"0\" \/><\/p>\n<p>Okuma yazma kurslar\u0131m\u0131zda sa\u011fl\u0131k taramalar\u0131m\u0131z ve yiyecek yard\u0131mlar\u0131m\u0131z devam etti.<\/p>\n<p><img loading=\"lazy\" decoding=\"async\" src=\"http:\/\/www.turgutlurotary.org\/images\/trafik%20tiyatrosu3%20web.jpg\" alt=\"\" width=\"372\" height=\"281\" border=\"0\" \/><\/p>\n<p>\u00d6\u011frencilere e\u011fitim ama\u00e7l\u0131 trafik tiyatro g\u00f6sterisi d\u00fczenlendi.<\/p>\n<p><img loading=\"lazy\" decoding=\"async\" src=\"http:\/\/www.turgutlurotary.org\/images\/meslek%20odulu%20sbagci.jpg\" alt=\"\" width=\"375\" height=\"286\" border=\"0\" \/><\/p>\n<p>Turgutlu&#8217;ya 50 y\u0131l doktor olarak hizmet ederek emekli olan Dr.S\u00fcleyman Ba\u011fc\u0131&#8217;ya MESLEK H\u0130ZMET \u00d6D\u00dcL\u00dc verdik.<\/p>\n<p><img loading=\"lazy\" decoding=\"async\" src=\"http:\/\/www.turgutlurotary.org\/images\/etuv%20bagisi.jpg\" alt=\"\" width=\"373\" height=\"280\" border=\"0\" \/><\/p>\n<p>Da\u011fmarmara Sa\u011fl\u0131k Oca\u011f\u0131&#8217;na Et\u00fcv Ba\u011f\u0131\u015flad\u0131k.<\/p>\n<p><img loading=\"lazy\" decoding=\"async\" src=\"http:\/\/www.turgutlurotary.org\/images\/ustun%20hizmet.jpg\" alt=\"\" width=\"375\" height=\"261\" border=\"0\" \/><\/p>\n<p>Bunca projeden sonra tabi ki B\u00d6LGE \u00dcST\u00dcN H\u0130ZMET \u00d6D\u00dcL\u00dc&#8217;n\u00fc bile\u011fimizin hakk\u0131yla ald\u0131k.<\/p>\n<p><img loading=\"lazy\" decoding=\"async\" src=\"http:\/\/www.turgutlurotary.org\/images\/esler%20hizmet.jpg\" alt=\"\" width=\"369\" height=\"256\" border=\"0\" \/><\/p>\n<p>E\u015flerimizin projeleri ile de B\u00d6LGE E\u015eLER \u00d6D\u00dcL\u00dc&#8217;ne layik g\u00f6r\u00fcld\u00fck.<\/p>\n<p><img loading=\"lazy\" decoding=\"async\" src=\"http:\/\/www.turgutlurotary.org\/images\/2003-04%20logo%20.gif\" alt=\"\" width=\"109\" height=\"124\" border=\"0\" \/><\/p>\n<p><strong><span style=\"text-decoration: underline;\"><span style=\"color: #ffff00; font-family: Tahoma;\">UZATTIK EL\u0130M\u0130Z\u0130 VE H\u0130ZMET ETT\u0130K<\/span><\/span><\/strong><\/p>\n<p><strong><span style=\"text-decoration: underline;\"><span style=\"color: #ffff00; font-family: Tahoma;\">MUTLU VE GURURLUYUZ<\/span><\/span><\/strong><\/p>\n<p><img loading=\"lazy\" decoding=\"async\" src=\"http:\/\/www.turgutlurotary.org\/images\/2004_kemal_sevil_nas.jpg\" alt=\"\" width=\"300\" height=\"229\" border=\"0\" \/><\/p>\n<p><strong>Rtn. Kemal &#8211; Sevil NAS (2003-04 D\u00f6nem B\u015fk ve E\u015fi)<\/strong><\/p>\n","protected":false},"excerpt":{"rendered":"<p>BU YIL D\u00d6NEM TEMAMIZ: UZAT EL\u0130N\u0130 B\u0130ZLER BU YIL DA B\u0130ZLERE \u0130HT\u0130YA\u00c7 DUYAN HERKESE EL\u0130M\u0130Z\u0130 UZATACA\u011eIZ TURGUTLU&#8217;NUN SORUNLARI B\u0130Z\u0130M SORUNLARIMIZDIR. 2440. B\u00d6LGE D\u00d6NEM GUVERN\u00d6R\u00dcM\u00dcZ RTN. TUNCER TOKOL&#8230; 2003-04 Rotary D\u00f6nemi Y\u00f6netim Kurulu \u00dcyeleri Haziran ay\u0131nda \u00c7ak\u0131ra\u011fa Kona\u011f\u0131nda yap\u0131lan teslim t\u00f6reninden sonra yorgunluk at\u0131yor. Kul\u00fcb\u00fcm\u00fcz ilk faaliyetini bu y\u0131lki g\u00f6revlilerin tan\u0131t\u0131ld\u0131\u011f\u0131 bas\u0131n toplant\u0131s\u0131nda yerel gazetecilere bir [&hellip;]<\/p>\n","protected":false},"author":8,"featured_media":0,"parent":41,"menu_order":97,"comment_status":"closed","ping_status":"closed","template":"","meta":{"footnotes":""},"class_list":["post-52","page","type-page","status-publish","hentry"],"_links":{"self":[{"href":"https:\/\/www.turgutlurotary.org\/yeni\/wp-json\/wp\/v2\/pages\/52","targetHints":{"allow":["GET"]}}],"collection":[{"href":"https:\/\/www.turgutlurotary.org\/yeni\/wp-json\/wp\/v2\/pages"}],"about":[{"href":"https:\/\/www.turgutlurotary.org\/yeni\/wp-json\/wp\/v2\/types\/page"}],"author":[{"embeddable":true,"href":"https:\/\/www.turgutlurotary.org\/yeni\/wp-json\/wp\/v2\/users\/8"}],"replies":[{"embeddable":true,"href":"https:\/\/www.turgutlurotary.org\/yeni\/wp-json\/wp\/v2\/comments?post=52"}],"version-history":[{"count":5,"href":"https:\/\/www.turgutlurotary.org\/yeni\/wp-json\/wp\/v2\/pages\/52\/revisions"}],"predecessor-version":[{"id":717,"href":"https:\/\/www.turgutlurotary.org\/yeni\/wp-json\/wp\/v2\/pages\/52\/revisions\/717"}],"up":[{"embeddable":true,"href":"https:\/\/www.turgutlurotary.org\/yeni\/wp-json\/wp\/v2\/pages\/41"}],"wp:attachment":[{"href":"https:\/\/www.turgutlurotary.org\/yeni\/wp-json\/wp\/v2\/media?parent=52"}],"curies":[{"name":"wp","href":"https:\/\/api.w.org\/{rel}","templated":true}]}}