{"id":477,"date":"2015-07-14T07:42:57","date_gmt":"2015-07-14T07:42:57","guid":{"rendered":"http:\/\/www.turgutlurotary.org\/yeni\/?page_id=477"},"modified":"2019-07-12T10:54:35","modified_gmt":"2019-07-12T10:54:35","slug":"2015-16-donemi","status":"publish","type":"page","link":"https:\/\/www.turgutlurotary.org\/yeni\/projelerimiz\/2015-16-donemi\/","title":{"rendered":"2015-2016 D\u00f6nemi"},"content":{"rendered":"<p style=\"text-align: center;\"><a href=\"https:\/\/www.turgutlurotary.org\/yeni\/wp-content\/uploads\/2015\/07\/logo01-2015-16.png\"><img loading=\"lazy\" decoding=\"async\" class=\"aligncenter size-medium wp-image-478\" src=\"https:\/\/www.turgutlurotary.org\/yeni\/wp-content\/uploads\/2015\/07\/logo01-2015-16-300x188.png\" alt=\"logo01 2015-16\" width=\"300\" height=\"188\" srcset=\"https:\/\/www.turgutlurotary.org\/yeni\/wp-content\/uploads\/2015\/07\/logo01-2015-16-300x188.png 300w, https:\/\/www.turgutlurotary.org\/yeni\/wp-content\/uploads\/2015\/07\/logo01-2015-16.png 400w\" sizes=\"auto, (max-width: 300px) 100vw, 300px\" \/>2440. B\u00d6LGE GUVERN\u00d6R\u00dc RTN.REHA AKIN<\/a><\/p>\n<p style=\"text-align: center;\"><a href=\"https:\/\/www.turgutlurotary.org\/yeni\/wp-content\/uploads\/2015\/07\/2016-topl2-7.jpg\"><img loading=\"lazy\" decoding=\"async\" class=\"aligncenter size-full wp-image-479\" src=\"https:\/\/www.turgutlurotary.org\/yeni\/wp-content\/uploads\/2015\/07\/2016-topl2-7.jpg\" alt=\"2016-topl2-7\" width=\"184\" height=\"183\" srcset=\"https:\/\/www.turgutlurotary.org\/yeni\/wp-content\/uploads\/2015\/07\/2016-topl2-7.jpg 184w, https:\/\/www.turgutlurotary.org\/yeni\/wp-content\/uploads\/2015\/07\/2016-topl2-7-150x150.jpg 150w\" sizes=\"auto, (max-width: 184px) 100vw, 184px\" \/><\/a><\/p>\n<p style=\"text-align: center;\">D\u00f6nem Ba\u015fkan\u0131m\u0131z Rtn. Hasan G\u00d6NC\u00dc ve E\u015fi Nihal Han\u0131m<\/p>\n<p style=\"text-align: center;\"><a href=\"https:\/\/www.turgutlurotary.org\/yeni\/wp-content\/uploads\/2014\/07\/058.jpg\"><img loading=\"lazy\" decoding=\"async\" class=\"aligncenter size-medium wp-image-471\" src=\"https:\/\/www.turgutlurotary.org\/yeni\/wp-content\/uploads\/2014\/07\/058-300x113.jpg\" alt=\"058\" width=\"300\" height=\"113\" srcset=\"https:\/\/www.turgutlurotary.org\/yeni\/wp-content\/uploads\/2014\/07\/058-300x113.jpg 300w, https:\/\/www.turgutlurotary.org\/yeni\/wp-content\/uploads\/2014\/07\/058-1024x384.jpg 1024w, https:\/\/www.turgutlurotary.org\/yeni\/wp-content\/uploads\/2014\/07\/058.jpg 1280w\" sizes=\"auto, (max-width: 300px) 100vw, 300px\" \/><\/a><\/p>\n<p style=\"text-align: center;\">Devir Teslim T\u00f6reni<\/p>\n<p style=\"text-align: center;\"><a href=\"https:\/\/www.turgutlurotary.org\/yeni\/wp-content\/uploads\/2015\/07\/2016-topl2-1.jpg\"><img loading=\"lazy\" decoding=\"async\" class=\"aligncenter size-medium wp-image-480\" src=\"https:\/\/www.turgutlurotary.org\/yeni\/wp-content\/uploads\/2015\/07\/2016-topl2-1-300x300.jpg\" alt=\"2016-topl2-1\" width=\"300\" height=\"300\" srcset=\"https:\/\/www.turgutlurotary.org\/yeni\/wp-content\/uploads\/2015\/07\/2016-topl2-1-300x300.jpg 300w, https:\/\/www.turgutlurotary.org\/yeni\/wp-content\/uploads\/2015\/07\/2016-topl2-1-150x150.jpg 150w, https:\/\/www.turgutlurotary.org\/yeni\/wp-content\/uploads\/2015\/07\/2016-topl2-1.jpg 320w\" sizes=\"auto, (max-width: 300px) 100vw, 300px\" \/><\/a><\/p>\n<p style=\"text-align: center;\">Kaymakam\u0131m\u0131z Say\u0131n Nazmi G\u00dcNL\u00dc y\u00fc Manavgat&#8217;a U\u011furlad\u0131k.<\/p>\n<div id=\"attachment_498\" style=\"width: 310px\" class=\"wp-caption aligncenter\"><a href=\"https:\/\/www.turgutlurotary.org\/yeni\/wp-content\/uploads\/2015\/07\/terzihane1.jpg\"><img loading=\"lazy\" decoding=\"async\" aria-describedby=\"caption-attachment-498\" class=\"size-medium wp-image-498\" src=\"https:\/\/www.turgutlurotary.org\/yeni\/wp-content\/uploads\/2015\/07\/terzihane1-300x225.jpg\" alt=\"Turgutlu Huzurevine yeni terzihane yapt\u0131r\u0131lm\u0131\u015ft\u0131r\" width=\"300\" height=\"225\" srcset=\"https:\/\/www.turgutlurotary.org\/yeni\/wp-content\/uploads\/2015\/07\/terzihane1-300x225.jpg 300w, https:\/\/www.turgutlurotary.org\/yeni\/wp-content\/uploads\/2015\/07\/terzihane1.jpg 696w\" sizes=\"auto, (max-width: 300px) 100vw, 300px\" \/><\/a><p id=\"caption-attachment-498\" class=\"wp-caption-text\">Turgutlu Huzurevine yeni terzihane yapt\u0131r\u0131lm\u0131\u015ft\u0131r<\/p><\/div>\n<div id=\"attachment_500\" style=\"width: 310px\" class=\"wp-caption aligncenter\"><a href=\"https:\/\/www.turgutlurotary.org\/yeni\/wp-content\/uploads\/2015\/07\/goz-tarama.jpg\"><img loading=\"lazy\" decoding=\"async\" aria-describedby=\"caption-attachment-500\" class=\"size-medium wp-image-500\" src=\"https:\/\/www.turgutlurotary.org\/yeni\/wp-content\/uploads\/2015\/07\/goz-tarama-300x185.jpg\" alt=\"Sosyalhizmetler Turgutlu \u015eubesiile birlikte ihtiyac\u0131 olan \u00e7ocuklara g\u00f6z taramas\u0131 yap\u0131ld\u0131 ve gz\u00f6zl\u00fck temin edildi.\" width=\"300\" height=\"185\" srcset=\"https:\/\/www.turgutlurotary.org\/yeni\/wp-content\/uploads\/2015\/07\/goz-tarama-300x185.jpg 300w, https:\/\/www.turgutlurotary.org\/yeni\/wp-content\/uploads\/2015\/07\/goz-tarama.jpg 520w\" sizes=\"auto, (max-width: 300px) 100vw, 300px\" \/><\/a><p id=\"caption-attachment-500\" class=\"wp-caption-text\">Sosyalhizmetler Turgutlu \u015eubesiile birlikte ihtiyac\u0131 olan \u00e7ocuklara g\u00f6z taramas\u0131 yap\u0131ld\u0131 ve gz\u00f6zl\u00fck temin edildi.<\/p><\/div>\n<div id=\"attachment_501\" style=\"width: 310px\" class=\"wp-caption aligncenter\"><a href=\"https:\/\/www.turgutlurotary.org\/yeni\/wp-content\/uploads\/2015\/07\/kitap2.jpg\"><img loading=\"lazy\" decoding=\"async\" aria-describedby=\"caption-attachment-501\" class=\"size-medium wp-image-501\" src=\"https:\/\/www.turgutlurotary.org\/yeni\/wp-content\/uploads\/2015\/07\/kitap2-300x222.jpg\" alt=\"Rotaract kul\u00fcb\u00fc ile birlikte k\u00f6y ilk\u00f6\u011fretim okullar\u0131na k\u00fct\u00fcphane deste\u011fi verildi.\" width=\"300\" height=\"222\" srcset=\"https:\/\/www.turgutlurotary.org\/yeni\/wp-content\/uploads\/2015\/07\/kitap2-300x222.jpg 300w, https:\/\/www.turgutlurotary.org\/yeni\/wp-content\/uploads\/2015\/07\/kitap2.jpg 954w\" sizes=\"auto, (max-width: 300px) 100vw, 300px\" \/><\/a><p id=\"caption-attachment-501\" class=\"wp-caption-text\">Rotaract kul\u00fcb\u00fc ile birlikte k\u00f6y ilk\u00f6\u011fretim okullar\u0131na k\u00fct\u00fcphane deste\u011fi verildi.<\/p><\/div>\n<div id=\"attachment_502\" style=\"width: 310px\" class=\"wp-caption aligncenter\"><a href=\"https:\/\/www.turgutlurotary.org\/yeni\/wp-content\/uploads\/2015\/07\/anne-egitimi.jpg\"><img loading=\"lazy\" decoding=\"async\" aria-describedby=\"caption-attachment-502\" class=\"size-medium wp-image-502\" src=\"https:\/\/www.turgutlurotary.org\/yeni\/wp-content\/uploads\/2015\/07\/anne-egitimi-300x222.jpg\" alt=\"Annelere anne bebek e\u011fitimi verildi.\" width=\"300\" height=\"222\" srcset=\"https:\/\/www.turgutlurotary.org\/yeni\/wp-content\/uploads\/2015\/07\/anne-egitimi-300x222.jpg 300w, https:\/\/www.turgutlurotary.org\/yeni\/wp-content\/uploads\/2015\/07\/anne-egitimi.jpg 1011w\" sizes=\"auto, (max-width: 300px) 100vw, 300px\" \/><\/a><p id=\"caption-attachment-502\" class=\"wp-caption-text\">Annelere anne bebek e\u011fitimi verildi.<\/p><\/div>\n<div id=\"attachment_503\" style=\"width: 310px\" class=\"wp-caption aligncenter\"><a href=\"https:\/\/www.turgutlurotary.org\/yeni\/wp-content\/uploads\/2015\/07\/meme-kanseri.jpg\"><img loading=\"lazy\" decoding=\"async\" aria-describedby=\"caption-attachment-503\" class=\"size-medium wp-image-503\" src=\"https:\/\/www.turgutlurotary.org\/yeni\/wp-content\/uploads\/2015\/07\/meme-kanseri-300x225.jpg\" alt=\"Meme kanseri ile m\u00fccadele kapsam\u0131nda 40 ya\u015f alt\u0131 kad\u0131nlar\u0131m\u0131za kanser ileilgili seminer organize edildi. \" width=\"300\" height=\"225\" srcset=\"https:\/\/www.turgutlurotary.org\/yeni\/wp-content\/uploads\/2015\/07\/meme-kanseri-300x225.jpg 300w, https:\/\/www.turgutlurotary.org\/yeni\/wp-content\/uploads\/2015\/07\/meme-kanseri.jpg 1009w\" sizes=\"auto, (max-width: 300px) 100vw, 300px\" \/><\/a><p id=\"caption-attachment-503\" class=\"wp-caption-text\">Meme kanseri ile m\u00fccadele kapsam\u0131nda 40 ya\u015f alt\u0131 kad\u0131nlar\u0131m\u0131za kanser ileilgili seminer organize edildi.<\/p><\/div>\n<div id=\"attachment_504\" style=\"width: 310px\" class=\"wp-caption aligncenter\"><a href=\"https:\/\/www.turgutlurotary.org\/yeni\/wp-content\/uploads\/2015\/07\/004.jpg\"><img loading=\"lazy\" decoding=\"async\" aria-describedby=\"caption-attachment-504\" class=\"size-medium wp-image-504\" src=\"https:\/\/www.turgutlurotary.org\/yeni\/wp-content\/uploads\/2015\/07\/004-300x225.jpg\" alt=\"\u0130\u015fte me\u015fhur g\u00f6z tarama ekibimiz. Odak g\u00f6z merkezi \u00e7al\u0131\u015fanlar\u0131 ve Op. Dr. Rtn.Kemal NAS ba\u015fkanl\u0131\u011f\u0131nda 1-4 ya\u015f gurubu \u00f6\u011frencilerimizi g\u00f6z taramas\u0131ndan ge\u00e7irdiler.\" width=\"300\" height=\"225\" srcset=\"https:\/\/www.turgutlurotary.org\/yeni\/wp-content\/uploads\/2015\/07\/004-300x225.jpg 300w, https:\/\/www.turgutlurotary.org\/yeni\/wp-content\/uploads\/2015\/07\/004-1024x768.jpg 1024w\" sizes=\"auto, (max-width: 300px) 100vw, 300px\" \/><\/a><p id=\"caption-attachment-504\" class=\"wp-caption-text\">\u0130\u015fte me\u015fhur g\u00f6z tarama ekibimiz. Odak g\u00f6z merkezi \u00e7al\u0131\u015fanlar\u0131 ve Op. Dr. Rtn.Kemal NAS ba\u015fkanl\u0131\u011f\u0131nda 1-4 ya\u015f gurubu \u00f6\u011frencilerimizi g\u00f6z taramas\u0131ndan ge\u00e7irdiler.<\/p><\/div>\n<div id=\"attachment_505\" style=\"width: 310px\" class=\"wp-caption aligncenter\"><a href=\"https:\/\/www.turgutlurotary.org\/yeni\/wp-content\/uploads\/2015\/07\/001.jpg\"><img loading=\"lazy\" decoding=\"async\" aria-describedby=\"caption-attachment-505\" class=\"size-medium wp-image-505\" src=\"https:\/\/www.turgutlurotary.org\/yeni\/wp-content\/uploads\/2015\/07\/001-300x169.jpg\" alt=\"G\u00f6z taramalar\u0131m\u0131z s\u00fcr\u00fcyor. Taramalar yakla\u015f\u0131k 1.500 \u00e7ocu\u011fun g\u00f6z kontrol\u00fcnden ge\u00e7irilmesinden sonra sona erecek.\" width=\"300\" height=\"169\" srcset=\"https:\/\/www.turgutlurotary.org\/yeni\/wp-content\/uploads\/2015\/07\/001-300x169.jpg 300w, https:\/\/www.turgutlurotary.org\/yeni\/wp-content\/uploads\/2015\/07\/001-1024x576.jpg 1024w, https:\/\/www.turgutlurotary.org\/yeni\/wp-content\/uploads\/2015\/07\/001.jpg 1032w\" sizes=\"auto, (max-width: 300px) 100vw, 300px\" \/><\/a><p id=\"caption-attachment-505\" class=\"wp-caption-text\">G\u00f6z taramalar\u0131m\u0131z s\u00fcr\u00fcyor. Taramalar yakla\u015f\u0131k 1.500 \u00e7ocu\u011fun g\u00f6z kontrol\u00fcnden ge\u00e7irilmesinden sonra sona erecek.<\/p><\/div>\n<div id=\"attachment_506\" style=\"width: 310px\" class=\"wp-caption aligncenter\"><a href=\"https:\/\/www.turgutlurotary.org\/yeni\/wp-content\/uploads\/2015\/07\/089.jpg\"><img loading=\"lazy\" decoding=\"async\" aria-describedby=\"caption-attachment-506\" class=\"size-medium wp-image-506\" src=\"https:\/\/www.turgutlurotary.org\/yeni\/wp-content\/uploads\/2015\/07\/089-300x225.jpg\" alt=\"G\u00f6z taramalar\u0131m\u0131z de\u011ferliKaymakam\u0131m\u0131z say\u0131n U\u011fur Turan \u00f6nderli\u011finde ilerliyor.\" width=\"300\" height=\"225\" srcset=\"https:\/\/www.turgutlurotary.org\/yeni\/wp-content\/uploads\/2015\/07\/089-300x225.jpg 300w, https:\/\/www.turgutlurotary.org\/yeni\/wp-content\/uploads\/2015\/07\/089-1024x768.jpg 1024w, https:\/\/www.turgutlurotary.org\/yeni\/wp-content\/uploads\/2015\/07\/089.jpg 1280w\" sizes=\"auto, (max-width: 300px) 100vw, 300px\" \/><\/a><p id=\"caption-attachment-506\" class=\"wp-caption-text\">G\u00f6z taramalar\u0131m\u0131z de\u011ferliKaymakam\u0131m\u0131z say\u0131n U\u011fur Turan \u00f6nderli\u011finde ilerliyor.<\/p><\/div>\n<div id=\"attachment_507\" style=\"width: 235px\" class=\"wp-caption aligncenter\"><a href=\"https:\/\/www.turgutlurotary.org\/yeni\/wp-content\/uploads\/2015\/07\/086.jpg\"><img loading=\"lazy\" decoding=\"async\" aria-describedby=\"caption-attachment-507\" class=\"size-medium wp-image-507\" src=\"https:\/\/www.turgutlurotary.org\/yeni\/wp-content\/uploads\/2015\/07\/086-225x300.jpg\" alt=\"Odak g\u00f6z e ve Rtn.Dr.Kemal NAS a sonsuz te\u015fekk\u00fcrler...\" width=\"225\" height=\"300\" srcset=\"https:\/\/www.turgutlurotary.org\/yeni\/wp-content\/uploads\/2015\/07\/086-225x300.jpg 225w, https:\/\/www.turgutlurotary.org\/yeni\/wp-content\/uploads\/2015\/07\/086-768x1024.jpg 768w, https:\/\/www.turgutlurotary.org\/yeni\/wp-content\/uploads\/2015\/07\/086.jpg 1200w\" sizes=\"auto, (max-width: 225px) 100vw, 225px\" \/><\/a><p id=\"caption-attachment-507\" class=\"wp-caption-text\">Odak g\u00f6z e ve Rtn.Dr.Kemal NAS a sonsuz te\u015fekk\u00fcrler&#8230;<\/p><\/div>\n","protected":false},"excerpt":{"rendered":"<p>2440. B\u00d6LGE GUVERN\u00d6R\u00dc RTN.REHA AKIN D\u00f6nem Ba\u015fkan\u0131m\u0131z Rtn. Hasan G\u00d6NC\u00dc ve E\u015fi Nihal Han\u0131m Devir Teslim T\u00f6reni Kaymakam\u0131m\u0131z Say\u0131n Nazmi G\u00dcNL\u00dc y\u00fc Manavgat&#8217;a U\u011furlad\u0131k.<\/p>\n","protected":false},"author":8,"featured_media":0,"parent":41,"menu_order":81,"comment_status":"closed","ping_status":"closed","template":"","meta":{"footnotes":""},"class_list":["post-477","page","type-page","status-publish","hentry"],"_links":{"self":[{"href":"https:\/\/www.turgutlurotary.org\/yeni\/wp-json\/wp\/v2\/pages\/477","targetHints":{"allow":["GET"]}}],"collection":[{"href":"https:\/\/www.turgutlurotary.org\/yeni\/wp-json\/wp\/v2\/pages"}],"about":[{"href":"https:\/\/www.turgutlurotary.org\/yeni\/wp-json\/wp\/v2\/types\/page"}],"author":[{"embeddable":true,"href":"https:\/\/www.turgutlurotary.org\/yeni\/wp-json\/wp\/v2\/users\/8"}],"replies":[{"embeddable":true,"href":"https:\/\/www.turgutlurotary.org\/yeni\/wp-json\/wp\/v2\/comments?post=477"}],"version-history":[{"count":6,"href":"https:\/\/www.turgutlurotary.org\/yeni\/wp-json\/wp\/v2\/pages\/477\/revisions"}],"predecessor-version":[{"id":730,"href":"https:\/\/www.turgutlurotary.org\/yeni\/wp-json\/wp\/v2\/pages\/477\/revisions\/730"}],"up":[{"embeddable":true,"href":"https:\/\/www.turgutlurotary.org\/yeni\/wp-json\/wp\/v2\/pages\/41"}],"wp:attachment":[{"href":"https:\/\/www.turgutlurotary.org\/yeni\/wp-json\/wp\/v2\/media?parent=477"}],"curies":[{"name":"wp","href":"https:\/\/api.w.org\/{rel}","templated":true}]}}