{"id":452,"date":"2014-07-17T08:02:10","date_gmt":"2014-07-17T08:02:10","guid":{"rendered":"http:\/\/www.turgutlurotary.org\/yeni\/?page_id=452"},"modified":"2022-04-15T11:13:58","modified_gmt":"2022-04-15T11:13:58","slug":"turgutlu-rotaract-kulubu","status":"publish","type":"page","link":"https:\/\/www.turgutlurotary.org\/yeni\/turgutlu-rotaract-kulubu\/","title":{"rendered":"TURGUTLU ROTARACT KUL\u00dcB\u00dc"},"content":{"rendered":"<div id=\"attachment_453\" style=\"width: 211px\" class=\"wp-caption aligncenter\"><a href=\"https:\/\/www.turgutlurotary.org\/yeni\/wp-content\/uploads\/2014\/07\/rotaract.gif\"><img loading=\"lazy\" decoding=\"async\" aria-describedby=\"caption-attachment-453\" class=\" wp-image-453\" src=\"https:\/\/www.turgutlurotary.org\/yeni\/wp-content\/uploads\/2014\/07\/rotaract.gif\" alt=\"TURGUTLU ROTARACT KUL\u00dcB\u00dcM\u00dcZ 2013-14 D\u00d6NEM\u0130NDE KURULMU\u015eTUR\" width=\"201\" height=\"201\"><\/a><p id=\"caption-attachment-453\" class=\"wp-caption-text\">TURGUTLU ROTARACT KUL\u00dcB\u00dcM\u00dcZ 2013-14 D\u00d6NEM\u0130NDE KURULMU\u015eTUR<\/p><\/div>\n<p style=\"text-align: center;\"><a href=\"https:\/\/www.turgutlurotary.org\/yeni\/wp-content\/uploads\/2014\/07\/058.jpg\"><img loading=\"lazy\" decoding=\"async\" class=\"aligncenter size-medium wp-image-471\" src=\"https:\/\/www.turgutlurotary.org\/yeni\/wp-content\/uploads\/2014\/07\/058-300x113.jpg\" alt=\"058\" width=\"300\" height=\"113\" srcset=\"https:\/\/www.turgutlurotary.org\/yeni\/wp-content\/uploads\/2014\/07\/058-300x113.jpg 300w, https:\/\/www.turgutlurotary.org\/yeni\/wp-content\/uploads\/2014\/07\/058-1024x384.jpg 1024w, https:\/\/www.turgutlurotary.org\/yeni\/wp-content\/uploads\/2014\/07\/058.jpg 1280w\" sizes=\"auto, (max-width: 300px) 100vw, 300px\" \/><\/a><\/p>\n<p style=\"text-align: center;\"><a href=\"https:\/\/www.turgutlurotary.org\/yeni\/wp-content\/uploads\/2014\/07\/063.jpg\"><img loading=\"lazy\" decoding=\"async\" class=\"aligncenter size-medium wp-image-485\" src=\"https:\/\/www.turgutlurotary.org\/yeni\/wp-content\/uploads\/2014\/07\/063-225x300.jpg\" alt=\"063\" width=\"225\" height=\"300\" srcset=\"https:\/\/www.turgutlurotary.org\/yeni\/wp-content\/uploads\/2014\/07\/063-225x300.jpg 225w, https:\/\/www.turgutlurotary.org\/yeni\/wp-content\/uploads\/2014\/07\/063-768x1024.jpg 768w, https:\/\/www.turgutlurotary.org\/yeni\/wp-content\/uploads\/2014\/07\/063.jpg 864w\" sizes=\"auto, (max-width: 225px) 100vw, 225px\" \/><\/a><\/p>\n<p style=\"text-align: center;\">2015-16 D\u00f6nem Ba\u015fkan\u0131 Erdal G\u00dcLERY\u00dcZ bayra\u011f\u0131 kurucu ba\u015fkan Onur TEK\u0130NDA\u011e dan devrald\u0131.<\/p>\n<div id=\"attachment_528\" style=\"width: 310px\" class=\"wp-caption aligncenter\"><a href=\"https:\/\/www.turgutlurotary.org\/yeni\/wp-content\/uploads\/2014\/07\/IMG_4940.jpg\"><img loading=\"lazy\" decoding=\"async\" aria-describedby=\"caption-attachment-528\" class=\"size-medium wp-image-528\" src=\"https:\/\/www.turgutlurotary.org\/yeni\/wp-content\/uploads\/2014\/07\/IMG_4940-300x166.jpg\" alt=\"Turgutlu Rotaract Kul\u00fcb\u00fcnde 2016-17 D\u00f6nemi ba\u015flad\u0131.\" width=\"300\" height=\"166\" srcset=\"https:\/\/www.turgutlurotary.org\/yeni\/wp-content\/uploads\/2014\/07\/IMG_4940-300x166.jpg 300w, https:\/\/www.turgutlurotary.org\/yeni\/wp-content\/uploads\/2014\/07\/IMG_4940.jpg 650w\" sizes=\"auto, (max-width: 300px) 100vw, 300px\" \/><\/a><p id=\"caption-attachment-528\" class=\"wp-caption-text\">Turgutlu Rotaract Kul\u00fcb\u00fcnde 2016-17 D\u00f6nemi ba\u015flad\u0131.<\/p><\/div>\n<div id=\"attachment_529\" style=\"width: 235px\" class=\"wp-caption aligncenter\"><a href=\"https:\/\/www.turgutlurotary.org\/yeni\/wp-content\/uploads\/2014\/07\/IMG_4941.jpg\"><img loading=\"lazy\" decoding=\"async\" aria-describedby=\"caption-attachment-529\" class=\"size-medium wp-image-529\" src=\"https:\/\/www.turgutlurotary.org\/yeni\/wp-content\/uploads\/2014\/07\/IMG_4941-225x300.jpg\" alt=\"Yeni d\u00f6nem ba\u015fkan\u0131 Cihan TA\u00c7YILDIZ g\u00f6revi devrald\u0131.\" width=\"225\" height=\"300\" srcset=\"https:\/\/www.turgutlurotary.org\/yeni\/wp-content\/uploads\/2014\/07\/IMG_4941-225x300.jpg 225w, https:\/\/www.turgutlurotary.org\/yeni\/wp-content\/uploads\/2014\/07\/IMG_4941-768x1024.jpg 768w, https:\/\/www.turgutlurotary.org\/yeni\/wp-content\/uploads\/2014\/07\/IMG_4941.jpg 960w\" sizes=\"auto, (max-width: 225px) 100vw, 225px\" \/><\/a><p id=\"caption-attachment-529\" class=\"wp-caption-text\">Yeni d\u00f6nem ba\u015fkan\u0131 Cihan TA\u00c7YILDIZ g\u00f6revi devrald\u0131.<\/p><\/div>\n<p style=\"text-align: center;\"><a href=\"https:\/\/www.turgutlurotary.org\/yeni\/wp-content\/uploads\/2014\/07\/IMG_4942.jpg\"><img loading=\"lazy\" decoding=\"async\" class=\"aligncenter size-medium wp-image-530\" src=\"https:\/\/www.turgutlurotary.org\/yeni\/wp-content\/uploads\/2014\/07\/IMG_4942-225x300.jpg\" alt=\"IMG_4942\" width=\"225\" height=\"300\" srcset=\"https:\/\/www.turgutlurotary.org\/yeni\/wp-content\/uploads\/2014\/07\/IMG_4942-225x300.jpg 225w, https:\/\/www.turgutlurotary.org\/yeni\/wp-content\/uploads\/2014\/07\/IMG_4942-768x1024.jpg 768w, https:\/\/www.turgutlurotary.org\/yeni\/wp-content\/uploads\/2014\/07\/IMG_4942.jpg 960w\" sizes=\"auto, (max-width: 225px) 100vw, 225px\" \/><\/a><\/p>\n<div id=\"attachment_562\" style=\"width: 310px\" class=\"wp-caption aligncenter\"><a href=\"https:\/\/www.turgutlurotary.org\/yeni\/wp-content\/uploads\/2014\/07\/eldiven1.jpg\"><img loading=\"lazy\" decoding=\"async\" aria-describedby=\"caption-attachment-562\" class=\"size-medium wp-image-562\" src=\"https:\/\/www.turgutlurotary.org\/yeni\/wp-content\/uploads\/2014\/07\/eldiven1-300x225.jpg\" alt=\"\" width=\"300\" height=\"225\" srcset=\"https:\/\/www.turgutlurotary.org\/yeni\/wp-content\/uploads\/2014\/07\/eldiven1-300x225.jpg 300w, https:\/\/www.turgutlurotary.org\/yeni\/wp-content\/uploads\/2014\/07\/eldiven1.jpg 663w\" sizes=\"auto, (max-width: 300px) 100vw, 300px\" \/><\/a><p id=\"caption-attachment-562\" class=\"wp-caption-text\">K\u00f6y ilkokullar\u0131na bere-atk\u0131-eldiven tak\u0131m\u0131 hediye ettiler<\/p><\/div>\n<p style=\"text-align: center;\"><a href=\"https:\/\/www.turgutlurotary.org\/yeni\/wp-content\/uploads\/2014\/07\/eldiven2.jpg\"><img loading=\"lazy\" decoding=\"async\" class=\"aligncenter size-medium wp-image-563\" src=\"https:\/\/www.turgutlurotary.org\/yeni\/wp-content\/uploads\/2014\/07\/eldiven2-225x300.jpg\" alt=\"\" width=\"225\" height=\"300\" srcset=\"https:\/\/www.turgutlurotary.org\/yeni\/wp-content\/uploads\/2014\/07\/eldiven2-225x300.jpg 225w, https:\/\/www.turgutlurotary.org\/yeni\/wp-content\/uploads\/2014\/07\/eldiven2.jpg 420w\" sizes=\"auto, (max-width: 225px) 100vw, 225px\" \/><\/a><\/p>\n<div id=\"attachment_564\" style=\"width: 310px\" class=\"wp-caption aligncenter\"><a href=\"https:\/\/www.turgutlurotary.org\/yeni\/wp-content\/uploads\/2014\/07\/IMG_6806.jpg\"><img loading=\"lazy\" decoding=\"async\" aria-describedby=\"caption-attachment-564\" class=\"size-medium wp-image-564\" src=\"https:\/\/www.turgutlurotary.org\/yeni\/wp-content\/uploads\/2014\/07\/IMG_6806-300x225.jpg\" alt=\"\" width=\"300\" height=\"225\" srcset=\"https:\/\/www.turgutlurotary.org\/yeni\/wp-content\/uploads\/2014\/07\/IMG_6806-300x225.jpg 300w, https:\/\/www.turgutlurotary.org\/yeni\/wp-content\/uploads\/2014\/07\/IMG_6806-768x576.jpg 768w, https:\/\/www.turgutlurotary.org\/yeni\/wp-content\/uploads\/2014\/07\/IMG_6806.jpg 1024w\" sizes=\"auto, (max-width: 300px) 100vw, 300px\" \/><\/a><p id=\"caption-attachment-564\" class=\"wp-caption-text\">Turgutlu Devlet Hastanesi \u00c7ocuk Servisine K\u00fct\u00fcphane Yap\u0131m\u0131n\u0131 \u00fcstlendiler.<\/p><\/div>\n<p style=\"text-align: center;\"><a href=\"https:\/\/www.turgutlurotary.org\/yeni\/wp-content\/uploads\/2014\/07\/IMG_6805.jpg\"><img loading=\"lazy\" decoding=\"async\" class=\"aligncenter size-medium wp-image-565\" src=\"https:\/\/www.turgutlurotary.org\/yeni\/wp-content\/uploads\/2014\/07\/IMG_6805-225x300.jpg\" alt=\"\" width=\"225\" height=\"300\" srcset=\"https:\/\/www.turgutlurotary.org\/yeni\/wp-content\/uploads\/2014\/07\/IMG_6805-225x300.jpg 225w, https:\/\/www.turgutlurotary.org\/yeni\/wp-content\/uploads\/2014\/07\/IMG_6805.jpg 768w\" sizes=\"auto, (max-width: 225px) 100vw, 225px\" \/><\/a><\/p>\n<div id=\"attachment_618\" style=\"width: 310px\" class=\"wp-caption aligncenter\"><a href=\"https:\/\/www.turgutlurotary.org\/yeni\/wp-content\/uploads\/2014\/07\/RBDV4125.jpg\"><img loading=\"lazy\" decoding=\"async\" aria-describedby=\"caption-attachment-618\" class=\"size-medium wp-image-618\" src=\"https:\/\/www.turgutlurotary.org\/yeni\/wp-content\/uploads\/2014\/07\/RBDV4125-300x300.jpg\" alt=\"\" width=\"300\" height=\"300\" srcset=\"https:\/\/www.turgutlurotary.org\/yeni\/wp-content\/uploads\/2014\/07\/RBDV4125-300x300.jpg 300w, https:\/\/www.turgutlurotary.org\/yeni\/wp-content\/uploads\/2014\/07\/RBDV4125-150x150.jpg 150w, https:\/\/www.turgutlurotary.org\/yeni\/wp-content\/uploads\/2014\/07\/RBDV4125-768x768.jpg 768w, https:\/\/www.turgutlurotary.org\/yeni\/wp-content\/uploads\/2014\/07\/RBDV4125-1024x1024.jpg 1024w, https:\/\/www.turgutlurotary.org\/yeni\/wp-content\/uploads\/2014\/07\/RBDV4125.jpg 1599w\" sizes=\"auto, (max-width: 300px) 100vw, 300px\" \/><\/a><p id=\"caption-attachment-618\" class=\"wp-caption-text\">Turgutlu Rotaract Kul\u00fcb\u00fc \u00c7ocuklara Pasta yap\u0131m\u0131n\u0131 \u00f6\u011fretti.<\/p><\/div>\n<div id=\"attachment_619\" style=\"width: 310px\" class=\"wp-caption aligncenter\"><a href=\"https:\/\/www.turgutlurotary.org\/yeni\/wp-content\/uploads\/2014\/07\/CFJN7951.jpg\"><img loading=\"lazy\" decoding=\"async\" aria-describedby=\"caption-attachment-619\" class=\"size-medium wp-image-619\" src=\"https:\/\/www.turgutlurotary.org\/yeni\/wp-content\/uploads\/2014\/07\/CFJN7951-300x225.jpg\" alt=\"\" width=\"300\" height=\"225\" srcset=\"https:\/\/www.turgutlurotary.org\/yeni\/wp-content\/uploads\/2014\/07\/CFJN7951-300x225.jpg 300w, https:\/\/www.turgutlurotary.org\/yeni\/wp-content\/uploads\/2014\/07\/CFJN7951-768x576.jpg 768w, https:\/\/www.turgutlurotary.org\/yeni\/wp-content\/uploads\/2014\/07\/CFJN7951-1024x768.jpg 1024w, https:\/\/www.turgutlurotary.org\/yeni\/wp-content\/uploads\/2014\/07\/CFJN7951.jpg 1600w\" sizes=\"auto, (max-width: 300px) 100vw, 300px\" \/><\/a><p id=\"caption-attachment-619\" class=\"wp-caption-text\">Turgutlu Sosyal Hizmetler \u0130l\u00e7e M\u00fcd\u00fcrl\u00fc\u011f\u00fc ile birlikte yap\u0131lan projede \u00e7ocuklar \u00f6\u011fretmenlerinden kendi pastalar\u0131n\u0131 s\u00fcslemeyi \u00f6\u011frendiler.<\/p><\/div>\n<p style=\"text-align: center;\"><a href=\"https:\/\/www.turgutlurotary.org\/yeni\/wp-content\/uploads\/2014\/07\/XZVQ7776.jpg\"><img loading=\"lazy\" decoding=\"async\" class=\"aligncenter size-medium wp-image-620\" src=\"https:\/\/www.turgutlurotary.org\/yeni\/wp-content\/uploads\/2014\/07\/XZVQ7776-225x300.jpg\" alt=\"\" width=\"225\" height=\"300\" srcset=\"https:\/\/www.turgutlurotary.org\/yeni\/wp-content\/uploads\/2014\/07\/XZVQ7776-225x300.jpg 225w, https:\/\/www.turgutlurotary.org\/yeni\/wp-content\/uploads\/2014\/07\/XZVQ7776-768x1024.jpg 768w, https:\/\/www.turgutlurotary.org\/yeni\/wp-content\/uploads\/2014\/07\/XZVQ7776.jpg 1200w\" sizes=\"auto, (max-width: 225px) 100vw, 225px\" \/><\/a><\/p>\n<p style=\"text-align: center;\"><a href=\"https:\/\/www.turgutlurotary.org\/yeni\/wp-content\/uploads\/2014\/07\/XKIL0278.jpg\"><img loading=\"lazy\" decoding=\"async\" class=\"aligncenter size-medium wp-image-621\" src=\"https:\/\/www.turgutlurotary.org\/yeni\/wp-content\/uploads\/2014\/07\/XKIL0278-225x300.jpg\" alt=\"\" width=\"225\" height=\"300\" srcset=\"https:\/\/www.turgutlurotary.org\/yeni\/wp-content\/uploads\/2014\/07\/XKIL0278-225x300.jpg 225w, https:\/\/www.turgutlurotary.org\/yeni\/wp-content\/uploads\/2014\/07\/XKIL0278-768x1024.jpg 768w, https:\/\/www.turgutlurotary.org\/yeni\/wp-content\/uploads\/2014\/07\/XKIL0278.jpg 1200w\" sizes=\"auto, (max-width: 225px) 100vw, 225px\" \/><\/a><\/p>\n<p style=\"text-align: center;\"><a href=\"https:\/\/www.turgutlurotary.org\/yeni\/wp-content\/uploads\/2014\/07\/DGXS8796.jpg\"><img loading=\"lazy\" decoding=\"async\" class=\"aligncenter size-medium wp-image-622\" src=\"https:\/\/www.turgutlurotary.org\/yeni\/wp-content\/uploads\/2014\/07\/DGXS8796-300x225.jpg\" alt=\"\" width=\"300\" height=\"225\" srcset=\"https:\/\/www.turgutlurotary.org\/yeni\/wp-content\/uploads\/2014\/07\/DGXS8796-300x225.jpg 300w, https:\/\/www.turgutlurotary.org\/yeni\/wp-content\/uploads\/2014\/07\/DGXS8796-768x576.jpg 768w, https:\/\/www.turgutlurotary.org\/yeni\/wp-content\/uploads\/2014\/07\/DGXS8796-1024x768.jpg 1024w, https:\/\/www.turgutlurotary.org\/yeni\/wp-content\/uploads\/2014\/07\/DGXS8796.jpg 1600w\" sizes=\"auto, (max-width: 300px) 100vw, 300px\" \/><\/a><\/p>\n<div id=\"attachment_623\" style=\"width: 310px\" class=\"wp-caption aligncenter\"><a href=\"https:\/\/www.turgutlurotary.org\/yeni\/wp-content\/uploads\/2014\/07\/XDJW9401.jpg\"><img loading=\"lazy\" decoding=\"async\" aria-describedby=\"caption-attachment-623\" class=\"size-medium wp-image-623\" src=\"https:\/\/www.turgutlurotary.org\/yeni\/wp-content\/uploads\/2014\/07\/XDJW9401-300x225.jpg\" alt=\"\" width=\"300\" height=\"225\" srcset=\"https:\/\/www.turgutlurotary.org\/yeni\/wp-content\/uploads\/2014\/07\/XDJW9401-300x225.jpg 300w, https:\/\/www.turgutlurotary.org\/yeni\/wp-content\/uploads\/2014\/07\/XDJW9401-768x577.jpg 768w, https:\/\/www.turgutlurotary.org\/yeni\/wp-content\/uploads\/2014\/07\/XDJW9401-1024x769.jpg 1024w, https:\/\/www.turgutlurotary.org\/yeni\/wp-content\/uploads\/2014\/07\/XDJW9401.jpg 1600w\" sizes=\"auto, (max-width: 300px) 100vw, 300px\" \/><\/a><p id=\"caption-attachment-623\" class=\"wp-caption-text\">Bu arada kendileri de e\u011flenmeyi ihmal etmedi tabi ki. :)<\/p><\/div>\n<p>&nbsp;<\/p>\n<div id=\"attachment_650\" style=\"width: 310px\" class=\"wp-caption aligncenter\"><a href=\"https:\/\/www.turgutlurotary.org\/yeni\/wp-content\/uploads\/2018\/06\/01adcb4d-1c88-4766-b793-26c806b136e7.jpg\"><img loading=\"lazy\" decoding=\"async\" aria-describedby=\"caption-attachment-650\" class=\"size-medium wp-image-650\" src=\"https:\/\/www.turgutlurotary.org\/yeni\/wp-content\/uploads\/2018\/06\/01adcb4d-1c88-4766-b793-26c806b136e7-300x225.jpg\" alt=\"\" width=\"300\" height=\"225\" srcset=\"https:\/\/www.turgutlurotary.org\/yeni\/wp-content\/uploads\/2018\/06\/01adcb4d-1c88-4766-b793-26c806b136e7-300x225.jpg 300w, https:\/\/www.turgutlurotary.org\/yeni\/wp-content\/uploads\/2018\/06\/01adcb4d-1c88-4766-b793-26c806b136e7-768x576.jpg 768w, https:\/\/www.turgutlurotary.org\/yeni\/wp-content\/uploads\/2018\/06\/01adcb4d-1c88-4766-b793-26c806b136e7-1024x768.jpg 1024w, https:\/\/www.turgutlurotary.org\/yeni\/wp-content\/uploads\/2018\/06\/01adcb4d-1c88-4766-b793-26c806b136e7.jpg 1599w\" sizes=\"auto, (max-width: 300px) 100vw, 300px\" \/><\/a><p id=\"caption-attachment-650\" class=\"wp-caption-text\">Turgutlu Rotaract Kul\u00fcb\u00fc devir teslim t\u00f6reni yap\u0131ld\u0131. Ge\u00e7mi\u015f d\u00f6nem ba\u015fkan\u0131 Yasemin Sa\u011flam G\u00f6revi 2018-19 D\u00f6nem ba\u015fkan\u0131 Burak TELEK e devretti.<\/p><\/div>\n<p style=\"text-align: center;\"><a href=\"https:\/\/www.turgutlurotary.org\/yeni\/wp-content\/uploads\/2018\/06\/IMG_0592.jpg\"><img loading=\"lazy\" decoding=\"async\" class=\"alignnone size-medium wp-image-652\" src=\"https:\/\/www.turgutlurotary.org\/yeni\/wp-content\/uploads\/2018\/06\/IMG_0592-300x170.jpg\" alt=\"\" width=\"300\" height=\"170\" srcset=\"https:\/\/www.turgutlurotary.org\/yeni\/wp-content\/uploads\/2018\/06\/IMG_0592-300x170.jpg 300w, https:\/\/www.turgutlurotary.org\/yeni\/wp-content\/uploads\/2018\/06\/IMG_0592.jpg 750w\" sizes=\"auto, (max-width: 300px) 100vw, 300px\" \/><\/a><\/p>\n<p style=\"text-align: center;\"><a href=\"https:\/\/www.turgutlurotary.org\/yeni\/wp-content\/uploads\/2018\/06\/b12d7879-e68f-4af6-81f2-a4a37ffde9fc.jpg\"><img loading=\"lazy\" decoding=\"async\" class=\"alignnone size-medium wp-image-653\" src=\"https:\/\/www.turgutlurotary.org\/yeni\/wp-content\/uploads\/2018\/06\/b12d7879-e68f-4af6-81f2-a4a37ffde9fc-300x150.jpg\" alt=\"\" width=\"300\" height=\"150\" srcset=\"https:\/\/www.turgutlurotary.org\/yeni\/wp-content\/uploads\/2018\/06\/b12d7879-e68f-4af6-81f2-a4a37ffde9fc-300x150.jpg 300w, https:\/\/www.turgutlurotary.org\/yeni\/wp-content\/uploads\/2018\/06\/b12d7879-e68f-4af6-81f2-a4a37ffde9fc-768x384.jpg 768w, https:\/\/www.turgutlurotary.org\/yeni\/wp-content\/uploads\/2018\/06\/b12d7879-e68f-4af6-81f2-a4a37ffde9fc-1024x512.jpg 1024w, https:\/\/www.turgutlurotary.org\/yeni\/wp-content\/uploads\/2018\/06\/b12d7879-e68f-4af6-81f2-a4a37ffde9fc.jpg 1599w\" sizes=\"auto, (max-width: 300px) 100vw, 300px\" \/><\/a><\/p>\n","protected":false},"excerpt":{"rendered":"<p>2015-16 D\u00f6nem Ba\u015fkan\u0131 Erdal G\u00dcLERY\u00dcZ bayra\u011f\u0131 kurucu ba\u015fkan Onur TEK\u0130NDA\u011e dan devrald\u0131. &nbsp;<\/p>\n","protected":false},"author":8,"featured_media":0,"parent":0,"menu_order":90,"comment_status":"closed","ping_status":"closed","template":"","meta":{"footnotes":""},"class_list":["post-452","page","type-page","status-publish","hentry"],"_links":{"self":[{"href":"https:\/\/www.turgutlurotary.org\/yeni\/wp-json\/wp\/v2\/pages\/452","targetHints":{"allow":["GET"]}}],"collection":[{"href":"https:\/\/www.turgutlurotary.org\/yeni\/wp-json\/wp\/v2\/pages"}],"about":[{"href":"https:\/\/www.turgutlurotary.org\/yeni\/wp-json\/wp\/v2\/types\/page"}],"author":[{"embeddable":true,"href":"https:\/\/www.turgutlurotary.org\/yeni\/wp-json\/wp\/v2\/users\/8"}],"replies":[{"embeddable":true,"href":"https:\/\/www.turgutlurotary.org\/yeni\/wp-json\/wp\/v2\/comments?post=452"}],"version-history":[{"count":9,"href":"https:\/\/www.turgutlurotary.org\/yeni\/wp-json\/wp\/v2\/pages\/452\/revisions"}],"predecessor-version":[{"id":923,"href":"https:\/\/www.turgutlurotary.org\/yeni\/wp-json\/wp\/v2\/pages\/452\/revisions\/923"}],"wp:attachment":[{"href":"https:\/\/www.turgutlurotary.org\/yeni\/wp-json\/wp\/v2\/media?parent=452"}],"curies":[{"name":"wp","href":"https:\/\/api.w.org\/{rel}","templated":true}]}}