{"id":45,"date":"2011-03-02T09:52:35","date_gmt":"2011-03-02T09:52:35","guid":{"rendered":"http:\/\/www.kalfaoglu.net\/rotary\/?page_id=45"},"modified":"2019-07-12T10:34:26","modified_gmt":"2019-07-12T10:34:26","slug":"2001-2002-donemi","status":"publish","type":"page","link":"https:\/\/www.turgutlurotary.org\/yeni\/projelerimiz\/2001-2002-donemi\/","title":{"rendered":"2001-2002 D\u00f6nemi"},"content":{"rendered":"<ul>\n<li><strong><span style=\"color: #ff0000; font-size: xx-small;\">2001\/02 D\u00f6nemi Etkinlikleri ve Projelerimiz<\/span><\/strong><\/li>\n<li><span style=\"font-size: xx-small;\"><img loading=\"lazy\" decoding=\"async\" src=\"http:\/\/www.turgutlurotary.org\/images\/T01-EN-color.gif\" alt=\"\" width=\"125\" height=\"152\" border=\"0\" \/><\/span><\/li>\n<li><strong><span style=\"font-size: xx-small;\">2001-2002 D\u00d6NEM LOGOMUZ <\/span><\/strong><\/li>\n<li><strong><span style=\"font-size: xx-small;\">D\u00d6NEM SLOGANIMIZ:&#8221;G\u00d6REV\u0130M\u0130Z \u0130NSANLI\u011eA H\u0130ZMETT\u0130R.&#8221;<\/span><\/strong><\/li>\n<li><strong><span style=\"font-size: xx-small;\">B\u00d6LGE D\u00d6NEM GUVERN\u00d6R\u00dc Rtn. Ali BOR \/Band\u0131rma R.K.<\/span><\/strong><\/li>\n<\/ul>\n<p><strong> <span style=\"font-size: xx-small;\"> Bu d\u00f6nem yapt\u0131\u011f\u0131m\u0131z etkinliklerden \u00f6rnekler sunuyoruz.<\/span><\/strong><\/p>\n<p><span style=\"font-size: xx-small;\"> <img loading=\"lazy\" decoding=\"async\" src=\"http:\/\/www.turgutlurotary.org\/images\/toplanti%20web%201.jpg\" alt=\"\" width=\"314\" height=\"312\" border=\"0\" \/> <\/span><\/p>\n<p><span style=\"font-size: xx-small;\"> <strong>D\u00f6nem Ba\u015fkan\u0131m\u0131z Rtn. Pertev T\u00fcz\u00fcn d\u00f6nemin\u00a0 ilk toplant\u0131s\u0131nda\u00a0 g\u00f6revi<\/strong> <strong>Gdb. Dr.Hasibe \u00c7apk\u0131n&#8217;dan devral\u0131yor<\/strong>. <\/span><\/p>\n<p><span style=\"font-size: xx-small;\"> <img loading=\"lazy\" decoding=\"async\" src=\"http:\/\/www.turgutlurotary.org\/images\/toplanti.jpg\" alt=\"\" width=\"392\" height=\"221\" border=\"0\" \/> <\/span><\/p>\n<p><span style=\"font-size: xx-small;\"> <strong>Toplant\u0131lar\u0131m\u0131z Turgutlu Palmiye Restoran&#8217;da yap\u0131lmakta olup bu konuda her imkan\u0131 bize sunan de\u011ferli \u00fcyemiz Rtn.\u0130smail \u00c7\u0131k\u0131k\u00e7\u0131&#8217;ya te\u015fekk\u00fcrlerimizi sunar\u0131z..!<\/strong> <\/span><\/p>\n<p><span style=\"font-size: xx-small;\"> <img loading=\"lazy\" decoding=\"async\" src=\"http:\/\/www.turgutlurotary.org\/images\/konusma_urolog.jpg\" alt=\"\" width=\"375\" height=\"197\" border=\"0\" \/> <\/span><\/p>\n<p><span style=\"font-size: xx-small;\"> <strong> S\u00fcnnet konusunda bilgi ald\u0131k. <\/strong> <\/span><\/p>\n<p><span style=\"font-size: xx-small;\"> <img loading=\"lazy\" decoding=\"async\" src=\"http:\/\/www.turgutlurotary.org\/images\/news.h1.jpg\" alt=\"\" width=\"383\" height=\"256\" border=\"0\" \/> <\/span><\/p>\n<p><span style=\"font-size: xx-small;\"> \u0130<strong>lk etkinli\u011fimiz Manisa Yeti\u015ftirme Yurdu&#8217;na 2 adet ping pong masas\u0131 hediye etmek oldu.<\/strong> <\/span><\/p>\n<p><span style=\"font-size: xx-small;\"> <img loading=\"lazy\" decoding=\"async\" src=\"http:\/\/www.turgutlurotary.org\/images\/yilmaz_orcan_konusmaci.jpg\" alt=\"\" width=\"281\" height=\"235\" border=\"0\" \/> <\/span><\/p>\n<p><strong> <span style=\"font-size: xx-small;\"> Turgutlu Ticaret Borsas\u0131 Ba\u015fkan\u0131 Y\u0131lmaz Orcan Konu\u015fmac\u0131 konu\u011fumuzdu.<\/span><\/strong><\/p>\n<p><span style=\"font-size: xx-small;\"> <img loading=\"lazy\" decoding=\"async\" src=\"http:\/\/www.turgutlurotary.org\/images\/bilgisayar_projesi_2.jpg\" alt=\"\" width=\"361\" height=\"248\" border=\"0\" \/> <\/span><\/p>\n<p><strong><span style=\"font-size: xx-small;\">\u015eadi Turgutlu \u0130lk\u00f6\u011fretim Okulu&#8217;na bilgisayar hediye ettik.<\/span><\/strong><\/p>\n<p><span style=\"font-size: xx-small;\"><img loading=\"lazy\" decoding=\"async\" src=\"http:\/\/www.turgutlurotary.org\/images\/TOPLANTI_WEB_3.jpg\" alt=\"\" width=\"172\" height=\"265\" border=\"0\" \/> <\/span><\/p>\n<p><span style=\"font-size: xx-small;\"> <strong>\u00dcyemiz ve b\u00f6lge gen\u00e7lik hizmetleri ana komite ba\u015fkan\u0131 Rtn.Dr.G\u00f6khan G\u00f6r\u00e7iz gen\u00e7lik hizmetlerini anlatt\u0131.<\/strong> <\/span><\/p>\n<p><span style=\"font-size: xx-small;\"><img loading=\"lazy\" decoding=\"async\" src=\"http:\/\/www.turgutlurotary.org\/images\/hastane_bashekimi.jpg\" alt=\"\" width=\"313\" height=\"243\" border=\"0\" \/> <\/span><\/p>\n<p><strong><span style=\"font-size: xx-small;\">Turgutlu Devlet Hastanesi Ba\u015fhekimi Op.Dr.Cengiz Ulman Hastanemiz ve sorunlar\u0131ndan bahsetti.<\/span><\/strong><\/p>\n<p><span style=\"font-size: xx-small;\"><img loading=\"lazy\" decoding=\"async\" src=\"http:\/\/www.turgutlurotary.org\/images\/okul_1_web.jpg\" alt=\"\" width=\"365\" height=\"222\" border=\"0\" \/> <\/span><\/p>\n<p><strong><span style=\"font-size: xx-small;\">Guvern\u00f6r\u00fcm\u00fcz ve Guvern\u00f6r yard\u0131mc\u0131m\u0131z ile birlikte okulumuzu ziyaret ettik.<\/span><\/strong><\/p>\n<p><span style=\"font-size: xx-small;\"> <img loading=\"lazy\" decoding=\"async\" src=\"http:\/\/www.turgutlurotary.org\/images\/GUV_ZIYARETI_WEB_2.jpg\" alt=\"\" width=\"335\" height=\"219\" border=\"0\" \/> <\/span><\/p>\n<p><span style=\"font-size: xx-small;\"> <strong>Guvern\u00f6r Ziyaretimizi ger\u00e7ekle\u015ftirdik..!! <\/strong> <\/span><\/p>\n<p><span style=\"font-size: xx-small;\"> <img loading=\"lazy\" decoding=\"async\" src=\"http:\/\/www.turgutlurotary.org\/images\/ahmet_beyli_iftar.jpg\" alt=\"\" width=\"349\" height=\"214\" border=\"0\" \/> <\/span><\/p>\n<p><strong><span style=\"font-size: xx-small;\">\u0130ftarda E\u015fli toplant\u0131m\u0131zda Turgutlu&#8217;ya yeni atanan kaymakam\u0131m\u0131z Say\u0131n Ahmet Macunluo\u011flu ve e\u015fini a\u011f\u0131rlad\u0131k. Sevgili Rtn Dostumuz Ahmet YILMAZ konu\u015fmac\u0131 konuktu.<\/span><\/strong><\/p>\n<p><span style=\"font-size: xx-small;\"><img loading=\"lazy\" decoding=\"async\" src=\"http:\/\/www.turgutlurotary.org\/images\/bagci_ile_iftar.jpg\" alt=\"\" width=\"356\" height=\"243\" border=\"0\" \/> <\/span><\/p>\n<p><strong><span style=\"font-size: xx-small;\">Bir sonraki iftar toplant\u0131m\u0131zda Dr. S\u00fcleyman Ba\u011fc\u0131&#8217;y\u0131 dinledik.Rotary \u0130lk\u00f6\u011fretim Okulu M\u00fcd\u00fcr\u00fcm\u00fcz Kemal Ceylan ve e\u015fini konuk ettik.<\/span><\/strong><\/p>\n","protected":false},"excerpt":{"rendered":"<p>2001\/02 D\u00f6nemi Etkinlikleri ve Projelerimiz 2001-2002 D\u00d6NEM LOGOMUZ D\u00d6NEM SLOGANIMIZ:&#8221;G\u00d6REV\u0130M\u0130Z \u0130NSANLI\u011eA H\u0130ZMETT\u0130R.&#8221; B\u00d6LGE D\u00d6NEM GUVERN\u00d6R\u00dc Rtn. Ali BOR \/Band\u0131rma R.K. Bu d\u00f6nem yapt\u0131\u011f\u0131m\u0131z etkinliklerden \u00f6rnekler sunuyoruz. D\u00f6nem Ba\u015fkan\u0131m\u0131z Rtn. Pertev T\u00fcz\u00fcn d\u00f6nemin\u00a0 ilk toplant\u0131s\u0131nda\u00a0 g\u00f6revi Gdb. Dr.Hasibe \u00c7apk\u0131n&#8217;dan devral\u0131yor. Toplant\u0131lar\u0131m\u0131z Turgutlu Palmiye Restoran&#8217;da yap\u0131lmakta olup bu konuda her imkan\u0131 bize sunan de\u011ferli \u00fcyemiz Rtn.\u0130smail \u00c7\u0131k\u0131k\u00e7\u0131&#8217;ya [&hellip;]<\/p>\n","protected":false},"author":8,"featured_media":0,"parent":41,"menu_order":99,"comment_status":"closed","ping_status":"closed","template":"","meta":{"footnotes":""},"class_list":["post-45","page","type-page","status-publish","hentry"],"_links":{"self":[{"href":"https:\/\/www.turgutlurotary.org\/yeni\/wp-json\/wp\/v2\/pages\/45","targetHints":{"allow":["GET"]}}],"collection":[{"href":"https:\/\/www.turgutlurotary.org\/yeni\/wp-json\/wp\/v2\/pages"}],"about":[{"href":"https:\/\/www.turgutlurotary.org\/yeni\/wp-json\/wp\/v2\/types\/page"}],"author":[{"embeddable":true,"href":"https:\/\/www.turgutlurotary.org\/yeni\/wp-json\/wp\/v2\/users\/8"}],"replies":[{"embeddable":true,"href":"https:\/\/www.turgutlurotary.org\/yeni\/wp-json\/wp\/v2\/comments?post=45"}],"version-history":[{"count":6,"href":"https:\/\/www.turgutlurotary.org\/yeni\/wp-json\/wp\/v2\/pages\/45\/revisions"}],"predecessor-version":[{"id":715,"href":"https:\/\/www.turgutlurotary.org\/yeni\/wp-json\/wp\/v2\/pages\/45\/revisions\/715"}],"up":[{"embeddable":true,"href":"https:\/\/www.turgutlurotary.org\/yeni\/wp-json\/wp\/v2\/pages\/41"}],"wp:attachment":[{"href":"https:\/\/www.turgutlurotary.org\/yeni\/wp-json\/wp\/v2\/media?parent=45"}],"curies":[{"name":"wp","href":"https:\/\/api.w.org\/{rel}","templated":true}]}}