{"id":448,"date":"2014-07-17T07:55:55","date_gmt":"2014-07-17T07:55:55","guid":{"rendered":"http:\/\/www.turgutlurotary.org\/yeni\/?page_id=448"},"modified":"2014-07-17T07:58:58","modified_gmt":"2014-07-17T07:58:58","slug":"akilli-tahta-esli-bagis","status":"publish","type":"page","link":"https:\/\/www.turgutlurotary.org\/yeni\/akilli-tahta-esli-bagis\/","title":{"rendered":"AKILLI TAHTA E\u015eL\u0130 BA\u011eI\u015e"},"content":{"rendered":"<div id=\"attachment_449\" style=\"width: 233px\" class=\"wp-caption aligncenter\"><a href=\"https:\/\/www.turgutlurotary.org\/yeni\/wp-content\/uploads\/2014\/07\/ak\u0131ll\u0131-tahta-e\u015fli-ba\u011f\u0131\u015f5.jpg\"><img loading=\"lazy\" decoding=\"async\" aria-describedby=\"caption-attachment-449\" class=\" wp-image-449\" src=\"https:\/\/www.turgutlurotary.org\/yeni\/wp-content\/uploads\/2014\/07\/ak\u0131ll\u0131-tahta-e\u015fli-ba\u011f\u0131\u015f5-150x150.jpg\" alt=\"TURGUTLU ROTARY \u0130LK\u00d6\u011eRET\u0130M OKULU AKILLI TAHTA E\u015eL\u0130 BA\u011eI\u015e PROJES\u0130\" width=\"223\" height=\"223\" \/><\/a><p id=\"caption-attachment-449\" class=\"wp-caption-text\">TURGUTLU ROTARY \u0130LK\u00d6\u011eRET\u0130M OKULU AKILLI TAHTA E\u015eL\u0130 BA\u011eI\u015e PROJES\u0130<\/p><\/div>\n<div id=\"attachment_444\" style=\"width: 245px\" class=\"wp-caption aligncenter\"><a href=\"https:\/\/www.turgutlurotary.org\/yeni\/wp-content\/uploads\/2013\/07\/DSCI1663.jpg\"><img loading=\"lazy\" decoding=\"async\" aria-describedby=\"caption-attachment-444\" class=\" wp-image-444\" src=\"https:\/\/www.turgutlurotary.org\/yeni\/wp-content\/uploads\/2013\/07\/DSCI1663-150x150.jpg\" alt=\"PROJEM\u0130Z 20.500 USD B\u00dcT\u00c7E \u0130LE VE \u0130TALYA 2100. B\u00d6LGE LOCRI KUL\u00dcB\u00dc \u0130LE YAPILAN ORTAK BA\u011eI\u015e PROJES\u0130D\u0130R.\" width=\"235\" height=\"235\" \/><\/a><p id=\"caption-attachment-444\" class=\"wp-caption-text\">PROJEM\u0130Z 20.500 USD B\u00dcT\u00c7E \u0130LE VE \u0130TALYA 2100. B\u00d6LGE LOCRI KUL\u00dcB\u00dc \u0130LE YAPILAN ORTAK BA\u011eI\u015e PROJES\u0130D\u0130R.<\/p><\/div>\n<p style=\"text-align: center;\">PROJEM\u0130Z 2013-2014 D\u00d6NEM\u0130NDE GER\u00c7EKLE\u015eT\u0130R\u0130LD\u0130.<\/p>\n<p style=\"text-align: center;\"><a href=\"https:\/\/www.turgutlurotary.org\/yeni\/wp-content\/uploads\/2013\/07\/ROTARY-CLUB-OF-TURGUTLU-MG-79678.pdf\">TURGUTLU ROTARY AKILLI TAHTA PROJESI<\/a><\/p>\n<div id=\"attachment_385\" style=\"width: 160px\" class=\"wp-caption aligncenter\"><a href=\"https:\/\/www.turgutlurotary.org\/yeni\/wp-content\/uploads\/2013\/07\/D\u00f6nem-temas\u0131-2.jpg\"><img loading=\"lazy\" decoding=\"async\" aria-describedby=\"caption-attachment-385\" class=\"size-thumbnail wp-image-385\" src=\"https:\/\/www.turgutlurotary.org\/yeni\/wp-content\/uploads\/2013\/07\/D\u00f6nem-temas\u0131-2-150x150.jpg\" alt=\"2013-14 D\u00d6NEM TEMASI &quot;ROTARY \u0130LE YA\u015eAMLARI DE\u011e\u0130\u015eT\u0130R\u0130N&quot;\" width=\"150\" height=\"150\" \/><\/a><p id=\"caption-attachment-385\" class=\"wp-caption-text\">2013-14 D\u00d6NEM TEMASI &#8220;ROTARY \u0130LE YA\u015eAMLARI DE\u011e\u0130\u015eT\u0130R\u0130N&#8221;<\/p><\/div>\n","protected":false},"excerpt":{"rendered":"<p>PROJEM\u0130Z 2013-2014 D\u00d6NEM\u0130NDE GER\u00c7EKLE\u015eT\u0130R\u0130LD\u0130. TURGUTLU ROTARY AKILLI TAHTA PROJESI<\/p>\n","protected":false},"author":8,"featured_media":0,"parent":0,"menu_order":30,"comment_status":"closed","ping_status":"closed","template":"","meta":{"footnotes":""},"class_list":["post-448","page","type-page","status-publish","hentry"],"_links":{"self":[{"href":"https:\/\/www.turgutlurotary.org\/yeni\/wp-json\/wp\/v2\/pages\/448","targetHints":{"allow":["GET"]}}],"collection":[{"href":"https:\/\/www.turgutlurotary.org\/yeni\/wp-json\/wp\/v2\/pages"}],"about":[{"href":"https:\/\/www.turgutlurotary.org\/yeni\/wp-json\/wp\/v2\/types\/page"}],"author":[{"embeddable":true,"href":"https:\/\/www.turgutlurotary.org\/yeni\/wp-json\/wp\/v2\/users\/8"}],"replies":[{"embeddable":true,"href":"https:\/\/www.turgutlurotary.org\/yeni\/wp-json\/wp\/v2\/comments?post=448"}],"version-history":[{"count":1,"href":"https:\/\/www.turgutlurotary.org\/yeni\/wp-json\/wp\/v2\/pages\/448\/revisions"}],"predecessor-version":[{"id":450,"href":"https:\/\/www.turgutlurotary.org\/yeni\/wp-json\/wp\/v2\/pages\/448\/revisions\/450"}],"wp:attachment":[{"href":"https:\/\/www.turgutlurotary.org\/yeni\/wp-json\/wp\/v2\/media?parent=448"}],"curies":[{"name":"wp","href":"https:\/\/api.w.org\/{rel}","templated":true}]}}