{"id":43,"date":"2011-03-02T09:51:45","date_gmt":"2011-03-02T09:51:45","guid":{"rendered":"http:\/\/www.kalfaoglu.net\/rotary\/?page_id=43"},"modified":"2012-08-29T04:04:01","modified_gmt":"2012-08-29T04:04:01","slug":"2000-2001-ve-oncesi","status":"publish","type":"page","link":"https:\/\/www.turgutlurotary.org\/yeni\/projelerimiz\/2000-2001-ve-oncesi\/","title":{"rendered":"2000-2001 ve \u00f6ncesi"},"content":{"rendered":"<p><strong><span style=\"color: #ff0000; font-size: xx-small;\">Kurulu\u015fumuzdan 2000\/2001 d\u00f6nemine kadar yap\u0131lan projelerimizden \u00f6rnekler.<\/span><\/strong><\/p>\n<p><span style=\"font-size: xx-small;\"> <img loading=\"lazy\" decoding=\"async\" src=\"http:\/\/www.turgutlurotary.org\/images\/2001_proje_7.jpg\" alt=\"\" width=\"168\" height=\"303\" border=\"0\" \/> <\/span><\/p>\n<p><span style=\"font-size: xx-small;\"> <img loading=\"lazy\" decoding=\"async\" src=\"http:\/\/www.turgutlurotary.org\/images\/2001_proje_6.jpg\" alt=\"\" width=\"295\" height=\"158\" align=\"left\" border=\"0\" \/> <\/span><\/p>\n<p>&nbsp;<\/p>\n<p>&nbsp;<\/p>\n<p>&nbsp;<\/p>\n<p>&nbsp;<\/p>\n<p>&nbsp;<\/p>\n<p>&nbsp;<\/p>\n<p><strong><span style=\"font-size: xx-small;\">BA\u015eARILI L\u0130SE \u00d6\u011eRENC\u0130LER\u0130NE B\u0130S\u0130KLET PROJEM\u0130Z.<\/span><\/strong><\/p>\n<p>&nbsp;<\/p>\n<p>&nbsp;<\/p>\n<p><span style=\"font-size: xx-small;\"><img loading=\"lazy\" decoding=\"async\" src=\"http:\/\/www.turgutlurotary.org\/images\/2001_uluslar_bsk1.jpg\" alt=\"\" width=\"304\" height=\"238\" border=\"0\" \/> <\/span><\/p>\n<p><strong><span style=\"font-size: xx-small;\">ULUSLARASI ROTARY BA\u015eKANI\u00a0\u00a0\u00a0\u00a0\u00a0\u00a0\u00a0 FRANK J. DEVLYN D\u00d6NEM 2000\/2001 D\u00d6NEM BA\u015eKANIMIZ DR.HAS\u0130BE \u00c7APKIN \u0130LE B\u0130RL\u0130KTE B\u00d6LGEM\u0130Z\u0130 Z\u0130YARET\u0130NDE.<\/span><\/strong><\/p>\n<p>&nbsp;<\/p>\n<p><span style=\"font-size: xx-small;\"><img loading=\"lazy\" decoding=\"async\" src=\"http:\/\/www.turgutlurotary.org\/images\/BAGCILIK_KITABI_WEB.jpg\" alt=\"\" width=\"143\" height=\"213\" border=\"0\" \/> <\/span><\/p>\n<p><strong><span style=\"font-size: xx-small;\">TURGUTLU&#8217;DA BA\u011eCILARIN VE BA\u011eCILI\u011eIN GEL\u0130\u015e\u0130M\u0130 \u0130\u00c7\u0130N\u00a0 DR. S\u00dcLEYMAN BA\u011eCI &#8216;NIN KATKILARIYLAD\u00dcZENLENEN\u00a0 PRAT\u0130K BA\u011eCILIK K\u0130TABI PROJEM\u0130Z.<\/span><\/strong><\/p>\n<p>&nbsp;<\/p>\n<p><span style=\"font-size: xx-small;\"><img loading=\"lazy\" decoding=\"async\" src=\"http:\/\/www.turgutlurotary.org\/images\/ilk_yardim_kursu.jpg\" alt=\"\" width=\"339\" height=\"197\" border=\"0\" \/> <\/span><\/p>\n<p><strong><span style=\"font-size: xx-small;\">30 Gencimize ilk yard\u0131m kursu vererek onlar\u0131 sertifika sahibi yapt\u0131k.1998\/99 y\u0131l\u0131nda okulumuz bah\u00e7esinde d\u00fczenlenen diploma t\u00f6reni.<\/span><\/strong><\/p>\n<p>&nbsp;<\/p>\n<p><span style=\"font-size: xx-small;\"><img loading=\"lazy\" decoding=\"async\" src=\"http:\/\/www.turgutlurotary.org\/images\/TARAMA4_WEB.jpg\" alt=\"\" width=\"223\" height=\"188\" border=\"0\" \/> <\/span><\/p>\n<p><strong><span style=\"font-size: xx-small;\">D\u0130\u015e HEK\u0130M\u0130 \u00dcYEM\u0130Z. N\u0130HAT DABAKO\u011eLU\u00a0 K\u00d6YDE D\u0130\u015e TARAMASINDA<\/span><\/strong><\/p>\n<p>&nbsp;<\/p>\n<p><span style=\"font-size: xx-small;\"><img loading=\"lazy\" decoding=\"async\" src=\"http:\/\/www.turgutlurotary.org\/images\/TARAMA2_WEB.jpg\" alt=\"\" width=\"240\" height=\"141\" border=\"0\" \/> <\/span><\/p>\n<p><strong><span style=\"font-size: xx-small;\">\u00dcYEM\u0130Z DR.HAS\u0130BE \u00c7APKIN\u00a0K\u00d6YDE SA\u011eLIK TARAMASINDA<\/span><\/strong><\/p>\n<p>&nbsp;<\/p>\n<p><span style=\"font-size: xx-small;\"><img loading=\"lazy\" decoding=\"async\" src=\"http:\/\/www.turgutlurotary.org\/images\/kemal_tarama_web.jpg\" alt=\"\" width=\"252\" height=\"218\" border=\"0\" \/> <\/span><\/p>\n<p><strong><span style=\"font-size: xx-small;\">G\u00f6z doktoru \u00fcyemiz Rtn.Kemal Nas k\u00f6yde g\u00f6z taramas\u0131nda.1999\/2000.<\/span><\/strong><\/p>\n<p>&nbsp;<\/p>\n<p><span style=\"font-size: xx-small;\"><img loading=\"lazy\" decoding=\"async\" src=\"http:\/\/www.turgutlurotary.org\/images\/MESLEK_ODULU_WEB.jpg\" alt=\"\" width=\"223\" height=\"195\" border=\"0\" \/> <\/span><\/p>\n<p><strong><span style=\"font-size: xx-small;\">ROTARY GELENE\u011e\u0130 GERE\u011e\u0130NCE BANKACILIK MESLEK H\u0130ZMET \u00d6D\u00dcL\u00dc VER\u0130L\u0130RKEN\/1999-2000<\/span><\/strong><\/p>\n<p>&nbsp;<\/p>\n<p><span style=\"font-size: xx-small;\"><img loading=\"lazy\" decoding=\"async\" src=\"http:\/\/www.turgutlurotary.org\/images\/OGRENCI_DEGISIMI_WEB.jpg\" alt=\"\" width=\"208\" height=\"188\" border=\"0\" \/> <\/span><\/p>\n<p><strong><span style=\"font-size: xx-small;\">KISA D\u00d6NEM DE\u011e\u0130\u015e\u0130M\u00a0 \u00d6\u011eRENC\u0130M\u0130Z\u00a0\u00a0\u00a0\u00a0\u00a0\u00a0 KUL\u00dcB\u00dcM\u00dcZ\u00dc Z\u0130YARET ETT\u0130.99\/2000<\/span><\/strong><\/p>\n<p>&nbsp;<\/p>\n<p><span style=\"font-size: xx-small;\"><img loading=\"lazy\" decoding=\"async\" src=\"http:\/\/www.turgutlurotary.org\/images\/GAZETE_WEB.jpg\" alt=\"\" width=\"361\" height=\"146\" border=\"0\" \/> <\/span><\/p>\n<p><span style=\"font-size: xx-small;\"> <strong>EGEL\u0130 SABAH&#8217;TA \u0130\u015eYER\u0130 GEZ\u0130M\u0130Z<\/strong> <\/span><\/p>\n<p>&nbsp;<\/p>\n<p><span style=\"font-size: xx-small;\"><img loading=\"lazy\" decoding=\"async\" src=\"http:\/\/www.turgutlurotary.org\/images\/burs_verilen_ogrenciler.jpg\" alt=\"\" width=\"375\" height=\"229\" border=\"0\" \/> <\/span><\/p>\n<p><strong><span style=\"font-size: xx-small;\">E\u011fitimin \u00f6nemini herkesten \u00e7ok kavrayan kul\u00fcb\u00fcm\u00fcz her d\u00f6nemde bir\u00e7ok \u00f6\u011frecimize burs vermi\u015ftir. \u0130\u015fte bursiyer \u00f6\u011frencilerimiz okullar\u0131n\u0131 bitirdikten sonra kul\u00fcp roplant\u0131m\u0131zda bizleri ziyarete gelmi\u015f. 1999\/2000 d\u00f6nemi.<\/span><\/strong><\/p>\n<p>&nbsp;<\/p>\n<p><span style=\"font-size: xx-small;\"><img loading=\"lazy\" decoding=\"async\" src=\"http:\/\/www.turgutlurotary.org\/images\/OKUL4.jpg\" alt=\"\" width=\"353\" height=\"270\" border=\"0\" \/> <\/span><\/p>\n<p><strong><span style=\"font-size: xx-small;\">1998\/99 D\u00f6neminde Guvern\u00f6r\u00fcm\u00fcz Bekir Urfal\u0131 ile birlikte temel atma t\u00f6renindeyiz.<\/span><\/strong><\/p>\n<p>&nbsp;<\/p>\n<p><span style=\"font-size: xx-small;\"><img loading=\"lazy\" decoding=\"async\" src=\"http:\/\/www.turgutlurotary.org\/images\/asi_araci_koyde.jpg\" alt=\"\" width=\"336\" height=\"225\" border=\"0\" \/> <\/span><\/p>\n<p><strong><span style=\"font-size: xx-small;\">A\u015f\u0131 arac\u0131m\u0131z Turgutlu Irlamaz k\u00f6y\u00fcnde sa\u011fl\u0131k taramas\u0131nda.1997\/98 d\u00f6nemi.<\/span><\/strong><\/p>\n<p>&nbsp;<\/p>\n<p><span style=\"font-size: xx-small;\"><img loading=\"lazy\" decoding=\"async\" src=\"http:\/\/www.turgutlurotary.org\/images\/asi_araci3_web.jpg\" alt=\"\" width=\"365\" height=\"216\" border=\"0\" \/> <\/span><\/p>\n<p><strong><span style=\"font-size: xx-small;\">24.000 USD lik e\u015fle\u015ftirilmi\u015f ba\u011f\u0131\u015fla kul\u00fcb\u00fcm\u00fczce Turgutlu&#8217;ya kazand\u0131r\u0131lan gezici a\u015f\u0131lama ve tarama arac\u0131.1997\/98<\/span><\/strong><\/p>\n<p>&nbsp;<\/p>\n<p><span style=\"font-size: xx-small;\"><img loading=\"lazy\" decoding=\"async\" src=\"http:\/\/www.turgutlurotary.org\/images\/ataturk_bustu.jpg\" alt=\"\" width=\"342\" height=\"235\" border=\"0\" \/> <\/span><\/p>\n<p><strong><span style=\"font-size: xx-small;\">Okullar\u0131m\u0131z\u0131 Atat\u00fcrk b\u00fcstleri ile donatt\u0131k. Art\u0131k Turgutlu&#8217;da Atat\u00fcrk b\u00fcst\u00fc olmayan okul yok.<\/span><\/strong><\/p>\n<p>&nbsp;<\/p>\n<p><span style=\"font-size: xx-small;\"> <img loading=\"lazy\" decoding=\"async\" src=\"http:\/\/www.turgutlurotary.org\/images\/prod012.jpg\" alt=\"\" width=\"350\" height=\"242\" border=\"0\" \/> <\/span><\/p>\n<p><strong><span style=\"font-size: xx-small;\">1996\/97 D\u00f6neminde k\u0131z\u0131lay kamp\u0131na yollad\u0131\u011f\u0131m\u0131z gen\u00e7lerimiz.<\/span><\/strong><\/p>\n<p>&nbsp;<\/p>\n<p><span style=\"font-size: xx-small;\"><img loading=\"lazy\" decoding=\"async\" src=\"http:\/\/www.turgutlurotary.org\/images\/gokhan_meslek_odulu.jpg\" alt=\"\" width=\"322\" height=\"229\" border=\"0\" \/> <\/span><\/p>\n<p><strong><span style=\"font-size: xx-small;\">Bir zab\u0131ta memuruna meslek hizmet \u00f6d\u00fcl\u00fc veriliyor.1996\/97 d\u00f6nemi.<\/span><\/strong><\/p>\n<p>&nbsp;<\/p>\n<p><span style=\"font-size: xx-small;\"><img loading=\"lazy\" decoding=\"async\" src=\"http:\/\/www.turgutlurotary.org\/images\/uzun_donem_turgutlu_ogr.jpg\" alt=\"\" width=\"334\" height=\"213\" border=\"0\" \/> <\/span><\/p>\n<p><strong><span style=\"font-size: xx-small;\">\u0130lk projelerimizden biri. Yeni Zelanda&#8217;ya G\u0130M Tak\u0131m\u0131 ile g\u00f6nderdi\u011fimiz Avukat Filiz Kunt ve k\u0131rm\u0131z\u0131 ceketiyle kurucu ba\u015fkan\u0131m\u0131z RTN. SAM\u0130M ER &#8211;\u00a0 1992\/93 d\u00f6nemi.<\/span><\/strong><\/p>\n","protected":false},"excerpt":{"rendered":"<p>Kurulu\u015fumuzdan 2000\/2001 d\u00f6nemine kadar yap\u0131lan projelerimizden \u00f6rnekler. &nbsp; &nbsp; &nbsp; &nbsp; &nbsp; &nbsp; BA\u015eARILI L\u0130SE \u00d6\u011eRENC\u0130LER\u0130NE B\u0130S\u0130KLET PROJEM\u0130Z. &nbsp; &nbsp; ULUSLARASI ROTARY BA\u015eKANI\u00a0\u00a0\u00a0\u00a0\u00a0\u00a0\u00a0 FRANK J. DEVLYN D\u00d6NEM 2000\/2001 D\u00d6NEM BA\u015eKANIMIZ DR.HAS\u0130BE \u00c7APKIN \u0130LE B\u0130RL\u0130KTE B\u00d6LGEM\u0130Z\u0130 Z\u0130YARET\u0130NDE. &nbsp; TURGUTLU&#8217;DA BA\u011eCILARIN VE BA\u011eCILI\u011eIN GEL\u0130\u015e\u0130M\u0130 \u0130\u00c7\u0130N\u00a0 DR. S\u00dcLEYMAN BA\u011eCI &#8216;NIN KATKILARIYLAD\u00dcZENLENEN\u00a0 PRAT\u0130K BA\u011eCILIK K\u0130TABI PROJEM\u0130Z. &nbsp; 30 Gencimize [&hellip;]<\/p>\n","protected":false},"author":8,"featured_media":0,"parent":41,"menu_order":100,"comment_status":"closed","ping_status":"closed","template":"","meta":{"footnotes":""},"class_list":["post-43","page","type-page","status-publish","hentry"],"_links":{"self":[{"href":"https:\/\/www.turgutlurotary.org\/yeni\/wp-json\/wp\/v2\/pages\/43","targetHints":{"allow":["GET"]}}],"collection":[{"href":"https:\/\/www.turgutlurotary.org\/yeni\/wp-json\/wp\/v2\/pages"}],"about":[{"href":"https:\/\/www.turgutlurotary.org\/yeni\/wp-json\/wp\/v2\/types\/page"}],"author":[{"embeddable":true,"href":"https:\/\/www.turgutlurotary.org\/yeni\/wp-json\/wp\/v2\/users\/8"}],"replies":[{"embeddable":true,"href":"https:\/\/www.turgutlurotary.org\/yeni\/wp-json\/wp\/v2\/comments?post=43"}],"version-history":[{"count":3,"href":"https:\/\/www.turgutlurotary.org\/yeni\/wp-json\/wp\/v2\/pages\/43\/revisions"}],"predecessor-version":[{"id":360,"href":"https:\/\/www.turgutlurotary.org\/yeni\/wp-json\/wp\/v2\/pages\/43\/revisions\/360"}],"up":[{"embeddable":true,"href":"https:\/\/www.turgutlurotary.org\/yeni\/wp-json\/wp\/v2\/pages\/41"}],"wp:attachment":[{"href":"https:\/\/www.turgutlurotary.org\/yeni\/wp-json\/wp\/v2\/media?parent=43"}],"curies":[{"name":"wp","href":"https:\/\/api.w.org\/{rel}","templated":true}]}}