{"id":41,"date":"2011-03-02T09:50:47","date_gmt":"2011-03-02T09:50:47","guid":{"rendered":"http:\/\/www.kalfaoglu.net\/rotary\/?page_id=41"},"modified":"2011-06-27T04:03:26","modified_gmt":"2011-06-27T04:03:26","slug":"projelerimiz","status":"publish","type":"page","link":"https:\/\/www.turgutlurotary.org\/yeni\/projelerimiz\/","title":{"rendered":"Projelerimiz"},"content":{"rendered":"<p><strong>&#8220;Bizler Turgutlu&#8217;ya hizmet i\u00e7in var\u0131z.&#8221;<\/strong><\/p>\n<p><img loading=\"lazy\" decoding=\"async\" src=\"http:\/\/www.turgutlurotary.org\/images\/TOPLU_FOTO_WEB.jpg\" border=\"0\" alt=\"\" width=\"383\" height=\"208\" \/><\/p>\n<p><strong><span style=\"font-size: large;\">KUL\u00dcB\u00dcM\u00dcZ TURGUTLU&#8217;YA VE T\u00dcM       \u0130NSANLI\u011eA H\u0130ZMET \u0130\u00c7\u0130N KURULMU\u015eTUR<\/span><\/strong><\/p>\n<p><strong><span style=\"color: #ff0000; font-size: large;\">SOLDAK\u0130 D\u00dc\u011eMELERDEN PROJELER\u0130M\u0130ZE ER\u0130\u015eEB\u0130L\u0130RS\u0130N\u0130Z<\/span><\/strong><\/p>\n","protected":false},"excerpt":{"rendered":"<p>&#8220;Bizler Turgutlu&#8217;ya hizmet i\u00e7in var\u0131z.&#8221; KUL\u00dcB\u00dcM\u00dcZ TURGUTLU&#8217;YA VE T\u00dcM \u0130NSANLI\u011eA H\u0130ZMET \u0130\u00c7\u0130N KURULMU\u015eTUR SOLDAK\u0130 D\u00dc\u011eMELERDEN PROJELER\u0130M\u0130ZE ER\u0130\u015eEB\u0130L\u0130RS\u0130N\u0130Z<\/p>\n","protected":false},"author":8,"featured_media":0,"parent":0,"menu_order":50,"comment_status":"closed","ping_status":"closed","template":"","meta":{"footnotes":""},"class_list":["post-41","page","type-page","status-publish","hentry"],"_links":{"self":[{"href":"https:\/\/www.turgutlurotary.org\/yeni\/wp-json\/wp\/v2\/pages\/41","targetHints":{"allow":["GET"]}}],"collection":[{"href":"https:\/\/www.turgutlurotary.org\/yeni\/wp-json\/wp\/v2\/pages"}],"about":[{"href":"https:\/\/www.turgutlurotary.org\/yeni\/wp-json\/wp\/v2\/types\/page"}],"author":[{"embeddable":true,"href":"https:\/\/www.turgutlurotary.org\/yeni\/wp-json\/wp\/v2\/users\/8"}],"replies":[{"embeddable":true,"href":"https:\/\/www.turgutlurotary.org\/yeni\/wp-json\/wp\/v2\/comments?post=41"}],"version-history":[{"count":4,"href":"https:\/\/www.turgutlurotary.org\/yeni\/wp-json\/wp\/v2\/pages\/41\/revisions"}],"predecessor-version":[{"id":685,"href":"https:\/\/www.turgutlurotary.org\/yeni\/wp-json\/wp\/v2\/pages\/41\/revisions\/685"}],"wp:attachment":[{"href":"https:\/\/www.turgutlurotary.org\/yeni\/wp-json\/wp\/v2\/media?parent=41"}],"curies":[{"name":"wp","href":"https:\/\/api.w.org\/{rel}","templated":true}]}}