{"id":39,"date":"2011-03-02T09:49:25","date_gmt":"2011-03-02T09:49:25","guid":{"rendered":"http:\/\/www.kalfaoglu.net\/rotary\/?page_id=39"},"modified":"2022-04-15T11:12:07","modified_gmt":"2022-04-15T11:12:07","slug":"asi-aracimiz","status":"publish","type":"page","link":"https:\/\/www.turgutlurotary.org\/yeni\/asi-aracimiz\/","title":{"rendered":"A\u015eI ARACIMIZ (E\u015eL\u0130 BA\u011eI\u015e)"},"content":{"rendered":"<p><img loading=\"lazy\" decoding=\"async\" src=\"http:\/\/www.turgutlurotary.org\/images\/Polioplu.gif\" alt=\"\" width=\"125\" height=\"104\" border=\"0\"><\/p>\n<h3><span style=\"color: #000000;\"><strong> <span style=\"font-size: xx-small;\">Uluslararas\u0131 Rotary Vakf\u0131 \u00c7ocuk Felci A\u015f\u0131lama Kampanyas\u0131<\/span><\/strong> <span style=\"font-size: xx-small;\"> <strong>Logosu.<\/strong><\/span><\/span><\/h3>\n<h3><span style=\"color: #000000;\"><strong><span style=\"font-size: xx-small;\">\u00c7ocuk felci a\u015f\u0131lama kampanyas\u0131 Rotary&#8217;nin D\u00fcnyadan \u00c7ocuk Felcini tamamen silmeye y\u00f6nelik 2 milyar dolar b\u00fct\u00e7eli bir projesidir.<\/span><\/strong><\/span><\/h3>\n<p>&nbsp;<\/p>\n<p><span style=\"font-size: xx-small;\"> <img loading=\"lazy\" decoding=\"async\" src=\"http:\/\/www.turgutlurotary.org\/images\/asi_araci_esli_bagis_web.jpg\" alt=\"\" width=\"427\" height=\"294\" border=\"0\"> <\/span><\/p>\n<p><span style=\"font-size: xx-small;\"> <strong>\u00c7OCUK FELC\u0130 A\u015eILAMA KAMPANYASI KAPSAMINDA TURGUTLU&#8217;MUZA KAZANDIRDI\u011eIMIZ GEZ\u0130C\u0130 A\u015eI ARACIMIZ TURGUTLU 1NOLU SA\u011eLIK OCA\u011eI&#8217;NDA T\u00dcM TURGUTLUYA H\u0130ZMET VERMEKTED\u0130R.<\/strong><br \/>\n<em>(A.B.D. <strong> 6290. B\u00d6LGE<\/strong> \u0130LE KUL\u00dcB\u00dcM\u00dcZ&#8217;\u00dcN ORTAK PROJES\u0130 OLAN BU ARA\u00c7 <strong>24.000 USD<\/strong>&#8216;YE MALOLMU\u015eTUR)<\/em><\/span><\/p>\n<ul>\n<li><span style=\"font-size: xx-small;\">A\u015eI ARACI \u00d6ZELL\u0130KLE TURGUTLU K\u00d6YLER\u0130NDE SA\u011eLIK TARAMALARI VE A\u015eILAMALAR \u0130\u00c7\u0130N KULLANILMAKTADIR. BU ARA\u00c7 TURGUTLU 1 NOLU SA\u011eLIK OCA\u011eI&#8217;NA TURGUTLU ROTARY KUL\u00dcB\u00dc TARAFINDAN 1997-98 D\u00d6NEM\u0130NDE BA\u015eKA H\u0130\u00c7 B\u0130R AMA\u00c7LA KULLANILMAMAK \u00dcZERE \u015eARTLI BA\u011eI\u015eLA H\u0130BE ED\u0130LM\u0130\u015eT\u0130R.<\/span><\/li>\n<\/ul>\n<h3><span style=\"font-size: xx-small;\">ARACIMIZDA<\/span><\/h3>\n<ul>\n<li><span style=\"font-size: xx-small;\">Muayene Yata\u011f\u0131 ve Dolaplar<\/span><\/li>\n<li><span style=\"font-size: xx-small;\">Buzdolab\u0131<\/span><\/li>\n<li><span style=\"font-size: xx-small;\">Gezici Tahlil Laboratuar\u0131&nbsp;&nbsp;&nbsp;&nbsp;&nbsp;&nbsp;&nbsp;&nbsp;&nbsp;&nbsp;&nbsp;&nbsp;&nbsp;&nbsp; bulunmaktad\u0131r.<\/span><\/li>\n<\/ul>\n<h3><span style=\"font-size: xx-small;\">Katk\u0131lar<\/span><\/h3>\n<p><span style=\"font-size: xx-small;\"><img loading=\"lazy\" decoding=\"async\" src=\"http:\/\/www.turgutlurotary.org\/images\/asi_araci_web.jpg\" alt=\"\" width=\"436\" height=\"299\" border=\"0\"><\/span><\/p>\n<table border=\"1\" cellpadding=\"4\">\n<tbody>\n<tr>\n<th align=\"center\" height=\"29\"><strong><span style=\"font-size: xx-small;\">Katk\u0131y\u0131 Yapan\/Name<\/span><\/strong><\/th>\n<th align=\"center\" height=\"29\"><strong><span style=\"font-size: xx-small;\">B\u00f6lge\/District<\/span><\/strong><\/th>\n<th align=\"center\" height=\"29\"><strong><span style=\"font-size: xx-small;\">Miktar\/Amount<\/span><\/strong><\/th>\n<\/tr>\n<tr>\n<td align=\"center\" height=\"36\"><span style=\"font-size: xx-small;\">Turgutlu Rotary Kul\u00fcb\u00fc<\/span><\/td>\n<td align=\"center\" height=\"36\"><span style=\"font-size: xx-small;\"><strong>2440<\/strong>.<\/span><\/td>\n<td align=\"center\" height=\"36\"><span style=\"font-size: xx-small;\">4.000 usd<\/span><\/td>\n<\/tr>\n<tr>\n<td align=\"center\" height=\"18\"><span style=\"font-size: xx-small;\">2440. B\u00f6lge<\/span><\/td>\n<td align=\"center\" height=\"18\"><strong><span style=\"font-size: xx-small;\">2440<\/span><\/strong><\/td>\n<td align=\"center\" height=\"18\"><span style=\"font-size: xx-small;\">2.000 usd<\/span><\/td>\n<\/tr>\n<tr>\n<td align=\"center\" height=\"25\"><span style=\"font-size: xx-small;\">A.B.D. 6290. B\u00f6lge<\/span><\/td>\n<td align=\"center\" height=\"25\"><strong><span style=\"font-size: xx-small;\">6290\/USA<\/span><\/strong><\/td>\n<td align=\"center\" height=\"25\"><span style=\"font-size: xx-small;\">6.000 usd<\/span><\/td>\n<\/tr>\n<tr>\n<td align=\"center\" height=\"54\"><span style=\"font-size: xx-small;\">U.R. Vakf\u0131&nbsp;&nbsp;&nbsp;&nbsp; (<strong>Rotary Foundation<\/strong>) <\/span><\/td>\n<td align=\"center\" height=\"54\"><\/td>\n<td align=\"center\" height=\"54\"><span style=\"font-size: xx-small;\">12.000 usd<\/span><\/td>\n<\/tr>\n<tr>\n<td align=\"center\" height=\"36\"><strong><span style=\"font-size: xx-small;\">TOPLAM PROJE BEDEL\u0130<\/span><\/strong><\/td>\n<td align=\"center\" height=\"36\"><\/td>\n<td align=\"center\" height=\"36\"><strong><span style=\"text-decoration: underline;\"><span style=\"font-size: xx-small;\">24.000 USD<\/span><\/span><\/strong><\/td>\n<\/tr>\n<\/tbody>\n<\/table>\n<p><span style=\"font-size: xx-small;\"> Bu b\u00fcy\u00fck de\u011feri Turgutlu&#8217;muza Kazand\u0131rmam\u0131za Katk\u0131da Bulunan A.B.D 6290. B\u00f6lge Kul\u00fcpleri&#8217;ne ve Uluslararas\u0131 Rotary Vakf\u0131na Sonsuz Te\u015fekk\u00fcrlerimizi Sunar\u0131z.<\/span><\/p>\n<p><span style=\"color: #000000;\"><strong><span style=\"font-size: xx-small;\">Thanks to Clubs of USA District 6290. and Rotary Foundation.<\/span><\/strong><\/span><\/p>\n<hr>\n<p><span style=\"font-size: xx-small;\"> <img loading=\"lazy\" decoding=\"async\" src=\"http:\/\/www.turgutlurotary.org\/images\/asi_araci3_web.jpg\" alt=\"\" width=\"458\" height=\"274\" border=\"0\"> <\/span><\/p>\n<p><span style=\"font-size: xx-small;\"> A\u015f\u0131 arac\u0131m\u0131z g\u00f6rev yapt\u0131\u011f\u0131 Turgutlu 1 Nolu Sa\u011fl\u0131k Oca\u011f\u0131 \u00f6n\u00fcnde g\u00f6revli arkada\u015flar\u0131m\u0131zla birlikte.<\/span><\/p>\n<p>&nbsp;<\/p>\n<p><span style=\"font-size: xx-small;\"> <img loading=\"lazy\" decoding=\"async\" src=\"http:\/\/www.turgutlurotary.org\/images\/asi_araci2_web.jpg\" alt=\"\" width=\"457\" height=\"292\" border=\"0\"> <\/span><\/p>\n<p><span style=\"font-size: xx-small;\">A\u015f\u0131 arac\u0131m\u0131z\u0131n teslim edildi\u011fi g\u00fcn <strong>Manisa Valimiz Sn. Muzaffer Ecemi\u015f<\/strong> ile birlikteyiz. Kendileri bizleri okul yap\u0131m\u0131na sevk etmi\u015f ve okulumuzun ad\u0131 ve bitirilmesi ile ilgili her sorunumuza b\u00fcy\u00fck bir ilgiyle yakla\u015fm\u0131\u015ft\u0131r. Kendisine Minnettar\u0131z.<\/span><\/p>\n<p>&nbsp;<\/p>\n<p><span style=\"font-size: xx-small;\">Bilgi \u0130\u00e7in : <a href=\"mailto:info@turgutlurotary.org\">info@turgutlurotary.org<\/a> <\/span><\/p>\n<p>&nbsp;<\/p>\n","protected":false},"excerpt":{"rendered":"<p>Uluslararas\u0131 Rotary Vakf\u0131 \u00c7ocuk Felci A\u015f\u0131lama Kampanyas\u0131 Logosu. \u00c7ocuk felci a\u015f\u0131lama kampanyas\u0131 Rotary&#8217;nin D\u00fcnyadan \u00c7ocuk Felcini tamamen silmeye y\u00f6nelik 2 milyar dolar b\u00fct\u00e7eli bir projesidir. &nbsp; \u00c7OCUK FELC\u0130 A\u015eILAMA KAMPANYASI KAPSAMINDA TURGUTLU&#8217;MUZA KAZANDIRDI\u011eIMIZ GEZ\u0130C\u0130 A\u015eI ARACIMIZ TURGUTLU 1NOLU SA\u011eLIK OCA\u011eI&#8217;NDA T\u00dcM TURGUTLUYA H\u0130ZMET VERMEKTED\u0130R. (A.B.D. 6290. B\u00d6LGE \u0130LE KUL\u00dcB\u00dcM\u00dcZ&#8217;\u00dcN ORTAK PROJES\u0130 OLAN BU ARA\u00c7 24.000 [&hellip;]<\/p>\n","protected":false},"author":8,"featured_media":0,"parent":0,"menu_order":22,"comment_status":"closed","ping_status":"closed","template":"","meta":{"footnotes":""},"class_list":["post-39","page","type-page","status-publish","hentry"],"_links":{"self":[{"href":"https:\/\/www.turgutlurotary.org\/yeni\/wp-json\/wp\/v2\/pages\/39","targetHints":{"allow":["GET"]}}],"collection":[{"href":"https:\/\/www.turgutlurotary.org\/yeni\/wp-json\/wp\/v2\/pages"}],"about":[{"href":"https:\/\/www.turgutlurotary.org\/yeni\/wp-json\/wp\/v2\/types\/page"}],"author":[{"embeddable":true,"href":"https:\/\/www.turgutlurotary.org\/yeni\/wp-json\/wp\/v2\/users\/8"}],"replies":[{"embeddable":true,"href":"https:\/\/www.turgutlurotary.org\/yeni\/wp-json\/wp\/v2\/comments?post=39"}],"version-history":[{"count":7,"href":"https:\/\/www.turgutlurotary.org\/yeni\/wp-json\/wp\/v2\/pages\/39\/revisions"}],"predecessor-version":[{"id":921,"href":"https:\/\/www.turgutlurotary.org\/yeni\/wp-json\/wp\/v2\/pages\/39\/revisions\/921"}],"wp:attachment":[{"href":"https:\/\/www.turgutlurotary.org\/yeni\/wp-json\/wp\/v2\/media?parent=39"}],"curies":[{"name":"wp","href":"https:\/\/api.w.org\/{rel}","templated":true}]}}