{"id":382,"date":"2013-07-12T07:53:44","date_gmt":"2013-07-12T07:53:44","guid":{"rendered":"http:\/\/www.turgutlurotary.org\/yeni\/?page_id=382"},"modified":"2019-07-12T10:52:34","modified_gmt":"2019-07-12T10:52:34","slug":"2013-2014-donemi","status":"publish","type":"page","link":"https:\/\/www.turgutlurotary.org\/yeni\/projelerimiz\/2013-2014-donemi\/","title":{"rendered":"2013-2014 D\u00f6nemi"},"content":{"rendered":"<p style=\"text-align: center;\"><a href=\"https:\/\/www.turgutlurotary.org\/yeni\/wp-content\/uploads\/2013\/07\/D\u00f6nem-temas\u0131-2.jpg\"><img loading=\"lazy\" decoding=\"async\" class=\"size-medium wp-image-385\" src=\"https:\/\/www.turgutlurotary.org\/yeni\/wp-content\/uploads\/2013\/07\/D\u00f6nem-temas\u0131-2-201x300.jpg\" alt=\"T\" width=\"201\" height=\"300\" srcset=\"https:\/\/www.turgutlurotary.org\/yeni\/wp-content\/uploads\/2013\/07\/D\u00f6nem-temas\u0131-2-201x300.jpg 201w, https:\/\/www.turgutlurotary.org\/yeni\/wp-content\/uploads\/2013\/07\/D\u00f6nem-temas\u0131-2.jpg 301w\" sizes=\"auto, (max-width: 201px) 100vw, 201px\" \/><\/a><\/p>\n<p style=\"text-align: center;\">2013-2014 D\u00d6NEM SOGANIMIZ &#8220;ROTARY \u0130LE YA\u015eAMLARI DE\u011e\u0130\u015eT\u0130R\u0130N&#8221; 2440.B\u00d6LGE GUVERN\u00d6R\u00dc RTN.ESAT KARDI\u00c7ALI<\/p>\n<div id=\"attachment_384\" style=\"width: 235px\" class=\"wp-caption aligncenter\"><a href=\"https:\/\/www.turgutlurotary.org\/yeni\/wp-content\/uploads\/2013\/07\/rotary2014.jpg\"><img loading=\"lazy\" decoding=\"async\" aria-describedby=\"caption-attachment-384\" class=\"size-medium wp-image-384\" src=\"https:\/\/www.turgutlurotary.org\/yeni\/wp-content\/uploads\/2013\/07\/rotary2014-225x300.jpg\" alt=\"2013-14 D\u00d6NEM BA\u015eKANIMIZ RTN. MUHARREM \u015eAHAN VE E\u015e\u0130 BURCU BU D\u00d6NEM L\u0130DERLER\u0130M\u0130Z OLACALLAR\" width=\"225\" height=\"300\" srcset=\"https:\/\/www.turgutlurotary.org\/yeni\/wp-content\/uploads\/2013\/07\/rotary2014-225x300.jpg 225w, https:\/\/www.turgutlurotary.org\/yeni\/wp-content\/uploads\/2013\/07\/rotary2014.jpg 300w\" sizes=\"auto, (max-width: 225px) 100vw, 225px\" \/><\/a><p id=\"caption-attachment-384\" class=\"wp-caption-text\">2013-14 D\u00d6NEM BA\u015eKANIMIZ RTN. MUHARREM \u015eAHAN VE E\u015e\u0130 BURCU BU D\u00d6NEM L\u0130DERLER\u0130M\u0130Z OLACAKLAR<\/p><\/div>\n<div id=\"attachment_387\" style=\"width: 310px\" class=\"wp-caption aligncenter\"><a href=\"https:\/\/www.turgutlurotary.org\/yeni\/wp-content\/uploads\/2013\/07\/DSCI1606.jpg\"><img loading=\"lazy\" decoding=\"async\" aria-describedby=\"caption-attachment-387\" class=\"size-medium wp-image-387\" src=\"https:\/\/www.turgutlurotary.org\/yeni\/wp-content\/uploads\/2013\/07\/DSCI1606-300x225.jpg\" alt=\"\u0130LK TOPLANTIMIZDA RTN. HAS\u0130BE \u00c7APKIN'A PAUL HARRIS DOSTLUK BERATINI TAKD\u0130M ETT\u0130K.\" width=\"300\" height=\"225\" srcset=\"https:\/\/www.turgutlurotary.org\/yeni\/wp-content\/uploads\/2013\/07\/DSCI1606-300x225.jpg 300w, https:\/\/www.turgutlurotary.org\/yeni\/wp-content\/uploads\/2013\/07\/DSCI1606.jpg 800w\" sizes=\"auto, (max-width: 300px) 100vw, 300px\" \/><\/a><p id=\"caption-attachment-387\" class=\"wp-caption-text\">\u0130LK TOPLANTIMIZDA RTN. HAS\u0130BE \u00c7APKIN&#8217;A PAUL HARRIS DOSTLUK BERATINI TAKD\u0130M ETT\u0130K.<\/p><\/div>\n<div id=\"attachment_388\" style=\"width: 310px\" class=\"wp-caption aligncenter\"><a href=\"https:\/\/www.turgutlurotary.org\/yeni\/wp-content\/uploads\/2013\/07\/DSCI1608.jpg\"><img loading=\"lazy\" decoding=\"async\" aria-describedby=\"caption-attachment-388\" class=\"size-medium wp-image-388\" src=\"https:\/\/www.turgutlurotary.org\/yeni\/wp-content\/uploads\/2013\/07\/DSCI1608-300x225.jpg\" alt=\"Y\u0130NE RTN. CENG\u0130Z \u015eENER PAUL HARR\u0130S DOSTLUK BERATINI ALIRKEN G\u00d6R\u00dcL\u00dcYOR.\" width=\"300\" height=\"225\" srcset=\"https:\/\/www.turgutlurotary.org\/yeni\/wp-content\/uploads\/2013\/07\/DSCI1608-300x225.jpg 300w, https:\/\/www.turgutlurotary.org\/yeni\/wp-content\/uploads\/2013\/07\/DSCI1608.jpg 800w\" sizes=\"auto, (max-width: 300px) 100vw, 300px\" \/><\/a><p id=\"caption-attachment-388\" class=\"wp-caption-text\">Y\u0130NE RTN. CENG\u0130Z \u015eENER PAUL HARR\u0130S DOSTLUK BERATINI ALIRKEN G\u00d6R\u00dcL\u00dcYOR.<\/p><\/div>\n<div id=\"attachment_389\" style=\"width: 310px\" class=\"wp-caption aligncenter\"><a href=\"https:\/\/www.turgutlurotary.org\/yeni\/wp-content\/uploads\/2013\/07\/DSCI1603.jpg\"><img loading=\"lazy\" decoding=\"async\" aria-describedby=\"caption-attachment-389\" class=\"size-medium wp-image-389\" src=\"https:\/\/www.turgutlurotary.org\/yeni\/wp-content\/uploads\/2013\/07\/DSCI1603-300x225.jpg\" alt=\"\u00dcYELER\u0130M\u0130ZDEN BAZILARI B\u00d6LGE PROJEM\u0130Z OLAN TEMA VAKFI A\u011eA\u00c7LANDIRMA PROJES\u0130 KAPSAMINDA \u0130L GELEN \u00dcYEYE VER\u0130LECEK F\u0130DANLARA SPONSOR OLDULAR\" width=\"300\" height=\"225\" srcset=\"https:\/\/www.turgutlurotary.org\/yeni\/wp-content\/uploads\/2013\/07\/DSCI1603-300x225.jpg 300w, https:\/\/www.turgutlurotary.org\/yeni\/wp-content\/uploads\/2013\/07\/DSCI1603.jpg 800w\" sizes=\"auto, (max-width: 300px) 100vw, 300px\" \/><\/a><p id=\"caption-attachment-389\" class=\"wp-caption-text\">\u00dcYELER\u0130M\u0130ZDEN BAZILARI B\u00d6LGE PROJEM\u0130Z OLAN TEMA VAKFI A\u011eA\u00c7LANDIRMA PROJES\u0130 KAPSAMINDA \u0130L GELEN \u00dcYEYE VER\u0130LECEK F\u0130DANLARA SPONSOR OLDULAR<\/p><\/div>\n<div id=\"attachment_409\" style=\"width: 310px\" class=\"wp-caption aligncenter\"><a href=\"https:\/\/www.turgutlurotary.org\/yeni\/wp-content\/uploads\/2013\/07\/1067.-toplanti-004.jpg\"><img loading=\"lazy\" decoding=\"async\" aria-describedby=\"caption-attachment-409\" class=\"size-medium wp-image-409\" src=\"https:\/\/www.turgutlurotary.org\/yeni\/wp-content\/uploads\/2013\/07\/1067.-toplanti-004-300x251.jpg\" alt=\"E\u015eL\u0130 BA\u011eI\u015e PROJEM\u0130Z \u0130LE PAUL HARR\u0130S DOSTU OLAN RTN.PERTEV T\u00dcZ\u00dcN'E \u0130\u015eYER\u0130 Z\u0130YARET\u0130 YAPTIK VE BERATINI TAKD\u0130M ETT\u0130K.\" width=\"300\" height=\"251\" srcset=\"https:\/\/www.turgutlurotary.org\/yeni\/wp-content\/uploads\/2013\/07\/1067.-toplanti-004-300x251.jpg 300w, https:\/\/www.turgutlurotary.org\/yeni\/wp-content\/uploads\/2013\/07\/1067.-toplanti-004.jpg 450w\" sizes=\"auto, (max-width: 300px) 100vw, 300px\" \/><\/a><p id=\"caption-attachment-409\" class=\"wp-caption-text\">E\u015eL\u0130 BA\u011eI\u015e PROJEM\u0130Z \u0130LE PAUL HARR\u0130S DOSTU OLAN RTN.PERTEV T\u00dcZ\u00dcN&#8217;E \u0130\u015eYER\u0130 Z\u0130YARET\u0130 YAPTIK VE BERATINI TAKD\u0130M ETT\u0130K.<\/p><\/div>\n<p style=\"text-align: center;\">\u00a0<a href=\"https:\/\/www.turgutlurotary.org\/yeni\/wp-content\/uploads\/2013\/07\/kendini-ke\u015ffet-projesi3.jpg\"><img loading=\"lazy\" decoding=\"async\" class=\"aligncenter  wp-image-441\" src=\"https:\/\/www.turgutlurotary.org\/yeni\/wp-content\/uploads\/2013\/07\/kendini-ke\u015ffet-projesi3-150x150.jpg\" alt=\"kendini ke\u015ffet projesi3\" width=\"182\" height=\"182\" \/><\/a><\/p>\n<p style=\"text-align: center;\">\u00a0<a href=\"https:\/\/www.turgutlurotary.org\/yeni\/wp-content\/uploads\/2013\/07\/turgutlu-rotary-kendini-kesfet-projesi.pdf\">turgutlu rotary kendini kesfet projesi<\/a><\/p>\n<p style=\"text-align: center;\"><a href=\"https:\/\/www.turgutlurotary.org\/yeni\/wp-content\/uploads\/2013\/07\/kendini-ke\u015ffet-projesi1.jpg\"><img loading=\"lazy\" decoding=\"async\" class=\"aligncenter  wp-image-445\" src=\"https:\/\/www.turgutlurotary.org\/yeni\/wp-content\/uploads\/2013\/07\/kendini-ke\u015ffet-projesi1-150x150.jpg\" alt=\"kendini ke\u015ffet projesi1\" width=\"190\" height=\"190\" \/><\/a><\/p>\n<div id=\"attachment_442\" style=\"width: 195px\" class=\"wp-caption aligncenter\"><a href=\"https:\/\/www.turgutlurotary.org\/yeni\/wp-content\/uploads\/2013\/07\/DSCI1688.jpg\"><img loading=\"lazy\" decoding=\"async\" aria-describedby=\"caption-attachment-442\" class=\" wp-image-442\" src=\"https:\/\/www.turgutlurotary.org\/yeni\/wp-content\/uploads\/2013\/07\/DSCI1688-150x150.jpg\" alt=\"TURGUTLU ROTARY \u0130LK\u00d6\u011eRET\u0130M OKULU AKILLI TAHTA E\u015eL\u0130 BA\u011eI\u015e PROJES\u0130\" width=\"185\" height=\"185\" \/><\/a><p id=\"caption-attachment-442\" class=\"wp-caption-text\">TURGUTLU ROTARY \u0130LK\u00d6\u011eRET\u0130M OKULU AKILLI TAHTA E\u015eL\u0130 BA\u011eI\u015e PROJES\u0130<\/p><\/div>\n<p style=\"text-align: center;\"><a href=\"https:\/\/www.turgutlurotary.org\/yeni\/wp-content\/uploads\/2013\/07\/ROTARY-CLUB-OF-TURGUTLU-MG-79678.pdf\">TURGUTLU ROTARY AKILLI TAHTA PROJESI<\/a><\/p>\n<p style=\"text-align: center;\"><a href=\"https:\/\/www.turgutlurotary.org\/yeni\/wp-content\/uploads\/2013\/07\/DSCI1663.jpg\"><img loading=\"lazy\" decoding=\"async\" class=\"aligncenter  wp-image-444\" src=\"https:\/\/www.turgutlurotary.org\/yeni\/wp-content\/uploads\/2013\/07\/DSCI1663-150x150.jpg\" alt=\"DSCI1663\" width=\"205\" height=\"205\" \/><\/a><\/p>\n","protected":false},"excerpt":{"rendered":"<p>2013-2014 D\u00d6NEM SOGANIMIZ &#8220;ROTARY \u0130LE YA\u015eAMLARI DE\u011e\u0130\u015eT\u0130R\u0130N&#8221; 2440.B\u00d6LGE GUVERN\u00d6R\u00dc RTN.ESAT KARDI\u00c7ALI \u00a0 \u00a0turgutlu rotary kendini kesfet projesi TURGUTLU ROTARY AKILLI TAHTA PROJESI<\/p>\n","protected":false},"author":8,"featured_media":0,"parent":41,"menu_order":83,"comment_status":"closed","ping_status":"closed","template":"","meta":{"footnotes":""},"class_list":["post-382","page","type-page","status-publish","hentry"],"_links":{"self":[{"href":"https:\/\/www.turgutlurotary.org\/yeni\/wp-json\/wp\/v2\/pages\/382","targetHints":{"allow":["GET"]}}],"collection":[{"href":"https:\/\/www.turgutlurotary.org\/yeni\/wp-json\/wp\/v2\/pages"}],"about":[{"href":"https:\/\/www.turgutlurotary.org\/yeni\/wp-json\/wp\/v2\/types\/page"}],"author":[{"embeddable":true,"href":"https:\/\/www.turgutlurotary.org\/yeni\/wp-json\/wp\/v2\/users\/8"}],"replies":[{"embeddable":true,"href":"https:\/\/www.turgutlurotary.org\/yeni\/wp-json\/wp\/v2\/comments?post=382"}],"version-history":[{"count":8,"href":"https:\/\/www.turgutlurotary.org\/yeni\/wp-json\/wp\/v2\/pages\/382\/revisions"}],"predecessor-version":[{"id":728,"href":"https:\/\/www.turgutlurotary.org\/yeni\/wp-json\/wp\/v2\/pages\/382\/revisions\/728"}],"up":[{"embeddable":true,"href":"https:\/\/www.turgutlurotary.org\/yeni\/wp-json\/wp\/v2\/pages\/41"}],"wp:attachment":[{"href":"https:\/\/www.turgutlurotary.org\/yeni\/wp-json\/wp\/v2\/media?parent=382"}],"curies":[{"name":"wp","href":"https:\/\/api.w.org\/{rel}","templated":true}]}}