{"id":337,"date":"2012-07-14T07:25:05","date_gmt":"2012-07-14T07:25:05","guid":{"rendered":"http:\/\/www.turgutlurotary.org\/yeni\/?page_id=337"},"modified":"2019-07-12T10:51:40","modified_gmt":"2019-07-12T10:51:40","slug":"2012-2013-donemi","status":"publish","type":"page","link":"https:\/\/www.turgutlurotary.org\/yeni\/projelerimiz\/2012-2013-donemi\/","title":{"rendered":"2012-2013 D\u00f6nemi"},"content":{"rendered":"<div id=\"attachment_338\" style=\"width: 245px\" class=\"wp-caption aligncenter\"><a href=\"https:\/\/www.turgutlurotary.org\/yeni\/wp-content\/uploads\/2012\/07\/2012-13-donem-logo.jpg\"><img loading=\"lazy\" decoding=\"async\" aria-describedby=\"caption-attachment-338\" class=\"size-medium wp-image-338\" title=\"2012-13 donem logo\" src=\"https:\/\/www.turgutlurotary.org\/yeni\/wp-content\/uploads\/2012\/07\/2012-13-donem-logo-235x300.jpg\" alt=\"\" width=\"235\" height=\"300\" srcset=\"https:\/\/www.turgutlurotary.org\/yeni\/wp-content\/uploads\/2012\/07\/2012-13-donem-logo-235x300.jpg 235w, https:\/\/www.turgutlurotary.org\/yeni\/wp-content\/uploads\/2012\/07\/2012-13-donem-logo.jpg 485w\" sizes=\"auto, (max-width: 235px) 100vw, 235px\" \/><\/a><p id=\"caption-attachment-338\" class=\"wp-caption-text\">2012-13 D\u00f6nem Logosu 2440.B\u00d6LGE GUVERN\u00d6R\u00dc RTN.G\u00dcNE\u015e ERTA\u015e<\/p><\/div>\n<p style=\"text-align: center;\"><a href=\"https:\/\/www.turgutlurotary.org\/yeni\/wp-content\/uploads\/2012\/07\/suleymanveesi.jpg\"><img loading=\"lazy\" decoding=\"async\" class=\"aligncenter size-medium wp-image-353\" title=\"2012-13 D\u00f6nemi Ba\u015fkan\u0131 ve E\u015fi Rtn.S\u00fcleyman \u015eahin ve e\u015fi Emine\" src=\"https:\/\/www.turgutlurotary.org\/yeni\/wp-content\/uploads\/2012\/07\/suleymanveesi-300x248.jpg\" alt=\"2012-13 D\u00f6nemi Ba\u015fkan\u0131 ve E\u015fi Rtn.S\u00fcleyman \u015eahin ve e\u015fi Emine\" width=\"300\" height=\"248\" srcset=\"https:\/\/www.turgutlurotary.org\/yeni\/wp-content\/uploads\/2012\/07\/suleymanveesi-300x248.jpg 300w, https:\/\/www.turgutlurotary.org\/yeni\/wp-content\/uploads\/2012\/07\/suleymanveesi.jpg 405w\" sizes=\"auto, (max-width: 300px) 100vw, 300px\" \/><\/a><strong>2012-13 D\u00f6nemi Ba\u015fkan\u0131 ve E\u015fi Rtn.S\u00fcleyman \u015eahin ve e\u015fi Emine \u015eahin<\/strong><\/p>\n<p><a href=\"https:\/\/www.turgutlurotary.org\/yeni\/wp-content\/uploads\/2012\/07\/fotograf41.jpg\"><img loading=\"lazy\" decoding=\"async\" class=\"aligncenter size-medium wp-image-340\" title=\"fotograf4\" src=\"https:\/\/www.turgutlurotary.org\/yeni\/wp-content\/uploads\/2012\/07\/fotograf41-300x225.jpg\" alt=\"\" width=\"300\" height=\"225\" srcset=\"https:\/\/www.turgutlurotary.org\/yeni\/wp-content\/uploads\/2012\/07\/fotograf41-300x225.jpg 300w, https:\/\/www.turgutlurotary.org\/yeni\/wp-content\/uploads\/2012\/07\/fotograf41.jpg 320w\" sizes=\"auto, (max-width: 300px) 100vw, 300px\" \/><\/a><\/p>\n<p style=\"text-align: center;\">2012-2013 D\u00f6nemi \u0130lk Toplant\u0131m\u0131z olan 1016. Toplant\u0131m\u0131z\u0131 Yapt\u0131k. Ba\u015fkan\u0131m\u0131z yeni d\u00f6nemim Turgutlu \u0130l\u00e7emize ve kul\u00fcb\u00fcm\u00fcze hay\u0131rl\u0131 olmas\u0131n\u0131 diledi.<\/p>\n<p style=\"text-align: center;\"><a href=\"https:\/\/www.turgutlurotary.org\/yeni\/wp-content\/uploads\/2012\/07\/DSC_0034.jpg\"><img loading=\"lazy\" decoding=\"async\" title=\"DSC_0034\" src=\"https:\/\/www.turgutlurotary.org\/yeni\/wp-content\/uploads\/2012\/07\/DSC_0034-300x200.jpg\" alt=\"\" width=\"300\" height=\"200\" \/><\/a><\/p>\n<p style=\"text-align: center;\">BASIN TOPLANTIMIZ<\/p>\n<p style=\"text-align: center;\"><a href=\"https:\/\/www.turgutlurotary.org\/yeni\/wp-content\/uploads\/2012\/07\/DSC_0045.jpg\"><img loading=\"lazy\" decoding=\"async\" class=\"aligncenter size-medium wp-image-342\" title=\"DSC_0045\" src=\"https:\/\/www.turgutlurotary.org\/yeni\/wp-content\/uploads\/2012\/07\/DSC_0045-300x200.jpg\" alt=\"\" width=\"300\" height=\"200\" srcset=\"https:\/\/www.turgutlurotary.org\/yeni\/wp-content\/uploads\/2012\/07\/DSC_0045-300x200.jpg 300w, https:\/\/www.turgutlurotary.org\/yeni\/wp-content\/uploads\/2012\/07\/DSC_0045.jpg 800w\" sizes=\"auto, (max-width: 300px) 100vw, 300px\" \/><\/a>AIESEC Den Gen\u00e7 Arkada\u015flar\u0131m\u0131z Kul\u00fcb\u00fcm\u00fcz\u00fc Ziyaret Ettiler ve Aktivitelerini Bizlerle Payla\u015ft\u0131lar<\/p>\n<div id=\"attachment_394\" style=\"width: 310px\" class=\"wp-caption aligncenter\"><a href=\"https:\/\/www.turgutlurotary.org\/yeni\/wp-content\/uploads\/2012\/07\/konusmaci.jpg\"><img loading=\"lazy\" decoding=\"async\" aria-describedby=\"caption-attachment-394\" class=\"size-medium wp-image-394\" src=\"https:\/\/www.turgutlurotary.org\/yeni\/wp-content\/uploads\/2012\/07\/konusmaci-300x224.jpg\" alt=\"YEN\u0130 \u00dcYEM\u0130Z HASAN G\u00d6NC\u00dc ARAMIZDA HO\u015eGELD\u0130N SEVG\u0130L\u0130 HASAN\" width=\"300\" height=\"224\" srcset=\"https:\/\/www.turgutlurotary.org\/yeni\/wp-content\/uploads\/2012\/07\/konusmaci-300x224.jpg 300w, https:\/\/www.turgutlurotary.org\/yeni\/wp-content\/uploads\/2012\/07\/konusmaci.jpg 448w\" sizes=\"auto, (max-width: 300px) 100vw, 300px\" \/><\/a><p id=\"caption-attachment-394\" class=\"wp-caption-text\">YEN\u0130 \u00dcYEM\u0130Z HASAN G\u00d6NC\u00dc ARAMIZDA HO\u015eGELD\u0130N SEVG\u0130L\u0130 HASAN<\/p><\/div>\n<div id=\"attachment_395\" style=\"width: 310px\" class=\"wp-caption aligncenter\"><a href=\"https:\/\/www.turgutlurotary.org\/yeni\/wp-content\/uploads\/2012\/07\/DSCI1204.jpg\"><img loading=\"lazy\" decoding=\"async\" aria-describedby=\"caption-attachment-395\" class=\"size-medium wp-image-395\" src=\"https:\/\/www.turgutlurotary.org\/yeni\/wp-content\/uploads\/2012\/07\/DSCI1204-300x225.jpg\" alt=\"TURGUTLUNUN GURURLU \u015eA\u0130R\u0130 CEM KARTALCAN'A K\u0130TABI \u0130\u00c7\u0130N PLAKET VERD\u0130K. CEM\u0130N K\u0130TABININ SATI\u015eINDAN ELDE ED\u0130LECEK GEL\u0130RLE \u00c7OCUK FELC\u0130NE KATKI SA\u011eLANACAK.\" width=\"300\" height=\"225\" srcset=\"https:\/\/www.turgutlurotary.org\/yeni\/wp-content\/uploads\/2012\/07\/DSCI1204-300x225.jpg 300w, https:\/\/www.turgutlurotary.org\/yeni\/wp-content\/uploads\/2012\/07\/DSCI1204.jpg 800w\" sizes=\"auto, (max-width: 300px) 100vw, 300px\" \/><\/a><p id=\"caption-attachment-395\" class=\"wp-caption-text\">TURGUTLUNUN GURURLU \u015eA\u0130R\u0130 CEM KARTALCAN&#8217;A K\u0130TABI \u0130\u00c7\u0130N PLAKET VERD\u0130K. CEM\u0130N K\u0130TABININ SATI\u015eINDAN ELDE ED\u0130LECEK GEL\u0130RLE \u00c7OCUK FELC\u0130NE KATKI SA\u011eLANACAK.<\/p><\/div>\n<div id=\"attachment_396\" style=\"width: 310px\" class=\"wp-caption aligncenter\"><a href=\"https:\/\/www.turgutlurotary.org\/yeni\/wp-content\/uploads\/2012\/07\/IMG_8623.jpg\"><img loading=\"lazy\" decoding=\"async\" aria-describedby=\"caption-attachment-396\" class=\"size-medium wp-image-396\" src=\"https:\/\/www.turgutlurotary.org\/yeni\/wp-content\/uploads\/2012\/07\/IMG_8623-300x225.jpg\" alt=\"\u00dcYEM\u0130Z G\u00d6Z HEK\u0130M\u0130 RTN.KEMAL NAS D\u0130ABET HAFTASINDA YA\u015eLILARA E\u011e\u0130T\u0130M VERD\u0130.\" width=\"300\" height=\"225\" srcset=\"https:\/\/www.turgutlurotary.org\/yeni\/wp-content\/uploads\/2012\/07\/IMG_8623-300x225.jpg 300w, https:\/\/www.turgutlurotary.org\/yeni\/wp-content\/uploads\/2012\/07\/IMG_8623.jpg 800w\" sizes=\"auto, (max-width: 300px) 100vw, 300px\" \/><\/a><p id=\"caption-attachment-396\" class=\"wp-caption-text\">\u00dcYEM\u0130Z G\u00d6Z HEK\u0130M\u0130 RTN.KEMAL NAS D\u0130ABET HAFTASINDA YA\u015eLILARA E\u011e\u0130T\u0130M VERD\u0130.<\/p><\/div>\n<div id=\"attachment_397\" style=\"width: 310px\" class=\"wp-caption aligncenter\"><a href=\"https:\/\/www.turgutlurotary.org\/yeni\/wp-content\/uploads\/2012\/07\/ROTARY-S\u00dcLEYMAN-2.jpg\"><img loading=\"lazy\" decoding=\"async\" aria-describedby=\"caption-attachment-397\" class=\"size-medium wp-image-397\" src=\"https:\/\/www.turgutlurotary.org\/yeni\/wp-content\/uploads\/2012\/07\/ROTARY-S\u00dcLEYMAN-2-300x199.jpg\" alt=\"D\u0130ABET HAFTASI ETK\u0130NL\u0130KLER\u0130NDE \u015eEKER \u00d6L\u00c7\u00dcM C\u0130HAZI HED\u0130YE ED\u0130LD\u0130 VE HALKA \u00dcCRETS\u0130Z TAHL\u0130L YAPILDI.\" width=\"300\" height=\"199\" srcset=\"https:\/\/www.turgutlurotary.org\/yeni\/wp-content\/uploads\/2012\/07\/ROTARY-S\u00dcLEYMAN-2-300x199.jpg 300w, https:\/\/www.turgutlurotary.org\/yeni\/wp-content\/uploads\/2012\/07\/ROTARY-S\u00dcLEYMAN-2.jpg 800w\" sizes=\"auto, (max-width: 300px) 100vw, 300px\" \/><\/a><p id=\"caption-attachment-397\" class=\"wp-caption-text\">D\u0130ABET HAFTASI ETK\u0130NL\u0130KLER\u0130NDE \u015eEKER \u00d6L\u00c7\u00dcM C\u0130HAZI HED\u0130YE ED\u0130LD\u0130 VE HALKA \u00dcCRETS\u0130Z TAHL\u0130L YAPILDI.<\/p><\/div>\n<div id=\"attachment_398\" style=\"width: 310px\" class=\"wp-caption aligncenter\"><a href=\"https:\/\/www.turgutlurotary.org\/yeni\/wp-content\/uploads\/2012\/07\/DSCI1262.jpg\"><img loading=\"lazy\" decoding=\"async\" aria-describedby=\"caption-attachment-398\" class=\"size-medium wp-image-398\" src=\"https:\/\/www.turgutlurotary.org\/yeni\/wp-content\/uploads\/2012\/07\/DSCI1262-300x225.jpg\" alt=\"GAZETEC\u0130L\u0130K MESLEK \u00d6D\u00dcL\u00dc SEVG\u0130L\u0130 TUNCEL YIMAZ'A VER\u0130LD\u0130.\" width=\"300\" height=\"225\" srcset=\"https:\/\/www.turgutlurotary.org\/yeni\/wp-content\/uploads\/2012\/07\/DSCI1262-300x225.jpg 300w, https:\/\/www.turgutlurotary.org\/yeni\/wp-content\/uploads\/2012\/07\/DSCI1262.jpg 800w\" sizes=\"auto, (max-width: 300px) 100vw, 300px\" \/><\/a><p id=\"caption-attachment-398\" class=\"wp-caption-text\">GAZETEC\u0130L\u0130K MESLEK \u00d6D\u00dcL\u00dc SEVG\u0130L\u0130 TUNCEL YILMAZ&#8217;A VER\u0130LD\u0130.<\/p><\/div>\n<div id=\"attachment_399\" style=\"width: 310px\" class=\"wp-caption aligncenter\"><a href=\"https:\/\/www.turgutlurotary.org\/yeni\/wp-content\/uploads\/2012\/07\/DSCI1332.jpg\"><img loading=\"lazy\" decoding=\"async\" aria-describedby=\"caption-attachment-399\" class=\"size-medium wp-image-399\" src=\"https:\/\/www.turgutlurotary.org\/yeni\/wp-content\/uploads\/2012\/07\/DSCI1332-300x225.jpg\" alt=\"ROTARACT ARKADA\u015eLARIMIZ KUL\u00dcB\u00dcM\u00dcZ\u00dc Z\u0130YARET EDEREK PROJELER\u0130N\u0130 ANLATTILAR\" width=\"300\" height=\"225\" srcset=\"https:\/\/www.turgutlurotary.org\/yeni\/wp-content\/uploads\/2012\/07\/DSCI1332-300x225.jpg 300w, https:\/\/www.turgutlurotary.org\/yeni\/wp-content\/uploads\/2012\/07\/DSCI1332.jpg 800w\" sizes=\"auto, (max-width: 300px) 100vw, 300px\" \/><\/a><p id=\"caption-attachment-399\" class=\"wp-caption-text\">ROTARACT ARKADA\u015eLARIMIZ KUL\u00dcB\u00dcM\u00dcZ\u00dc Z\u0130YARET EDEREK PROJELER\u0130N\u0130 ANLATTILAR<\/p><\/div>\n<div id=\"attachment_400\" style=\"width: 310px\" class=\"wp-caption aligncenter\"><a href=\"https:\/\/www.turgutlurotary.org\/yeni\/wp-content\/uploads\/2012\/07\/DSCI1385.jpg\"><img loading=\"lazy\" decoding=\"async\" aria-describedby=\"caption-attachment-400\" class=\"size-medium wp-image-400\" src=\"https:\/\/www.turgutlurotary.org\/yeni\/wp-content\/uploads\/2012\/07\/DSCI1385-300x225.jpg\" alt=\"OKULLAR ARASI YARI\u015eMALARDA BA\u015eARILI \u00d6\u011eRENC\u0130LER\u0130M\u0130ZE BA\u015eARI BELGES\u0130 VER\u0130LD\u0130\" width=\"300\" height=\"225\" srcset=\"https:\/\/www.turgutlurotary.org\/yeni\/wp-content\/uploads\/2012\/07\/DSCI1385-300x225.jpg 300w, https:\/\/www.turgutlurotary.org\/yeni\/wp-content\/uploads\/2012\/07\/DSCI1385.jpg 800w\" sizes=\"auto, (max-width: 300px) 100vw, 300px\" \/><\/a><p id=\"caption-attachment-400\" class=\"wp-caption-text\">OKULLAR ARASI YARI\u015eMALARDA BA\u015eARILI \u00d6\u011eRENC\u0130LER\u0130M\u0130ZE BA\u015eARI BELGES\u0130 VER\u0130LD\u0130<\/p><\/div>\n<div id=\"attachment_401\" style=\"width: 310px\" class=\"wp-caption aligncenter\"><a href=\"https:\/\/www.turgutlurotary.org\/yeni\/wp-content\/uploads\/2012\/07\/fotograf-i\u015fteri-zyrt.jpg\"><img loading=\"lazy\" decoding=\"async\" aria-describedby=\"caption-attachment-401\" class=\"size-medium wp-image-401\" src=\"https:\/\/www.turgutlurotary.org\/yeni\/wp-content\/uploads\/2012\/07\/fotograf-i\u015fteri-zyrt-300x225.jpg\" alt=\"\u00dcYE \u0130\u015eYER\u0130 Z\u0130YARETLER\u0130 YAPTIK\" width=\"300\" height=\"225\" srcset=\"https:\/\/www.turgutlurotary.org\/yeni\/wp-content\/uploads\/2012\/07\/fotograf-i\u015fteri-zyrt-300x225.jpg 300w, https:\/\/www.turgutlurotary.org\/yeni\/wp-content\/uploads\/2012\/07\/fotograf-i\u015fteri-zyrt.jpg 320w\" sizes=\"auto, (max-width: 300px) 100vw, 300px\" \/><\/a><p id=\"caption-attachment-401\" class=\"wp-caption-text\">\u00dcYE \u0130\u015eYER\u0130 Z\u0130YARETLER\u0130 YAPTIK<\/p><\/div>\n<div id=\"attachment_402\" style=\"width: 310px\" class=\"wp-caption aligncenter\"><a href=\"https:\/\/www.turgutlurotary.org\/yeni\/wp-content\/uploads\/2012\/07\/kocatepe-web.jpg\"><img loading=\"lazy\" decoding=\"async\" aria-describedby=\"caption-attachment-402\" class=\"size-medium wp-image-402\" src=\"https:\/\/www.turgutlurotary.org\/yeni\/wp-content\/uploads\/2012\/07\/kocatepe-web-300x224.jpg\" alt=\"AFYON KOCATEPE Y\u00dcR\u00dcY\u00dc\u015e\u00dcNE \u00dcYEM\u0130Z RTN.RAH\u0130MKARAMAN KATILDI\" width=\"300\" height=\"224\" srcset=\"https:\/\/www.turgutlurotary.org\/yeni\/wp-content\/uploads\/2012\/07\/kocatepe-web-300x224.jpg 300w, https:\/\/www.turgutlurotary.org\/yeni\/wp-content\/uploads\/2012\/07\/kocatepe-web.jpg 448w\" sizes=\"auto, (max-width: 300px) 100vw, 300px\" \/><\/a><p id=\"caption-attachment-402\" class=\"wp-caption-text\">AFYON KOCATEPE Y\u00dcR\u00dcY\u00dc\u015e\u00dcNE \u00dcYEM\u0130Z RTN.RAH\u0130MKARAMAN KATILDI<\/p><\/div>\n<div id=\"attachment_403\" style=\"width: 310px\" class=\"wp-caption aligncenter\"><a href=\"https:\/\/www.turgutlurotary.org\/yeni\/wp-content\/uploads\/2012\/07\/DSC_2140.jpg\"><img loading=\"lazy\" decoding=\"async\" aria-describedby=\"caption-attachment-403\" class=\"size-medium wp-image-403\" src=\"https:\/\/www.turgutlurotary.org\/yeni\/wp-content\/uploads\/2012\/07\/DSC_2140-300x198.jpg\" alt=\"B\u00d6LGE FEDERASYON BA\u015eKAN VE BA\u015eKAN YARDIMCIMIZI VE E\u015eLER\u0130N\u0130 A\u011eIRLADIK VE ASAMBLEM\u0130Z\u0130 YAPTIK\" width=\"300\" height=\"198\" srcset=\"https:\/\/www.turgutlurotary.org\/yeni\/wp-content\/uploads\/2012\/07\/DSC_2140-300x198.jpg 300w, https:\/\/www.turgutlurotary.org\/yeni\/wp-content\/uploads\/2012\/07\/DSC_2140.jpg 1024w\" sizes=\"auto, (max-width: 300px) 100vw, 300px\" \/><\/a><p id=\"caption-attachment-403\" class=\"wp-caption-text\">B\u00d6LGE FEDERASYON BA\u015eKAN VE BA\u015eKAN YARDIMCIMIZI VE E\u015eLER\u0130N\u0130 A\u011eIRLADIK VE ASAMBLEM\u0130Z\u0130 YAPTIK<\/p><\/div>\n<div id=\"attachment_405\" style=\"width: 310px\" class=\"wp-caption aligncenter\"><a href=\"https:\/\/www.turgutlurotary.org\/yeni\/wp-content\/uploads\/2012\/07\/okuma-yazma-kurslar\u0131-3-WEB.jpg\"><img loading=\"lazy\" decoding=\"async\" aria-describedby=\"caption-attachment-405\" class=\"size-medium wp-image-405\" src=\"https:\/\/www.turgutlurotary.org\/yeni\/wp-content\/uploads\/2012\/07\/okuma-yazma-kurslar\u0131-3-WEB-300x224.jpg\" alt=\"OKUMA YAZMA KURSLARINA DEVAM ETT\u0130K VE YAKLA\u015eIK 500 K\u0130\u015e\u0130Y\u0130 OKURYAZAR YAPTIK\" width=\"300\" height=\"224\" srcset=\"https:\/\/www.turgutlurotary.org\/yeni\/wp-content\/uploads\/2012\/07\/okuma-yazma-kurslar\u0131-3-WEB-300x224.jpg 300w, https:\/\/www.turgutlurotary.org\/yeni\/wp-content\/uploads\/2012\/07\/okuma-yazma-kurslar\u0131-3-WEB.jpg 448w\" sizes=\"auto, (max-width: 300px) 100vw, 300px\" \/><\/a><p id=\"caption-attachment-405\" class=\"wp-caption-text\">OKUMA YAZMA KURSLARINA DEVAM ETT\u0130K VE YAKLA\u015eIK 500 K\u0130\u015e\u0130Y\u0130 OKURYAZAR YAPTIK<\/p><\/div>\n<div id=\"attachment_406\" style=\"width: 310px\" class=\"wp-caption aligncenter\"><a href=\"https:\/\/www.turgutlurotary.org\/yeni\/wp-content\/uploads\/2012\/07\/okul_plaket2.jpg\"><img loading=\"lazy\" decoding=\"async\" aria-describedby=\"caption-attachment-406\" class=\"size-medium wp-image-406\" src=\"https:\/\/www.turgutlurotary.org\/yeni\/wp-content\/uploads\/2012\/07\/okul_plaket2-300x199.jpg\" alt=\"TURGUTLU ROTARY \u0130LK\u00d6\u011eRET\u0130M OKULUNA 20.500 USD L\u0130K E\u015eL\u0130 BA\u011eI\u015e PROJES\u0130 \u0130LE 10 ADET AKILLI TAHTA KAZANDIRIYORUZ.\" width=\"300\" height=\"199\" srcset=\"https:\/\/www.turgutlurotary.org\/yeni\/wp-content\/uploads\/2012\/07\/okul_plaket2-300x199.jpg 300w, https:\/\/www.turgutlurotary.org\/yeni\/wp-content\/uploads\/2012\/07\/okul_plaket2.jpg 1017w\" sizes=\"auto, (max-width: 300px) 100vw, 300px\" \/><\/a><p id=\"caption-attachment-406\" class=\"wp-caption-text\">TURGUTLU ROTARY \u0130LK\u00d6\u011eRET\u0130M OKULUNA 20.500 USD L\u0130K E\u015eL\u0130 BA\u011eI\u015e PROJES\u0130 \u0130LE 10 ADET AKILLI TAHTA KAZANDIRIYORUZ.<\/p><\/div>\n<div id=\"attachment_407\" style=\"width: 310px\" class=\"wp-caption aligncenter\"><a href=\"https:\/\/www.turgutlurotary.org\/yeni\/wp-content\/uploads\/2012\/07\/ROTARY-DEVTESL-014.jpg\"><img loading=\"lazy\" decoding=\"async\" aria-describedby=\"caption-attachment-407\" class=\"size-medium wp-image-407\" src=\"https:\/\/www.turgutlurotary.org\/yeni\/wp-content\/uploads\/2012\/07\/ROTARY-DEVTESL-014-300x225.jpg\" alt=\"G\u00d6REV\u0130 YEN\u0130 D\u00d6NEM BA\u015eKANIMIZA TESL\u0130M ETT\u0130K\" width=\"300\" height=\"225\" srcset=\"https:\/\/www.turgutlurotary.org\/yeni\/wp-content\/uploads\/2012\/07\/ROTARY-DEVTESL-014-300x225.jpg 300w, https:\/\/www.turgutlurotary.org\/yeni\/wp-content\/uploads\/2012\/07\/ROTARY-DEVTESL-014.jpg 800w\" sizes=\"auto, (max-width: 300px) 100vw, 300px\" \/><\/a><p id=\"caption-attachment-407\" class=\"wp-caption-text\">G\u00d6REV\u0130 YEN\u0130 D\u00d6NEM BA\u015eKANIMIZA TESL\u0130M ETT\u0130K<\/p><\/div>\n","protected":false},"excerpt":{"rendered":"<p>2012-13 D\u00f6nemi Ba\u015fkan\u0131 ve E\u015fi Rtn.S\u00fcleyman \u015eahin ve e\u015fi Emine \u015eahin 2012-2013 D\u00f6nemi \u0130lk Toplant\u0131m\u0131z olan 1016. Toplant\u0131m\u0131z\u0131 Yapt\u0131k. Ba\u015fkan\u0131m\u0131z yeni d\u00f6nemim Turgutlu \u0130l\u00e7emize ve kul\u00fcb\u00fcm\u00fcze hay\u0131rl\u0131 olmas\u0131n\u0131 diledi. BASIN TOPLANTIMIZ AIESEC Den Gen\u00e7 Arkada\u015flar\u0131m\u0131z Kul\u00fcb\u00fcm\u00fcz\u00fc Ziyaret Ettiler ve Aktivitelerini Bizlerle Payla\u015ft\u0131lar<\/p>\n","protected":false},"author":8,"featured_media":0,"parent":41,"menu_order":85,"comment_status":"closed","ping_status":"closed","template":"","meta":{"footnotes":""},"class_list":["post-337","page","type-page","status-publish","hentry"],"_links":{"self":[{"href":"https:\/\/www.turgutlurotary.org\/yeni\/wp-json\/wp\/v2\/pages\/337","targetHints":{"allow":["GET"]}}],"collection":[{"href":"https:\/\/www.turgutlurotary.org\/yeni\/wp-json\/wp\/v2\/pages"}],"about":[{"href":"https:\/\/www.turgutlurotary.org\/yeni\/wp-json\/wp\/v2\/types\/page"}],"author":[{"embeddable":true,"href":"https:\/\/www.turgutlurotary.org\/yeni\/wp-json\/wp\/v2\/users\/8"}],"replies":[{"embeddable":true,"href":"https:\/\/www.turgutlurotary.org\/yeni\/wp-json\/wp\/v2\/comments?post=337"}],"version-history":[{"count":17,"href":"https:\/\/www.turgutlurotary.org\/yeni\/wp-json\/wp\/v2\/pages\/337\/revisions"}],"predecessor-version":[{"id":727,"href":"https:\/\/www.turgutlurotary.org\/yeni\/wp-json\/wp\/v2\/pages\/337\/revisions\/727"}],"up":[{"embeddable":true,"href":"https:\/\/www.turgutlurotary.org\/yeni\/wp-json\/wp\/v2\/pages\/41"}],"wp:attachment":[{"href":"https:\/\/www.turgutlurotary.org\/yeni\/wp-json\/wp\/v2\/media?parent=337"}],"curies":[{"name":"wp","href":"https:\/\/api.w.org\/{rel}","templated":true}]}}