{"id":32,"date":"2011-03-02T09:44:40","date_gmt":"2011-03-02T09:44:40","guid":{"rendered":"http:\/\/www.kalfaoglu.net\/rotary\/?page_id=32"},"modified":"2024-12-31T08:12:00","modified_gmt":"2024-12-31T08:12:00","slug":"uyelerimiz","status":"publish","type":"page","link":"https:\/\/www.turgutlurotary.org\/yeni\/uyelerimiz\/","title":{"rendered":"\u00dcyelerimiz"},"content":{"rendered":"<p style=\"text-align: center;\"><strong>Kul\u00fcb\u00fcm\u00fcz <\/strong><strong>(aral\u0131k 2024)<\/strong><strong>\u00a0 tarihi itibariyle 11 \u00fcyeye sahiptir.<\/strong><\/p>\n<p style=\"text-align: center;\"><a href=\"https:\/\/www.turgutlurotary.org\/yeni\/wp-content\/uploads\/2024\/12\/web-uye-listesi-2025.png\"><img loading=\"lazy\" decoding=\"async\" class=\"alignnone size-medium wp-image-1247\" src=\"https:\/\/www.turgutlurotary.org\/yeni\/wp-content\/uploads\/2024\/12\/web-uye-listesi-2025-194x300.png\" alt=\"\" width=\"194\" height=\"300\" srcset=\"https:\/\/www.turgutlurotary.org\/yeni\/wp-content\/uploads\/2024\/12\/web-uye-listesi-2025-194x300.png 194w, https:\/\/www.turgutlurotary.org\/yeni\/wp-content\/uploads\/2024\/12\/web-uye-listesi-2025.png 428w\" sizes=\"auto, (max-width: 194px) 100vw, 194px\" \/><\/a><\/p>\n<p>&nbsp;<\/p>\n<dl><\/dl>\n<dl>\n<dd><\/dd>\n<\/dl>\n<p style=\"text-align: center;\"><strong>Farkl\u0131 meslek gruplar\u0131ndan olan \u00fcyelerimiz ile ilgili bilgiler alfabetik s\u0131raya g\u00f6re listede verilmi\u015ftir.<\/strong><\/p>\n<p style=\"text-align: center;\"><strong style=\"color: initial;\">A\u015eA\u011eIDA TURGUTLU ROTARY KUL\u00dcB\u00dc GE\u00c7M\u0130\u015e D\u00d6NEM \u00dcYELER\u0130 TOPLU HALDE G\u00d6R\u00dcLMEKTED\u0130R.\u00a0<\/strong><\/p>\n<dl>\n<dd>\n<div class=\"mceTemp\">\u00a0<\/div>\n<\/dd>\n<\/dl>\n<div>\u00a0<\/div>\n<div style=\"text-align: center;\"><span style=\"color: #800000;\"><strong>1999-2000 D\u00d6NEM\u0130<\/strong><\/span><\/div>\n<p><img loading=\"lazy\" decoding=\"async\" class=\"aligncenter\" src=\"http:\/\/www.turgutlurotary.org\/images\/TOPLU_FOTO_WEB.jpg\" alt=\"\" width=\"386\" height=\"236\" border=\"0\" \/><\/p>\n<p style=\"text-align: center;\"><span style=\"color: #993300;\"><strong>2003-2004 D\u00d6NEM\u0130<\/strong><\/span><\/p>\n<p><img loading=\"lazy\" decoding=\"async\" class=\"aligncenter\" src=\"http:\/\/www.turgutlurotary.org\/images\/uyeler2004.jpg\" alt=\"\" width=\"385\" height=\"255\" border=\"0\" \/><\/p>\n<p style=\"text-align: center;\"><strong><span style=\"color: #ff0000;\">2004-05 D\u00d6NEM\u0130<\/span><\/strong><\/p>\n<p><img loading=\"lazy\" decoding=\"async\" class=\"aligncenter\" src=\"http:\/\/www.turgutlurotary.org\/images\/650._topl_gm6.jpg\" alt=\"\" width=\"390\" height=\"296\" border=\"0\" \/><\/p>\n<p style=\"text-align: center;\"><strong>2005-06 D\u00d6NEM\u0130<\/strong><\/p>\n<p><img loading=\"lazy\" decoding=\"async\" class=\"aligncenter\" src=\"http:\/\/www.turgutlurotary.org\/images\/2006_uyeler.jpg\" alt=\"\" width=\"397\" height=\"275\" border=\"0\" \/><\/p>\n<p style=\"text-align: center;\"><strong>2006-2007 D\u00f6nemi<\/strong><\/p>\n<p><img loading=\"lazy\" decoding=\"async\" class=\"aligncenter\" src=\"http:\/\/www.turgutlurotary.org\/images\/yont_topl.jpg\" alt=\"\" width=\"390\" height=\"279\" border=\"0\" \/><\/p>\n<p style=\"text-align: center;\"><span style=\"color: #000080;\"><strong>2008-2009 D\u00f6nemi<\/strong><\/span><\/p>\n<p><img loading=\"lazy\" decoding=\"async\" class=\"aligncenter\" src=\"http:\/\/www.turgutlurotary.org\/images\/DSCN0360.JPG\" alt=\"\" width=\"401\" height=\"252\" border=\"0\" \/><\/p>\n<p style=\"text-align: center;\"><strong>2009-2010 D\u00d6NEM\u0130<\/strong><\/p>\n<p><img loading=\"lazy\" decoding=\"async\" class=\"aligncenter\" src=\"http:\/\/www.turgutlurotary.org\/images\/DSCI0014.JPG\" alt=\"\" width=\"390\" height=\"255\" border=\"0\" \/><\/p>\n<p style=\"text-align: center;\"><strong>11 Eyl\u00fcl 2009 Cuma G\u00fcn\u00fc \u00e7ok de\u011ferli \u00fcyemiz ve ge\u00e7mi\u015f d\u00f6nem ba\u015fkan\u0131m\u0131z Rtn.H\u0131fz\u0131 \u00c7IKIKCI&#8217;y\u0131 kaybettik. Sevgili HIFZI \u00e7ok \u00fczg\u00fcn\u00fcz ve seni \u00e7ok \u00f6zleyece\u011fiz.<\/strong><\/p>\n<div id=\"attachment_548\" style=\"width: 409px\" class=\"wp-caption aligncenter\"><a href=\"https:\/\/www.turgutlurotary.org\/yeni\/wp-content\/uploads\/2011\/03\/1.jpg\"><img loading=\"lazy\" decoding=\"async\" aria-describedby=\"caption-attachment-548\" class=\" wp-image-548\" src=\"https:\/\/www.turgutlurotary.org\/yeni\/wp-content\/uploads\/2011\/03\/1-300x200.jpg\" alt=\"\" width=\"399\" height=\"266\" srcset=\"https:\/\/www.turgutlurotary.org\/yeni\/wp-content\/uploads\/2011\/03\/1-300x200.jpg 300w, https:\/\/www.turgutlurotary.org\/yeni\/wp-content\/uploads\/2011\/03\/1-768x511.jpg 768w, https:\/\/www.turgutlurotary.org\/yeni\/wp-content\/uploads\/2011\/03\/1-1024x681.jpg 1024w, https:\/\/www.turgutlurotary.org\/yeni\/wp-content\/uploads\/2011\/03\/1.jpg 1200w\" sizes=\"auto, (max-width: 399px) 100vw, 399px\" \/><\/a><p id=\"caption-attachment-548\" class=\"wp-caption-text\">2016-17 D\u00d6NEM\u0130<\/p><\/div>\n\n<div class=\"wp-block-image\">\n<figure class=\"aligncenter size-large is-resized\"><a href=\"https:\/\/www.turgutlurotary.org\/yeni\/wp-content\/uploads\/2022\/03\/sultan1.jpg\"><img loading=\"lazy\" decoding=\"async\" width=\"1024\" height=\"768\" src=\"https:\/\/www.turgutlurotary.org\/yeni\/wp-content\/uploads\/2022\/03\/sultan1-1024x768.jpg\" alt=\"\" class=\"wp-image-910\" style=\"width:435px;height:326px\" srcset=\"https:\/\/www.turgutlurotary.org\/yeni\/wp-content\/uploads\/2022\/03\/sultan1-1024x768.jpg 1024w, https:\/\/www.turgutlurotary.org\/yeni\/wp-content\/uploads\/2022\/03\/sultan1-300x225.jpg 300w, https:\/\/www.turgutlurotary.org\/yeni\/wp-content\/uploads\/2022\/03\/sultan1-768x576.jpg 768w, https:\/\/www.turgutlurotary.org\/yeni\/wp-content\/uploads\/2022\/03\/sultan1-1536x1152.jpg 1536w, https:\/\/www.turgutlurotary.org\/yeni\/wp-content\/uploads\/2022\/03\/sultan1.jpg 1600w\" sizes=\"auto, (max-width: 1024px) 100vw, 1024px\" \/><\/a><figcaption class=\"wp-element-caption\"><strong>2021-22 D\u00f6nemi<\/strong><\/figcaption><\/figure>\n<\/div>\n\n<div class=\"wp-block-image\">\n<figure class=\"aligncenter is-resized\"><a href=\"https:\/\/www.turgutlurotary.org\/yeni\/wp-content\/uploads\/2022\/10\/z10.jpg\"><img loading=\"lazy\" decoding=\"async\" width=\"300\" height=\"200\" src=\"https:\/\/www.turgutlurotary.org\/yeni\/wp-content\/uploads\/2022\/10\/z10-300x200.jpg\" alt=\"\" class=\"wp-image-989\" style=\"width:424px;height:283px\" srcset=\"https:\/\/www.turgutlurotary.org\/yeni\/wp-content\/uploads\/2022\/10\/z10-300x200.jpg 300w, https:\/\/www.turgutlurotary.org\/yeni\/wp-content\/uploads\/2022\/10\/z10-1024x683.jpg 1024w, https:\/\/www.turgutlurotary.org\/yeni\/wp-content\/uploads\/2022\/10\/z10-768x512.jpg 768w, https:\/\/www.turgutlurotary.org\/yeni\/wp-content\/uploads\/2022\/10\/z10-1536x1024.jpg 1536w, https:\/\/www.turgutlurotary.org\/yeni\/wp-content\/uploads\/2022\/10\/z10.jpg 1620w\" sizes=\"auto, (max-width: 300px) 100vw, 300px\" \/><\/a><figcaption class=\"wp-element-caption\">2022-23 D\u00d6NEM\u0130<\/figcaption><\/figure>\n<\/div>","protected":false},"excerpt":{"rendered":"<p>Kul\u00fcb\u00fcm\u00fcz (aral\u0131k 2024)\u00a0 tarihi itibariyle 11 \u00fcyeye sahiptir. &nbsp; Farkl\u0131 meslek gruplar\u0131ndan olan \u00fcyelerimiz ile ilgili bilgiler alfabetik s\u0131raya g\u00f6re listede verilmi\u015ftir. A\u015eA\u011eIDA TURGUTLU ROTARY KUL\u00dcB\u00dc GE\u00c7M\u0130\u015e D\u00d6NEM \u00dcYELER\u0130 TOPLU HALDE G\u00d6R\u00dcLMEKTED\u0130R.\u00a0 \u00a0 \u00a0 1999-2000 D\u00d6NEM\u0130 2003-2004 D\u00d6NEM\u0130 2004-05 D\u00d6NEM\u0130 2005-06 D\u00d6NEM\u0130 2006-2007 D\u00f6nemi 2008-2009 D\u00f6nemi 2009-2010 D\u00d6NEM\u0130 11 Eyl\u00fcl 2009 Cuma G\u00fcn\u00fc \u00e7ok de\u011ferli [&hellip;]<\/p>\n","protected":false},"author":8,"featured_media":0,"parent":0,"menu_order":7,"comment_status":"closed","ping_status":"closed","template":"","meta":{"footnotes":""},"class_list":["post-32","page","type-page","status-publish","hentry"],"_links":{"self":[{"href":"https:\/\/www.turgutlurotary.org\/yeni\/wp-json\/wp\/v2\/pages\/32","targetHints":{"allow":["GET"]}}],"collection":[{"href":"https:\/\/www.turgutlurotary.org\/yeni\/wp-json\/wp\/v2\/pages"}],"about":[{"href":"https:\/\/www.turgutlurotary.org\/yeni\/wp-json\/wp\/v2\/types\/page"}],"author":[{"embeddable":true,"href":"https:\/\/www.turgutlurotary.org\/yeni\/wp-json\/wp\/v2\/users\/8"}],"replies":[{"embeddable":true,"href":"https:\/\/www.turgutlurotary.org\/yeni\/wp-json\/wp\/v2\/comments?post=32"}],"version-history":[{"count":61,"href":"https:\/\/www.turgutlurotary.org\/yeni\/wp-json\/wp\/v2\/pages\/32\/revisions"}],"predecessor-version":[{"id":1250,"href":"https:\/\/www.turgutlurotary.org\/yeni\/wp-json\/wp\/v2\/pages\/32\/revisions\/1250"}],"wp:attachment":[{"href":"https:\/\/www.turgutlurotary.org\/yeni\/wp-json\/wp\/v2\/media?parent=32"}],"curies":[{"name":"wp","href":"https:\/\/api.w.org\/{rel}","templated":true}]}}