{"id":280,"date":"2011-07-07T09:09:55","date_gmt":"2011-07-07T09:09:55","guid":{"rendered":"http:\/\/www.turgutlurotary.org\/yeni\/?page_id=280"},"modified":"2019-07-12T10:50:37","modified_gmt":"2019-07-12T10:50:37","slug":"2011-2012-donemi","status":"publish","type":"page","link":"https:\/\/www.turgutlurotary.org\/yeni\/projelerimiz\/2011-2012-donemi\/","title":{"rendered":"2011-2012 D\u00f6nemi"},"content":{"rendered":"<div><a href=\"https:\/\/www.turgutlurotary.org\/yeni\/wp-content\/uploads\/2011\/03\/T1112EN-rgb.jpg\"><img loading=\"lazy\" decoding=\"async\" class=\"size-medium wp-image-276  aligncenter\" title=\"T1112EN-rgb\" src=\"https:\/\/www.turgutlurotary.org\/yeni\/wp-content\/uploads\/2011\/03\/T1112EN-rgb-300x281.jpg\" alt=\"\" width=\"283\" height=\"271\" \/><\/a><\/div>\n<div style=\"text-align: center;\"><strong>\u0130NSANLI\u011eI \u0130\u00c7\u0130N\u0130ZDEK\u0130 G\u00dc\u00c7LE KUCAKLAYIN<\/strong><\/div>\n<div style=\"text-align: center;\"><a href=\"https:\/\/www.turgutlurotary.org\/yeni\/wp-content\/uploads\/2011\/07\/bskveesi1.jpg\"><img loading=\"lazy\" decoding=\"async\" class=\"aligncenter size-medium wp-image-334\" title=\"SEA&amp;SEA 1200HD\" src=\"https:\/\/www.turgutlurotary.org\/yeni\/wp-content\/uploads\/2011\/07\/bskveesi1-271x300.jpg\" alt=\"\" width=\"271\" height=\"300\" srcset=\"https:\/\/www.turgutlurotary.org\/yeni\/wp-content\/uploads\/2011\/07\/bskveesi1-271x300.jpg 271w, https:\/\/www.turgutlurotary.org\/yeni\/wp-content\/uploads\/2011\/07\/bskveesi1.jpg 336w\" sizes=\"auto, (max-width: 271px) 100vw, 271px\" \/><\/a><\/div>\n<div style=\"text-align: center;\">Ba\u015fkan\u0131m\u0131z Rtn.M.Kemal E\u015eME e\u015fi Fazilet ile birlikte bu d\u00f6nem kul\u00fcp liderli\u011fini \u00fcstlendiler. 2440.B\u00d6LGE GUVERN\u00d6R\u00dc RTN.AHMET G\u00dcRMER\u0130\u00c7<\/div>\n<div style=\"text-align: center;\">BU D\u00d6NEM ULUSLARARASI ROTARY BA\u015eKANI OLAN RTN. KALYAN BANERJEE &#8216;N\u0130N D\u00d6NEM SLOGANI <span style=\"color: #ff0000;\"><strong>&#8220;\u0130NSANLI\u011eI \u0130\u00c7\u0130N\u0130ZDEK\u0130 G\u00dc\u00c7LE KUCAKLAYIN&#8221; <\/strong><\/span><\/p>\n<div><a href=\"https:\/\/www.turgutlurotary.org\/yeni\/wp-content\/uploads\/2011\/07\/PIC_0117web.jpg\"><img loading=\"lazy\" decoding=\"async\" class=\"aligncenter\" title=\"SEA&amp;SEA 1200HD\" src=\"https:\/\/www.turgutlurotary.org\/yeni\/wp-content\/uploads\/2011\/07\/PIC_0117web-300x224.jpg\" alt=\"\" width=\"300\" height=\"224\" \/><\/a><\/div>\n<\/div>\n<p><a href=\"https:\/\/www.turgutlurotary.org\/yeni\/wp-content\/uploads\/2011\/07\/PIC_0119web1.jpg\"><img loading=\"lazy\" decoding=\"async\" class=\"aligncenter size-medium wp-image-329\" title=\"SEA&amp;SEA 1200HD\" src=\"https:\/\/www.turgutlurotary.org\/yeni\/wp-content\/uploads\/2011\/07\/PIC_0119web1-300x224.jpg\" alt=\"\" width=\"300\" height=\"224\" srcset=\"https:\/\/www.turgutlurotary.org\/yeni\/wp-content\/uploads\/2011\/07\/PIC_0119web1-300x224.jpg 300w, https:\/\/www.turgutlurotary.org\/yeni\/wp-content\/uploads\/2011\/07\/PIC_0119web1.jpg 448w\" sizes=\"auto, (max-width: 300px) 100vw, 300px\" \/><\/a><\/p>\n<p>Ba\u015fkan\u0131m\u0131z yeni d\u00f6nemde birlikte \u00e7al\u0131\u015faca\u011f\u0131 y\u00f6netim kurulu \u00fcyelerini \u00fcyelerimize tan\u0131tt\u0131 ve ba\u015far\u0131lar diledi.<\/p>\n<p><a href=\"https:\/\/www.turgutlurotary.org\/yeni\/wp-content\/uploads\/2011\/07\/DSCI0447web1.jpg\"><img loading=\"lazy\" decoding=\"async\" class=\"aligncenter size-medium wp-image-332\" title=\"DSCI0447web\" src=\"https:\/\/www.turgutlurotary.org\/yeni\/wp-content\/uploads\/2011\/07\/DSCI0447web1-300x224.jpg\" alt=\"\" width=\"300\" height=\"224\" srcset=\"https:\/\/www.turgutlurotary.org\/yeni\/wp-content\/uploads\/2011\/07\/DSCI0447web1-300x224.jpg 300w, https:\/\/www.turgutlurotary.org\/yeni\/wp-content\/uploads\/2011\/07\/DSCI0447web1.jpg 448w\" sizes=\"auto, (max-width: 300px) 100vw, 300px\" \/><\/a><\/p>\n<p>Ba\u015fkan\u0131m\u0131z ilk 2011-12 d\u00f6nemi ilk toplant\u0131s\u0131nda bas\u0131n mensuplar\u0131na d\u00f6nem hedeflerini aktard\u0131.<\/p>\n<div style=\"text-align: center;\">\n<div style=\"text-align: center;\">\n<div>\n<dl id=\"attachment_302\">\n<dt><\/dt>\n<dd><a href=\"https:\/\/www.turgutlurotary.org\/yeni\/wp-content\/uploads\/2011\/07\/DSCI04521.jpg\"><img loading=\"lazy\" decoding=\"async\" class=\"aligncenter\" title=\"DSCI0452\" src=\"https:\/\/www.turgutlurotary.org\/yeni\/wp-content\/uploads\/2011\/07\/DSCI04521-300x225.jpg\" alt=\"\" width=\"300\" height=\"225\" \/><\/a><\/dd>\n<\/dl>\n<\/div>\n<div><\/div>\n<dl id=\"attachment_302\">\n<dt><\/dt>\n<dd>%100 devaml\u0131 \u00fcyelerimize ba\u015fkan\u0131m\u0131z birer \u00f6d\u00fcl verdi ve te\u015fekk\u00fcr etti<\/dd>\n<\/dl>\n<\/div>\n<div style=\"text-align: center;\">\n<dl id=\"attachment_304\">\n<dt><a href=\"https:\/\/www.turgutlurotary.org\/yeni\/wp-content\/uploads\/2011\/07\/Photo-0047.jpg\"><img loading=\"lazy\" decoding=\"async\" title=\"Photo-0047\" src=\"https:\/\/www.turgutlurotary.org\/yeni\/wp-content\/uploads\/2011\/07\/Photo-0047-300x225.jpg\" alt=\"\" width=\"300\" height=\"225\" \/><\/a><\/dt>\n<dd>\u0130\u015fyeri gezilerimize \u00fcyemiz Rtn.Muharrem \u015eAHAN \u0131n i\u015fyeri ile ba\u015flad\u0131k<\/dd>\n<\/dl>\n<\/div>\n<dl id=\"attachment_305\">\n<dt><a href=\"https:\/\/www.turgutlurotary.org\/yeni\/wp-content\/uploads\/2011\/07\/DSCI0489.jpg\"><img loading=\"lazy\" decoding=\"async\" title=\"DSCI0489\" src=\"https:\/\/www.turgutlurotary.org\/yeni\/wp-content\/uploads\/2011\/07\/DSCI0489-300x225.jpg\" alt=\"\" width=\"300\" height=\"225\" \/><\/a><\/dt>\n<dd>Bursiyerlerimizi a\u011f\u0131rlamaya devam ediyoruz.<\/dd>\n<dd>\u0130\u015fte bursiyerimiz Sabriye De\u011fer ileride Seramik M\u00fchendisi olarak \u00fclkemize hizmet edecek.<\/dd>\n<\/dl>\n<p><a href=\"https:\/\/www.turgutlurotary.org\/yeni\/wp-content\/uploads\/2011\/07\/DSCI0516.jpg\"><img loading=\"lazy\" decoding=\"async\" class=\"aligncenter size-medium wp-image-314\" title=\"DSCI0516\" src=\"https:\/\/www.turgutlurotary.org\/yeni\/wp-content\/uploads\/2011\/07\/DSCI0516-300x225.jpg\" alt=\"\" width=\"300\" height=\"225\" srcset=\"https:\/\/www.turgutlurotary.org\/yeni\/wp-content\/uploads\/2011\/07\/DSCI0516-300x225.jpg 300w, https:\/\/www.turgutlurotary.org\/yeni\/wp-content\/uploads\/2011\/07\/DSCI0516.jpg 640w\" sizes=\"auto, (max-width: 300px) 100vw, 300px\" \/><\/a><\/p>\n<dl>Turgutlu Hasan Ferdi Turgutlu \u0130lk\u00f6\u011fretim Okulu K\u00fct\u00fcphane d\u00fczenlemesi kul\u00fcb\u00fcm\u00fczce yap\u0131ld\u0131.<\/dl>\n<p><a href=\"https:\/\/www.turgutlurotary.org\/yeni\/wp-content\/uploads\/2011\/07\/DSCI0509.jpg\"><img loading=\"lazy\" decoding=\"async\" class=\"aligncenter size-medium wp-image-315\" title=\"DSCI0509\" src=\"https:\/\/www.turgutlurotary.org\/yeni\/wp-content\/uploads\/2011\/07\/DSCI0509-300x225.jpg\" alt=\"\" width=\"300\" height=\"225\" srcset=\"https:\/\/www.turgutlurotary.org\/yeni\/wp-content\/uploads\/2011\/07\/DSCI0509-300x225.jpg 300w, https:\/\/www.turgutlurotary.org\/yeni\/wp-content\/uploads\/2011\/07\/DSCI0509.jpg 640w\" sizes=\"auto, (max-width: 300px) 100vw, 300px\" \/><\/a><\/p>\n<dl>K\u00fct\u00fcphane a\u00e7\u0131l\u0131\u015f\u0131 ba\u015fkan\u0131m\u0131z ve il\u00e7e milli e\u011fitim md. Mehmet \u00d6lmez taraf\u0131ndan yap\u0131ld\u0131.<\/dl>\n<p><a href=\"https:\/\/www.turgutlurotary.org\/yeni\/wp-content\/uploads\/2011\/07\/DSCI0551.jpg\"><img loading=\"lazy\" decoding=\"async\" class=\"aligncenter size-medium wp-image-316\" title=\"DSCI0551\" src=\"https:\/\/www.turgutlurotary.org\/yeni\/wp-content\/uploads\/2011\/07\/DSCI0551-300x225.jpg\" alt=\"\" width=\"300\" height=\"225\" srcset=\"https:\/\/www.turgutlurotary.org\/yeni\/wp-content\/uploads\/2011\/07\/DSCI0551-300x225.jpg 300w, https:\/\/www.turgutlurotary.org\/yeni\/wp-content\/uploads\/2011\/07\/DSCI0551.jpg 640w\" sizes=\"auto, (max-width: 300px) 100vw, 300px\" \/><\/a><\/p>\n<dl>Salihli R.K. taraf\u0131ndan d\u00fczenlenen RYLA ya \u0130pek E\u015fme kul\u00fcb\u00fcm\u00fcz\u00fc temsilen kat\u0131ld\u0131.<\/dl>\n<p><a href=\"https:\/\/www.turgutlurotary.org\/yeni\/wp-content\/uploads\/2011\/07\/DSCI0556.jpg\"><img loading=\"lazy\" decoding=\"async\" class=\"aligncenter size-medium wp-image-317\" title=\"DSCI0556\" src=\"https:\/\/www.turgutlurotary.org\/yeni\/wp-content\/uploads\/2011\/07\/DSCI0556-300x225.jpg\" alt=\"\" width=\"300\" height=\"225\" srcset=\"https:\/\/www.turgutlurotary.org\/yeni\/wp-content\/uploads\/2011\/07\/DSCI0556-300x225.jpg 300w, https:\/\/www.turgutlurotary.org\/yeni\/wp-content\/uploads\/2011\/07\/DSCI0556.jpg 640w\" sizes=\"auto, (max-width: 300px) 100vw, 300px\" \/><\/a><\/p>\n<dl>Polio a\u015f\u0131lama program\u0131 \u00e7er\u00e7evesinde Dr.Hatice B.\u00d6nal bizlere d\u00fcnyadan Rotary taraf\u0131ndan silinmeye y\u00fcz tutan bu hastal\u0131\u011f\u0131 anlatt\u0131.<\/dl>\n<p><a href=\"https:\/\/www.turgutlurotary.org\/yeni\/wp-content\/uploads\/2011\/07\/AGR6076.jpg\"><img loading=\"lazy\" decoding=\"async\" class=\"aligncenter size-medium wp-image-320\" title=\"_AGR6076\" src=\"https:\/\/www.turgutlurotary.org\/yeni\/wp-content\/uploads\/2011\/07\/AGR6076-300x199.jpg\" alt=\"\" width=\"300\" height=\"199\" srcset=\"https:\/\/www.turgutlurotary.org\/yeni\/wp-content\/uploads\/2011\/07\/AGR6076-300x199.jpg 300w, https:\/\/www.turgutlurotary.org\/yeni\/wp-content\/uploads\/2011\/07\/AGR6076.jpg 640w\" sizes=\"auto, (max-width: 300px) 100vw, 300px\" \/><\/a><\/p>\n<\/div>\n<p style=\"text-align: center;\">Federasyon Ba\u015fkan\u0131m\u0131z Rtn.Ahmet G\u00dcRMER\u0130\u00c7 ve E\u015fi Ayten han\u0131m kul\u00fcb\u00fcm\u00fcz\u00fc ziyaret ettiler ve kul\u00fcp asamblemizi ger\u00e7ekle\u015ftirdik.<\/p>\n<p style=\"text-align: center;\"><a href=\"https:\/\/www.turgutlurotary.org\/yeni\/wp-content\/uploads\/2011\/07\/AGR6065.jpg\"><img loading=\"lazy\" decoding=\"async\" class=\"aligncenter size-medium wp-image-321\" title=\"_AGR6065\" src=\"https:\/\/www.turgutlurotary.org\/yeni\/wp-content\/uploads\/2011\/07\/AGR6065-300x199.jpg\" alt=\"\" width=\"300\" height=\"199\" srcset=\"https:\/\/www.turgutlurotary.org\/yeni\/wp-content\/uploads\/2011\/07\/AGR6065-300x199.jpg 300w, https:\/\/www.turgutlurotary.org\/yeni\/wp-content\/uploads\/2011\/07\/AGR6065.jpg 640w\" sizes=\"auto, (max-width: 300px) 100vw, 300px\" \/><\/a><\/p>\n<p style=\"text-align: center;\">\u0130l\u00e7e Milli E\u011fitim M\u00fcd\u00fcr\u00fcm\u00fcz say\u0131n Mehmet \u00d6LMEZ&#8217;e 24 Kas\u0131m \u00d6\u011fretmenler g\u00fcn\u00fc an\u0131s\u0131na ve t\u00fcm \u00f6\u011fretmenlerimizi temsilen bir Meslek Hizmet \u00d6d\u00fcl\u00fc verdik.<\/p>\n<p style=\"text-align: center;\"><a href=\"https:\/\/www.turgutlurotary.org\/yeni\/wp-content\/uploads\/2011\/07\/AGR6051.jpg\"><img loading=\"lazy\" decoding=\"async\" class=\"aligncenter size-medium wp-image-322\" title=\"_AGR6051\" src=\"https:\/\/www.turgutlurotary.org\/yeni\/wp-content\/uploads\/2011\/07\/AGR6051-300x199.jpg\" alt=\"\" width=\"300\" height=\"199\" srcset=\"https:\/\/www.turgutlurotary.org\/yeni\/wp-content\/uploads\/2011\/07\/AGR6051-300x199.jpg 300w, https:\/\/www.turgutlurotary.org\/yeni\/wp-content\/uploads\/2011\/07\/AGR6051.jpg 640w\" sizes=\"auto, (max-width: 300px) 100vw, 300px\" \/><\/a><\/p>\n<p style=\"text-align: center;\">Turgutlu da neredeyse 50 y\u0131ld\u0131r hi\u00e7 \u00e7izgisini bozmadan ve mesle\u011fini b\u00fcy\u00fck bir \u00f6zveri ile ger\u00e7ekle\u015ftiren Sevgili K\u00f6fteci Hikmet Abimiz&#8217;e mesle\u011fe hizmetleri nedeniyle bir Meslek Hizmet \u00d6d\u00fcl\u00fc verildi.<\/p>\n<p style=\"text-align: center;\"><a href=\"https:\/\/www.turgutlurotary.org\/yeni\/wp-content\/uploads\/2011\/07\/AGR6060.jpg\"><img loading=\"lazy\" decoding=\"async\" class=\"aligncenter size-medium wp-image-323\" title=\"_AGR6060\" src=\"https:\/\/www.turgutlurotary.org\/yeni\/wp-content\/uploads\/2011\/07\/AGR6060-300x199.jpg\" alt=\"\" width=\"300\" height=\"199\" srcset=\"https:\/\/www.turgutlurotary.org\/yeni\/wp-content\/uploads\/2011\/07\/AGR6060-300x199.jpg 300w, https:\/\/www.turgutlurotary.org\/yeni\/wp-content\/uploads\/2011\/07\/AGR6060.jpg 640w\" sizes=\"auto, (max-width: 300px) 100vw, 300px\" \/><\/a><\/p>\n<p style=\"text-align: center;\">Bizim bir Trakt\u00f6rc\u00fc Sebahattin Ustam\u0131z var. Mesle\u011fini \u00e7ok seven ve belkide onlarca usta yeti\u015ftirmi\u015f \u00e7ok de\u011ferli bir b\u00fcy\u00fc\u011f\u00fcm\u00fcz. Asamblemiz s\u0131ras\u0131nda onu da davet ettik ve uzun s\u00fcredir y\u00fcr\u00fctm\u00fc\u015f oldu\u011fu bu meslekteki ba\u015far\u0131s\u0131 nedeniyle kendisini Meslek Hizmet \u00d6d\u00fcl\u00fc ile onurland\u0131rd\u0131k. Onlar\u0131n heyecan\u0131n\u0131 ve mutlulu\u011funu g\u00f6rmek, takdir edilme hislerini payla\u015fmak bizim i\u00e7in son derece \u00f6nemliydi.<\/p>\n<p style=\"text-align: center;\"><a href=\"https:\/\/www.turgutlurotary.org\/yeni\/wp-content\/uploads\/2011\/07\/AGR6095.jpg\"><img loading=\"lazy\" decoding=\"async\" class=\"aligncenter size-medium wp-image-324\" title=\"_AGR6095\" src=\"https:\/\/www.turgutlurotary.org\/yeni\/wp-content\/uploads\/2011\/07\/AGR6095-300x199.jpg\" alt=\"\" width=\"300\" height=\"199\" srcset=\"https:\/\/www.turgutlurotary.org\/yeni\/wp-content\/uploads\/2011\/07\/AGR6095-300x199.jpg 300w, https:\/\/www.turgutlurotary.org\/yeni\/wp-content\/uploads\/2011\/07\/AGR6095.jpg 640w\" sizes=\"auto, (max-width: 300px) 100vw, 300px\" \/><\/a><\/p>\n<p style=\"text-align: center;\">Asamblemizde sevgili Federasyon ba\u015fkan yard\u0131mc\u0131m\u0131z Can , Federasyon Ba\u015fkan\u0131m\u0131z ,Ba\u015fkan\u0131m\u0131z ve de\u011ferli e\u015fleri hep birlikte.<\/p>\n<p style=\"text-align: center;\"><a href=\"https:\/\/www.turgutlurotary.org\/yeni\/wp-content\/uploads\/2011\/07\/209.jpg\"><img loading=\"lazy\" decoding=\"async\" class=\"aligncenter size-medium wp-image-348\" title=\"209\" src=\"https:\/\/www.turgutlurotary.org\/yeni\/wp-content\/uploads\/2011\/07\/209-300x225.jpg\" alt=\"\" width=\"300\" height=\"225\" srcset=\"https:\/\/www.turgutlurotary.org\/yeni\/wp-content\/uploads\/2011\/07\/209-300x225.jpg 300w, https:\/\/www.turgutlurotary.org\/yeni\/wp-content\/uploads\/2011\/07\/209.jpg 640w\" sizes=\"auto, (max-width: 300px) 100vw, 300px\" \/><\/a><\/p>\n<p style=\"text-align: center;\">Devir Teslim T\u00f6renimizi Yapt\u0131k ve Bayra\u011f\u0131 2012-13 D\u00f6nem Ba\u015fkan\u0131m\u0131za verdik.<\/p>\n","protected":false},"excerpt":{"rendered":"<p>\u0130NSANLI\u011eI \u0130\u00c7\u0130N\u0130ZDEK\u0130 G\u00dc\u00c7LE KUCAKLAYIN Ba\u015fkan\u0131m\u0131z Rtn.M.Kemal E\u015eME e\u015fi Fazilet ile birlikte bu d\u00f6nem kul\u00fcp liderli\u011fini \u00fcstlendiler. 2440.B\u00d6LGE GUVERN\u00d6R\u00dc RTN.AHMET G\u00dcRMER\u0130\u00c7 BU D\u00d6NEM ULUSLARARASI ROTARY BA\u015eKANI OLAN RTN. KALYAN BANERJEE &#8216;N\u0130N D\u00d6NEM SLOGANI &#8220;\u0130NSANLI\u011eI \u0130\u00c7\u0130N\u0130ZDEK\u0130 G\u00dc\u00c7LE KUCAKLAYIN&#8221; Ba\u015fkan\u0131m\u0131z yeni d\u00f6nemde birlikte \u00e7al\u0131\u015faca\u011f\u0131 y\u00f6netim kurulu \u00fcyelerini \u00fcyelerimize tan\u0131tt\u0131 ve ba\u015far\u0131lar diledi. Ba\u015fkan\u0131m\u0131z ilk 2011-12 d\u00f6nemi ilk toplant\u0131s\u0131nda [&hellip;]<\/p>\n","protected":false},"author":8,"featured_media":0,"parent":41,"menu_order":86,"comment_status":"closed","ping_status":"closed","template":"","meta":{"footnotes":""},"class_list":["post-280","page","type-page","status-publish","hentry"],"_links":{"self":[{"href":"https:\/\/www.turgutlurotary.org\/yeni\/wp-json\/wp\/v2\/pages\/280","targetHints":{"allow":["GET"]}}],"collection":[{"href":"https:\/\/www.turgutlurotary.org\/yeni\/wp-json\/wp\/v2\/pages"}],"about":[{"href":"https:\/\/www.turgutlurotary.org\/yeni\/wp-json\/wp\/v2\/types\/page"}],"author":[{"embeddable":true,"href":"https:\/\/www.turgutlurotary.org\/yeni\/wp-json\/wp\/v2\/users\/8"}],"replies":[{"embeddable":true,"href":"https:\/\/www.turgutlurotary.org\/yeni\/wp-json\/wp\/v2\/comments?post=280"}],"version-history":[{"count":31,"href":"https:\/\/www.turgutlurotary.org\/yeni\/wp-json\/wp\/v2\/pages\/280\/revisions"}],"predecessor-version":[{"id":726,"href":"https:\/\/www.turgutlurotary.org\/yeni\/wp-json\/wp\/v2\/pages\/280\/revisions\/726"}],"up":[{"embeddable":true,"href":"https:\/\/www.turgutlurotary.org\/yeni\/wp-json\/wp\/v2\/pages\/41"}],"wp:attachment":[{"href":"https:\/\/www.turgutlurotary.org\/yeni\/wp-json\/wp\/v2\/media?parent=280"}],"curies":[{"name":"wp","href":"https:\/\/api.w.org\/{rel}","templated":true}]}}