{"id":19,"date":"2011-03-02T09:14:09","date_gmt":"2011-03-02T09:14:09","guid":{"rendered":"http:\/\/www.kalfaoglu.net\/rotary\/?page_id=19"},"modified":"2025-01-14T10:41:12","modified_gmt":"2025-01-14T10:41:12","slug":"rotary-bilgileri","status":"publish","type":"page","link":"https:\/\/www.turgutlurotary.org\/yeni\/rotary-bilgileri\/","title":{"rendered":"Rotary Bilgileri"},"content":{"rendered":"<h2>Rotary&#8217;nin Amac\u0131<\/h2>\n<p>T\u00fcm de\u011ferli giri\u015fimlerin temeli say\u0131lan TOPLUMA H\u0130ZMET\u00a0 idealini desteklemek ve geli\u015ftirmektir.<\/p>\n<h2>ROTARY<\/h2>\n<p>Tan\u0131\u015f\u0131kl\u0131\u011f\u0131n bir hizmet f\u0131rsat\u0131 say\u0131larak geli\u015ftirilmesini,<br \/>\n\u0130\u015f ve Meslek Ya\u015fam\u0131nda y\u00fcksek ahlak standartlar\u0131n\u0131n uygulanmas\u0131n\u0131,<br \/>\nT\u00fcm yararl\u0131 mesleklerin de\u011ferinin tan\u0131nmas\u0131 ve takdir edilmesini,<br \/>\nHer Rotaryen\u2019in hizmet idealini i\u015f ve bireysel ya\u015fam\u0131nda uygulamas\u0131n\u0131,<br \/>\n\u0130\u015fini ve mesle\u011fini topluma bir hizmet f\u0131rsat\u0131 sayarak y\u00fcceltmesini,<br \/>\nHizmet idealinde birle\u015fmi\u015f i\u015f ve meslek sahibi ki\u015filer aras\u0131nda d\u00fcnya \u00e7ap\u0131nda dostluk ili\u015fkileri kurulmas\u0131n\u0131 sa\u011flayarak ,<br \/>\nUluslararas\u0131 ANLAYI\u015e , \u0130Y\u0130 N\u0130YET ve BARI\u015e \u2018\u0131n geli\u015ftirilmesini AMA\u00c7LAR.<\/p>\n<h2>ROTARY&#8217;de \u0130lkler<\/h2>\n<p>\u0130lk toplant\u0131 1905 Chicago.<br \/>\n\u0130lk D\u00fczenli \u00d6\u011fle Toplant\u0131s\u0131 1909 Oakland.<br \/>\n\u0130lk Rotary konvansiyonu 1910 Chicago.<br \/>\nABD d\u0131\u015f\u0131 ilk charterl\u0131 kul\u00fcp 1910 Winniper \u2013 Kanada.<br \/>\n\u0130ngilizce konu\u015fulmayan bir \u00fclkede kurulan ilk kul\u00fcp 1916 Havana \u2013 K\u00dcBA<br \/>\nG\u00fcney Amerikada kurulan ilk kul\u00fcp 1918 Montevideo \u2013 URUGUAY<br \/>\nAsya k\u0131tas\u0131nda ilk kul\u00fcp 1919 Manila \u2013 F\u0130L\u0130P\u0130NLER<br \/>\nAfrikada ilk kul\u00fcp 1921 Johannesburg \u2013 G.AFR\u0130KA<br \/>\nAvusturalya\u2019da kurulan ilk kul\u00fcp 1921 Melburn.<br \/>\nT\u00fcrkiye\u2019de kurulan ilk kul\u00fcp 1954 \u00c7ankaya\/ANKARA<\/p>\n<p><a href=\"http:\/\/www.kalfaoglu.net\/rotary\/wp-content\/uploads\/2011\/03\/rotary1.jpg\"><img loading=\"lazy\" decoding=\"async\" class=\"aligncenter size-medium wp-image-26\" title=\"rotary1\" src=\"http:\/\/www.kalfaoglu.net\/rotary\/wp-content\/uploads\/2011\/03\/rotary1-300x193.jpg\" alt=\"\" width=\"300\" height=\"193\" srcset=\"https:\/\/www.turgutlurotary.org\/yeni\/wp-content\/uploads\/2011\/03\/rotary1-300x193.jpg 300w, https:\/\/www.turgutlurotary.org\/yeni\/wp-content\/uploads\/2011\/03\/rotary1.jpg 533w\" sizes=\"auto, (max-width: 300px) 100vw, 300px\" \/><\/a><\/p>\n<p>\u0130lk Rotary Kul\u00fcp Toplant\u0131s\u0131\u00a0 23 \u015eubat 1905\u2019te Chicago Illinois\u2019te yap\u0131lm\u0131\u015ft\u0131r. Bu toplant\u0131da Rotary&#8217;nin kurucusu Paul Harris ve 3 arkada\u015f\u0131 bulunmu\u015ftur.<\/p>\n<p>www.rotary.org (Rotary International)<\/p>\n<p style=\"text-align: center;\"><a href=\"https:\/\/www.turgutlurotary.org\/yeni\/wp-content\/uploads\/2011\/03\/wh-4p-ol-rgb.jpg\"><img loading=\"lazy\" decoding=\"async\" class=\"alignnone  wp-image-249\" src=\"https:\/\/www.turgutlurotary.org\/yeni\/wp-content\/uploads\/2011\/03\/wh-4p-ol-rgb-300x300.jpg\" alt=\"\" width=\"102\" height=\"102\" srcset=\"https:\/\/www.turgutlurotary.org\/yeni\/wp-content\/uploads\/2011\/03\/wh-4p-ol-rgb-300x300.jpg 300w, https:\/\/www.turgutlurotary.org\/yeni\/wp-content\/uploads\/2011\/03\/wh-4p-ol-rgb-150x150.jpg 150w, https:\/\/www.turgutlurotary.org\/yeni\/wp-content\/uploads\/2011\/03\/wh-4p-ol-rgb.jpg 900w\" sizes=\"auto, (max-width: 102px) 100vw, 102px\" \/><\/a><\/p>\n<p>Rotary Amblemi Uygarl\u0131k ve Hareketi simgeler .1923 Y\u0131l\u0131nda g\u00f6r\u00fclen son \u015feklini alm\u0131\u015ft\u0131r.<\/p>\n<p><a href=\"http:\/\/www.kalfaoglu.net\/rotary\/wp-content\/uploads\/2011\/03\/rotaryturkiye.gif\"><img loading=\"lazy\" decoding=\"async\" class=\"aligncenter size-medium wp-image-28\" title=\"rotaryturkiye\" src=\"http:\/\/www.kalfaoglu.net\/rotary\/wp-content\/uploads\/2011\/03\/rotaryturkiye-300x143.gif\" alt=\"\" width=\"300\" height=\"143\" srcset=\"https:\/\/www.turgutlurotary.org\/yeni\/wp-content\/uploads\/2011\/03\/rotaryturkiye-300x143.gif 300w, https:\/\/www.turgutlurotary.org\/yeni\/wp-content\/uploads\/2011\/03\/rotaryturkiye.gif 306w\" sizes=\"auto, (max-width: 300px) 100vw, 300px\" \/><\/a><\/p>\n<p>\u00dclkemiz yukar\u0131da da g\u00f6r\u00fcld\u00fc\u011f\u00fc gibi 3 ayr\u0131 b\u00f6lgeden olu\u015fmaktad\u0131r. Her b\u00f6lge kul\u00fcb\u00fc U.R. ye kendi b\u00f6lgesi i\u00e7inde ba\u011fl\u0131d\u0131r.Kul\u00fcb\u00fcm\u00fcz 2440. B\u00f6lgede yer almaktad\u0131r. Halen 2440. B\u00f6lge Federasyonu&#8217;nda \u00a070\u00a0 kul\u00fcp ve 1.996 Rotaryen bulunmaktad\u0131r.(Eyl\u00fcl 2024)<\/p>\n<h2>Rakamlarla Rotary ( EYL\u00dcL 2024 )<\/h2>\n<p>Rotaryenler: 1.250.000 , Kul\u00fcpler: 34.300 , B\u00f6lgeler: 529 ,\u00dclkeler: 200<\/p>\n<p>Rotarac Kul\u00fcpleri: 8.500 , \u00dcyeleri: 200.000\u00a0 , \u00dclkeler: 167<\/p>\n<p>\u0130nteract Kul\u00fcpleri: 12.300 , \u00dcyeler:300.000 , \u00dclkeler:131<\/p>\n<p>Rotary K\u00f6y Topluluklar\u0131: 8.520<\/p>\n<p>Poliodan (\u00c7ocuk Felci) ar\u0131nd\u0131r\u0131lm\u0131\u015f \u00fclke say\u0131s\u0131 : 161<\/p>\n","protected":false},"excerpt":{"rendered":"<p>Rotary&#8217;nin Amac\u0131 T\u00fcm de\u011ferli giri\u015fimlerin temeli say\u0131lan TOPLUMA H\u0130ZMET\u00a0 idealini desteklemek ve geli\u015ftirmektir. ROTARY Tan\u0131\u015f\u0131kl\u0131\u011f\u0131n bir hizmet f\u0131rsat\u0131 say\u0131larak geli\u015ftirilmesini, \u0130\u015f ve Meslek Ya\u015fam\u0131nda y\u00fcksek ahlak standartlar\u0131n\u0131n uygulanmas\u0131n\u0131, T\u00fcm yararl\u0131 mesleklerin de\u011ferinin tan\u0131nmas\u0131 ve takdir edilmesini, Her Rotaryen\u2019in hizmet idealini i\u015f ve bireysel ya\u015fam\u0131nda uygulamas\u0131n\u0131, \u0130\u015fini ve mesle\u011fini topluma bir hizmet f\u0131rsat\u0131 sayarak y\u00fcceltmesini, Hizmet [&hellip;]<\/p>\n","protected":false},"author":8,"featured_media":0,"parent":0,"menu_order":20,"comment_status":"closed","ping_status":"closed","template":"","meta":{"footnotes":""},"class_list":["post-19","page","type-page","status-publish","hentry"],"_links":{"self":[{"href":"https:\/\/www.turgutlurotary.org\/yeni\/wp-json\/wp\/v2\/pages\/19","targetHints":{"allow":["GET"]}}],"collection":[{"href":"https:\/\/www.turgutlurotary.org\/yeni\/wp-json\/wp\/v2\/pages"}],"about":[{"href":"https:\/\/www.turgutlurotary.org\/yeni\/wp-json\/wp\/v2\/types\/page"}],"author":[{"embeddable":true,"href":"https:\/\/www.turgutlurotary.org\/yeni\/wp-json\/wp\/v2\/users\/8"}],"replies":[{"embeddable":true,"href":"https:\/\/www.turgutlurotary.org\/yeni\/wp-json\/wp\/v2\/comments?post=19"}],"version-history":[{"count":12,"href":"https:\/\/www.turgutlurotary.org\/yeni\/wp-json\/wp\/v2\/pages\/19\/revisions"}],"predecessor-version":[{"id":1256,"href":"https:\/\/www.turgutlurotary.org\/yeni\/wp-json\/wp\/v2\/pages\/19\/revisions\/1256"}],"wp:attachment":[{"href":"https:\/\/www.turgutlurotary.org\/yeni\/wp-json\/wp\/v2\/media?parent=19"}],"curies":[{"name":"wp","href":"https:\/\/api.w.org\/{rel}","templated":true}]}}