{"id":17,"date":"2011-03-02T09:06:16","date_gmt":"2011-03-02T09:06:16","guid":{"rendered":"http:\/\/www.kalfaoglu.net\/rotary\/?page_id=17"},"modified":"2011-06-27T04:03:26","modified_gmt":"2011-06-27T04:03:26","slug":"kulup-profili","status":"publish","type":"page","link":"https:\/\/www.turgutlurotary.org\/yeni\/kulup-profili\/","title":{"rendered":"Kul\u00fcp Profili"},"content":{"rendered":"<p><strong><span style=\"font-size: x-small;\">Kul\u00fcb\u00fcm\u00fcz her hafta per\u015fembe g\u00fcnleri saat 12:00-13:30 saatleri aras\u0131nda Turgutlu Palmiye Restoranda toplanmaktad\u0131r.<\/span><\/strong><\/p>\n<p><strong><span style=\"font-size: x-small;\">Kul\u00fcb\u00fcm\u00fcz 2440. b\u00f6lgenin \u00f6nemli kul\u00fcplerinden biri olup , bu g\u00fcne dek yapt\u0131\u011f\u0131 hizmetlerle hem Uluslararas\u0131 Rotary&#8217;de hem de b\u00f6lgemizde ad\u0131n\u0131 duyurmu\u015ftur.<\/span><\/strong><\/p>\n<p><strong><span style=\"font-size: x-small;\">Turgutlu&#8217;muzun ideallerini ger\u00e7ekle\u015ftirmeye \u00e7al\u0131\u015fan       ve halk\u0131m\u0131zla i\u00e7i\u00e7e olan kul\u00fcb\u00fcm\u00fcz bu g\u00fcne dek Turgutlu       insan\u0131n\u0131n da yard\u0131m\u0131 ile topluma yararl\u0131 bir \u00e7ok       projeyi hayata ge\u00e7irmi\u015ftir.<\/span><\/strong><\/p>\n","protected":false},"excerpt":{"rendered":"<p>Kul\u00fcb\u00fcm\u00fcz her hafta per\u015fembe g\u00fcnleri saat 12:00-13:30 saatleri aras\u0131nda Turgutlu Palmiye Restoranda toplanmaktad\u0131r. Kul\u00fcb\u00fcm\u00fcz 2440. b\u00f6lgenin \u00f6nemli kul\u00fcplerinden biri olup , bu g\u00fcne dek yapt\u0131\u011f\u0131 hizmetlerle hem Uluslararas\u0131 Rotary&#8217;de hem de b\u00f6lgemizde ad\u0131n\u0131 duyurmu\u015ftur. Turgutlu&#8217;muzun ideallerini ger\u00e7ekle\u015ftirmeye \u00e7al\u0131\u015fan ve halk\u0131m\u0131zla i\u00e7i\u00e7e olan kul\u00fcb\u00fcm\u00fcz bu g\u00fcne dek Turgutlu insan\u0131n\u0131n da yard\u0131m\u0131 ile topluma yararl\u0131 bir \u00e7ok [&hellip;]<\/p>\n","protected":false},"author":8,"featured_media":0,"parent":0,"menu_order":10,"comment_status":"closed","ping_status":"closed","template":"","meta":{"footnotes":""},"class_list":["post-17","page","type-page","status-publish","hentry"],"_links":{"self":[{"href":"https:\/\/www.turgutlurotary.org\/yeni\/wp-json\/wp\/v2\/pages\/17","targetHints":{"allow":["GET"]}}],"collection":[{"href":"https:\/\/www.turgutlurotary.org\/yeni\/wp-json\/wp\/v2\/pages"}],"about":[{"href":"https:\/\/www.turgutlurotary.org\/yeni\/wp-json\/wp\/v2\/types\/page"}],"author":[{"embeddable":true,"href":"https:\/\/www.turgutlurotary.org\/yeni\/wp-json\/wp\/v2\/users\/8"}],"replies":[{"embeddable":true,"href":"https:\/\/www.turgutlurotary.org\/yeni\/wp-json\/wp\/v2\/comments?post=17"}],"version-history":[{"count":3,"href":"https:\/\/www.turgutlurotary.org\/yeni\/wp-json\/wp\/v2\/pages\/17\/revisions"}],"predecessor-version":[{"id":257,"href":"https:\/\/www.turgutlurotary.org\/yeni\/wp-json\/wp\/v2\/pages\/17\/revisions\/257"}],"wp:attachment":[{"href":"https:\/\/www.turgutlurotary.org\/yeni\/wp-json\/wp\/v2\/media?parent=17"}],"curies":[{"name":"wp","href":"https:\/\/api.w.org\/{rel}","templated":true}]}}