{"id":117,"date":"2011-03-24T14:47:55","date_gmt":"2011-03-24T14:47:55","guid":{"rendered":"http:\/\/www.kalfaoglu.net\/rotary\/?page_id=117"},"modified":"2025-07-04T11:38:15","modified_gmt":"2025-07-04T11:38:15","slug":"g-d-baskanlarimiz","status":"publish","type":"page","link":"https:\/\/www.turgutlurotary.org\/yeni\/g-d-baskanlarimiz\/","title":{"rendered":"G.D.Ba\u015fkanlar\u0131m\u0131z"},"content":{"rendered":"<div style=\"text-align: center;\">PAST PRESIDENTS OF OUR CLUB BETWEEN 1992-2001<br \/>\nTHANK YOU TO OUR PRESIDENTS\u00a0 , TO SERVE ABOVE THEMSELVES<br \/>\nKUL\u00dcB\u00dcM\u00dcZ 1992 YILI \u015eUBAT AYINDA ARTIK OLMAYAN YAPISAN B\u0130NASINDA 10 K\u0130\u015e\u0130L\u0130K KURUCU \u00dcYE HEYET\u0130 \u0130LE \u0130LK TOPLANTISINI YAPTI.<\/div>\n<div style=\"text-align: center;\">A\u015eA\u011eIDA GE\u00c7M\u0130\u015e D\u00d6NEM BA\u015eKANLARIMIZI VE D\u00d6NEM ANISINA B\u0130RER FOTO\u011eRAF G\u00d6R\u00dcYORSUNUZ. ROTARY\u2019N\u0130N H\u0130ZMET \u0130DEAL\u0130N\u0130 Y\u00dcCELTEN , KUL\u00dcB\u00dcM\u00dcZ\u00dc TOPLUMA H\u0130ZMET Y\u00d6N\u00dcNDE Y\u00d6NLEND\u0130REN T\u00dcM GE\u00c7M\u0130\u015e D\u00d6NEM BA\u015eKANLARIMIZI SEVG\u0130 VE SAYGI \u0130LE ANIYORUZ..!!<\/div>\n<div style=\"text-align: center;\"><a href=\"https:\/\/www.turgutlurotary.org\/yeni\/wp-content\/uploads\/2011\/03\/SAMIM_BASKANLIK.jpg\"><img loading=\"lazy\" decoding=\"async\" class=\"aligncenter size-medium wp-image-119\" alt=\"SAMIM_BASKANLIK\" src=\"https:\/\/www.turgutlurotary.org\/yeni\/wp-content\/uploads\/2011\/03\/SAMIM_BASKANLIK-300x220.jpg\" width=\"300\" height=\"220\" srcset=\"https:\/\/www.turgutlurotary.org\/yeni\/wp-content\/uploads\/2011\/03\/SAMIM_BASKANLIK-300x220.jpg 300w, https:\/\/www.turgutlurotary.org\/yeni\/wp-content\/uploads\/2011\/03\/SAMIM_BASKANLIK.jpg 873w\" sizes=\"auto, (max-width: 300px) 100vw, 300px\" \/><\/a>\u20221991\/1992 ve 1992\/1993 D\u00d6NEM BA\u015eKANI \u2026(<strong>KURUCU BA\u015eKANIMIZ<\/strong>)<br \/>\n\u2022RTN.SAM\u0130M ER\u00a0 (K\u0130REM\u0130T SN.)<\/div>\n<div><\/div>\n<div style=\"text-align: center;\"><strong><span style=\"color: #0000ff;\">1993-1994 D\u00f6nem Ba\u015fkan\u0131m\u0131z\u00a0 Rtn.\u0130smail \u00c7IKIKCI (Akaryak\u0131t Tic.)<\/span><\/strong><\/div>\n<div id=\"attachment_122\" style=\"width: 310px\" class=\"wp-caption aligncenter\"><a href=\"https:\/\/www.turgutlurotary.org\/yeni\/wp-content\/uploads\/2011\/03\/ISMAIL_BASKANLIK.jpg\"><img loading=\"lazy\" decoding=\"async\" aria-describedby=\"caption-attachment-122\" class=\"size-medium wp-image-122\" alt=\"2. Ba\u015fkan\u0131m\u0131z \u0130smail \u00c7IKIKCI kul\u00fcp \u00fcyemize plaket verirken\" src=\"https:\/\/www.turgutlurotary.org\/yeni\/wp-content\/uploads\/2011\/03\/ISMAIL_BASKANLIK-300x191.jpg\" width=\"300\" height=\"191\" srcset=\"https:\/\/www.turgutlurotary.org\/yeni\/wp-content\/uploads\/2011\/03\/ISMAIL_BASKANLIK-300x191.jpg 300w, https:\/\/www.turgutlurotary.org\/yeni\/wp-content\/uploads\/2011\/03\/ISMAIL_BASKANLIK.jpg 1024w\" sizes=\"auto, (max-width: 300px) 100vw, 300px\" \/><\/a><p id=\"caption-attachment-122\" class=\"wp-caption-text\">2. Ba\u015fkan\u0131m\u0131z \u0130smail \u00c7IKIKCI kul\u00fcp \u00fcyemize plaket verirken<\/p><\/div>\n<div style=\"text-align: center;\"><span style=\"color: #0000ff;\">Sevgili gen\u00e7 ba\u015fkanlar\u0131m\u0131zdan Rtn.\u0130smail \u00c7\u0131k\u0131kc\u0131 d\u00f6neminde ba\u015far\u0131l\u0131 \u00fcyelerimizden Rtn.Dr.G\u00f6khan G\u00f6r\u00e7iz&#8217;e plaket verirken g\u00f6r\u00fcl\u00fcyor.Kul\u00fcb\u00fcm\u00fcz\u00fcn Charter&#8217;\u0131 1993 y\u0131l\u0131nda ve bu ba\u015fkan\u0131m\u0131z\u0131n d\u00f6neminde al\u0131nm\u0131\u015f ve kul\u00fcb\u00fcm\u00fcz bu tarihten itibaren uluslararas\u0131 stat\u00fc kazanm\u0131\u015ft\u0131r.<\/span><br \/>\n<span style=\"color: #0000ff;\">1993\/94 D\u00f6nem Slogan\u0131: (2430. B\u00f6lge guv.Seha Sad\u0131klar &#8211; <strong>Mutlulu\u011fu Hizmette Bulursunuz <\/strong>, <\/span><span style=\"color: #0000ff;\">(Yapt\u0131\u011f\u0131n\u0131za \u0130nan\u0131n,\u0130nand\u0131klar\u0131n\u0131z\u0131 Yap\u0131n &#8211; Robert Barth Pr. of R.I.)<\/span><\/div>\n<div><\/div>\n<div style=\"text-align: center;\"><strong>1994-95 D\u00f6nem Ba\u015fkan\u0131 Rtn.N\u00fcvit VARDARLI<\/strong><\/div>\n<div style=\"text-align: justify;\">\n<div id=\"attachment_123\" style=\"width: 310px\" class=\"wp-caption aligncenter\"><a href=\"https:\/\/www.turgutlurotary.org\/yeni\/wp-content\/uploads\/2011\/03\/NUVIT_BASKANLIK.jpg\"><img loading=\"lazy\" decoding=\"async\" aria-describedby=\"caption-attachment-123\" class=\"size-medium wp-image-123\" alt=\"3. D\u00f6nem Ba\u015fkan\u0131m\u0131z Rtn.N\u00fcvit VARDARLI Kaymakam\u0131m\u0131z ile birlikte KAN BANKASI Projemizi ger\u00e7ekle\u015ftiriken\" src=\"https:\/\/www.turgutlurotary.org\/yeni\/wp-content\/uploads\/2011\/03\/NUVIT_BASKANLIK-300x185.jpg\" width=\"300\" height=\"185\" srcset=\"https:\/\/www.turgutlurotary.org\/yeni\/wp-content\/uploads\/2011\/03\/NUVIT_BASKANLIK-300x185.jpg 300w, https:\/\/www.turgutlurotary.org\/yeni\/wp-content\/uploads\/2011\/03\/NUVIT_BASKANLIK-1024x634.jpg 1024w, https:\/\/www.turgutlurotary.org\/yeni\/wp-content\/uploads\/2011\/03\/NUVIT_BASKANLIK.jpg 1175w\" sizes=\"auto, (max-width: 300px) 100vw, 300px\" \/><\/a><p id=\"caption-attachment-123\" class=\"wp-caption-text\">3. D\u00f6nem Ba\u015fkan\u0131m\u0131z Rtn.N\u00fcvit VARDARLI Kaymakam\u0131m\u0131z ile birlikte KAN BANKASI Projemizi ger\u00e7ekle\u015ftiriken<\/p><\/div>\n<\/div>\n<div>Rtn.N\u00fcvit Vardarl\u0131 Turgutlu Devlet Hastanesi&#8217;ne ba\u011f\u0131\u015flanan bilgisayar ve Acil Kan Bulma Bankas\u0131 Projesinde Turgutlu Kaymakam\u0131m\u0131z Say\u0131n G\u00fcnhan Sar\u0131kaya ile birlikte g\u00f6r\u00fcl\u00fcyor.De\u011ferli Kaymakam\u0131m\u0131za\u00a0 bizleri hep destekledi\u011fi i\u00e7in te\u015fekk\u00fcr ediyoruz.Bu d\u00f6nemde 2440. B\u00f6lge olarak \u00fclkemizdeki 3. b\u00f6lgeye dahil olduk.<strong>1994\/95 D\u00f6nem Slogan\u0131: (2440. B\u00f6lge \u0130lk Guvern\u00f6r\u00fc Rtn.\u00d6nder Kay\u0131n &#8211; DOST OLUNUZ )<\/strong><\/div>\n<div><strong>( Be a friend &#8211; Bill Huntley- Pres. of R.I.)<\/strong><\/div>\n<div><\/div>\n<hr \/>\n<p style=\"text-align: center;\"><span style=\"font-size: xx-small;\"><strong>1995-96 D\u00d6NEM BA\u015eKANIMIZ Rtn.Emre YILANCIO\u011eLU<\/strong><\/span><\/p>\n<div><a href=\"https:\/\/www.turgutlurotary.org\/yeni\/wp-content\/uploads\/2011\/03\/EMRE_BASKANLIK.jpg\"><img loading=\"lazy\" decoding=\"async\" class=\"aligncenter size-medium wp-image-124\" alt=\"EMRE_BASKANLIK\" src=\"https:\/\/www.turgutlurotary.org\/yeni\/wp-content\/uploads\/2011\/03\/EMRE_BASKANLIK-300x186.jpg\" width=\"300\" height=\"186\" srcset=\"https:\/\/www.turgutlurotary.org\/yeni\/wp-content\/uploads\/2011\/03\/EMRE_BASKANLIK-300x186.jpg 300w, https:\/\/www.turgutlurotary.org\/yeni\/wp-content\/uploads\/2011\/03\/EMRE_BASKANLIK.jpg 919w\" sizes=\"auto, (max-width: 300px) 100vw, 300px\" \/><\/a><\/div>\n<div><\/div>\n<div><\/div>\n<div style=\"text-align: center;\">Rtn.Emre Y\u0131lanc\u0131o\u011flu konu\u015fmac\u0131 olarak toplant\u0131m\u0131za kat\u0131lan Rtn.Aykut G\u00fcsar ve Turgutlu Belediye Ba\u015fkan\u0131m\u0131z Say\u0131n Yasin Ho\u015fbilgin ile g\u00f6r\u00fcl\u00fcyor.Bu toplant\u0131da Rtn.Aykut G\u00fcsar&#8217;\u0131n katk\u0131lar\u0131 ile Siemens firmas\u0131 kul\u00fcb\u00fcm\u00fcz arac\u0131l\u0131\u011f\u0131 ile Turgutlu&#8217;nun ilk sinyalizasyon projesini ba\u011f\u0131\u015f olarak ba\u015fkanl\u0131\u011fa sunmu\u015ftur.<span style=\"color: #0000ff;\"><strong>1995\/96 D\u00f6nem Slogan\u0131: ( 2440.B\u00f6lge Guv.Rtn.Orhan G\u00fcr\u00e7kan &#8211; D\u00fcr\u00fcst Davranal\u0131m , Sevgiyle Hizmet Verelim, Bar\u0131\u015f \u0130\u00e7in \u00c7al\u0131\u015fal\u0131m)<\/strong><\/span><\/div>\n<div style=\"text-align: center;\"><span style=\"color: #0000ff;\"><strong>(Act With Integrity,Serve With Love,Work For Peace &#8211; Herbert G.Brown Pres.of R.I.)<\/strong><\/span><\/div>\n<div><\/div>\n<div style=\"text-align: center;\"><\/div>\n<div style=\"text-align: center;\"><strong>1996-1997 D\u00f6nem Ba\u015fkan\u0131m\u0131z Rtn.Dr. G\u00d6KHAN G\u00d6R\u00c7\u0130Z (\u0130\u015fyeri Hekimi)<\/strong><\/div>\n<div><\/div>\n<div>\n<div id=\"attachment_125\" style=\"width: 310px\" class=\"wp-caption aligncenter\"><a href=\"https:\/\/www.turgutlurotary.org\/yeni\/wp-content\/uploads\/2011\/03\/toplanti_programi_web.jpg\"><img loading=\"lazy\" decoding=\"async\" aria-describedby=\"caption-attachment-125\" class=\"size-medium wp-image-125\" alt=\"D\u00f6nem Ba\u015fkan\u0131m\u0131z Rtn.G\u00f6khan G\u00d6R\u00c7\u0130Z d\u00f6nem b\u00f6lge ba\u015fkan\u0131m\u0131z Rtn.Dr.AYHAN \u00d6ZDEM\u0130R ile toplant\u0131m\u0131zda. Bu toplant\u0131da Gezici A\u015f\u0131 Arac\u0131 E\u015fli Ba\u011f\u0131\u015f projemiz olu\u015ftu.\" src=\"https:\/\/www.turgutlurotary.org\/yeni\/wp-content\/uploads\/2011\/03\/toplanti_programi_web-300x199.jpg\" width=\"300\" height=\"199\" srcset=\"https:\/\/www.turgutlurotary.org\/yeni\/wp-content\/uploads\/2011\/03\/toplanti_programi_web-300x199.jpg 300w, https:\/\/www.turgutlurotary.org\/yeni\/wp-content\/uploads\/2011\/03\/toplanti_programi_web.jpg 847w\" sizes=\"auto, (max-width: 300px) 100vw, 300px\" \/><\/a><p id=\"caption-attachment-125\" class=\"wp-caption-text\">D\u00f6nem Ba\u015fkan\u0131m\u0131z Rtn.G\u00f6khan G\u00d6R\u00c7\u0130Z d\u00f6nem b\u00f6lge ba\u015fkan\u0131m\u0131z Rtn.Dr.AYHAN \u00d6ZDEM\u0130R ile toplant\u0131m\u0131zda. Bu toplant\u0131da Gezici A\u015f\u0131 Arac\u0131 E\u015fli Ba\u011f\u0131\u015f projemiz olu\u015ftu.<\/p><\/div>\n<\/div>\n<div><span style=\"color: #ffffff; font-size: xx-small;\">.Dr.G\u00f6k<\/span><\/div>\n<div style=\"text-align: center;\"><strong><span style=\"color: #0000ff;\">D\u00f6nem Ba\u015fkan\u0131m\u0131z Rtn.Dr.G\u00f6khan G\u00f6r\u00e7iz d\u00f6nem guvern\u00f6r\u00fc Prof.Dr. Ayhan \u00d6zdemir&#8217;in kul\u00fcb\u00fc ziyareti s\u0131ras\u0131nda kul\u00fcp asamblesinde g\u00f6r\u00fcl\u00fcyor. <\/span><\/strong><strong><span style=\"color: #0000ff;\">1997\/98 D\u00f6nem Slogan\u0131: 2440.B\u00f6lge Guvern\u00f6r\u00fc Rtn.Prof.Dr.Ayhan \u00d6zdemir<\/span><\/strong><\/div>\n<div style=\"text-align: center;\"><strong><span style=\"color: #0000ff;\">&#8220;\u0130LER\u0130 G\u00d6R\u00dc\u015e VE ATILIMLARLA GELECE\u011e\u0130 KURUNUZ&#8221;<\/span><\/strong><strong><span style=\"color: #0000ff;\">&#8220;Build The Future ,With Action and Vision &#8211; Luis Vicente Giay &#8211; Pres. of R.I.)<\/span><\/strong><\/div>\n<div><\/div>\n<div><\/div>\n<div><strong>1997-1998 D\u00f6nem Ba\u015fkan\u0131m\u0131z Rtn.\u0130.Hulki GAZEL (Mali M\u00fc\u015favirlik)<\/strong><\/div>\n<div>\n<div id=\"attachment_127\" style=\"width: 310px\" class=\"wp-caption aligncenter\"><a href=\"https:\/\/www.turgutlurotary.org\/yeni\/wp-content\/uploads\/2011\/03\/asi_araci3_web.jpg\"><img loading=\"lazy\" decoding=\"async\" aria-describedby=\"caption-attachment-127\" class=\"size-medium wp-image-127\" alt=\"Gezici A\u015f\u0131 Arac\u0131m\u0131z ile birlikte d\u00f6nem ba\u015fkan\u0131m\u0131z Rtn.Hulki GAZEL g\u00f6r\u00fcl\u00fcyor.\" src=\"https:\/\/www.turgutlurotary.org\/yeni\/wp-content\/uploads\/2011\/03\/asi_araci3_web-300x179.jpg\" width=\"300\" height=\"179\" srcset=\"https:\/\/www.turgutlurotary.org\/yeni\/wp-content\/uploads\/2011\/03\/asi_araci3_web-300x179.jpg 300w, https:\/\/www.turgutlurotary.org\/yeni\/wp-content\/uploads\/2011\/03\/asi_araci3_web-1024x612.jpg 1024w, https:\/\/www.turgutlurotary.org\/yeni\/wp-content\/uploads\/2011\/03\/asi_araci3_web.jpg 1326w\" sizes=\"auto, (max-width: 300px) 100vw, 300px\" \/><\/a><p id=\"caption-attachment-127\" class=\"wp-caption-text\">Gezici A\u015f\u0131 Arac\u0131m\u0131z ile birlikte d\u00f6nem ba\u015fkan\u0131m\u0131z Rtn.Hulki GAZEL g\u00f6r\u00fcl\u00fcyor.<\/p><\/div>\n<p style=\"text-align: center;\"><a href=\"https:\/\/www.turgutlurotary.org\/yeni\/wp-content\/uploads\/2011\/03\/hulki_donem_logoso.jpg\"><img loading=\"lazy\" decoding=\"async\" class=\"aligncenter size-medium wp-image-128\" alt=\"hulki_donem_logoso\" src=\"https:\/\/www.turgutlurotary.org\/yeni\/wp-content\/uploads\/2011\/03\/hulki_donem_logoso-216x300.jpg\" width=\"134\" height=\"185\" srcset=\"https:\/\/www.turgutlurotary.org\/yeni\/wp-content\/uploads\/2011\/03\/hulki_donem_logoso-216x300.jpg 216w, https:\/\/www.turgutlurotary.org\/yeni\/wp-content\/uploads\/2011\/03\/hulki_donem_logoso.jpg 413w\" sizes=\"auto, (max-width: 134px) 100vw, 134px\" \/><\/a><span style=\"color: #0000ff;\"><strong>1997\/98 D\u00f6nem Slogan\u0131: (2440. B\u00f6lge Guv. Rtn.Ayd\u0131n \u0130zmirli &#8211; &#8220;Yapt\u0131klar\u0131n\u0131zla Rotary&#8217;yi ZirveyeTa\u015f\u0131y\u0131n\u0131z&#8221;)<\/strong><\/span><\/p>\n<\/div>\n<div>\n<p style=\"text-align: center;\"><span style=\"color: #0000ff;\"><strong>(Rotary&#8217;nin Toplumumuza,D\u00fcnyam\u0131za ve \u0130nsanlar\u0131na Sahip \u00c7\u0131kt\u0131\u011f\u0131n\u0131 G\u00f6steriniz &#8211; Glen W. Kinross Pres.of R.I.)<\/strong><\/span><\/p>\n<\/div>\n<div><\/div>\n<div style=\"text-align: center;\"><span style=\"color: #ff0000;\"><strong>1998-1999 D\u00d6NEM BA\u015eKANIMIZ Rtn.H\u0131fz\u0131 \u00c7IKIKCI (Tu\u011fla Sanayicisi)<\/strong><\/span><\/div>\n<div style=\"text-align: center;\"><\/div>\n<div><\/div>\n<div><\/div>\n<div>\n<div id=\"attachment_129\" style=\"width: 310px\" class=\"wp-caption aligncenter\"><a href=\"https:\/\/www.turgutlurotary.org\/yeni\/wp-content\/uploads\/2011\/03\/OKUL4.jpg\"><img loading=\"lazy\" decoding=\"async\" aria-describedby=\"caption-attachment-129\" class=\"size-medium wp-image-129\" alt=\"Turgutlu Rotary \u0130lk\u00f6\u011fretim Okulu Temel Atma T\u00f6reninde d\u00f6nem ba\u015fkan\u0131m\u0131z Rtn.H\u0131fz\u0131 \u00c7IKIKCI g\u00f6r\u00fcl\u00fcyor\" src=\"https:\/\/www.turgutlurotary.org\/yeni\/wp-content\/uploads\/2011\/03\/OKUL4-300x226.jpg\" width=\"300\" height=\"226\" srcset=\"https:\/\/www.turgutlurotary.org\/yeni\/wp-content\/uploads\/2011\/03\/OKUL4-300x226.jpg 300w, https:\/\/www.turgutlurotary.org\/yeni\/wp-content\/uploads\/2011\/03\/OKUL4-1024x774.jpg 1024w, https:\/\/www.turgutlurotary.org\/yeni\/wp-content\/uploads\/2011\/03\/OKUL4.jpg 1651w\" sizes=\"auto, (max-width: 300px) 100vw, 300px\" \/><\/a><p id=\"caption-attachment-129\" class=\"wp-caption-text\">Turgutlu Rotary \u0130lk\u00f6\u011fretim Okulu Temel Atma T\u00f6reninde d\u00f6nem ba\u015fkan\u0131m\u0131z Rtn.H\u0131fz\u0131 \u00c7IKIKCI g\u00f6r\u00fcl\u00fcyor<\/p><\/div>\n<\/div>\n<div><a href=\"https:\/\/www.turgutlurotary.org\/yeni\/wp-content\/uploads\/2011\/03\/hifzi_donem_logosu.jpg\"><img loading=\"lazy\" decoding=\"async\" class=\"aligncenter size-thumbnail wp-image-130\" alt=\"hifzi_donem_logosu\" src=\"https:\/\/www.turgutlurotary.org\/yeni\/wp-content\/uploads\/2011\/03\/hifzi_donem_logosu-150x150.jpg\" width=\"150\" height=\"150\" srcset=\"https:\/\/www.turgutlurotary.org\/yeni\/wp-content\/uploads\/2011\/03\/hifzi_donem_logosu-150x150.jpg 150w, https:\/\/www.turgutlurotary.org\/yeni\/wp-content\/uploads\/2011\/03\/hifzi_donem_logosu-298x300.jpg 298w, https:\/\/www.turgutlurotary.org\/yeni\/wp-content\/uploads\/2011\/03\/hifzi_donem_logosu.jpg 919w\" sizes=\"auto, (max-width: 150px) 100vw, 150px\" \/><\/a><\/div>\n<div><\/div>\n<h4 style=\"text-align: center;\"><span style=\"font-size: xx-small;\"><strong>1998\/99 D\u00f6nem Slogan\u0131:\u00a0 2440.B\u00f6lge Guv.Rtn.Dr.Bekir Urfal\u0131<\/strong><\/span><\/h4>\n<h4 style=\"text-align: center;\"><span style=\"font-size: xx-small;\"> <span style=\"color: #ff0000;\"><strong>&#8220;TOPLUMA H\u0130ZMET \u0130\u00c7\u0130N-ROTARY D\u00dc\u015eLER\u0130N\u0130Z\u0130 GER\u00c7EKLE\u015eT\u0130R\u0130N\u0130Z&#8221;<\/strong><\/span><\/span><\/h4>\n<h4 style=\"text-align: center;\"><span style=\"color: #ff0000; font-size: xx-small;\">(Follow Your Rotary Dreams &#8211; Jemas Lacy Pres.of R.I.)<\/span><\/h4>\n<hr \/>\n<div><\/div>\n<div style=\"text-align: center;\">1999-2000 D\u00d6NEM BA\u015eKANI Rtn.Feramerz L\u0130GVAN\u0130<\/div>\n<div><\/div>\n<div>\n<div id=\"attachment_131\" style=\"width: 310px\" class=\"wp-caption aligncenter\"><a href=\"https:\/\/www.turgutlurotary.org\/yeni\/wp-content\/uploads\/2011\/03\/feri.jpg\"><img loading=\"lazy\" decoding=\"async\" aria-describedby=\"caption-attachment-131\" class=\"size-medium wp-image-131\" alt=\"1999-2000 D\u00f6nem Ba\u015fkan\u0131m\u0131z Rtn.Feramerz L\u0130GVAN\u0130\" src=\"https:\/\/www.turgutlurotary.org\/yeni\/wp-content\/uploads\/2011\/03\/feri-300x187.jpg\" width=\"300\" height=\"187\" srcset=\"https:\/\/www.turgutlurotary.org\/yeni\/wp-content\/uploads\/2011\/03\/feri-300x187.jpg 300w, https:\/\/www.turgutlurotary.org\/yeni\/wp-content\/uploads\/2011\/03\/feri-1024x639.jpg 1024w, https:\/\/www.turgutlurotary.org\/yeni\/wp-content\/uploads\/2011\/03\/feri.jpg 1136w\" sizes=\"auto, (max-width: 300px) 100vw, 300px\" \/><\/a><p id=\"caption-attachment-131\" class=\"wp-caption-text\">1999-2000 D\u00f6nem Ba\u015fkan\u0131m\u0131z Rtn.Feramerz L\u0130GVAN\u0130<\/p><\/div>\n<\/div>\n<div><\/div>\n<div style=\"text-align: center;\"><\/div>\n<div style=\"text-align: center;\"><span style=\"font-size: xx-small;\">Rtn.Feramerz Ligvani i\u00e7in s\u00f6ylenecek o kadar \u00e7ok \u015fey var ki. Onu tan\u0131mad\u0131ysan\u0131z b\u00fcy\u00fck bir eksi\u011finiz var demektir.Kendisine hizmetleri ve bazen olmayacak diye bizlerin bile korkuya d\u00fc\u015ft\u00fc\u011f\u00fc zamanlarda okulumuz i\u00e7in yapt\u0131klar\u0131 i\u00e7in Turgutlu ve kul\u00fcb\u00fcm\u00fcz minnettard\u0131r.O ger\u00e7ekten de hizmete y\u00fcre\u011fini ve kan\u0131n\u0131 can\u0131n\u0131 katt\u0131. Seni \u00e7ok seviyoruz.<\/span><\/div>\n<div>\n<div style=\"text-align: center;\"><a href=\"https:\/\/www.turgutlurotary.org\/yeni\/wp-content\/uploads\/2011\/03\/serv32.gif\"><img loading=\"lazy\" decoding=\"async\" class=\"aligncenter size-full wp-image-132\" alt=\"serv32\" src=\"https:\/\/www.turgutlurotary.org\/yeni\/wp-content\/uploads\/2011\/03\/serv32.gif\" width=\"74\" height=\"112\" \/><\/a><\/div>\n<\/div>\n<div><\/div>\n<div style=\"text-align: center;\"><span style=\"font-size: xx-small;\"><strong>1999\/2000 D\u00f6nem Slogan\u0131<\/strong>: <span style=\"color: #ff0000;\"><strong>2440.B\u00f6lge Gv. Rtn.Kemal Sulao\u011flu<\/strong> <\/span><span style=\"color: #ff0000;\"><strong>&#8220;YEN\u0130 B\u0130R B\u0130N YIL \u0130\u00c7\u0130N-H\u0130ZMETE Y\u00dcRE\u011e\u0130N\u0130Z\u0130 KATIN&#8221;<\/strong><\/span><\/span><\/div>\n<div style=\"text-align: center;\"><span style=\"color: #ff0000;\">(Rotary2000 Kararl\u0131,Sayg\u0131n,S\u00fcrekli &#8211; Carlo Ravizza &#8211; Pres.of R.I.)<\/span><\/div>\n<hr \/>\n<div><\/div>\n<ul>\n<li style=\"text-align: center;\"><strong><span style=\"font-size: xx-small;\">2000\/2001 D\u00d6NEM BA\u015eKANI&#8230;&#8230;.DR.HAS\u0130BE \u00c7APKIN <\/span><\/strong><\/li>\n<li style=\"text-align: center;\"><strong><span style=\"font-size: xx-small;\">(SA\u011eLIK OCA\u011eI DOKTORU)<\/span><\/strong><\/li>\n<\/ul>\n<div><a href=\"https:\/\/www.turgutlurotary.org\/yeni\/wp-content\/uploads\/2011\/03\/2001_uluslar_bsk1.jpg\"><img loading=\"lazy\" decoding=\"async\" class=\"aligncenter size-medium wp-image-133\" alt=\"2001_uluslar_bsk1\" src=\"https:\/\/www.turgutlurotary.org\/yeni\/wp-content\/uploads\/2011\/03\/2001_uluslar_bsk1-300x236.jpg\" width=\"300\" height=\"236\" srcset=\"https:\/\/www.turgutlurotary.org\/yeni\/wp-content\/uploads\/2011\/03\/2001_uluslar_bsk1-300x236.jpg 300w, https:\/\/www.turgutlurotary.org\/yeni\/wp-content\/uploads\/2011\/03\/2001_uluslar_bsk1.jpg 867w\" sizes=\"auto, (max-width: 300px) 100vw, 300px\" \/><\/a><\/div>\n<div><\/div>\n<div style=\"text-align: center;\"><span style=\"font-size: xx-small;\">Ba\u015fkan\u0131m\u0131z Uluslararas\u0131 Rotary Ba\u015fkan\u0131 Frank J.Devlyn&#8217;nin ziyaretinde ba\u015fkan ile birlikte g\u00f6r\u00fcl\u00fcyor.Bu ne samimiyet ba\u015fkan\u0131m.Sanki k\u0131rk y\u0131ll\u0131k iki dost gibi.Ama biz Rotaryenler zaten \u00f6yle de\u011filmiyiz?Hatta dosttan da \u00f6te. <\/span><\/div>\n<div style=\"text-align: center;\"><span style=\"font-size: xx-small;\">Okulumuz Hasibe Ba\u015fkan\u0131m\u0131z d\u00f6neminde tamamland\u0131 .Art\u0131k onu \u00e7ok \u00f6nemli bir g\u00f6rev olan okul derne\u011fi bekliyor.Okulumuz size emanet sevgili ba\u015fkan\u0131m\u0131z ve tabi A\u015f\u0131 Arac\u0131m\u0131z da.<\/span><\/div>\n<div><span style=\"font-size: xx-small;\"><a href=\"https:\/\/www.turgutlurotary.org\/yeni\/wp-content\/uploads\/2011\/03\/00theme.gif\"><img loading=\"lazy\" decoding=\"async\" class=\"aligncenter size-full wp-image-134\" alt=\"00theme\" src=\"https:\/\/www.turgutlurotary.org\/yeni\/wp-content\/uploads\/2011\/03\/00theme.gif\" width=\"135\" height=\"138\" \/><\/a><br \/>\n<\/span><\/div>\n<div style=\"text-align: center;\"><span style=\"font-size: xx-small;\"><span style=\"color: #0000ff;\"><strong>2000\/2001 D\u00f6nemSlogan\u0131<\/strong>:<\/span> <span style=\"color: #0099ff;\"><strong> 2440.B\u00f6lge Guv. Ayd\u0131n I\u015f\u0131k .(Bilin\u00e7lendirin,\u00d6nc\u00fcOlun)<\/strong> <\/span><\/span><\/div>\n<div style=\"text-align: center;\"><span style=\"color: #0099ff;\">(Create Awareness,Take Action &#8211; Frank J.Devlyn Pres. Of R.I.)<\/span><\/div>\n","protected":false},"excerpt":{"rendered":"<p>PAST PRESIDENTS OF OUR CLUB BETWEEN 1992-2001 THANK YOU TO OUR PRESIDENTS\u00a0 , TO SERVE ABOVE THEMSELVES KUL\u00dcB\u00dcM\u00dcZ 1992 YILI \u015eUBAT AYINDA ARTIK OLMAYAN YAPISAN B\u0130NASINDA 10 K\u0130\u015e\u0130L\u0130K KURUCU \u00dcYE HEYET\u0130 \u0130LE \u0130LK TOPLANTISINI YAPTI. A\u015eA\u011eIDA GE\u00c7M\u0130\u015e D\u00d6NEM BA\u015eKANLARIMIZI VE D\u00d6NEM ANISINA B\u0130RER FOTO\u011eRAF G\u00d6R\u00dcYORSUNUZ. ROTARY\u2019N\u0130N H\u0130ZMET \u0130DEAL\u0130N\u0130 Y\u00dcCELTEN , KUL\u00dcB\u00dcM\u00dcZ\u00dc TOPLUMA H\u0130ZMET Y\u00d6N\u00dcNDE Y\u00d6NLEND\u0130REN [&hellip;]<\/p>\n","protected":false},"author":8,"featured_media":0,"parent":0,"menu_order":4,"comment_status":"closed","ping_status":"closed","template":"","meta":{"footnotes":""},"class_list":["post-117","page","type-page","status-publish","hentry"],"_links":{"self":[{"href":"https:\/\/www.turgutlurotary.org\/yeni\/wp-json\/wp\/v2\/pages\/117","targetHints":{"allow":["GET"]}}],"collection":[{"href":"https:\/\/www.turgutlurotary.org\/yeni\/wp-json\/wp\/v2\/pages"}],"about":[{"href":"https:\/\/www.turgutlurotary.org\/yeni\/wp-json\/wp\/v2\/types\/page"}],"author":[{"embeddable":true,"href":"https:\/\/www.turgutlurotary.org\/yeni\/wp-json\/wp\/v2\/users\/8"}],"replies":[{"embeddable":true,"href":"https:\/\/www.turgutlurotary.org\/yeni\/wp-json\/wp\/v2\/comments?post=117"}],"version-history":[{"count":12,"href":"https:\/\/www.turgutlurotary.org\/yeni\/wp-json\/wp\/v2\/pages\/117\/revisions"}],"predecessor-version":[{"id":1280,"href":"https:\/\/www.turgutlurotary.org\/yeni\/wp-json\/wp\/v2\/pages\/117\/revisions\/1280"}],"wp:attachment":[{"href":"https:\/\/www.turgutlurotary.org\/yeni\/wp-json\/wp\/v2\/media?parent=117"}],"curies":[{"name":"wp","href":"https:\/\/api.w.org\/{rel}","templated":true}]}}